{"id":486,"date":"2018-04-21T13:13:05","date_gmt":"2018-04-21T11:13:05","guid":{"rendered":"https:\/\/www.tribunj.biz\/?page_id=486"},"modified":"2024-01-11T01:44:57","modified_gmt":"2024-01-11T00:44:57","slug":"vseobecne-podminky-pronajmu","status":"publish","type":"page","link":"https:\/\/www.tribunj.biz\/cs\/general-letting-conditions\/","title":{"rendered":"V\u0161eobecn\u00e9 podm\u00ednky pron\u00e1jmu a informace o rezervaci"},"content":{"rendered":"<ul>\n<li>\u00a0PLATBY<br \/>Z\u00e1loha mus\u00ed b\u00fdt zaplacena do 24 hodin po rezervaci (nebo jinak, pokud s t\u00edm majitel souhlasil v procesu rezervace).<br \/>Informujte n\u00e1s, zda a kdy zaplat\u00edte <em>P\u0159\u00edm\u00fd bankovn\u00ed p\u0159evod<\/em> a my v\u00e1m odpov\u00edme, kdy\u017e obdr\u017e\u00edme (proto\u017ee obvykle pot\u0159ebuje n\u011bkolik dn\u00ed k p\u0159ijet\u00ed).<br \/>Zb\u00fdvaj\u00edc\u00ed z\u016fstatek mus\u00ed b\u00fdt uhrazen v den p\u0159\u00edjezdu.<br \/>Pokud chcete, m\u016f\u017eete zaplatit celkovou cenu v procesu rezervace.\u00a0<\/li>\n<li>JAK PLATE &amp; KNIHA\n<ul>\n<li><strong>BANKOVN\u00cd P\u0158EVOD<\/strong>\n<ul>\n<li>Banka: Erste &amp; Steierm\u00e4rkische Bank dd (Jadranski trg 3a, 51000 Rijeka)<br \/>Vlastn\u00edk: Ante Cvitan<br \/>Adresa vlastn\u00edka: Jurjevgradska 25, Tribunj 22212, Chorvatsko<br \/>IBAN: HR0624020063103192686<br \/>Swift (BIC): ESBCHR22<\/li>\n<\/ul>\n<\/li>\n<li>\u00a0<label class=\"mphb-gateway-title mphb-radio-label\" for=\"mphb_gateway_stripe\"><strong>Platba kartou (prou\u017eek)<\/strong><\/label>\n<p class=\"mphb-gateway-description\">Pla\u0165te svou kartou nebo jinou dostupnou mo\u017enost\u00ed platby p\u0159es Stripe<\/p>\n<\/li>\n<\/ul>\n<\/li>\n<li>P\u0158\u00cdCHOD A ODLET\n<ul>\n<li>P\u0159\u00edjezd: 14:00 - 20:00 (pokud p\u0159ijedete pozd\u011bji, \u017e\u00e1dn\u00fd probl\u00e9m, ale informujte n\u00e1s).<br \/>Pokud jste n\u00e1s po ukon\u010den\u00ed p\u0159\u00edjezdu neinformovali o tom, \u017ee p\u0159ijdete pozd\u011b, m\u00e1me pr\u00e1vo to pova\u017eovat za zru\u0161en\u00e9. <br \/>P\u0159i p\u0159\u00edjezdu mus\u00ed host\u00e9 p\u0159edlo\u017eit majiteli nebo jeho z\u00e1stupci pas nebo pr\u016fkaz toto\u017enosti, aby jim umo\u017enil pokra\u010dovat v registraci v souladu s chorvatsk\u00fdmi pr\u00e1vn\u00edmi p\u0159edpisy.<\/li>\n<li>Odjezd: do 10:00 (pokud d\u0159\u00edve: \u017e\u00e1dn\u00fd probl\u00e9m, pokud pozd\u011bji: mus\u00edte se s n\u00e1mi poradit).<\/li>\n<\/ul>\n<\/li>\n<li>PO\u010cET OSOB A ZV\u00cd\u0158AT<br \/>Po\u010det osob (dosp\u011bl\u00fdch a d\u011bt\u00ed) nesm\u00ed p\u0159ekro\u010dit po\u010det m\u00edst na span\u00ed, s v\u00fdjimkou d\u011bt\u00ed (do 2 let).<br \/>Na jeden apartm\u00e1n bude p\u0159ipu\u0161t\u011bn pouze jeden dom\u00e1c\u00ed zv\u00ed\u0159e (v\u00edce mus\u00edte konzultovat s majitelem).<br \/>Host\u00e9 maj\u00ed povinnost dohl\u00ed\u017eet na dom\u00e1c\u00ed zv\u00ed\u0159e, kter\u00e9 je p\u0159ineseno do spole\u010dn\u00fdch prostor\u016f ubytov\u00e1n\u00ed.<\/li>\n<li>\u00daPRAVY - ZRU\u0160EN\u00cd POPLATK\u016e<br \/>Pokud si p\u0159ejete zru\u0161it rezervaci, kontaktujte n\u00e1s.\n<ul>\n<li>Pokud dojde ke zru\u0161en\u00ed<strong> m\u00e9n\u011b ne\u017e 30 dn\u00ed<\/strong> p\u0159ed za\u010d\u00e1tkem doby pron\u00e1jmu ztr\u00e1c\u00edte z\u00e1lohu<\/li>\n<li>Pokud dojde ke zru\u0161en\u00ed <strong>v\u00edce ne\u017e 30 dn\u016f<\/strong> p\u0159ed za\u010d\u00e1tkem doby pron\u00e1jmu v\u00e1m vr\u00e1t\u00edme platbu sn\u00ed\u017eenou o n\u00e1klady na p\u0159evod (obvykle kolem 10 \u20ac)<\/li>\n<\/ul>\n<\/li>\n<\/ul>\n<p><em>V p\u0159\u00edpad\u011b zru\u0161en\u00ed n\u00e1s pros\u00edm v\u017edy kontaktujte a mo\u017en\u00e1 budete m\u00edt n\u011bjak\u00e9 n\u00e1vrhy.<\/em><\/p>\n<ul>\n<li>DOMOVN\u00cd \u0158\u00c1D<br \/>\u017d\u00e1dn\u00e9 strany nebo ud\u00e1losti.<br \/>Respektujte pros\u00edm prostor, jako by byl v\u00e1\u0161 vlastn\u00ed.<br \/>Jsme velice snadn\u00ed, pros\u00edm, respektujte ostatn\u00ed hosty.<br \/>Pokud se domn\u00edv\u00e1me, \u017ee opakovan\u011b dodr\u017eujete pravidla pro brzd\u011bn\u00ed a po varov\u00e1n\u00edch se nestar\u00e1te spravedliv\u011b, m\u00e1me pr\u00e1vo zru\u0161it rezervaci bez penalizace.<\/li>\n<li>SOUKROM\u00cd<br \/>Ochrana va\u0161ich osobn\u00edch \u00fadaj\u016f je pro n\u00e1s velmi d\u016fle\u017eit\u00e1. Pokud shroma\u017e\u010fujeme, zpracov\u00e1v\u00e1me nebo pou\u017e\u00edv\u00e1me osobn\u00ed informace o v\u00e1s jako sou\u010d\u00e1st poskytovan\u00fdch slu\u017eeb, \u010din\u00edme tak v souladu s p\u0159\u00edslu\u0161n\u00fdmi evropsk\u00fdmi z\u00e1kony o ochran\u011b dat. Podrobn\u011bj\u0161\u00ed kontrolu ochrany osobn\u00edch \u00fadaj\u016f <a href=\"https:\/\/www.tribunj.biz\/cs\/zasady-ochrany-osobnich-udaju\/\" target=\"_blank\" rel=\"noopener noreferrer\">tady<\/a>. (Pokud p\u0159ijmete <a href=\"https:\/\/www.tribunj.biz\/cs\/vseobecne-podminky-pronajmu\/\">V\u0161eobecn\u00e9 podm\u00ednky pron\u00e1jmu<\/a> dokument pak souhlas\u00edte tak\u00e9 s na\u0161imi <a href=\"https:\/\/www.tribunj.biz\/cs\/zasady-ochrany-osobnich-udaju\/\" target=\"_blank\" rel=\"noopener noreferrer\">Z\u00e1sady ochrany osobn\u00edch \u00fadaj\u016f<\/a>)<\/li>\n<\/ul>\n\n\n<p><\/p>","protected":false},"excerpt":{"rendered":"<p>\u00a0PLATBY Z\u00e1loha mus\u00ed b\u00fdt uhrazena do 24 hodin po rezervaci (nebo jinak, pokud s t\u00edm majitel souhlasil v rezerva\u010dn\u00edm procesu). Informujte n\u00e1s pros\u00edm, zda a kdy plat\u00edte p\u0159\u00edm\u00fdm bankovn\u00edm p\u0159evodem, a my v\u00e1m odpov\u00edme, a\u017e obdr\u017e\u00edme (proto\u017ee obvykle pot\u0159ebuje n\u011bkolik dn\u00ed k p\u0159ijet\u00ed). zb\u00fdvaj\u00edc\u00ed z\u016fstatek mus\u00ed b\u00fdt zaplacen v den p\u0159\u00edjezdu. Pokud d\u00e1v\u00e1te p\u0159ednost\u2026 <a href=\"https:\/\/www.tribunj.biz\/cs\/general-letting-conditions\/\" class=\"more-link\">pokra\u010dovat ve \u010dten\u00ed<span class=\"screen-reader-text\"> \u201cV\u0161eobecn\u00e9 podm\u00ednky pron\u00e1jmu a informace o rezervaci\u201d<\/span><\/a><\/p>","protected":false},"author":1,"featured_media":0,"parent":0,"menu_order":0,"comment_status":"closed","ping_status":"closed","template":"template-wide-screen-page.php","meta":{"advanced_seo_description":"","jetpack_seo_html_title":"","jetpack_seo_noindex":false,"footnotes":""},"class_list":["post-486","page","type-page","status-publish","hentry"],"jetpack_sharing_enabled":false,"jetpack_likes_enabled":false,"_links":{"self":[{"href":"https:\/\/www.tribunj.biz\/cs\/wp-json\/wp\/v2\/pages\/486","targetHints":{"allow":["GET"]}}],"collection":[{"href":"https:\/\/www.tribunj.biz\/cs\/wp-json\/wp\/v2\/pages"}],"about":[{"href":"https:\/\/www.tribunj.biz\/cs\/wp-json\/wp\/v2\/types\/page"}],"author":[{"embeddable":true,"href":"https:\/\/www.tribunj.biz\/cs\/wp-json\/wp\/v2\/users\/1"}],"replies":[{"embeddable":true,"href":"https:\/\/www.tribunj.biz\/cs\/wp-json\/wp\/v2\/comments?post=486"}],"version-history":[{"count":0,"href":"https:\/\/www.tribunj.biz\/cs\/wp-json\/wp\/v2\/pages\/486\/revisions"}],"wp:attachment":[{"href":"https:\/\/www.tribunj.biz\/cs\/wp-json\/wp\/v2\/media?parent=486"}],"curies":[{"name":"wp","href":"https:\/\/api.w.org\/{rel}","templated":true}]}}