{"id":4998,"date":"2018-05-18T01:30:54","date_gmt":"2018-05-17T23:30:54","guid":{"rendered":"https:\/\/www.tribunj.biz\/?page_id=4998"},"modified":"2023-05-17T14:56:32","modified_gmt":"2023-05-17T12:56:32","slug":"privatlivspolitik","status":"publish","type":"page","link":"https:\/\/www.tribunj.biz\/da\/privacy-policy\/","title":{"rendered":"Fortrolighedspolitik"},"content":{"rendered":"<h2>Hvem vi er<\/h2>\n<p>Vores hjemmeside adresse er: <a href=\"https:\/\/www.tribunj.biz\/da\/\">www.tribunj.biz<\/a><\/p>\n<p>Vi lejer lejligheder i et lille sted Tribunj i Kroatien.<\/p>\n<h2>Hvilke personlige data indsamler vi, og hvorfor vi indsamler det<\/h2>\n<h3>Kommentarer<\/h3>\n<p>N\u00e5r bes\u00f8gende forlader kommentarer p\u00e5 hjemmesiden, indsamler vi de data, der er vist i kommentarformularen, og ogs\u00e5 den bes\u00f8gendes IP-adresse og browser bruger agent streng for at hj\u00e6lpe spam afsl\u00f8ring.<\/p>\n<p>En anonymiseret streng, der er oprettet fra din email-adresse (ogs\u00e5 kaldet hash), kan leveres til Gravatar-tjenesten for at se, om du bruger den. Gravatar-servicepolitikken er tilg\u00e6ngelig her: https:\/\/automattic.com\/privacy\/. Efter godkendelse af din kommentar er dit profilbillede synligt for offentligheden i forbindelse med din kommentar.<\/p>\n<h3>Medier<\/h3>\n<p>Hvis du uploader billeder til hjemmesiden, b\u00f8r du undg\u00e5 at uploade billeder med embedded location data (EXIF GPS) inkluderet. Bes\u00f8gende p\u00e5 hjemmesiden kan downloade og udtr\u00e6kke eventuelle lokaliseringsdata fra billeder p\u00e5 hjemmesiden.<\/p>\n<h3>Kontaktformularer<\/h3>\n<p>Vi anvender ikke de oplysninger, der indsendes gennem dem til markedsf\u00f8ringsform\u00e5l.<\/p>\n<h3>sm\u00e5kager<\/h3>\n<p>Hvis du giver en kommentar til vores hjemmeside, kan du v\u00e6lge at gemme dit navn, din emailadresse og din hjemmeside i cookies. Disse er til din bekvemmelighed, s\u00e5 du ikke beh\u00f8ver at udfylde dine oplysninger igen, n\u00e5r du forlader en anden kommentar. Disse cookies varer i et \u00e5r.<\/p>\n<p>Hvis du har en konto, og du logger ind p\u00e5 dette websted, fasts\u00e6tter vi en midlertidig cookie for at afg\u00f8re, om din browser accepterer cookies. Denne cookie indeholder ingen personlige data og kasseres, n\u00e5r du lukker din browser.<\/p>\n<p>N\u00e5r du logger ind, opretter vi ogs\u00e5 flere cookies for at gemme dine loginoplysninger og dine sk\u00e6rmdisplays valg. Login cookies varer i to dage, og sk\u00e6rmoptioner cookies holder i et \u00e5r. Hvis du v\u00e6lger &quot;Husk mig&quot;, vil dit login forts\u00e6tte i to uger. Hvis du logger ud af din konto, bliver login cookies fjernet.<\/p>\n<p>Hvis du redigerer eller offentligg\u00f8r en artikel, gemmes en yderligere cookie i din browser. Denne cookie indeholder ingen personlige data og angiver blot post-id&#039;et for den artikel, du netop har redigeret. Den udl\u00f8ber efter 1 dag.<\/p>\n<p>Nogle af vores knapper (<a href=\"https:\/\/www.facebook.com\/policies\/cookies\/\" target=\"_blank\" rel=\"noopener noreferrer\">facebook<\/a>, <a href=\"https:\/\/help.twitter.com\/en\/rules-and-policies\/twitter-cookies\" target=\"_blank\" rel=\"noopener noreferrer\">Twitter<\/a>, <a href=\"https:\/\/policy.pinterest.com\/en\/cookies\" target=\"_blank\" rel=\"noopener noreferrer\">pinterest<\/a>, <a href=\"https:\/\/help.instagram.com\/1896641480634370?ref=ig\" target=\"_blank\" rel=\"noopener noreferrer\">instagram<\/a>, <a href=\"https:\/\/www.pocketliving.com\/cookie-policy\" target=\"_blank\" rel=\"noopener noreferrer\">lomme<\/a>, <a href=\"https:\/\/www.whatsapp.com\/legal\/#key-updates\" target=\"_blank\" rel=\"noopener noreferrer\">WhatsApp<\/a>) kan bruge nogle cookies. Klik p\u00e5 hver for at kontrollere cookiepolitik.<\/p>\n<h3>Embedded indhold fra andre hjemmesider<\/h3>\n<p>Artikler p\u00e5 dette websted kan indeholde indlejret indhold (f.eks. Videoer, billeder, artikler osv.). Embedded content fra andre hjemmesider opf\u00f8rer sig p\u00e5 samme m\u00e5de som om den bes\u00f8gende har bes\u00f8gt den anden hjemmeside.<\/p>\n<p>Disse websites kan indsamle data om dig, bruge cookies, indlejre yderligere tredjepartssporing og overv\u00e5ge dit interaktion med det integrerede indhold, herunder at spore din interaktion med det indlejrede indhold, hvis du har en konto og er logget p\u00e5 den p\u00e5g\u00e6ldende hjemmeside.<\/p>\n<h2>Hvor l\u00e6nge vi bevarer dine data<\/h2>\n<p>Hvis du efterlader en kommentar, bevares kommentaren og dens metadata p\u00e5 ubestemt tid. Dette er s\u00e5dan, at vi kan genkende og godkende eventuelle opf\u00f8lgende kommentarer automatisk i stedet for at holde dem i en modereringsk\u00f8.<\/p>\n<p>For brugere, der registrerer sig p\u00e5 vores hjemmeside (hvis nogen), gemmer vi ogs\u00e5 de personlige oplysninger, de giver i deres brugerprofil. Alle brugere kan til enhver tid se, redigere eller slette deres personlige oplysninger (undtagen at de ikke kan \u00e6ndre deres brugernavn). Webstedadministratorer kan ogs\u00e5 se og redigere disse oplysninger.<\/p>\n<h2>Hvilke rettigheder har du over dine data<\/h2>\n<p>Hvis du har en konto p\u00e5 dette websted eller har efterladt kommentarer, kan du anmode om at modtage en eksporteret fil med de personlige oplysninger, vi har om dig, herunder alle data, du har givet os. Du kan ogs\u00e5 anmode om, at vi sletter eventuelle personlige data, vi holder over dig. Dette omfatter ikke data, vi er forpligtet til at opbevare for administrative, juridiske eller sikkerhedsm\u00e6ssige form\u00e5l.<\/p>\n<h2>Hvor sender vi dine data<\/h2>\n<p>Bes\u00f8gende kommentarer kan kontrolleres via en automatiseret spam-detektionstjeneste.<\/p>\n<h2>Hvad vi indsamler og gemmer<\/h2>\n<p>Mens du bes\u00f8ger vores websted, sporer vi:<\/p>\n<ul>\n<li>Produkter, du har set: Vi bruger dette til for eksempel at vise dig produkter, du har set for nylig<\/li>\n<li>Placering, IP-adresse og browsertype<\/li>\n<\/ul>\n<p>N\u00e5r du k\u00f8ber hos os, beder vi dig om at give oplysninger, herunder dit navn, faktureringsadresse, e-mailadresse, telefonnummer og valgfrie kontooplysninger som brugernavn og adgangskode. Vi bruger disse oplysninger til form\u00e5l som f.eks. at:<\/p>\n<ul>\n<li>Send dig oplysninger om din konto og bestilling<\/li>\n<li>Svar p\u00e5 dine \u00f8nsker, herunder refusioner og klager<\/li>\n<li>Procesbetalinger og forhindre svig<\/li>\n<li>Opret din konto<\/li>\n<li>Overholde alle juridiske forpligtelser, vi har, s\u00e5som beregning af skatter<\/li>\n<li>Forbedr vores tilbud<\/li>\n<li>Send dig marketingmeddelelser, hvis du v\u00e6lger at modtage dem<\/li>\n<\/ul>\n<p>Hvis du opretter en konto, gemmer vi dit navn, adresse, e-mail og telefonnummer, som bruges til at udfylde kassen for fremtidige ordrer.<\/p>\n<p>Vi gemmer generelt information om dig, s\u00e5 l\u00e6nge vi har brug for oplysningerne til de form\u00e5l, som vi indsamler og bruger det til, og vi er ikke lovligt forpligtede til at forts\u00e6tte med at bevare det. For eksempel gemmer vi ordreoplysninger i XXX \u00e5r til skatte- og regnskabsm\u00e6ssige form\u00e5l. Dette omfatter dit navn, din e-mailadresse og faktura- og forsendelsesadresser.<\/p>\n<p>Vi gemmer ogs\u00e5 kommentarer eller anmeldelser, hvis du v\u00e6lger at forlade dem.<\/p>\n<h2>Hvem i vores team har adgang<\/h2>\n<p>Medlemmer af vores team har adgang til de oplysninger, du giver os.<\/p>\n<p>Vores medarbejdere har adgang til disse oplysninger for at hj\u00e6lpe med at opfylde ordrer, behandle refusioner og st\u00f8tte dig.<\/p>\n<h2>Hvad vi deler med andre<\/h2>\n<p>Vi deler oplysninger med tredjeparter, som hj\u00e6lper os med at levere vores ordrer og gemme tjenester til dig. for eksempel betalingstegninger, googleanalyser, nogle plugins, der er n\u00f8dvendige for at hjemmesiden skal fungere i denne sag. Vi s\u00e6lger ikke nogen oplysninger eller bruger den til at omfatte din sikkerhed.<\/p>\n<p>Dette websted bruger caching for at muligg\u00f8re en hurtigere svartid og bedre brugeroplevelse. Caching gemmer potentielt en duplikatkopi af hver webside, der vises p\u00e5 dette websted. Alle cachefiler er midlertidige og tilg\u00e5s aldrig af tredjeparter, undtagen n\u00e5r det er n\u00f8dvendigt for at f\u00e5 teknisk support fra leverand\u00f8ren af cache-plugin&#039;et. Cachefiler udl\u00f8ber efter en tidsplan fastsat af webstedsadministratoren, men kan nemt slettes af administratoren f\u00f8r deres naturlige udl\u00f8b, hvis det er n\u00f8dvendigt. Vi kan bruge QUIC.cloud-tjenester til midlertidigt at behandle og cachelagre dine data. Se venligst <a href=\"https:\/\/quic.cloud\/privacy-policy\/\" target=\"_blank\" rel=\"noopener\">https:\/\/quic.cloud\/privacy-policy\/<\/a>\u00a0for flere detaljer.<\/p>\n<p><span style=\"color: #23282d; font-family: inherit; font-size: 1.6em; font-weight: bold;\">I alt<\/span><\/p>\n<p>Vi v\u00e6rds\u00e6tter privatlivets fred og sikkerhed for de oplysninger, du deler med os. Denne fortrolighedspolitik beskriver, hvordan vi indsamler, bruger, deler, beskytter og behandler dine oplysninger. Eventuelle oplysninger, du giver os, bruges udelukkende til at behandle og opfylde dit k\u00f8b og \/ eller til interne analytiske form\u00e5l, som beskrevet i denne privatlivspolitik. Vi deler kun oplysninger til de form\u00e5l, der er angivet i denne fortrolighedspolitik, og vi vil ikke s\u00e6lge eller omfordele nogen af \u200b\u200bdine oplysninger til tredjepart. Vi anvender kommercielt rimelige fors\u00f8g p\u00e5 at beskytte dine oplysninger mod uautoriseret offentligg\u00f8relse. Vi kan bruge oplysningerne fra din ordre til at behandle dit k\u00f8b, yde en refusion, yde kundeservice, forbedre eller tilpasse vores produkter og tjenester eller opfylde g\u00e6ldende \u00f8konomiske, skattelovgivende eller juridiske krav. Hvis du har sp\u00f8rgsm\u00e5l eller bekymringer vedr\u00f8rende denne privatlivspolitik, bedes du kontakte os.<\/p>\n<p>Beskyttelse af dine personlige data er meget vigtigt for os. S\u00e5 vidt vi indsamler, behandler eller bruger personlige oplysninger om dig som en del af de leverede ydelser, g\u00f8r vi det i overensstemmelse med de relevante europ\u00e6iske databeskyttelseslove. For mere detaljeret Privacy Policy check\u00a0<a href=\"https:\/\/www.tribunj.biz\/da\/privatlivspolitik\/\" target=\"_blank\" rel=\"noopener noreferrer\">her<\/a>. (Hvis du accepterer\u00a0<a href=\"https:\/\/www.tribunj.biz\/da\/generelle-udlejningsbetingelser\/\">Generelle udlejningsbetingelser<\/a>\u00a0dokument, s\u00e5 er du ogs\u00e5 enig i vores\u00a0<a href=\"https:\/\/www.tribunj.biz\/da\/privatlivspolitik\/\" target=\"_blank\" rel=\"noopener noreferrer\">Fortrolighedspolitik<\/a>)<\/p>","protected":false},"excerpt":{"rendered":"<p>Who we are Our website address is: www.tribunj.biz We rent apartments in small place Tribunj in Croatia. What personal data we collect and why we collect it Comments When visitors leave comments on the site we collect the data shown in the comments form, and also the visitor\u2019s IP address and browser user agent string &hellip; <a href=\"https:\/\/www.tribunj.biz\/da\/privacy-policy\/\" class=\"more-link\">Continue reading<span class=\"screen-reader-text\"> &#8220;Privacy Policy&#8221;<\/span><\/a><\/p>","protected":false},"author":1,"featured_media":0,"parent":0,"menu_order":0,"comment_status":"closed","ping_status":"closed","template":"template-full-width-page.php","meta":{"advanced_seo_description":"","jetpack_seo_html_title":"","jetpack_seo_noindex":false,"footnotes":""},"class_list":["post-4998","page","type-page","status-publish","hentry"],"jetpack_sharing_enabled":false,"jetpack_likes_enabled":false,"_links":{"self":[{"href":"https:\/\/www.tribunj.biz\/da\/wp-json\/wp\/v2\/pages\/4998","targetHints":{"allow":["GET"]}}],"collection":[{"href":"https:\/\/www.tribunj.biz\/da\/wp-json\/wp\/v2\/pages"}],"about":[{"href":"https:\/\/www.tribunj.biz\/da\/wp-json\/wp\/v2\/types\/page"}],"author":[{"embeddable":true,"href":"https:\/\/www.tribunj.biz\/da\/wp-json\/wp\/v2\/users\/1"}],"replies":[{"embeddable":true,"href":"https:\/\/www.tribunj.biz\/da\/wp-json\/wp\/v2\/comments?post=4998"}],"version-history":[{"count":0,"href":"https:\/\/www.tribunj.biz\/da\/wp-json\/wp\/v2\/pages\/4998\/revisions"}],"wp:attachment":[{"href":"https:\/\/www.tribunj.biz\/da\/wp-json\/wp\/v2\/media?parent=4998"}],"curies":[{"name":"wp","href":"https:\/\/api.w.org\/{rel}","templated":true}]}}