{"id":486,"date":"2018-04-21T13:13:05","date_gmt":"2018-04-21T11:13:05","guid":{"rendered":"https:\/\/www.tribunj.biz\/?page_id=486"},"modified":"2024-01-11T01:44:57","modified_gmt":"2024-01-11T00:44:57","slug":"allgemeine-vermietungsbedingungen","status":"publish","type":"page","link":"https:\/\/www.tribunj.biz\/de\/general-letting-conditions\/","title":{"rendered":"Allgemeine Vermietungsbedingungen und Buchungsinformationen"},"content":{"rendered":"<ul>\n<li>\u00a0ZAHLUNGEN<br \/>Die Anzahlung muss innerhalb von 24 Stunden nach der Reservierung erfolgen (oder andernfalls, wenn der Eigent\u00fcmer im Buchungsprozess zugestimmt hat).<br \/>Bitte teilen Sie uns mit, ob und wann Sie per Rechnung bezahlen <em>Direkte Bank\u00fcberweisung<\/em> und wir werden antworten, sobald wir sie erhalten (da es normalerweise einige Tage dauert, bis wir sie erhalten).<br \/>Der Restbetrag muss am Anreisetag bezahlt werden.<br \/>Wenn Sie es vorziehen, k\u00f6nnen Sie den Gesamtpreis im Buchungsprozess bezahlen.\u00a0<\/li>\n<li>WIE SIE ZAHLEN UND BUCHEN\n<ul>\n<li><strong>BANK\u00dcBERWEISUNG<\/strong>\n<ul>\n<li>Bank: Erste &amp; Steierm\u00e4rkische Bank AG (Jadranski trg 3a, 51000 Rijeka)<br \/>Besitzer: Ante Cvitan<br \/>Besitzeradresse: Jurjevgradska 25, Tribunj 22212, Kroatien<br \/>IBAN: HR0624020063103192686<br \/>Schnell (BIC): ESBCHR22<\/li>\n<\/ul>\n<\/li>\n<li>\u00a0<label class=\"mphb-gateway-title mphb-radio-label\" for=\"mphb_gateway_stripe\"><strong>Bezahlen mit Karte (Streifen)<\/strong><\/label>\n<p class=\"mphb-gateway-description\">Bezahlen Sie mit Ihrer Karte oder mit einer anderen verf\u00fcgbaren Zahlungsoption \u00fcber Stripe<\/p>\n<\/li>\n<\/ul>\n<\/li>\n<li>AN-UND ABFAHRT\n<ul>\n<li>Ankunft: 14:00 - 20:00 Uhr (wenn Sie sp\u00e4ter anreisen, kein Problem, aber bitte informieren Sie uns).<br \/>Wenn Sie uns nach dem Ende des Anreisetages nicht dar\u00fcber informiert haben, dass Sie zu sp\u00e4t kommen, haben wir das Recht, die Stornierung als storniert zu betrachten. <br \/>Bei der Ankunft m\u00fcssen die G\u00e4ste dem Besitzer oder seinem Vertreter einen Reisepass oder eine Identit\u00e4tskarte vorlegen, damit diese ihre Registrierung gem\u00e4\u00df den kroatischen Rechtsvorschriften vornehmen k\u00f6nnen.<\/li>\n<li>Abfahrt: bis 10:00 Uhr (wenn fr\u00fcher: kein Problem, wenn sp\u00e4ter: Sie m\u00fcssen sich mit uns beraten.<\/li>\n<\/ul>\n<\/li>\n<li>ANZAHL DER PERSONEN und HAUSTIERE<br \/>Die Anzahl der Personen (Erwachsene und Kinder) darf die Anzahl der Schlafpl\u00e4tze nicht \u00fcberschreiten, au\u00dfer bei Kleinkindern (bis 2 Jahre).<br \/>Pro Apartment wird nur ein Haustier erlaubt (f\u00fcr mehr m\u00fcssen Sie sich mit dem Eigent\u00fcmer in Verbindung setzen).<br \/>Es ist obligatorisch, dass die G\u00e4ste das in den Gemeinschaftsbereichen der Unterkunft mitgebrachte Haustier beaufsichtigen.<\/li>\n<li>\u00c4NDERUNGEN - STORNIERUNGSGEB\u00dcHREN<br \/>Wenn Sie eine Buchung stornieren m\u00f6chten, kontaktieren Sie uns bitte.\n<ul>\n<li>Wenn eine Stornierung erfolgt<strong> weniger als 30 Tage<\/strong> vor Beginn der Mietzeit verlieren Sie die Kaution<\/li>\n<li>Wenn eine Stornierung erfolgt <strong>mehr als 30 Tage<\/strong> vor Mietbeginn erstatten wir Ihnen Ihre Zahlung abz\u00fcglich der \u00dcberweisungskosten (in der Regel ca. 10 \u20ac)<\/li>\n<\/ul>\n<\/li>\n<\/ul>\n<p><em>Bitte kontaktieren Sie uns im Falle einer Stornierung immer und vielleicht haben Sie\/wir ein paar Vorschl\u00e4ge.<\/em><\/p>\n<ul>\n<li>HAUSREGELN<br \/>Keine Parteien oder Ereignisse.<br \/>Bitte respektiere den Raum, so wie er ist.<br \/>Wir sind sehr gelassen, bitte respektieren Sie andere G\u00e4ste.<br \/>Wenn wir der Meinung sind, dass Sie Hausregeln wiederholt brechen, und nach Warnungen, dass Sie sich nicht fair verhalten, haben wir das Recht, Ihre Buchung ohne Strafen f\u00fcr uns zu stornieren.<\/li>\n<li>PRIVATSPH\u00c4RE<br \/>Der Schutz Ihrer pers\u00f6nlichen Daten ist uns sehr wichtig. Soweit wir im Rahmen der angebotenen Dienstleistungen personenbezogene Daten \u00fcber Sie erheben, verarbeiten oder nutzen, tun wir dies in \u00dcbereinstimmung mit den einschl\u00e4gigen europ\u00e4ischen Datenschutzgesetzen. F\u00fcr eine ausf\u00fchrlichere \u00dcberpr\u00fcfung der Datenschutzrichtlinien <a href=\"https:\/\/www.tribunj.biz\/de\/datenschutzrichtlinie\/\" target=\"_blank\" rel=\"noopener noreferrer\">Hier<\/a>. (Wenn du akzeptierst <a href=\"https:\/\/www.tribunj.biz\/de\/allgemeine-vermietungsbedingungen\/\">Allgemeine Vermietungsbedingungen<\/a> dokumentieren Sie dann auch unser <a href=\"https:\/\/www.tribunj.biz\/de\/datenschutzrichtlinie\/\" target=\"_blank\" rel=\"noopener noreferrer\">Datenschutz-Bestimmungen<\/a>)<\/li>\n<\/ul>\n\n\n<p><\/p>","protected":false},"excerpt":{"rendered":"<p>\u00a0ZAHLUNGENDie Anzahlung muss innerhalb von 24 Stunden nach der Reservierung bezahlt werden (oder andernfalls, wenn der Eigent\u00fcmer w\u00e4hrend des Buchungsvorgangs zugestimmt hat). Bitte informieren Sie uns, ob und wann Sie per direkter Bank\u00fcberweisung zahlen, und wir werden Ihnen antworten, sobald wir die Zahlung erhalten haben (da es normalerweise einige Tage dauert, bis sie eingeht). Der Restbetrag muss am Anreisetag bezahlt werden. Wenn Sie es vorziehen, k\u00f6nnen Sie \u2026 <a href=\"https:\/\/www.tribunj.biz\/de\/general-letting-conditions\/\" class=\"more-link\">Weiterlesen <span class=\"screen-reader-text\"> \u201eAllgemeine Mietbedingungen und Buchungsinformationen\u201c<\/span><\/a><\/p>","protected":false},"author":1,"featured_media":0,"parent":0,"menu_order":0,"comment_status":"closed","ping_status":"closed","template":"template-wide-screen-page.php","meta":{"advanced_seo_description":"","jetpack_seo_html_title":"","jetpack_seo_noindex":false,"footnotes":""},"class_list":["post-486","page","type-page","status-publish","hentry"],"jetpack_sharing_enabled":false,"jetpack_likes_enabled":false,"_links":{"self":[{"href":"https:\/\/www.tribunj.biz\/de\/wp-json\/wp\/v2\/pages\/486","targetHints":{"allow":["GET"]}}],"collection":[{"href":"https:\/\/www.tribunj.biz\/de\/wp-json\/wp\/v2\/pages"}],"about":[{"href":"https:\/\/www.tribunj.biz\/de\/wp-json\/wp\/v2\/types\/page"}],"author":[{"embeddable":true,"href":"https:\/\/www.tribunj.biz\/de\/wp-json\/wp\/v2\/users\/1"}],"replies":[{"embeddable":true,"href":"https:\/\/www.tribunj.biz\/de\/wp-json\/wp\/v2\/comments?post=486"}],"version-history":[{"count":0,"href":"https:\/\/www.tribunj.biz\/de\/wp-json\/wp\/v2\/pages\/486\/revisions"}],"wp:attachment":[{"href":"https:\/\/www.tribunj.biz\/de\/wp-json\/wp\/v2\/media?parent=486"}],"curies":[{"name":"wp","href":"https:\/\/api.w.org\/{rel}","templated":true}]}}