{"id":4998,"date":"2018-05-18T01:30:54","date_gmt":"2018-05-17T23:30:54","guid":{"rendered":"https:\/\/www.tribunj.biz\/?page_id=4998"},"modified":"2023-05-17T14:56:32","modified_gmt":"2023-05-17T12:56:32","slug":"datenschutzrichtlinie","status":"publish","type":"page","link":"https:\/\/www.tribunj.biz\/de\/privacy-policy\/","title":{"rendered":"Datenschutz-Bestimmungen"},"content":{"rendered":"<h2>Wer wir sind<\/h2>\n<p>Unsere Website-Adresse lautet: <a href=\"https:\/\/www.tribunj.biz\/de\/\">www.tribunj.biz<\/a><\/p>\n<p>Wir vermieten Apartments im kleinen Ort Tribunj in Kroatien.<\/p>\n<h2>Welche pers\u00f6nlichen Daten sammeln wir und warum sammeln wir sie?<\/h2>\n<h3>Bemerkungen<\/h3>\n<p>Wenn Besucher Kommentare auf der Website hinterlassen, erfassen wir die Daten, die im Kommentarformular angezeigt werden, sowie die IP-Adresse und den Browser-User-Agent-String des Besuchers, um die Spam-Erkennung zu unterst\u00fctzen.<\/p>\n<p>Eine anonymisierte Zeichenfolge, die von Ihrer E-Mail-Adresse (auch als Hash bezeichnet) erstellt wurde, kann dem Gravatar-Service zur Verf\u00fcgung gestellt werden, um zu sehen, ob Sie ihn verwenden. Die Datenschutzrichtlinie f\u00fcr den Gravatar-Service finden Sie hier: https:\/\/automomattic.com\/privacy\/. Nach Genehmigung Ihres Kommentars ist Ihr Profilbild im Kontext Ihres Kommentars f\u00fcr die \u00d6ffentlichkeit sichtbar.<\/p>\n<h3>Medien<\/h3>\n<p>Wenn Sie Bilder auf die Website hochladen, sollten Sie das Hochladen von Bildern mit eingebetteten Standortdaten (EXIF GPS) vermeiden. Besucher der Website k\u00f6nnen Standortdaten von Bildern auf der Website herunterladen und extrahieren.<\/p>\n<h3>Kontaktformulare<\/h3>\n<p>Wir verwenden die \u00fcbermittelten Informationen nicht zu Marketingzwecken.<\/p>\n<h3>Kekse<\/h3>\n<p>Wenn Sie einen Kommentar auf unserer Website hinterlassen, k\u00f6nnen Sie Ihren Namen, Ihre E-Mail-Adresse und Ihre Website in Cookies speichern. Diese dienen Ihrer Bequemlichkeit, damit Sie Ihre Daten nicht erneut eingeben m\u00fcssen, wenn Sie einen weiteren Kommentar hinterlassen. Diese Cookies dauern ein Jahr.<\/p>\n<p>Wenn Sie ein Konto haben und sich auf dieser Website anmelden, setzen wir ein tempor\u00e4res Cookie, um festzustellen, ob Ihr Browser Cookies akzeptiert. Dieser Cookie enth\u00e4lt keine pers\u00f6nlichen Daten und wird verworfen, wenn Sie Ihren Browser schlie\u00dfen.<\/p>\n<p>Wenn Sie sich anmelden, richten wir auch mehrere Cookies ein, um Ihre Login-Daten und Ihre Bildschirmauswahl zu speichern. Die Login-Cookies dauern zwei Tage, und die Cookies der Bildschirmoptionen dauern ein Jahr. Wenn Sie &quot;Remember Me&quot; ausw\u00e4hlen, wird Ihr Login f\u00fcr zwei Wochen beibehalten. Wenn Sie sich von Ihrem Konto abmelden, werden die Login-Cookies entfernt.<\/p>\n<p>Wenn Sie einen Artikel bearbeiten oder ver\u00f6ffentlichen, wird ein zus\u00e4tzlicher Cookie in Ihrem Browser gespeichert. Dieser Cookie enth\u00e4lt keine pers\u00f6nlichen Daten und zeigt lediglich die Post-ID des gerade bearbeiteten Artikels an. Es l\u00e4uft nach 1 Tag ab.<\/p>\n<p>Einige unserer Kn\u00f6pfe (<a href=\"https:\/\/www.facebook.com\/policies\/cookies\/\" target=\"_blank\" rel=\"noopener noreferrer\">Facebook<\/a>, <a href=\"https:\/\/help.twitter.com\/en\/rules-and-policies\/twitter-cookies\" target=\"_blank\" rel=\"noopener noreferrer\">Twitter<\/a>, <a href=\"https:\/\/policy.pinterest.com\/en\/cookies\" target=\"_blank\" rel=\"noopener noreferrer\">pinterest<\/a>, <a href=\"https:\/\/help.instagram.com\/1896641480634370?ref=ig\" target=\"_blank\" rel=\"noopener noreferrer\">Instagram<\/a>, <a href=\"https:\/\/www.pocketliving.com\/cookie-policy\" target=\"_blank\" rel=\"noopener noreferrer\">Tasche<\/a>, <a href=\"https:\/\/www.whatsapp.com\/legal\/#key-updates\" target=\"_blank\" rel=\"noopener noreferrer\">WhatsApp<\/a>) k\u00f6nnen einige Cookies verwenden. Klicken Sie auf jedes, um die Cookie-Richtlinie zu \u00fcberpr\u00fcfen.<\/p>\n<h3>Eingebettete Inhalte von anderen Websites<\/h3>\n<p>Artikel auf dieser Website k\u00f6nnen eingebettete Inhalte enthalten (z. B. Videos, Bilder, Artikel usw.). Eingebettete Inhalte von anderen Websites verhalten sich genau so, als ob der Besucher die andere Website besucht h\u00e4tte.<\/p>\n<p>Diese Websites k\u00f6nnen Daten \u00fcber Sie sammeln, Cookies verwenden, zus\u00e4tzliches Tracking von Drittanbietern einbetten und Ihre Interaktion mit diesen eingebetteten Inhalten \u00fcberwachen, einschlie\u00dflich der R\u00fcckverfolgung Ihrer Interaktion mit den eingebetteten Inhalten, wenn Sie \u00fcber ein Konto verf\u00fcgen und bei dieser Website angemeldet sind.<\/p>\n<h2>Wie lange behalten wir Ihre Daten bei?<\/h2>\n<p>Wenn Sie einen Kommentar hinterlassen, bleiben der Kommentar und seine Metadaten unbegrenzt erhalten. Auf diese Weise k\u00f6nnen wir automatisch Folgekommentare erkennen und genehmigen, anstatt sie in einer Moderationswarteschlange abzulegen.<\/p>\n<p>F\u00fcr Nutzer, die sich auf unserer Website registrieren (falls vorhanden), speichern wir auch die pers\u00f6nlichen Informationen, die sie in ihrem Nutzerprofil bereitstellen. Alle Benutzer k\u00f6nnen ihre pers\u00f6nlichen Daten jederzeit sehen, bearbeiten oder l\u00f6schen (au\u00dfer sie k\u00f6nnen ihren Benutzernamen nicht \u00e4ndern). Website-Administratoren k\u00f6nnen diese Informationen ebenfalls anzeigen und bearbeiten.<\/p>\n<h2>Welche Rechte haben Sie \u00fcber Ihre Daten?<\/h2>\n<p>Wenn Sie ein Konto auf dieser Website haben oder Kommentare hinterlassen haben, k\u00f6nnen Sie eine exportierte Datei der pers\u00f6nlichen Daten anfordern, die wir \u00fcber Sie gespeichert haben, einschlie\u00dflich aller Daten, die Sie uns zur Verf\u00fcgung gestellt haben. Sie k\u00f6nnen auch verlangen, dass wir pers\u00f6nliche Daten l\u00f6schen, die wir \u00fcber Sie gespeichert haben. Ausgenommen hiervon sind Daten, die wir zu administrativen, rechtlichen oder sicherheitsrelevanten Zwecken speichern m\u00fcssen.<\/p>\n<h2>Wo wir Ihre Daten senden<\/h2>\n<p>Besucherkommentare k\u00f6nnen \u00fcber einen automatisierten Spam-Erkennungsdienst \u00fcberpr\u00fcft werden.<\/p>\n<h2>Was wir sammeln und speichern<\/h2>\n<p>W\u00e4hrend Sie unsere Site besuchen, werden wir verfolgen:<\/p>\n<ul>\n<li>Von Ihnen angesehene Produkte: Damit zeigen wir Ihnen beispielsweise Produkte an, die Sie k\u00fcrzlich angesehen haben<\/li>\n<li>Standort, IP-Adresse und Browsertyp<\/li>\n<\/ul>\n<p>Wenn Sie bei uns einkaufen, werden Sie gebeten, Informationen wie Ihren Namen, Ihre Rechnungsadresse, Ihre E-Mail-Adresse, Ihre Telefonnummer, optionale Kontoinformationen wie Benutzername und Passwort anzugeben. Wir verwenden diese Informationen f\u00fcr folgende Zwecke:<\/p>\n<ul>\n<li>Senden Sie Informationen \u00fcber Ihr Konto und Bestellung<\/li>\n<li>Beantworten Sie Ihre Anfragen, einschlie\u00dflich R\u00fcckerstattungen und Beschwerden<\/li>\n<li>Zahlungen abwickeln und Betrug verhindern<\/li>\n<li>Richten Sie Ihr Konto ein<\/li>\n<li>Halten Sie alle rechtlichen Verpflichtungen ein, die wir haben, z. B. die Berechnung von Steuern<\/li>\n<li>Verbessern Sie unser Angebot<\/li>\n<li>Senden Sie Marketing-Nachrichten, wenn Sie diese erhalten m\u00f6chten<\/li>\n<\/ul>\n<p>Wenn Sie ein Konto erstellen, speichern wir Ihren Namen, Ihre Adresse, Ihre E-Mail-Adresse und Ihre Telefonnummer, um die Bestellung f\u00fcr zuk\u00fcnftige Bestellungen auszuf\u00fcllen.<\/p>\n<p>Wir speichern grunds\u00e4tzlich Informationen \u00fcber Sie, solange wir die Informationen f\u00fcr die Zwecke ben\u00f6tigen, f\u00fcr die wir sie erfassen und verwenden, und wir sind gesetzlich nicht verpflichtet, sie weiter zu speichern. Zum Beispiel speichern wir Bestellinformationen f\u00fcr XXX Jahre f\u00fcr steuerliche und buchhalterische Zwecke. Dazu geh\u00f6ren Ihr Name, Ihre E-Mail-Adresse und Ihre Rechnungs- und Lieferadresse.<\/p>\n<p>Wir speichern auch Kommentare oder Bewertungen, wenn Sie diese verlassen m\u00f6chten.<\/p>\n<h2>Wer in unserem Team hat Zugang<\/h2>\n<p>Mitglieder unseres Teams haben Zugang zu den Informationen, die Sie uns zur Verf\u00fcgung stellen.<\/p>\n<p>Unsere Teammitglieder haben Zugriff auf diese Informationen, um Bestellungen zu bearbeiten, R\u00fcckerstattungen vorzunehmen und Sie zu unterst\u00fctzen.<\/p>\n<h2>Was wir mit anderen teilen<\/h2>\n<p>Wir teilen Informationen mit Dritten, die uns helfen, Ihnen unsere Bestellungen und Dienstleistungen anzubieten. zum Beispiel Zahlungsausfl\u00fcge, Google Analytics, einige Plugins, die notwendig sind, damit die Website in dieser Angelegenheit funktioniert. Wir verkaufen keine Informationen oder verwenden sie f\u00fcr Ihre Sicherheit.<\/p>\n<p>Diese Website nutzt Caching, um eine schnellere Reaktionszeit und ein besseres Benutzererlebnis zu erm\u00f6glichen. Beim Caching wird m\u00f6glicherweise eine Kopie jeder Webseite gespeichert, die auf dieser Website angezeigt wird. Alle Cache-Dateien sind tempor\u00e4r und werden niemals von Dritten abgerufen, es sei denn, dies ist erforderlich, um technischen Support vom Cache-Plugin-Anbieter zu erhalten. Cache-Dateien laufen nach einem vom Site-Administrator festgelegten Zeitplan ab, k\u00f6nnen jedoch bei Bedarf problemlos vom Administrator vor ihrem nat\u00fcrlichen Ablauf gel\u00f6scht werden. Wir k\u00f6nnen QUIC.cloud-Dienste nutzen, um Ihre Daten vor\u00fcbergehend zu verarbeiten und zwischenzuspeichern. Bitte sehen <a href=\"https:\/\/quic.cloud\/privacy-policy\/\" target=\"_blank\" rel=\"noopener\">https:\/\/quic.cloud\/privacy-policy\/<\/a>\u00a0f\u00fcr mehr Details.<\/p>\n<p><span style=\"color: #23282d; font-family: inherit; font-size: 1.6em; font-weight: bold;\">Insgesamt<\/span><\/p>\n<p>Wir sch\u00e4tzen die Privatsph\u00e4re und Sicherheit der Informationen, die Sie mit uns teilen. Diese Datenschutzrichtlinie beschreibt, wie wir Ihre Daten sammeln, verwenden, weitergeben, sch\u00fctzen und verarbeiten. Alle Informationen, die Sie uns zur Verf\u00fcgung stellen, werden ausschlie\u00dflich zur Verarbeitung und Erf\u00fcllung Ihres Kaufs und \/ oder f\u00fcr interne Analysezwecke verwendet, wie in dieser Datenschutzrichtlinie beschrieben. Wir geben Informationen nur f\u00fcr die Zwecke weiter, die in dieser Datenschutzerkl\u00e4rung dargelegt sind, und wir werden keine Ihrer Informationen an Dritte verkaufen oder weiterleiten. Wir unternehmen wirtschaftlich angemessene Anstrengungen, um Ihre Informationen vor unbefugter Offenlegung zu sch\u00fctzen. Wir k\u00f6nnen die Informationen aus Ihrer Bestellung verwenden, um Ihren Einkauf zu bearbeiten, eine R\u00fcckerstattung zu leisten, Kundenservice bereitzustellen, unsere Produkte und Dienstleistungen zu verbessern oder anzupassen oder die geltenden Finanz-, Steuer-, Rechts- oder Compliance-Anforderungen zu erf\u00fcllen. Wenn Sie Fragen oder Bedenken im Zusammenhang mit dieser Datenschutzrichtlinie haben, kontaktieren Sie uns bitte.<\/p>\n<p>Der Schutz Ihrer pers\u00f6nlichen Daten ist uns sehr wichtig. Soweit wir im Rahmen der angebotenen Dienstleistungen personenbezogene Daten \u00fcber Sie erheben, verarbeiten oder nutzen, tun wir dies in \u00dcbereinstimmung mit den einschl\u00e4gigen europ\u00e4ischen Datenschutzgesetzen. F\u00fcr eine ausf\u00fchrlichere \u00dcberpr\u00fcfung der Datenschutzrichtlinien\u00a0<a href=\"https:\/\/www.tribunj.biz\/de\/datenschutzrichtlinie\/\" target=\"_blank\" rel=\"noopener noreferrer\">Hier<\/a>. (Wenn du akzeptierst\u00a0<a href=\"https:\/\/www.tribunj.biz\/de\/allgemeine-vermietungsbedingungen\/\">Allgemeine Vermietungsbedingungen<\/a>\u00a0dokumentieren Sie dann auch unser\u00a0<a href=\"https:\/\/www.tribunj.biz\/de\/datenschutzrichtlinie\/\" target=\"_blank\" rel=\"noopener noreferrer\">Datenschutz-Bestimmungen<\/a>)<\/p>","protected":false},"excerpt":{"rendered":"<p>Wer wir sind Unsere Website-Adresse lautet: www.tribunj.biz Wir vermieten Wohnungen im kleinen Ort Tribunj in Kroatien. Welche pers\u00f6nlichen Daten wir sammeln und warum wir sie sammeln Kommentare Wenn Besucher Kommentare auf der Website hinterlassen, sammeln wir die im Kommentarformular angezeigten Daten sowie die IP-Adresse des Besuchers und die Zeichenfolge des Browser-Benutzeragenten \u2026 <a href=\"https:\/\/www.tribunj.biz\/de\/privacy-policy\/\" class=\"more-link\">Weiterlesen <span class=\"screen-reader-text\"> &quot;Datenschutzrichtlinie&quot;<\/span><\/a><\/p>","protected":false},"author":1,"featured_media":0,"parent":0,"menu_order":0,"comment_status":"closed","ping_status":"closed","template":"template-full-width-page.php","meta":{"advanced_seo_description":"","jetpack_seo_html_title":"","jetpack_seo_noindex":false,"footnotes":""},"class_list":["post-4998","page","type-page","status-publish","hentry"],"jetpack_sharing_enabled":false,"jetpack_likes_enabled":false,"_links":{"self":[{"href":"https:\/\/www.tribunj.biz\/de\/wp-json\/wp\/v2\/pages\/4998","targetHints":{"allow":["GET"]}}],"collection":[{"href":"https:\/\/www.tribunj.biz\/de\/wp-json\/wp\/v2\/pages"}],"about":[{"href":"https:\/\/www.tribunj.biz\/de\/wp-json\/wp\/v2\/types\/page"}],"author":[{"embeddable":true,"href":"https:\/\/www.tribunj.biz\/de\/wp-json\/wp\/v2\/users\/1"}],"replies":[{"embeddable":true,"href":"https:\/\/www.tribunj.biz\/de\/wp-json\/wp\/v2\/comments?post=4998"}],"version-history":[{"count":0,"href":"https:\/\/www.tribunj.biz\/de\/wp-json\/wp\/v2\/pages\/4998\/revisions"}],"wp:attachment":[{"href":"https:\/\/www.tribunj.biz\/de\/wp-json\/wp\/v2\/media?parent=4998"}],"curies":[{"name":"wp","href":"https:\/\/api.w.org\/{rel}","templated":true}]}}