{"id":6606,"date":"2018-06-22T12:24:24","date_gmt":"2018-06-22T10:24:24","guid":{"rendered":"https:\/\/www.tribunj.biz\/?page_id=6606"},"modified":"2025-02-17T01:48:46","modified_gmt":"2025-02-17T00:48:46","slug":"insel-prvic","status":"publish","type":"page","link":"https:\/\/www.tribunj.biz\/de\/activities\/island-prvic\/","title":{"rendered":"Insel Prvi\u0107"},"content":{"rendered":"<p>Prvi\u0107 ist eine kleine Insel im kroatischen Teil der Adria. Es liegt im Archipel von \u0160ibenik, etwa eine halbe Meile vom Festland entfernt, in der N\u00e4he von Vodice. Die ganze Insel steht unter dem Schutz des kroatischen Kulturministeriums, da die Insel als Kulturerbe gilt.<br \/>\nDie wichtigsten Wirtschaftszweige von Prvi\u0107 sind Landwirtschaft (Weintrauben, Oliven und Feigen), Fischerei und Tourismus. Das Meer um Prvi\u0107 ist recht fischreich. Die Einwohner von Prvi\u0107 sind f\u00fcr die Herstellung von schmackhaftem und gesundem Oliven\u00f6l und gutem Wein bekannt. Wie bereits erw\u00e4hnt, gehen sie auch oft fischen. Daher ist mediterrane K\u00fcche, insbesondere dalmatinische, weit verbreitet. Der Tourismus ist der wichtigste Wirtschaftszweig der Insel. Es gibt nur ein Hotel auf der Insel, das Hotel Maestral in Prvi\u0107 Luka, aber die Einheimischen vermieten ihre Apartments, H\u00e4user und Villen an Touristen.<br \/>\nEs gibt drei r\u00f6misch-katholische Kirchen auf der Insel. Zwei in \u0160epurine und einer in Prvi\u0107 Luka. Die kleinere Kirche in \u0160epurine wurde im Mittelalter gebaut, die gr\u00f6\u00dfere im 19. Jahrhundert. Es gibt viele kulturelle Veranstaltungen auf der Insel w\u00e4hrend des Jahres, wie Musikkonzerte, Kunstausstellungen, viele Sportwettbewerbe und andere.<br \/>\nJedes Jahr am 2. August gibt es eine lokale Feier in Prvi\u0107 Luka, und am 16. August ist die Fe\u0161ta in \u0160epurine.<br \/>\nEs gibt zwei D\u00f6rfer auf der Insel: Prvi\u0107 Luka und \u0160epurine.<br \/>\nDie Gesamtfl\u00e4che der Insel betr\u00e4gt 2,37 km2 und hat eine Bev\u00f6lkerung von 403 (Stand 2011). Prvi\u0107 ist die drittgr\u00f6\u00dfte Insel Kroatiens. \u0160epurine befindet sich auf der Westseite der Insel gegen\u00fcber von Vodice. Prvi\u0107 Luka liegt in der gr\u00f6\u00dften Bucht an der S\u00fcdostseite und ist gut vor den Nord- und Westwinden gesch\u00fctzt. Der ber\u00fchmte kroatische Bischof, Erfinder und Universalgelehrte Faust Vran\u010di\u0107 ist in einer Kirche in Prvi\u0107 Luka begraben.<br \/>\nIn \u0160epurine besa\u00df die Familie Faust Vran\u010di\u0107 eine gro\u00dfe Sommerresidenz im barocken Stil, die sich heute im Besitz der Familie Draganic befindet.<br \/>\nSaint Ante Anti\u0107 wurde in \u0160epurine geboren.<br \/>\nAuf der ganzen Insel gibt es keine Autos, au\u00dfer einem Feuerwehrauto. Es gibt ein paar Traktoren und Fahrr\u00e4der.<br \/>\nViele antike und mittelalterliche Artefakte wurden auf der Insel gefunden.<br \/>\nDie K\u00fcste der Insel ist 10,6 km lang.<\/p>\n<div class=\"tiled-gallery type-rectangular tiled-gallery-unresized\" data-original-width=\"769\" data-carousel-extra='{&quot;blog_id&quot;:1,&quot;permalink&quot;:&quot;https:\\\/\\\/www.tribunj.biz\\\/de\\\/activities\\\/island-prvic\\\/&quot;,&quot;likes_blog_id&quot;:145318477}' itemscope itemtype=\"http:\/\/schema.org\/ImageGallery\" > <div class=\"gallery-row\" style=\"width: 769px; height: 386px;\" data-original-width=\"769\" data-original-height=\"386\" > <div class=\"gallery-group images-1\" style=\"width: 513px; height: 386px;\" data-original-width=\"513\" data-original-height=\"386\" > <div class=\"tiled-gallery-item tiled-gallery-item-large\" itemprop=\"associatedMedia\" itemscope itemtype=\"http:\/\/schema.org\/ImageObject\"> <a href=\"https:\/\/www.tribunj.biz\/de\/gallery\/prvic-15\/\" border=\"0\" itemprop=\"url\"> <meta itemprop=\"width\" content=\"509\"> <meta itemprop=\"height\" content=\"382\"> <img decoding=\"async\" class=\"\" data-attachment-id=\"936\" data-orig-file=\"https:\/\/www.tribunj.biz\/wp-content\/uploads\/2018\/04\/prvi\u0107-15.jpg\" data-orig-size=\"1600,1200\" data-comments-opened=\"1\" data-image-meta=\"{&quot;aperture&quot;:&quot;5.6&quot;,&quot;credit&quot;:&quot;&quot;,&quot;camera&quot;:&quot;DSC-S500&quot;,&quot;caption&quot;:&quot;&quot;,&quot;created_timestamp&quot;:&quot;1188123542&quot;,&quot;copyright&quot;:&quot;&quot;,&quot;focal_length&quot;:&quot;5.4&quot;,&quot;iso&quot;:&quot;80&quot;,&quot;shutter_speed&quot;:&quot;0.00125&quot;,&quot;title&quot;:&quot;&quot;,&quot;orientation&quot;:&quot;1&quot;}\" data-image-title=\"Prvi\u0107 church\" data-image-description=\"&lt;p&gt;Island Prvi\u0107 church&lt;\/p&gt; \" data-medium-file=\"https:\/\/www.tribunj.biz\/wp-content\/uploads\/2018\/04\/prvi\u0107-15-300x225.jpg\" data-large-file=\"https:\/\/www.tribunj.biz\/wp-content\/uploads\/2018\/04\/prvi\u0107-15-1024x768.jpg\" src=\"https:\/\/i0.wp.com\/www.tribunj.biz\/wp-content\/uploads\/2018\/04\/prvi%C4%87-15.jpg?w=509&#038;h=382&#038;ssl=1\" width=\"509\" height=\"382\" loading=\"lazy\" data-original-width=\"509\" data-original-height=\"382\" itemprop=\"http:\/\/schema.org\/image\" title=\"Kirche von Prvi\u0107\" alt=\"Kirche der Insel Prvi\u0107\" style=\"width: 509px; height: 382px;\" \/> <\/a> <div class=\"tiled-gallery-caption\" itemprop=\"caption description\"> Kirche von Prvi\u0107 <\/div> <\/div> <\/div> <!-- close group --> <div class=\"gallery-group images-2\" style=\"width: 256px; height: 386px;\" data-original-width=\"256\" data-original-height=\"386\" > <div class=\"tiled-gallery-item tiled-gallery-item-large\" itemprop=\"associatedMedia\" itemscope itemtype=\"http:\/\/schema.org\/ImageObject\"> <a href=\"https:\/\/www.tribunj.biz\/de\/gallery\/prvic-14\/\" border=\"0\" itemprop=\"url\"> <meta itemprop=\"width\" content=\"252\"> <meta itemprop=\"height\" content=\"189\"> <img decoding=\"async\" class=\"\" data-attachment-id=\"935\" data-orig-file=\"https:\/\/www.tribunj.biz\/wp-content\/uploads\/2018\/04\/prvi\u0107-14.jpg\" data-orig-size=\"1600,1200\" data-comments-opened=\"1\" data-image-meta=\"{&quot;aperture&quot;:&quot;5.6&quot;,&quot;credit&quot;:&quot;&quot;,&quot;camera&quot;:&quot;DSC-S500&quot;,&quot;caption&quot;:&quot;&quot;,&quot;created_timestamp&quot;:&quot;1188123235&quot;,&quot;copyright&quot;:&quot;&quot;,&quot;focal_length&quot;:&quot;5.4&quot;,&quot;iso&quot;:&quot;80&quot;,&quot;shutter_speed&quot;:&quot;0.002&quot;,&quot;title&quot;:&quot;&quot;,&quot;orientation&quot;:&quot;1&quot;}\" data-image-title=\"Island Prvi\u0107\" data-image-description=\"&lt;p&gt;Island Prvi\u0107&lt;\/p&gt; \" data-medium-file=\"https:\/\/www.tribunj.biz\/wp-content\/uploads\/2018\/04\/prvi\u0107-14-300x225.jpg\" data-large-file=\"https:\/\/www.tribunj.biz\/wp-content\/uploads\/2018\/04\/prvi\u0107-14-1024x768.jpg\" src=\"https:\/\/i0.wp.com\/www.tribunj.biz\/wp-content\/uploads\/2018\/04\/prvi%C4%87-14.jpg?w=252&#038;h=189&#038;ssl=1\" width=\"252\" height=\"189\" loading=\"lazy\" data-original-width=\"252\" data-original-height=\"189\" itemprop=\"http:\/\/schema.org\/image\" title=\"Insel Prvi\u0107\" alt=\"Insel Prvi\u0107\" style=\"width: 252px; height: 189px;\" \/> <\/a> <div class=\"tiled-gallery-caption\" itemprop=\"caption description\"> Insel Prvi\u0107 <\/div> <\/div> <div class=\"tiled-gallery-item tiled-gallery-item-large\" itemprop=\"associatedMedia\" itemscope itemtype=\"http:\/\/schema.org\/ImageObject\"> <a href=\"https:\/\/www.tribunj.biz\/de\/gallery\/prvic-9\/\" border=\"0\" itemprop=\"url\"> <meta itemprop=\"width\" content=\"252\"> <meta itemprop=\"height\" content=\"189\"> <img decoding=\"async\" class=\"\" data-attachment-id=\"930\" data-orig-file=\"https:\/\/www.tribunj.biz\/wp-content\/uploads\/2018\/04\/prvi\u0107-9.jpg\" data-orig-size=\"1600,1200\" data-comments-opened=\"1\" data-image-meta=\"{&quot;aperture&quot;:&quot;5.6&quot;,&quot;credit&quot;:&quot;&quot;,&quot;camera&quot;:&quot;DSC-S500&quot;,&quot;caption&quot;:&quot;&quot;,&quot;created_timestamp&quot;:&quot;1188123028&quot;,&quot;copyright&quot;:&quot;&quot;,&quot;focal_length&quot;:&quot;5.4&quot;,&quot;iso&quot;:&quot;80&quot;,&quot;shutter_speed&quot;:&quot;0.00125&quot;,&quot;title&quot;:&quot;&quot;,&quot;orientation&quot;:&quot;1&quot;}\" data-image-title=\"Island Prvi\u0107\" data-image-description=\"&lt;p&gt;Island Prvi\u0107&lt;\/p&gt; \" data-medium-file=\"https:\/\/www.tribunj.biz\/wp-content\/uploads\/2018\/04\/prvi\u0107-9-300x225.jpg\" data-large-file=\"https:\/\/www.tribunj.biz\/wp-content\/uploads\/2018\/04\/prvi\u0107-9-1024x768.jpg\" src=\"https:\/\/i0.wp.com\/www.tribunj.biz\/wp-content\/uploads\/2018\/04\/prvi%C4%87-9.jpg?w=252&#038;h=189&#038;ssl=1\" width=\"252\" height=\"189\" loading=\"lazy\" data-original-width=\"252\" data-original-height=\"189\" itemprop=\"http:\/\/schema.org\/image\" title=\"Insel Prvi\u0107\" alt=\"Insel Prvi\u0107\" style=\"width: 252px; height: 189px;\" \/> <\/a> <div class=\"tiled-gallery-caption\" itemprop=\"caption description\"> Insel Prvi\u0107 <\/div> <\/div> <\/div> <!-- close group --> <\/div> <!-- close row --> <div class=\"gallery-row\" style=\"width: 769px; height: 145px;\" data-original-width=\"769\" data-original-height=\"145\" > <div class=\"gallery-group images-1\" style=\"width: 193px; height: 145px;\" data-original-width=\"193\" data-original-height=\"145\" > <div class=\"tiled-gallery-item tiled-gallery-item-small\" itemprop=\"associatedMedia\" itemscope itemtype=\"http:\/\/schema.org\/ImageObject\"> <a href=\"https:\/\/www.tribunj.biz\/de\/gallery\/prvic-8\/\" border=\"0\" itemprop=\"url\"> <meta itemprop=\"width\" content=\"189\"> <meta itemprop=\"height\" content=\"141\"> <img decoding=\"async\" class=\"\" data-attachment-id=\"929\" data-orig-file=\"https:\/\/www.tribunj.biz\/wp-content\/uploads\/2018\/04\/prvi\u0107-8.jpg\" data-orig-size=\"1600,1200\" data-comments-opened=\"1\" data-image-meta=\"{&quot;aperture&quot;:&quot;5.6&quot;,&quot;credit&quot;:&quot;&quot;,&quot;camera&quot;:&quot;DSC-S500&quot;,&quot;caption&quot;:&quot;&quot;,&quot;created_timestamp&quot;:&quot;1188125046&quot;,&quot;copyright&quot;:&quot;&quot;,&quot;focal_length&quot;:&quot;5.4&quot;,&quot;iso&quot;:&quot;80&quot;,&quot;shutter_speed&quot;:&quot;0.001&quot;,&quot;title&quot;:&quot;&quot;,&quot;orientation&quot;:&quot;1&quot;}\" data-image-title=\"Island Prvi\u0107\" data-image-description=\"&lt;p&gt;Island Prvi\u0107 beach&lt;\/p&gt; \" data-medium-file=\"https:\/\/www.tribunj.biz\/wp-content\/uploads\/2018\/04\/prvi\u0107-8-300x225.jpg\" data-large-file=\"https:\/\/www.tribunj.biz\/wp-content\/uploads\/2018\/04\/prvi\u0107-8-1024x768.jpg\" src=\"https:\/\/i0.wp.com\/www.tribunj.biz\/wp-content\/uploads\/2018\/04\/prvi%C4%87-8.jpg?w=189&#038;h=141&#038;ssl=1\" width=\"189\" height=\"141\" loading=\"lazy\" data-original-width=\"189\" data-original-height=\"141\" itemprop=\"http:\/\/schema.org\/image\" title=\"Insel Prvi\u0107\" alt=\"Insel Prvi\u0107\" style=\"width: 189px; height: 141px;\" \/> <\/a> <div class=\"tiled-gallery-caption\" itemprop=\"caption description\"> Insel Prvi\u0107 <\/div> <\/div> <\/div> <!-- close group --> <div class=\"gallery-group images-1\" style=\"width: 192px; height: 145px;\" data-original-width=\"192\" data-original-height=\"145\" > <div class=\"tiled-gallery-item tiled-gallery-item-small\" itemprop=\"associatedMedia\" itemscope itemtype=\"http:\/\/schema.org\/ImageObject\"> <a href=\"https:\/\/www.tribunj.biz\/de\/gallery\/prvic-23\/\" border=\"0\" itemprop=\"url\"> <meta itemprop=\"width\" content=\"188\"> <meta itemprop=\"height\" content=\"141\"> <img decoding=\"async\" class=\"\" data-attachment-id=\"916\" data-orig-file=\"https:\/\/www.tribunj.biz\/wp-content\/uploads\/2018\/04\/prvi\u0107-23.jpg\" data-orig-size=\"1600,1200\" data-comments-opened=\"1\" data-image-meta=\"{&quot;aperture&quot;:&quot;5.6&quot;,&quot;credit&quot;:&quot;&quot;,&quot;camera&quot;:&quot;DSC-S500&quot;,&quot;caption&quot;:&quot;&quot;,&quot;created_timestamp&quot;:&quot;1188123911&quot;,&quot;copyright&quot;:&quot;&quot;,&quot;focal_length&quot;:&quot;5.4&quot;,&quot;iso&quot;:&quot;80&quot;,&quot;shutter_speed&quot;:&quot;0.00125&quot;,&quot;title&quot;:&quot;&quot;,&quot;orientation&quot;:&quot;1&quot;}\" data-image-title=\"Island Prvi\u0107\" data-image-description=\"&lt;p&gt;Island Prvi\u0107&lt;\/p&gt; \" data-medium-file=\"https:\/\/www.tribunj.biz\/wp-content\/uploads\/2018\/04\/prvi\u0107-23-300x225.jpg\" data-large-file=\"https:\/\/www.tribunj.biz\/wp-content\/uploads\/2018\/04\/prvi\u0107-23-1024x768.jpg\" src=\"https:\/\/i0.wp.com\/www.tribunj.biz\/wp-content\/uploads\/2018\/04\/prvi%C4%87-23.jpg?w=188&#038;h=141&#038;ssl=1\" width=\"188\" height=\"141\" loading=\"lazy\" data-original-width=\"188\" data-original-height=\"141\" itemprop=\"http:\/\/schema.org\/image\" title=\"Insel Prvi\u0107\" alt=\"Insel Prvi\u0107\" style=\"width: 188px; height: 141px;\" \/> <\/a> <div class=\"tiled-gallery-caption\" itemprop=\"caption description\"> Insel Prvi\u0107 <\/div> <\/div> <\/div> <!-- close group --> <div class=\"gallery-group images-1\" style=\"width: 192px; height: 145px;\" data-original-width=\"192\" data-original-height=\"145\" > <div class=\"tiled-gallery-item tiled-gallery-item-small\" itemprop=\"associatedMedia\" itemscope itemtype=\"http:\/\/schema.org\/ImageObject\"> <a href=\"https:\/\/www.tribunj.biz\/de\/gallery\/prvic-19\/\" border=\"0\" itemprop=\"url\"> <meta itemprop=\"width\" content=\"188\"> <meta itemprop=\"height\" content=\"141\"> <img decoding=\"async\" class=\"\" data-attachment-id=\"912\" data-orig-file=\"https:\/\/www.tribunj.biz\/wp-content\/uploads\/2018\/04\/prvi\u0107-19.jpg\" data-orig-size=\"1600,1200\" data-comments-opened=\"1\" data-image-meta=\"{&quot;aperture&quot;:&quot;9.3&quot;,&quot;credit&quot;:&quot;&quot;,&quot;camera&quot;:&quot;DSC-S500&quot;,&quot;caption&quot;:&quot;&quot;,&quot;created_timestamp&quot;:&quot;1188123748&quot;,&quot;copyright&quot;:&quot;&quot;,&quot;focal_length&quot;:&quot;14.04&quot;,&quot;iso&quot;:&quot;80&quot;,&quot;shutter_speed&quot;:&quot;0.008&quot;,&quot;title&quot;:&quot;&quot;,&quot;orientation&quot;:&quot;1&quot;}\" data-image-title=\"Island Prvi\u0107\" data-image-description=\"&lt;p&gt;Island Prvi\u0107&lt;\/p&gt; \" data-medium-file=\"https:\/\/www.tribunj.biz\/wp-content\/uploads\/2018\/04\/prvi\u0107-19-300x225.jpg\" data-large-file=\"https:\/\/www.tribunj.biz\/wp-content\/uploads\/2018\/04\/prvi\u0107-19-1024x768.jpg\" src=\"https:\/\/i0.wp.com\/www.tribunj.biz\/wp-content\/uploads\/2018\/04\/prvi%C4%87-19.jpg?w=188&#038;h=141&#038;ssl=1\" width=\"188\" height=\"141\" loading=\"lazy\" data-original-width=\"188\" data-original-height=\"141\" itemprop=\"http:\/\/schema.org\/image\" title=\"Insel Prvi\u0107\" alt=\"Insel Prvi\u0107\" style=\"width: 188px; height: 141px;\" \/> <\/a> <div class=\"tiled-gallery-caption\" itemprop=\"caption description\"> Insel Prvi\u0107 <\/div> <\/div> <\/div> <!-- close group --> <div class=\"gallery-group images-1\" style=\"width: 192px; height: 145px;\" data-original-width=\"192\" data-original-height=\"145\" > <div class=\"tiled-gallery-item tiled-gallery-item-small\" itemprop=\"associatedMedia\" itemscope itemtype=\"http:\/\/schema.org\/ImageObject\"> <a href=\"https:\/\/www.tribunj.biz\/de\/gallery\/prvic-16\/\" border=\"0\" itemprop=\"url\"> <meta itemprop=\"width\" content=\"188\"> <meta itemprop=\"height\" content=\"141\"> <img decoding=\"async\" class=\"\" data-attachment-id=\"909\" data-orig-file=\"https:\/\/www.tribunj.biz\/wp-content\/uploads\/2018\/04\/prvi\u0107-16.jpg\" data-orig-size=\"1600,1200\" data-comments-opened=\"1\" data-image-meta=\"{&quot;aperture&quot;:&quot;5.6&quot;,&quot;credit&quot;:&quot;&quot;,&quot;camera&quot;:&quot;DSC-S500&quot;,&quot;caption&quot;:&quot;&quot;,&quot;created_timestamp&quot;:&quot;1188123697&quot;,&quot;copyright&quot;:&quot;&quot;,&quot;focal_length&quot;:&quot;5.4&quot;,&quot;iso&quot;:&quot;80&quot;,&quot;shutter_speed&quot;:&quot;0.0025&quot;,&quot;title&quot;:&quot;&quot;,&quot;orientation&quot;:&quot;1&quot;}\" data-image-title=\"Island Prvi\u0107\" data-image-description=\"&lt;p&gt;Island Prvi\u0107&lt;\/p&gt; \" data-medium-file=\"https:\/\/www.tribunj.biz\/wp-content\/uploads\/2018\/04\/prvi\u0107-16-300x225.jpg\" data-large-file=\"https:\/\/www.tribunj.biz\/wp-content\/uploads\/2018\/04\/prvi\u0107-16-1024x768.jpg\" src=\"https:\/\/i0.wp.com\/www.tribunj.biz\/wp-content\/uploads\/2018\/04\/prvi%C4%87-16.jpg?w=188&#038;h=141&#038;ssl=1\" width=\"188\" height=\"141\" loading=\"lazy\" data-original-width=\"188\" data-original-height=\"141\" itemprop=\"http:\/\/schema.org\/image\" title=\"Insel Prvi\u0107\" alt=\"Insel Prvi\u0107\" style=\"width: 188px; height: 141px;\" \/> <\/a> <div class=\"tiled-gallery-caption\" itemprop=\"caption description\"> Insel Prvi\u0107 <\/div> <\/div> <\/div> <!-- close group --> <\/div> <!-- close row --> <\/div>","protected":false},"excerpt":{"rendered":"<p>Prvi\u0107 ist eine kleine Insel in der kroatischen Adria. Sie liegt im \u0160ibenik-Archipel, etwa 800 Meter vom Festland entfernt, in der N\u00e4he von Vodice. Die gesamte Insel steht unter dem Schutz des kroatischen Kulturministeriums, da sie als Kulturerbe gilt. Die wichtigsten Industriezweige auf Prvi\u0107 \u2026 <a href=\"https:\/\/www.tribunj.biz\/de\/activities\/island-prvic\/\" class=\"more-link\">Weiterlesen <span class=\"screen-reader-text\"> \u201eInsel Prvi\u0107\u201c<\/span><\/a><\/p>","protected":false},"author":1,"featured_media":921,"parent":123,"menu_order":0,"comment_status":"closed","ping_status":"closed","template":"template-wide-screen-page.php","meta":{"advanced_seo_description":"","jetpack_seo_html_title":"","jetpack_seo_noindex":false,"footnotes":""},"class_list":["post-6606","page","type-page","status-publish","has-post-thumbnail","hentry"],"jetpack_sharing_enabled":true,"jetpack_likes_enabled":true,"_links":{"self":[{"href":"https:\/\/www.tribunj.biz\/de\/wp-json\/wp\/v2\/pages\/6606","targetHints":{"allow":["GET"]}}],"collection":[{"href":"https:\/\/www.tribunj.biz\/de\/wp-json\/wp\/v2\/pages"}],"about":[{"href":"https:\/\/www.tribunj.biz\/de\/wp-json\/wp\/v2\/types\/page"}],"author":[{"embeddable":true,"href":"https:\/\/www.tribunj.biz\/de\/wp-json\/wp\/v2\/users\/1"}],"replies":[{"embeddable":true,"href":"https:\/\/www.tribunj.biz\/de\/wp-json\/wp\/v2\/comments?post=6606"}],"version-history":[{"count":0,"href":"https:\/\/www.tribunj.biz\/de\/wp-json\/wp\/v2\/pages\/6606\/revisions"}],"up":[{"embeddable":true,"href":"https:\/\/www.tribunj.biz\/de\/wp-json\/wp\/v2\/pages\/123"}],"wp:featuredmedia":[{"embeddable":true,"href":"https:\/\/www.tribunj.biz\/de\/wp-json\/wp\/v2\/media\/921"}],"wp:attachment":[{"href":"https:\/\/www.tribunj.biz\/de\/wp-json\/wp\/v2\/media?parent=6606"}],"curies":[{"name":"wp","href":"https:\/\/api.w.org\/{rel}","templated":true}]}}