{"id":486,"date":"2018-04-21T13:13:05","date_gmt":"2018-04-21T11:13:05","guid":{"rendered":"https:\/\/www.tribunj.biz\/?page_id=486"},"modified":"2024-01-11T01:44:57","modified_gmt":"2024-01-11T00:44:57","slug":"allgemeine-mietbedingungen","status":"publish","type":"page","link":"https:\/\/www.tribunj.biz\/de_ch\/general-letting-conditions\/","title":{"rendered":"Allgemeine Mietbedingungen und Buchungsinformationen"},"content":{"rendered":"<ul>\n<li>\u00a0ZAHLUNGEN<br \/>Die Anzahlung muss innerhalb von 24 Stunden nach der Reservierung erfolgen (es sei denn, der Eigent\u00fcmer hat dies im Buchungsprozess anders vereinbart).<br \/>Bitte informieren Sie uns, wenn und wann Sie bezahlen. <em>Direkte Bank\u00fcberweisung<\/em> Wir werden antworten, sobald wir die Nachricht erhalten haben (da die Zustellung in der Regel einige Tage dauert).<br \/>Der Restbetrag ist am Anreisetag zu entrichten.<br \/>Wenn Sie es vorziehen, k\u00f6nnen Sie den Gesamtpreis auch w\u00e4hrend des Buchungsvorgangs bezahlen.\u00a0<\/li>\n<li>SO BEZAHLEN &amp; BUCHEN\n<ul>\n<li><strong>BANK\u00dcBERWEISUNG<\/strong>\n<ul>\n<li>Bank: Erste&amp;Steierm\u00e4rkische Bank dd (Jadranski trg 3a, 51000 Rijeka)<br \/>Eigent\u00fcmer: Ante Cvitan<br \/>Adresse des Eigent\u00fcmers: Jurjevgradska 25, Tribunj 22212, Kroatien<br \/>IBAN: HR0624020063103192686<br \/>Swift (BIC): ESBCHR22<\/li>\n<\/ul>\n<\/li>\n<li>\u00a0<label class=\"mphb-gateway-title mphb-radio-label\" for=\"mphb_gateway_stripe\"><strong>Zahlung per Karte (Stripe)<\/strong><\/label>\n<p class=\"mphb-gateway-description\">Bezahlen Sie mit Ihrer Karte oder mit einer anderen verf\u00fcgbaren Zahlungsmethode \u00fcber Stripe.<\/p>\n<\/li>\n<\/ul>\n<\/li>\n<li>ANKUNFT UND ABREISE\n<ul>\n<li>Ankunft: 14:00 \u2013 20:00 Uhr (Sollten Sie sp\u00e4ter ankommen, ist das kein Problem, bitte informieren Sie uns jedoch vorher).<br \/>Wenn Sie uns nach Ende des Anreisetages nicht in irgendeiner Weise \u00fcber Ihre Versp\u00e4tung informieren, behalten wir uns das Recht vor, die Buchung als storniert zu betrachten. <br \/>Bei Ankunft m\u00fcssen die G\u00e4ste dem Eigent\u00fcmer oder seinem Vertreter ihren Reisepass oder Personalausweis vorlegen, damit sie ihre Registrierung gem\u00e4\u00df den kroatischen Rechtsvorschriften durchf\u00fchren k\u00f6nnen.<\/li>\n<li>Abfahrt: bis 10:00 Uhr (bei fr\u00fcherer Abfahrt: kein Problem, bei sp\u00e4terer Abfahrt: bitte kontaktieren Sie uns).<\/li>\n<\/ul>\n<\/li>\n<li>ANZAHL DER PERSONEN UND HAUSTIERE<br \/>Die Anzahl der Personen (Erwachsene und Kinder) darf die Anzahl der Schlafpl\u00e4tze nicht \u00fcberschreiten, au\u00dfer bei Kleinkindern (bis zu 2 Jahren).<br \/>Pro Wohnung ist nur ein Haustier erlaubt (f\u00fcr mehr Haustiere m\u00fcssen Sie sich mit dem Eigent\u00fcmer absprechen).<br \/>Die G\u00e4ste sind verpflichtet, ihre Haustiere in den Gemeinschaftsbereichen der Unterkunft zu beaufsichtigen.<\/li>\n<li>\u00c4NDERUNGEN \u2013 STORNIERUNGSGEB\u00dcHREN<br \/>Wenn Sie eine Buchung stornieren m\u00f6chten, kontaktieren Sie uns bitte.\n<ul>\n<li>Wenn eine Stornierung erfolgt<strong> weniger als 30 Tage<\/strong> Vor Beginn des Mietzeitraums verf\u00e4llt die Kaution.<\/li>\n<li>Wenn eine Stornierung erfolgt <strong>mehr als 30 Tage<\/strong> Vor Beginn der Mietzeit erstatten wir Ihnen Ihre Zahlung abz\u00fcglich der \u00dcberweisungskosten (in der Regel etwa 10 \u20ac).<\/li>\n<\/ul>\n<\/li>\n<\/ul>\n<p><em>Bitte kontaktieren Sie uns im Falle einer Stornierung; vielleicht haben wir einige Vorschl\u00e4ge f\u00fcr Sie\/uns.<\/em><\/p>\n<ul>\n<li>HAUSREGELN<br \/>Keine Partys oder Veranstaltungen.<br \/>Bitte behandeln Sie diesen Raum so, als w\u00e4re er Ihr eigener.<br \/>Wir sind sehr unkompliziert, bitte nehmen Sie einfach R\u00fccksicht auf die anderen G\u00e4ste.<br \/>Wenn wir der Ansicht sind, dass Sie wiederholt gegen die Hausregeln versto\u00dfen und sich auch nach Verwarnungen nicht fair verhalten, haben wir das Recht, Ihre Buchung ohne Strafgeb\u00fchren f\u00fcr uns zu stornieren.<\/li>\n<li>Datenschutz<br \/>Der Schutz Ihrer pers\u00f6nlichen Daten ist uns sehr wichtig. Soweit wir im Rahmen unserer Dienstleistungen personenbezogene Daten \u00fcber Sie erheben, verarbeiten oder nutzen, tun wir dies in \u00dcbereinstimmung mit den geltenden europ\u00e4ischen Datenschutzgesetzen. Weitere Informationen finden Sie in unserer Datenschutzerkl\u00e4rung. <a href=\"https:\/\/www.tribunj.biz\/de_ch\/datenschutzrichtlinie\/\" target=\"_blank\" rel=\"noopener noreferrer\">Hier<\/a>. (Wenn Sie akzeptieren) <a href=\"https:\/\/www.tribunj.biz\/de_ch\/allgemeine-mietbedingungen\/\">Allgemeine Vermietungsbedingungen<\/a> Dann stimmen Sie auch unserem Dokument zu <a href=\"https:\/\/www.tribunj.biz\/de_ch\/datenschutzrichtlinie\/\" target=\"_blank\" rel=\"noopener noreferrer\">Datenschutz-Bestimmungen<\/a>)<\/li>\n<\/ul>\n\n\n<p><\/p>","protected":false},"excerpt":{"rendered":"<p>\u00a0PAYMENTSDeposit must be paid in 24h after reservation (or otherwise if owner agreed in booking process).Please inform us if and when you pay by Direct bank transfer and we will reply when we receive (because it usually needs few days to receive).The remaining balance must be paid on a day of arrival.If you prefer you &hellip; <a href=\"https:\/\/www.tribunj.biz\/de_ch\/general-letting-conditions\/\" class=\"more-link\">Continue reading<span class=\"screen-reader-text\"> &#8220;General letting conditions and booking info&#8221;<\/span><\/a><\/p>","protected":false},"author":1,"featured_media":0,"parent":0,"menu_order":0,"comment_status":"closed","ping_status":"closed","template":"template-wide-screen-page.php","meta":{"advanced_seo_description":"","jetpack_seo_html_title":"","jetpack_seo_noindex":false,"footnotes":""},"class_list":["post-486","page","type-page","status-publish","hentry"],"jetpack_sharing_enabled":false,"jetpack_likes_enabled":false,"_links":{"self":[{"href":"https:\/\/www.tribunj.biz\/de_ch\/wp-json\/wp\/v2\/pages\/486","targetHints":{"allow":["GET"]}}],"collection":[{"href":"https:\/\/www.tribunj.biz\/de_ch\/wp-json\/wp\/v2\/pages"}],"about":[{"href":"https:\/\/www.tribunj.biz\/de_ch\/wp-json\/wp\/v2\/types\/page"}],"author":[{"embeddable":true,"href":"https:\/\/www.tribunj.biz\/de_ch\/wp-json\/wp\/v2\/users\/1"}],"replies":[{"embeddable":true,"href":"https:\/\/www.tribunj.biz\/de_ch\/wp-json\/wp\/v2\/comments?post=486"}],"version-history":[{"count":0,"href":"https:\/\/www.tribunj.biz\/de_ch\/wp-json\/wp\/v2\/pages\/486\/revisions"}],"wp:attachment":[{"href":"https:\/\/www.tribunj.biz\/de_ch\/wp-json\/wp\/v2\/media?parent=486"}],"curies":[{"name":"wp","href":"https:\/\/api.w.org\/{rel}","templated":true}]}}