{"id":486,"date":"2018-04-21T13:13:05","date_gmt":"2018-04-21T11:13:05","guid":{"rendered":"https:\/\/www.tribunj.biz\/?page_id=486"},"modified":"2024-01-11T01:44:57","modified_gmt":"2024-01-11T00:44:57","slug":"yleiset-vuokrausehdot","status":"publish","type":"page","link":"https:\/\/www.tribunj.biz\/fi\/general-letting-conditions\/","title":{"rendered":"Yleiset vuokrausehdot ja varaustiedot"},"content":{"rendered":"<ul>\n<li>\u00a0MAKSUT<br \/>Varausmaksu on maksettava 24 tunnin kuluessa varauksen tekemisest\u00e4 (tai jos omistaja on niin sopinut varauksen teon yhteydess\u00e4).<br \/>Ilmoitathan meille, jos ja milloin maksat <em>Suora pankkisiirto<\/em> ja vastaamme, kun saamme sen (koska sen vastaanottaminen kest\u00e4\u00e4 yleens\u00e4 muutaman p\u00e4iv\u00e4n).<br \/>Loppusumma on maksettava saapumisp\u00e4iv\u00e4n\u00e4.<br \/>Voit halutessasi maksaa kokonaishinnan varauksen yhteydess\u00e4.\u00a0<\/li>\n<li>MITEN K\u00c4YTT\u00c4\u00c4 &amp; Kirjaa\n<ul>\n<li><strong>PANKKISIIRTO<\/strong>\n<ul>\n<li>Pankki: Erste &amp; Steierm\u00e4rkische Bank dd (Jadranski trg 3a, 51000 Rijeka)<br \/>Omistaja: Ante Cvitan<br \/>Omistajan osoite: Jurjevgradska 25, Tribunj 22212, Kroatia<br \/>IBAN: HR0624020063103192686<br \/>Swift (BIC): ESBCHR22<\/li>\n<\/ul>\n<\/li>\n<li>\u00a0<label class=\"mphb-gateway-title mphb-radio-label\" for=\"mphb_gateway_stripe\"><strong>Maksa kortilla (Stripe)<\/strong><\/label>\n<p class=\"mphb-gateway-description\">Maksa kortillasi tai muulla Stripen kautta saatavilla olevalla maksutavalla<\/p>\n<\/li>\n<\/ul>\n<\/li>\n<li>SAAPUMINEN JA L\u00c4HT\u00d6\n<ul>\n<li>Saapuminen: klo 14.00\u201320.00 (my\u00f6hemmin saapuminen ei ongelmaa, mutta ilmoitathan siit\u00e4 meille).<br \/>Jos et ole ilmoittanut meille my\u00f6h\u00e4stymisest\u00e4si saapumisp\u00e4iv\u00e4n p\u00e4\u00e4ttymisen j\u00e4lkeen, meill\u00e4 on oikeus katsoa se peruutetuksi. <br \/>Saapuessaan vieraiden on esitett\u00e4v\u00e4 passi tai henkil\u00f6todistus omistajalle tai h\u00e4nen edustajalleen, jotta he voivat jatkaa rekister\u00f6inti\u00e4\u00e4n Kroatian lains\u00e4\u00e4d\u00e4nn\u00f6n mukaisesti.<\/li>\n<li>L\u00e4ht\u00f6: klo 10.00 menness\u00e4 (jos aikaisemmin: ei ongelmaa, jos my\u00f6hemmin: sinun on otettava meihin yhteytt\u00e4).<\/li>\n<\/ul>\n<\/li>\n<li>HENKIL\u00d6M\u00c4\u00c4R\u00c4 JA LEMMIKKIEL\u00c4IMET<br \/>Henkil\u00f6iden (aikuiset ja lapset) m\u00e4\u00e4r\u00e4 ei saa ylitt\u00e4\u00e4 nukkumapaikkojen m\u00e4\u00e4r\u00e4\u00e4 paitsi vauvojen (enint\u00e4\u00e4n 2-vuotiaiden) osalta.<br \/>Vain yksi lemmikki voidaan my\u00f6nt\u00e4\u00e4 per huoneisto (lis\u00e4\u00e4 sinun t\u00e4ytyy kuulla omistajan kanssa).<br \/>Asiakkaat ovat pakollisia valvomaan lemmikkiel\u00e4imi\u00e4, joka on tuotu majoituksen yhteis\u00f6llisiin alueisiin.<\/li>\n<li>MUUTOKSET \u2013 PERUUTUSMAKSU<br \/>Jos haluat peruuttaa varauksen, ota meihin yhteytt\u00e4.\n<ul>\n<li>Jos peruutus tehd\u00e4\u00e4n<strong> alle 30 p\u00e4iv\u00e4\u00e4<\/strong> ennen vuokra-ajan alkua menet\u00e4t vakuusmaksun<\/li>\n<li>Jos peruutus tehd\u00e4\u00e4n <strong>yli 30 p\u00e4iv\u00e4\u00e4<\/strong> ennen vuokra-ajan alkua palautamme maksusi v\u00e4hennettyn\u00e4 siirtokuluilla (yleens\u00e4 noin 10 \u20ac)<\/li>\n<\/ul>\n<\/li>\n<\/ul>\n<p><em>Otathan aina yhteytt\u00e4 peruutustapauksissa, niin ehk\u00e4 sinulla\/meill\u00e4 on ehdotuksia.<\/em><\/p>\n<ul>\n<li>TALON S\u00c4\u00c4NN\u00d6T<br \/>Ei osapuolia tai tapahtumia.<br \/>Ole hyv\u00e4 ja kunnioitkaa tilaa, joka on omalla tavallaan.<br \/>Olemme eritt\u00e4in helppoa, kiitos, kunnioitamme muita vieraita.<br \/>Jos uskomme, ett\u00e4 jarrutat talon s\u00e4\u00e4nt\u00f6j\u00e4 toistuvasti, ja kun varoitukset eiv\u00e4t ole k\u00e4ytt\u00e4ytyneet oikeudenmukaisesti, meill\u00e4 on oikeus peruuttaa varaus ilman seuraamuksia meille.<\/li>\n<li>TIETOSUOJA<br \/>Henkil\u00f6kohtaisten tietojen suojaaminen on meille eritt\u00e4in t\u00e4rke\u00e4\u00e4. Sik\u00e4li kuin me ker\u00e4\u00e4mme, k\u00e4sittelemme tai k\u00e4yt\u00e4mme henkil\u00f6kohtaisia \u200b\u200btietojasi osana tarjottuja palveluita, niin teemme niin asiaa koskevien eurooppalaisten tietosuojalakien mukaisesti. Tarkempia yksityiskohtia koskeva tarkistus <a href=\"https:\/\/www.tribunj.biz\/fi\/tietosuojakaytanto\/\" target=\"_blank\" rel=\"noopener noreferrer\">t\u00e4ss\u00e4<\/a>. (Jos hyv\u00e4ksyt <a href=\"https:\/\/www.tribunj.biz\/fi\/yleiset-vuokrausehdot\/\">Yleiset vuokrausehdot<\/a> sitten hyv\u00e4ksyt my\u00f6s meid\u00e4n <a href=\"https:\/\/www.tribunj.biz\/fi\/tietosuojakaytanto\/\" target=\"_blank\" rel=\"noopener noreferrer\">Tietosuojak\u00e4yt\u00e4nt\u00f6<\/a>)<\/li>\n<\/ul>\n\n\n<p><\/p>","protected":false},"excerpt":{"rendered":"<p>\u00a0PAYMENTSDeposit must be paid in 24h after reservation (or otherwise if owner agreed in booking process).Please inform us if and when you pay by Direct bank transfer and we will reply when we receive (because it usually needs few days to receive).The remaining balance must be paid on a day of arrival.If you prefer you &hellip; <a href=\"https:\/\/www.tribunj.biz\/fi\/general-letting-conditions\/\" class=\"more-link\">Continue reading<span class=\"screen-reader-text\"> &#8220;General letting conditions and booking info&#8221;<\/span><\/a><\/p>","protected":false},"author":1,"featured_media":0,"parent":0,"menu_order":0,"comment_status":"closed","ping_status":"closed","template":"template-wide-screen-page.php","meta":{"advanced_seo_description":"","jetpack_seo_html_title":"","jetpack_seo_noindex":false,"footnotes":""},"class_list":["post-486","page","type-page","status-publish","hentry"],"jetpack_sharing_enabled":false,"jetpack_likes_enabled":false,"_links":{"self":[{"href":"https:\/\/www.tribunj.biz\/fi\/wp-json\/wp\/v2\/pages\/486","targetHints":{"allow":["GET"]}}],"collection":[{"href":"https:\/\/www.tribunj.biz\/fi\/wp-json\/wp\/v2\/pages"}],"about":[{"href":"https:\/\/www.tribunj.biz\/fi\/wp-json\/wp\/v2\/types\/page"}],"author":[{"embeddable":true,"href":"https:\/\/www.tribunj.biz\/fi\/wp-json\/wp\/v2\/users\/1"}],"replies":[{"embeddable":true,"href":"https:\/\/www.tribunj.biz\/fi\/wp-json\/wp\/v2\/comments?post=486"}],"version-history":[{"count":0,"href":"https:\/\/www.tribunj.biz\/fi\/wp-json\/wp\/v2\/pages\/486\/revisions"}],"wp:attachment":[{"href":"https:\/\/www.tribunj.biz\/fi\/wp-json\/wp\/v2\/media?parent=486"}],"curies":[{"name":"wp","href":"https:\/\/api.w.org\/{rel}","templated":true}]}}