{"id":4998,"date":"2018-05-18T01:30:54","date_gmt":"2018-05-17T23:30:54","guid":{"rendered":"https:\/\/www.tribunj.biz\/?page_id=4998"},"modified":"2023-05-17T14:56:32","modified_gmt":"2023-05-17T12:56:32","slug":"politique-de-confidentialite","status":"publish","type":"page","link":"https:\/\/www.tribunj.biz\/fr\/privacy-policy\/","title":{"rendered":"Politique de confidentialit\u00e9"},"content":{"rendered":"<h2>Qui nous sommes<\/h2>\n<p>Notre adresse de site Web est: <a href=\"https:\/\/www.tribunj.biz\/fr\/\">www.tribunj.biz<\/a><\/p>\n<p>Nous louons des appartements dans une petite place Tribunj en Croatie.<\/p>\n<h2>Quelles sont les donn\u00e9es personnelles que nous recueillons et pourquoi nous les collectons<\/h2>\n<h3>commentaires<\/h3>\n<p>Lorsque les visiteurs laissent des commentaires sur le site, nous collectons les donn\u00e9es affich\u00e9es dans le formulaire de commentaires, ainsi que l&#039;adresse IP du visiteur et la cha\u00eene de l&#039;agent utilisateur du navigateur pour aider \u00e0 la d\u00e9tection des spams.<\/p>\n<p>Une cha\u00eene anonymis\u00e9e cr\u00e9\u00e9e \u00e0 partir de votre adresse e-mail (\u00e9galement appel\u00e9e hash) peut \u00eatre fournie au service Gravatar pour voir si vous l&#039;utilisez. La politique de confidentialit\u00e9 du service Gravatar est disponible ici: https:\/\/automattic.com\/privacy\/. Apr\u00e8s approbation de votre commentaire, votre photo de profil est visible au public dans le cadre de votre commentaire.<\/p>\n<h3>M\u00e9dias<\/h3>\n<p>Si vous t\u00e9l\u00e9chargez des images sur le site Web, vous devez \u00e9viter de t\u00e9l\u00e9charger des images avec des donn\u00e9es de localisation int\u00e9gr\u00e9es (EXIF GPS) incluses. Les visiteurs du site Web peuvent t\u00e9l\u00e9charger et extraire toutes les donn\u00e9es de localisation \u00e0 partir d&#039;images sur le site Web.<\/p>\n<h3>Formulaires de contact<\/h3>\n<p>Nous n&#039;utilisons pas les informations soumises \u00e0 travers eux \u00e0 des fins de marketing.<\/p>\n<h3>Biscuits<\/h3>\n<p>Si vous laissez un commentaire sur notre site, vous pouvez choisir d&#039;enregistrer votre nom, votre adresse e-mail et votre site web dans des cookies. Ceux-ci sont pour votre commodit\u00e9 afin que vous n&#039;ayez pas \u00e0 remplir \u00e0 nouveau vos coordonn\u00e9es lorsque vous laissez un autre commentaire. Ces cookies dureront un an.<\/p>\n<p>Si vous avez un compte et que vous vous connectez \u00e0 ce site, nous \u00e9tablirons un cookie temporaire pour d\u00e9terminer si votre navigateur accepte les cookies. Ce cookie ne contient aucune donn\u00e9e personnelle et est ignor\u00e9 lorsque vous fermez votre navigateur.<\/p>\n<p>Lorsque vous vous connectez, nous allons \u00e9galement configurer plusieurs cookies pour enregistrer vos informations de connexion et vos choix d&#039;affichage \u00e0 l&#039;\u00e9cran. Les cookies de connexion durent deux jours et les cookies d&#039;options d&#039;\u00e9cran durent un an. Si vous s\u00e9lectionnez &quot;Se souvenir de moi&quot;, votre connexion persistera pendant deux semaines. Si vous vous d\u00e9connectez de votre compte, les cookies de connexion seront supprim\u00e9s.<\/p>\n<p>Si vous \u00e9ditez ou publiez un article, un cookie suppl\u00e9mentaire sera enregistr\u00e9 dans votre navigateur. Ce cookie ne contient aucune donn\u00e9e personnelle et indique simplement l&#039;identifiant de l&#039;article que vous venez d&#039;\u00e9diter. Il expire apr\u00e8s 1 jour.<\/p>\n<p>Certains de nos boutons (<a href=\"https:\/\/www.facebook.com\/policies\/cookies\/\" target=\"_blank\" rel=\"noopener noreferrer\">Facebook<\/a>, <a href=\"https:\/\/help.twitter.com\/en\/rules-and-policies\/twitter-cookies\" target=\"_blank\" rel=\"noopener noreferrer\">gazouillement<\/a>, <a href=\"https:\/\/policy.pinterest.com\/en\/cookies\" target=\"_blank\" rel=\"noopener noreferrer\">pinterest<\/a>, <a href=\"https:\/\/help.instagram.com\/1896641480634370?ref=ig\" target=\"_blank\" rel=\"noopener noreferrer\">instagram<\/a>, <a href=\"https:\/\/www.pocketliving.com\/cookie-policy\" target=\"_blank\" rel=\"noopener noreferrer\">poche<\/a>, <a href=\"https:\/\/www.whatsapp.com\/legal\/#key-updates\" target=\"_blank\" rel=\"noopener noreferrer\">WhatsApp<\/a>) peut utiliser des cookies. Cliquez sur chacun pour v\u00e9rifier la politique de cookie.<\/p>\n<h3>Contenu int\u00e9gr\u00e9 d&#039;autres sites Web<\/h3>\n<p>Les articles sur ce site peuvent inclure du contenu int\u00e9gr\u00e9 (vid\u00e9os, images, articles, etc.). Le contenu int\u00e9gr\u00e9 d&#039;autres sites Web se comporte exactement de la m\u00eame mani\u00e8re que si le visiteur a visit\u00e9 l&#039;autre site Web.<\/p>\n<p>Ces sites Web peuvent collecter des donn\u00e9es vous concernant, utiliser des cookies, int\u00e9grer un suivi tiers suppl\u00e9mentaire et surveiller votre interaction avec ce contenu int\u00e9gr\u00e9, y compris le suivi de votre interaction avec le contenu int\u00e9gr\u00e9 si vous avez un compte et \u00eates connect\u00e9 \u00e0 ce site Web.<\/p>\n<h2>Combien de temps nous conservons vos donn\u00e9es<\/h2>\n<p>Si vous laissez un commentaire, le commentaire et ses m\u00e9tadonn\u00e9es sont conserv\u00e9s ind\u00e9finiment. C&#039;est ainsi que nous pouvons reconna\u00eetre et approuver tous les commentaires de suivi automatiquement au lieu de les maintenir dans une file d&#039;attente de mod\u00e9ration.<\/p>\n<p>Pour les utilisateurs qui s&#039;inscrivent sur notre site Web (le cas \u00e9ch\u00e9ant), nous stockons \u00e9galement les informations personnelles qu&#039;ils fournissent dans leur profil d&#039;utilisateur. Tous les utilisateurs peuvent voir, modifier ou supprimer leurs informations personnelles \u00e0 tout moment (sauf qu&#039;ils ne peuvent pas changer leur nom d&#039;utilisateur). Les administrateurs de site Web peuvent \u00e9galement voir et modifier ces informations.<\/p>\n<h2>Quels droits avez-vous sur vos donn\u00e9es<\/h2>\n<p>Si vous avez un compte sur ce site, ou avez laiss\u00e9 des commentaires, vous pouvez demander \u00e0 recevoir un fichier export\u00e9 des donn\u00e9es personnelles que nous d\u00e9tenons \u00e0 votre sujet, y compris les donn\u00e9es que vous nous avez fournies. Vous pouvez \u00e9galement demander que nous effacions toutes les donn\u00e9es personnelles que nous d\u00e9tenons \u00e0 votre sujet. Cela n&#039;inclut pas les donn\u00e9es que nous sommes tenus de conserver \u00e0 des fins administratives, l\u00e9gales ou de s\u00e9curit\u00e9.<\/p>\n<h2>O\u00f9 envoyons-nous vos donn\u00e9es<\/h2>\n<p>Les commentaires des visiteurs peuvent \u00eatre v\u00e9rifi\u00e9s via un service de d\u00e9tection automatique de spam.<\/p>\n<h2>Ce que nous collectons et stockons<\/h2>\n<p>Pendant que vous visitez notre site, nous suivrons:<\/p>\n<ul>\n<li>Les produits que vous avez consult\u00e9s: nous les utiliserons, par exemple, pour vous montrer les produits que vous avez r\u00e9cemment consult\u00e9s<\/li>\n<li>Emplacement, adresse IP et type de navigateur<\/li>\n<\/ul>\n<p>Lorsque vous achetez chez nous, nous vous demanderons de fournir des informations, notamment votre nom, votre adresse de facturation, votre adresse e-mail, votre num\u00e9ro de t\u00e9l\u00e9phone, des informations de compte facultatives telles que le nom d&#039;utilisateur et le mot de passe. Nous utiliserons ces informations \u00e0 des fins telles que:<\/p>\n<ul>\n<li>Vous envoyer des informations sur votre compte et votre commande<\/li>\n<li>R\u00e9pondre \u00e0 vos demandes, y compris les remboursements et les plaintes<\/li>\n<li>Traiter les paiements et pr\u00e9venir la fraude<\/li>\n<li>Configurez votre compte<\/li>\n<li>Respectez toutes les obligations l\u00e9gales que nous avons, telles que le calcul des taxes<\/li>\n<li>Am\u00e9liorer nos offres<\/li>\n<li>Vous envoyer des messages marketing, si vous choisissez de les recevoir<\/li>\n<\/ul>\n<p>Si vous cr\u00e9ez un compte, nous stockons votre nom, votre adresse, votre adresse e-mail et votre num\u00e9ro de t\u00e9l\u00e9phone, qui seront utilis\u00e9s pour remplir la commande pour les commandes futures.<\/p>\n<p>Nous stockons g\u00e9n\u00e9ralement des informations vous concernant aussi longtemps que nous en avons besoin aux fins pour lesquelles nous les collectons et les utilisons, et nous ne sommes pas l\u00e9galement tenus de continuer \u00e0 les conserver. Par exemple, nous stockons les informations de commande pour XXX ann\u00e9es \u00e0 des fins fiscales et comptables. Cela inclut votre nom, votre adresse e-mail et vos adresses de facturation et d&#039;exp\u00e9dition.<\/p>\n<p>Nous stockons \u00e9galement des commentaires ou des avis, si vous choisissez de les quitter.<\/p>\n<h2>Qui a acc\u00e8s \u00e0 notre \u00e9quipe?<\/h2>\n<p>Les membres de notre \u00e9quipe ont acc\u00e8s aux informations que vous nous fournissez.<\/p>\n<p>Les membres de notre \u00e9quipe ont acc\u00e8s \u00e0 ces informations pour vous aider \u00e0 ex\u00e9cuter les commandes, traiter les remboursements et vous aider.<\/p>\n<h2>Ce que nous partageons avec les autres<\/h2>\n<p>Nous partageons des informations avec des tiers qui nous aident \u00e0 fournir nos commandes et \u00e0 vous fournir des services; par exemple des escapades de paiement, google analytics, certains plugins n\u00e9cessaires au fonctionnement du site dans ce domaine. Nous ne vendons aucune information ou ne l&#039;utilisons pas pour votre s\u00e9curit\u00e9.<\/p>\n<p>Ce site utilise la mise en cache afin de faciliter un temps de r\u00e9ponse plus rapide et une meilleure exp\u00e9rience utilisateur. La mise en cache stocke potentiellement une copie en double de chaque page Web affich\u00e9e sur ce site. Tous les fichiers de cache sont temporaires et ne sont jamais accessibles par des tiers, sauf si cela est n\u00e9cessaire pour obtenir une assistance technique aupr\u00e8s du fournisseur du plug-in de cache. Les fichiers de cache expirent selon un calendrier d\u00e9fini par l&#039;administrateur du site, mais peuvent facilement \u00eatre purg\u00e9s par l&#039;administrateur avant leur expiration naturelle, si n\u00e9cessaire. Nous pouvons utiliser les services QUIC.cloud pour traiter et mettre temporairement en cache vos donn\u00e9es. S&#039;il te plait regarde <a href=\"https:\/\/quic.cloud\/privacy-policy\/\" target=\"_blank\" rel=\"noopener\">https:\/\/quic.cloud\/privacy-policy\/<\/a>\u00a0pour plus de d\u00e9tails.<\/p>\n<p><span style=\"color: #23282d; font-family: inherit; font-size: 1.6em; font-weight: bold;\">Au total<\/span><\/p>\n<p>Nous appr\u00e9cions la confidentialit\u00e9 et la s\u00e9curit\u00e9 des informations que vous partagez avec nous. Cette politique de confidentialit\u00e9 d\u00e9crit comment nous collectons, utilisons, partageons, prot\u00e9geons et traitons vos informations. Toute information que vous nous fournissez est utilis\u00e9e strictement pour traiter et r\u00e9aliser votre achat et \/ ou pour des fins d&#039;analyse interne, comme d\u00e9crit dans la pr\u00e9sente Politique de confidentialit\u00e9. Nous partageons uniquement des informations aux fins \u00e9nonc\u00e9es dans la pr\u00e9sente Politique de confidentialit\u00e9, et nous ne vendrons ni ne redistribuerons aucune de vos informations \u00e0 des tiers. Nous d\u00e9ployons des efforts commercialement raisonnables pour prot\u00e9ger vos informations contre toute divulgation non autoris\u00e9e. Nous pouvons utiliser les informations de votre commande pour traiter votre achat, fournir un remboursement, fournir un service client, am\u00e9liorer ou personnaliser nos produits et services ou remplir les conditions financi\u00e8res, fiscales, l\u00e9gales ou de conformit\u00e9 applicables. Si vous avez des questions ou des pr\u00e9occupations concernant cette politique de confidentialit\u00e9, veuillez nous contacter.<\/p>\n<p>La protection de vos donn\u00e9es personnelles est tr\u00e8s importante pour nous. Dans la mesure o\u00f9 nous collectons, traitons ou utilisons des informations personnelles vous concernant dans le cadre des services fournis, nous le faisons conform\u00e9ment aux lois europ\u00e9ennes pertinentes en mati\u00e8re de protection des donn\u00e9es. Pour une v\u00e9rification plus d\u00e9taill\u00e9e de la politique de confidentialit\u00e9\u00a0<a href=\"https:\/\/www.tribunj.biz\/fr\/politique-de-confidentialite\/\" target=\"_blank\" rel=\"noopener noreferrer\">ici<\/a>. (Si tu acceptes\u00a0<a href=\"https:\/\/www.tribunj.biz\/fr\/conditions-generales-de-location\/\">Conditions g\u00e9n\u00e9rales d&#039;affr\u00e8tement<\/a>\u00a0document alors vous \u00eates d&#039;accord aussi notre\u00a0<a href=\"https:\/\/www.tribunj.biz\/fr\/politique-de-confidentialite\/\" target=\"_blank\" rel=\"noopener noreferrer\">Politique de confidentialit\u00e9<\/a>)<\/p>","protected":false},"excerpt":{"rendered":"<p>Qui nous sommes L&#039;adresse de notre site Web est : www.tribunj.biz Nous louons des appartements dans la petite localit\u00e9 de Tribunj en Croatie. Quelles donn\u00e9es personnelles nous collectons et pourquoi nous les collectons Commentaires Lorsque les visiteurs laissent des commentaires sur le site, nous collectons les donn\u00e9es affich\u00e9es dans le formulaire de commentaires, ainsi que l&#039;adresse IP du visiteur et la cha\u00eene de l&#039;agent utilisateur du navigateur\u2026 <a href=\"https:\/\/www.tribunj.biz\/fr\/privacy-policy\/\" class=\"more-link\">continuer la lecture<span class=\"screen-reader-text\"> &quot;Politique de confidentialit\u00e9&quot;<\/span><\/a><\/p>","protected":false},"author":1,"featured_media":0,"parent":0,"menu_order":0,"comment_status":"closed","ping_status":"closed","template":"template-full-width-page.php","meta":{"advanced_seo_description":"","jetpack_seo_html_title":"","jetpack_seo_noindex":false,"footnotes":""},"class_list":["post-4998","page","type-page","status-publish","hentry"],"jetpack_sharing_enabled":false,"jetpack_likes_enabled":false,"_links":{"self":[{"href":"https:\/\/www.tribunj.biz\/fr\/wp-json\/wp\/v2\/pages\/4998","targetHints":{"allow":["GET"]}}],"collection":[{"href":"https:\/\/www.tribunj.biz\/fr\/wp-json\/wp\/v2\/pages"}],"about":[{"href":"https:\/\/www.tribunj.biz\/fr\/wp-json\/wp\/v2\/types\/page"}],"author":[{"embeddable":true,"href":"https:\/\/www.tribunj.biz\/fr\/wp-json\/wp\/v2\/users\/1"}],"replies":[{"embeddable":true,"href":"https:\/\/www.tribunj.biz\/fr\/wp-json\/wp\/v2\/comments?post=4998"}],"version-history":[{"count":0,"href":"https:\/\/www.tribunj.biz\/fr\/wp-json\/wp\/v2\/pages\/4998\/revisions"}],"wp:attachment":[{"href":"https:\/\/www.tribunj.biz\/fr\/wp-json\/wp\/v2\/media?parent=4998"}],"curies":[{"name":"wp","href":"https:\/\/api.w.org\/{rel}","templated":true}]}}