{"id":486,"date":"2018-04-21T13:13:05","date_gmt":"2018-04-21T11:13:05","guid":{"rendered":"https:\/\/www.tribunj.biz\/?page_id=486"},"modified":"2024-01-11T01:44:57","modified_gmt":"2024-01-11T00:44:57","slug":"opce-uvjete-iznajmljivanja","status":"publish","type":"page","link":"https:\/\/www.tribunj.biz\/hr\/general-letting-conditions\/","title":{"rendered":"Op\u0107i uvjeti najma i informacije o rezervacijama"},"content":{"rendered":"<ul>\n<li>\u00a0ISPLATE<br \/>Polog se mora uplatiti u roku od 24 sata nakon rezervacije (ili druga\u010dije ako se vlasnik sla\u017ee u procesu rezervacije).<br \/>Obavijestite nas ako i kada pla\u0107ate <em>Izravni bankovni prijenos<\/em> a mi \u0107emo odgovoriti kada primimo (jer obi\u010dno treba nekoliko dana za primitak).<br \/>Preostali iznos potrebno je platiti na dan dolaska.<br \/>Ako \u017eelite, ukupnu cijenu mo\u017eete platiti u procesu rezervacije.\u00a0<\/li>\n<li>KAKO PLATITI &amp; Rezervacija\n<ul>\n<li><strong>Direktan prijenos novca na bankovni ra\u010dun<\/strong>\n<ul>\n<li>Banka: Erste &amp; Steierm\u00e4rkische Bank dd (Jadranski trg 3a, 51000 Rijeka)<br \/>Vlasnik: Ante Cvitan<br \/>Adresa vlasnika: Jurjevgradska 25, Tribunj 22212, Hrvatska<br \/>IBAN: HR0624020063103192686<br \/>Swift (BIC): ESBCHR22<\/li>\n<\/ul>\n<\/li>\n<li>\u00a0<label class=\"mphb-gateway-title mphb-radio-label\" for=\"mphb_gateway_stripe\"><strong>Pla\u0107anje karticom (Stripe)<\/strong><\/label>\n<p class=\"mphb-gateway-description\">Platite svojom karticom ili drugim dostupnim na\u010dinom pla\u0107anja putem Stripea<\/p>\n<\/li>\n<\/ul>\n<\/li>\n<li>DOLAZAK I ODLAZAK\n<ul>\n<li>Dolazak: 14:00 - 20:00 (ako dolazite kasnije, nema problema, ali obavijestite nas).<br \/>Nakon kraja dana dolaska ako nas ni na koji na\u010din niste obavijestili da \u0107ete zakasniti, imamo pravo smatrati da je otkazan. <br \/>Po dolasku gosti moraju predati osobnu iskaznicu ili putovnicu kako bi se gosti mogli registrirati u skladu sa hrvatskim zakonima.<\/li>\n<li>Polazak: do 10:00 (ako prije: nema problema, ako kasnije: morate se savjetovati s nama.<\/li>\n<\/ul>\n<\/li>\n<li>BROJ OSOBA i KU\u0106NI LJUBIMCI<br \/>Broj osoba (odrasli i djeca) ne smije prelaziti broj spava\u0107ih mjesta, osim u slu\u010daju dojen\u010dadi (do 2 godine).<br \/>Samo jedan ljubimac \u0107e biti primljen po apartmanu (za vi\u0161e se morate posavjetovati s vlasnikom).<br \/>Obavezno je da gosti nadgledaju i brinu se za svoje ku\u0107ne ljubimce.<\/li>\n<li>ALTERACIJE - TRO\u0160KOVI OTKAZIVANJA<br \/>Ako \u017eelite otkazati rezervaciju, kontaktirajte nas.\n<ul>\n<li>Ako se izvr\u0161i otkazivanje<strong> manje od 30 dana<\/strong> prije po\u010detka razdoblja najma gubite depozit<\/li>\n<li>Ako se izvr\u0161i otkazivanje <strong>vi\u0161e od 30 dana<\/strong> prije po\u010detka najma vratit \u0107emo vam upla\u0107eni iznos umanjen za tro\u0161kove prijenosa (obi\u010dno oko 10 \u20ac)<\/li>\n<\/ul>\n<\/li>\n<\/ul>\n<p><em>Molimo, uvijek nas kontaktirajte u slu\u010daju otkazivanja i mo\u017eda \u0107ete imati neke prijedloge.<\/em><\/p>\n<ul>\n<li>KU\u0106NA PRAVILA<br \/>Nema zabava ili doga\u0111aja.<br \/>Molimo da po\u0161tujete prostor kao \u0161to bi i vlastiti.<br \/>Tolerantni smo, molimo samo po\u0161tujte ostale goste.<br \/>Ako mislimo da uzastopno kr\u0161ite ku\u0107na pravila i da se oglu\u0161ujete na upozorenja, imamo pravo otkazati smje\u0161taj i iznajmiti ga nekom drugom.<\/li>\n<li>PRIVATNOST<br \/>Za\u0161tita osobnih podataka vrlo je va\u017ena za nas. \u0160to se ti\u010de prikupljanja, obrade ili kori\u0161tenja osobnih podataka o vama kao dio pru\u017eenih usluga, mi to \u010dinimo u skladu s relevantnim europskim zakonima o za\u0161titi podataka. Za detaljniju provjeru privatnosti <a href=\"https:\/\/www.tribunj.biz\/hr\/politika-privatnosti\/\" target=\"_blank\" rel=\"noopener noreferrer\">ovdje<\/a>, (Ako prihvatite <a href=\"https:\/\/www.tribunj.biz\/hr\/opce-uvjete-iznajmljivanja\/\">Op\u0107i uvjeti<\/a> dokument onda se tako\u0111er sla\u017eete s na\u0161im <a href=\"https:\/\/www.tribunj.biz\/hr\/politika-privatnosti\/\" target=\"_blank\" rel=\"noopener noreferrer\">Pravila o privatnosti<\/a>)<\/li>\n<\/ul>\n\n\n<p><\/p>","protected":false},"excerpt":{"rendered":"<p>\u00a0PLA\u0106ANJEDepozit se mora uplatiti u roku od 24 sata nakon rezervacije (ili druga\u010dije ako se vlasnik sla\u017ee u procesu rezervacije). Obavijestite nas ako i kada pla\u0107ate izravnim bankovnim prijenosom, a mi \u0107emo vam odgovoriti kada primimo (jer obi\u010dno treba nekoliko dana da primimo). Preostali iznos mora se platiti na dan dolaska. Ako \u017eelite\u2026 <a href=\"https:\/\/www.tribunj.biz\/hr\/general-letting-conditions\/\" class=\"more-link\">nastavi \u010ditati<span class=\"screen-reader-text\"> \u201cOp\u0107i uvjeti iznajmljivanja i informacije o rezervaciji\u201d<\/span><\/a><\/p>","protected":false},"author":1,"featured_media":0,"parent":0,"menu_order":0,"comment_status":"closed","ping_status":"closed","template":"template-wide-screen-page.php","meta":{"advanced_seo_description":"","jetpack_seo_html_title":"","jetpack_seo_noindex":false,"footnotes":""},"class_list":["post-486","page","type-page","status-publish","hentry"],"jetpack_sharing_enabled":false,"jetpack_likes_enabled":false,"_links":{"self":[{"href":"https:\/\/www.tribunj.biz\/hr\/wp-json\/wp\/v2\/pages\/486","targetHints":{"allow":["GET"]}}],"collection":[{"href":"https:\/\/www.tribunj.biz\/hr\/wp-json\/wp\/v2\/pages"}],"about":[{"href":"https:\/\/www.tribunj.biz\/hr\/wp-json\/wp\/v2\/types\/page"}],"author":[{"embeddable":true,"href":"https:\/\/www.tribunj.biz\/hr\/wp-json\/wp\/v2\/users\/1"}],"replies":[{"embeddable":true,"href":"https:\/\/www.tribunj.biz\/hr\/wp-json\/wp\/v2\/comments?post=486"}],"version-history":[{"count":0,"href":"https:\/\/www.tribunj.biz\/hr\/wp-json\/wp\/v2\/pages\/486\/revisions"}],"wp:attachment":[{"href":"https:\/\/www.tribunj.biz\/hr\/wp-json\/wp\/v2\/media?parent=486"}],"curies":[{"name":"wp","href":"https:\/\/api.w.org\/{rel}","templated":true}]}}