{"id":4998,"date":"2018-05-18T01:30:54","date_gmt":"2018-05-17T23:30:54","guid":{"rendered":"https:\/\/www.tribunj.biz\/?page_id=4998"},"modified":"2023-05-17T14:56:32","modified_gmt":"2023-05-17T12:56:32","slug":"politika-privatnosti","status":"publish","type":"page","link":"https:\/\/www.tribunj.biz\/hr\/privacy-policy\/","title":{"rendered":"Pravila o privatnosti"},"content":{"rendered":"<h2>Tko smo mi<\/h2>\n<p>Na\u0161a web adresa je: <a href=\"https:\/\/www.tribunj.biz\/hr\/\">www.tribunj.biz<\/a><\/p>\n<p>Iznajmljujemo apartmane u malom mjestu Tribunj u Hrvatskoj.<\/p>\n<h2>Koji osobni podaci prikupljamo i za\u0161to ih prikupljamo<\/h2>\n<h3>komentari<\/h3>\n<p>Kada posjetitelji ostavljaju komentare na web mjestu prikupljamo podatke prikazane u obrascu za komentare, kao i IP adresu posjetitelja i niz agenata korisnika preglednika koji poma\u017eu u otkrivanju ne\u017eeljenih poruka.<\/p>\n<p>Anonimni niz stvoren na va\u0161oj adresi e-po\u0161te (koji se tako\u0111er naziva hash) mo\u017ee se dostaviti Gravatar servisu da biste vidjeli koristite li ga. Pravila o privatnosti usluge Gravatar dostupna su ovdje: https:\/\/automattic.com\/privacy\/. Nakon odobrenja va\u0161eg komentara, slika va\u0161eg profila vidljiva je javnosti u kontekstu va\u0161eg komentara.<\/p>\n<h3>media<\/h3>\n<p>Ako prenesete slike na web stranicu, izbjegavajte prijenos slika s ugra\u0111enim podatcima o lokaciji (EXIF GPS). Posjetitelji web stranice mogu preuzeti i izdvojiti podatke o lokaciji iz slika na web stranici.<\/p>\n<h3>Obrazac za kontakt<\/h3>\n<p>Mi ne koristimo informacije dostavljene putem njih u marketin\u0161ke svrhe.<\/p>\n<h3>keksi<\/h3>\n<p>Ako ostavite komentar na na\u0161u stranicu, mo\u017eete se uklju\u010diti u spremanje va\u0161eg imena, adrese e-po\u0161te i web stranice u kola\u010di\u0107e. Ovo je za va\u0161u prakti\u010dnost, tako da ne morate ponovno ispuniti svoje podatke kada ostavite jo\u0161 jedan komentar. Ovi kola\u010di\u0107i traju jednu godinu.<\/p>\n<p>Ako imate ra\u010dun i prijavite se na ovu web lokaciju, postavit \u0107emo privremeni kola\u010di\u0107 da bismo utvrdili prihva\u0107a li va\u0161 preglednik kola\u010di\u0107e. Ovaj kola\u010di\u0107 ne sadr\u017ei osobne podatke i odbacuje se kada zatvorite preglednik.<\/p>\n<p>Kada se prijavite, postavit \u0107emo i nekoliko kola\u010di\u0107a za spremanje podataka o prijavi i odabira zaslona. Kola\u010di\u0107i za prijavu traju dva dana, a opcije zaslona kola\u010di\u0107i traju godinu dana. Ako odaberete &quot;Zapamti me&quot;, prijava \u0107e trajati dva tjedna. Ako se odjavite s ra\u010duna, kola\u010di\u0107i za prijavu bit \u0107e uklonjeni.<\/p>\n<p>Ako uredite ili objavite \u010dlanak, u svoj preglednik spremit \u0107e se dodatni kola\u010di\u0107. Ovaj kola\u010di\u0107 ne sadr\u017ei osobne podatke i jednostavno ozna\u010dava po\u0161tansku oznaku \u010dlanka koji ste upravo uredili. Istje\u010de nakon 1 dan.<\/p>\n<p>Neki od na\u0161ih gumba (<a href=\"https:\/\/www.facebook.com\/policies\/cookies\/\" target=\"_blank\" rel=\"noopener noreferrer\">facebook<\/a>, <a href=\"https:\/\/help.twitter.com\/en\/rules-and-policies\/twitter-cookies\" target=\"_blank\" rel=\"noopener noreferrer\">cvrkut<\/a>, <a href=\"https:\/\/policy.pinterest.com\/en\/cookies\" target=\"_blank\" rel=\"noopener noreferrer\">Pinterest<\/a>, <a href=\"https:\/\/help.instagram.com\/1896641480634370?ref=ig\" target=\"_blank\" rel=\"noopener noreferrer\">Instagrama<\/a>, <a href=\"https:\/\/www.pocketliving.com\/cookie-policy\" target=\"_blank\" rel=\"noopener noreferrer\">d\u017eep<\/a>, <a href=\"https:\/\/www.whatsapp.com\/legal\/#key-updates\" target=\"_blank\" rel=\"noopener noreferrer\">\u0161to ima<\/a>) mogu koristiti neke kola\u010di\u0107e. Kliknite na svaki da biste provjerili pravila kola\u010di\u0107a.<\/p>\n<h3>Ugra\u0111eni sadr\u017eaj s drugih web mjesta<\/h3>\n<p>\u010clanci na ovoj web stranici mogu sadr\u017eavati ugra\u0111eni sadr\u017eaj (npr. Videozapisi, slike, \u010dlanci itd.). Ugra\u0111eni sadr\u017eaj s drugih web lokacija pona\u0161a se na isti na\u010din kao da je posjetitelj posjetio drugu web stranicu.<\/p>\n<p>Ove web stranice mogu prikupljati podatke o vama, koristiti kola\u010di\u0107e, ugraditi dodatne pra\u0107enje tre\u0107e strane i pratiti va\u0161u interakciju s tim ugra\u0111enim sadr\u017eajem, uklju\u010duju\u0107i pra\u0107enje interakcije s ugra\u0111enim sadr\u017eajem ako imate ra\u010dun i prijavljeni ste na tu web stranicu.<\/p>\n<h2>Koliko dugo zadr\u017eavamo va\u0161e podatke<\/h2>\n<p>Ako ostavite komentar, komentar i njezini metapodaci zadr\u017eavaju se na neodre\u0111eno vrijeme. To je tako da mo\u017eemo automatski prepoznati i odobriti komentare koji slijede, umjesto da ih zadr\u017eimo u redoslijedu umjeravanja.<\/p>\n<p>Za korisnike koji se registriraju na na\u0161oj web stranici (ako ih ima), mi tako\u0111er pohranjujemo osobne podatke koje daju u svom korisni\u010dkom profilu. Svi korisnici mogu vidjeti, urediti ili izbrisati svoje osobne podatke u bilo kojem trenutku (osim ako ne mogu promijeniti svoje korisni\u010dko ime). Administratori web mjesta tako\u0111er mogu vidjeti i urediti te podatke.<\/p>\n<h2>Koje imate prava nad va\u0161im podacima<\/h2>\n<p>Ako imate ra\u010dun na ovoj web stranici ili ste ostavili komentare, mo\u017eete zatra\u017eiti primanje izvezene datoteke osobnih podataka koje dr\u017eimo o vama, uklju\u010duju\u0107i sve podatke koje ste nam dostavili. Mo\u017eete zatra\u017eiti i brisanje bilo kakvih osobnih podataka koje dr\u017eimo o vama. To ne uklju\u010duje podatke koje smo du\u017eni \u010duvati u administrativnim, pravnim ili sigurnosnim svrhama.<\/p>\n<h2>Gdje \u0161aljemo Va\u0161e podatke<\/h2>\n<p>Komentari posjetitelja mogu se provjeriti putem automatske usluge za otkrivanje ne\u017eeljene po\u0161te.<\/p>\n<h2>Ono \u0161to prikupljamo i pohranjujemo<\/h2>\n<p>Dok posjetite na\u0161u web stranicu, pratit \u0107emo sljede\u0107e:<\/p>\n<ul>\n<li>Proizvodi koje ste pogledali: koristit \u0107emo to, na primjer, prikazati proizvode koje ste nedavno pogledali<\/li>\n<li>Lokacija, IP adresa i vrsta preglednika<\/li>\n<\/ul>\n<p>Kada kupujete od nas, tra\u017eit \u0107emo od vas da navedete podatke uklju\u010duju\u0107i va\u0161e ime, adresu za naplatu, adresu e-po\u0161te, telefonski broj, neobavezne podatke ra\u010duna poput korisni\u010dkog imena i zaporke. Te \u0107emo podatke upotrebljavati u svrhe kao \u0161to su:<\/p>\n<ul>\n<li>Po\u0161aljite vam informacije o svom ra\u010dunu i narud\u017ebi<\/li>\n<li>Odgovorite na va\u0161e zahtjeve, uklju\u010duju\u0107i povrat i prigovore<\/li>\n<li>Proces pla\u0107anja i sprije\u010diti prijevare<\/li>\n<li>Postavljanje ra\u010duna<\/li>\n<li>Pridr\u017eavajte se svih zakonskih obveza koje imamo, poput izra\u010duna poreza<\/li>\n<li>Pobolj\u0161ajte na\u0161u ponudu<\/li>\n<li>Po\u0161aljite vam marketin\u0161ke poruke ako ih odlu\u010dite primati<\/li>\n<\/ul>\n<p>Ako izradite ra\u010dun, pohranit \u0107emo va\u0161e ime, adresu, e-adresu i telefonski broj, koji \u0107e se upotrijebiti za naplatu naplate za budu\u0107e narud\u017ebe.<\/p>\n<p>Obi\u010dno pohranjujemo informacije o vama dokle god imamo informacije u svrhe za koje ih prikupljamo i upotrebljavamo, a mi zakonski ne tra\u017eimo da ih zadr\u017eimo. Na primjer, podatke o narud\u017ebi pohranjujemo za XXX godina za porezne i ra\u010dunovodstvene svrhe. To uklju\u010duje va\u0161e ime, adresu e-po\u0161te i adrese za naplatu i dostavu.<\/p>\n<p>Tako\u0111er \u0107emo pohraniti komentare ili recenzije, ako ih odlu\u010dite napustiti.<\/p>\n<h2>Tko na na\u0161em timu ima pristup<\/h2>\n<p>\u010clanovi na\u0161eg tima imaju pristup informacijama koje nam dajete.<\/p>\n<p>Na\u0161i \u010dlanovi tima imaju pristup tim informacijama kako bi ispunili narud\u017ebe, obradili povrate i podr\u017eali vas.<\/p>\n<h2>Ono \u0161to dijelimo s drugima<\/h2>\n<p>Podijelimo informacije s tre\u0107im stranama koje nam poma\u017eu pru\u017eati narud\u017ebe i pohranjivati \u200b\u200busluge; na primjer, pla\u0107anja, google analytics, neke dodatke koji su neophodni za funkcioniranje web stranice u ovom slu\u010daju. Ne prodajemo nikakve podatke niti ih koristimo za va\u0161u sigurnost.<\/p>\n<p>Ova stranica koristi predmemoriju kako bi omogu\u0107ila br\u017ee vrijeme odgovora i bolje korisni\u010dko iskustvo. Predmemoriranje potencijalno pohranjuje duplikat svake web stranice koja je prikazana na ovoj stranici. Sve datoteke predmemorije su privremene i nikada im ne pristupa tre\u0107a strana, osim ako je potrebno za dobivanje tehni\u010dke podr\u0161ke od dobavlja\u010da dodatka predmemorije. Datoteke predmemorije isti\u010du prema rasporedu koji je postavio administrator web-mjesta, ali ih administrator mo\u017ee lako o\u010distiti prije prirodnog isteka, ako je potrebno. Mo\u017eemo koristiti usluge QUIC.cloud za privremenu obradu i predmemoriju va\u0161ih podataka. Molimo pogledajte <a href=\"https:\/\/quic.cloud\/privacy-policy\/\" target=\"_blank\" rel=\"noopener\">https:\/\/quic.cloud\/privacy-policy\/<\/a>\u00a0za vi\u0161e detalja.<\/p>\n<p><span style=\"color: #23282d; font-family: inherit; font-size: 1.6em; font-weight: bold;\">Ukupno<\/span><\/p>\n<p>Mi cijenimo privatnost i sigurnost informacija koje podijelite s nama. Ova Pravila o privatnosti opisuju kako prikupljamo, upotrebljavamo, dijelimo, za\u0161titimo i obradimo va\u0161e podatke. Sve informacije koje nam dostavite koriste se isklju\u010divo za obradu i izvr\u0161avanje kupnje i \/ ili za interne analiti\u010dke svrhe, kao \u0161to je opisano u ovim Pravilima o privatnosti. Dijelimo samo informacije u svrhe navedene u ovim Pravilima o privatnosti, a mi ne\u0107emo prodavati niti preraspodijeliti va\u0161e podatke tre\u0107oj strani. Koristimo komercijalno razumne napore kako bismo za\u0161titili va\u0161e podatke od neovla\u0161tenog otkrivanja. Mo\u017eemo koristiti podatke iz va\u0161e narud\u017ebe za obradbu va\u0161e kupnje, pru\u017eanje povrata, pru\u017eanje usluga korisnicima, pobolj\u0161anje ili prilagodbu na\u0161ih proizvoda i usluga ili ispunjavanje primjenjivih financijskih, poreznih, zakonskih ili uvjetnih zahtjeva. Ako imate bilo kakvih pitanja ili nedoumica povezanih s ovim Pravilima o privatnosti, kontaktirajte nas.<\/p>\n<p>Za\u0161tita osobnih podataka vrlo je va\u017ena za nas. \u0160to se ti\u010de prikupljanja, obrade ili kori\u0161tenja osobnih podataka o vama kao dio pru\u017eenih usluga, mi to \u010dinimo u skladu s relevantnim europskim zakonima o za\u0161titi podataka. Za detaljniju provjeru privatnosti\u00a0<a href=\"https:\/\/www.tribunj.biz\/hr\/politika-privatnosti\/\" target=\"_blank\" rel=\"noopener noreferrer\">ovdje<\/a>, (Ako prihvatite\u00a0<a href=\"https:\/\/www.tribunj.biz\/hr\/opce-uvjete-iznajmljivanja\/\">Op\u0107i uvjeti<\/a>\u00a0dokument onda se tako\u0111er sla\u017eete s na\u0161im\u00a0<a href=\"https:\/\/www.tribunj.biz\/hr\/politika-privatnosti\/\" target=\"_blank\" rel=\"noopener noreferrer\">Pravila o privatnosti<\/a>)<\/p>","protected":false},"excerpt":{"rendered":"<p>Tko smo Na\u0161a web stranica je: www.tribunj.biz Iznajmljujemo apartmane u malom mjestu Tribunj u Hrvatskoj. Koje osobne podatke prikupljamo i za\u0161to ih prikupljamo Komentari Kada posjetitelji ostavljaju komentare na stranici prikupljamo podatke prikazane u obrascu za komentare, kao i IP adresu posjetitelja i niz korisni\u010dkog agenta preglednika \u2026 <a href=\"https:\/\/www.tribunj.biz\/hr\/privacy-policy\/\" class=\"more-link\">nastavi \u010ditati<span class=\"screen-reader-text\"> \u201cPravila o privatnosti\u201d<\/span><\/a><\/p>","protected":false},"author":1,"featured_media":0,"parent":0,"menu_order":0,"comment_status":"closed","ping_status":"closed","template":"template-full-width-page.php","meta":{"advanced_seo_description":"","jetpack_seo_html_title":"","jetpack_seo_noindex":false,"footnotes":""},"class_list":["post-4998","page","type-page","status-publish","hentry"],"jetpack_sharing_enabled":false,"jetpack_likes_enabled":false,"_links":{"self":[{"href":"https:\/\/www.tribunj.biz\/hr\/wp-json\/wp\/v2\/pages\/4998","targetHints":{"allow":["GET"]}}],"collection":[{"href":"https:\/\/www.tribunj.biz\/hr\/wp-json\/wp\/v2\/pages"}],"about":[{"href":"https:\/\/www.tribunj.biz\/hr\/wp-json\/wp\/v2\/types\/page"}],"author":[{"embeddable":true,"href":"https:\/\/www.tribunj.biz\/hr\/wp-json\/wp\/v2\/users\/1"}],"replies":[{"embeddable":true,"href":"https:\/\/www.tribunj.biz\/hr\/wp-json\/wp\/v2\/comments?post=4998"}],"version-history":[{"count":0,"href":"https:\/\/www.tribunj.biz\/hr\/wp-json\/wp\/v2\/pages\/4998\/revisions"}],"wp:attachment":[{"href":"https:\/\/www.tribunj.biz\/hr\/wp-json\/wp\/v2\/media?parent=4998"}],"curies":[{"name":"wp","href":"https:\/\/api.w.org\/{rel}","templated":true}]}}