{"id":6606,"date":"2018-06-22T12:24:24","date_gmt":"2018-06-22T10:24:24","guid":{"rendered":"https:\/\/www.tribunj.biz\/?page_id=6606"},"modified":"2025-02-17T01:48:46","modified_gmt":"2025-02-17T00:48:46","slug":"otok-prvic","status":"publish","type":"page","link":"https:\/\/www.tribunj.biz\/hr\/activities\/island-prvic\/","title":{"rendered":"Otok Prvi\u0107"},"content":{"rendered":"<p>Prvi\u0107 je mali otok u hrvatskom dijelu Jadranskog mora. Nalazi se u \u0161ibenskom arhipelagu, oko pola milje od kopna, u blizini Vodica. Cijeli je otok pod za\u0161titom Ministarstva kulture Republike Hrvatske jer se otok smatra kulturnom ba\u0161tinom.<br \/>\nGlavne gospodarske grane Prvi\u0107a su poljoprivreda (gro\u017e\u0111e, masline i smokve), ribarstvo i turizam. More oko Prvi\u0107a vrlo je bogato ribom. Prvi\u0107ani su poznati po proizvodnji ukusnog i zdravog maslinovog ulja i dobrog vina. Kao \u0161to je spomenuto, \u010desto idu i u ribolov. Stoga je \u010desta mediteranska kuhinja, posebice dalmatinska. Turizam je najva\u017enija gospodarska grana na otoku. Na otoku postoji samo jedan hotel, Hotel Maestral u Prvi\u0107 Luci, no mje\u0161tani svoje apartmane, ku\u0107e i vile iznajmljuju turistima.<br \/>\nNa otoku su tri rimokatoli\u010dke crkve. Dva u \u0160epurinu i jedan u Prvi\u0107 Luci. Manja crkva u \u0160epurine bila je izgra\u0111ena srednjovjekovna vremena, a ve\u0107a je u 19. stolje\u0107u. Na otoku se tijekom cijele godine odr\u017eavaju mnoge kulturne manifestacije poput glazbenih koncerata, umjetni\u010dkih izlo\u017ebi, mnogih sportskih natjecanja i drugih.<br \/>\nSvake godine 2. kolovoza odr\u017eava se mjesna sve\u010danost u Prvi\u0107oj luci, a 16. kolovoza fe\u0161ta se nalazi u \u0160epurineu.<br \/>\nNa otoku su dva sela: Prvi\u0107 Luka i \u0160epurine.<br \/>\nUkupna povr\u0161ina otoka iznosi 2.37 km2 i ima 403 stanovnika (od 2011. godine). Prvi\u0107 je tre\u0107i najgu\u0161\u0107e naseljeni otok u Hrvatskoj. \u0160epurine se nalazi na zapadnoj strani otoka nasuprot Vodica. Prvi\u0107 Luka se nalazi u najve\u0107oj uvali na jugoisto\u010dnoj strani i dobro je za\u0161ti\u0107en od sjevernih i zapadnih vjetrova. Poznati hrvatski biskup, izumitelj i polimet Faust Vran\u010di\u0107 pokopan je u crkvi u Prvi\u0107 Luci.<br \/>\nU \u0160epurine je obitelj Faust Vran\u010di\u0107 imala veliku baroknu ljetnu rezidenciju koja je sada u vlasni\u0161tvu obitelji Dragani\u0107.<br \/>\nSveti Ante Anti\u0107 ro\u0111en je u \u0160epurinu.<br \/>\nNa cijelom otoku nema automobila, osim vatrogasnog kamiona. Postoji nekoliko traktora i bicikala.<br \/>\nNa otoku su prona\u0111eni mnogi anti\u010dki i srednjovjekovni artefakti.<br \/>\nObala otoka je duga 10,6 km.<\/p>\n<div class=\"tiled-gallery type-rectangular tiled-gallery-unresized\" data-original-width=\"769\" data-carousel-extra='{&quot;blog_id&quot;:1,&quot;permalink&quot;:&quot;https:\\\/\\\/www.tribunj.biz\\\/hr\\\/activities\\\/island-prvic\\\/&quot;,&quot;likes_blog_id&quot;:145318477}' itemscope itemtype=\"http:\/\/schema.org\/ImageGallery\" > <div class=\"gallery-row\" style=\"width: 769px; height: 386px;\" data-original-width=\"769\" data-original-height=\"386\" > <div class=\"gallery-group images-1\" style=\"width: 513px; height: 386px;\" data-original-width=\"513\" data-original-height=\"386\" > <div class=\"tiled-gallery-item tiled-gallery-item-large\" itemprop=\"associatedMedia\" itemscope itemtype=\"http:\/\/schema.org\/ImageObject\"> <a href=\"https:\/\/www.tribunj.biz\/hr\/gallery\/prvic-15\/\" border=\"0\" itemprop=\"url\"> <meta itemprop=\"width\" content=\"509\"> <meta itemprop=\"height\" content=\"382\"> <img decoding=\"async\" class=\"\" data-attachment-id=\"936\" data-orig-file=\"https:\/\/www.tribunj.biz\/wp-content\/uploads\/2018\/04\/prvi\u0107-15.jpg\" data-orig-size=\"1600,1200\" data-comments-opened=\"1\" data-image-meta=\"{&quot;aperture&quot;:&quot;5.6&quot;,&quot;credit&quot;:&quot;&quot;,&quot;camera&quot;:&quot;DSC-S500&quot;,&quot;caption&quot;:&quot;&quot;,&quot;created_timestamp&quot;:&quot;1188123542&quot;,&quot;copyright&quot;:&quot;&quot;,&quot;focal_length&quot;:&quot;5.4&quot;,&quot;iso&quot;:&quot;80&quot;,&quot;shutter_speed&quot;:&quot;0.00125&quot;,&quot;title&quot;:&quot;&quot;,&quot;orientation&quot;:&quot;1&quot;}\" data-image-title=\"Prvi\u0107 church\" data-image-description=\"&lt;p&gt;Island Prvi\u0107 church&lt;\/p&gt; \" data-medium-file=\"https:\/\/www.tribunj.biz\/wp-content\/uploads\/2018\/04\/prvi\u0107-15-300x225.jpg\" data-large-file=\"https:\/\/www.tribunj.biz\/wp-content\/uploads\/2018\/04\/prvi\u0107-15-1024x768.jpg\" src=\"https:\/\/i0.wp.com\/www.tribunj.biz\/wp-content\/uploads\/2018\/04\/prvi%C4%87-15.jpg?w=509&#038;h=382&#038;ssl=1\" width=\"509\" height=\"382\" loading=\"lazy\" data-original-width=\"509\" data-original-height=\"382\" itemprop=\"http:\/\/schema.org\/image\" title=\"Prvi\u0107 crkva\" alt=\"Crkva na otoku Prvi\u0107u\" style=\"width: 509px; height: 382px;\" \/> <\/a> <div class=\"tiled-gallery-caption\" itemprop=\"caption description\"> Prvi\u0107 crkva <\/div> <\/div> <\/div> <!-- close group --> <div class=\"gallery-group images-2\" style=\"width: 256px; height: 386px;\" data-original-width=\"256\" data-original-height=\"386\" > <div class=\"tiled-gallery-item tiled-gallery-item-large\" itemprop=\"associatedMedia\" itemscope itemtype=\"http:\/\/schema.org\/ImageObject\"> <a href=\"https:\/\/www.tribunj.biz\/hr\/gallery\/prvic-14\/\" border=\"0\" itemprop=\"url\"> <meta itemprop=\"width\" content=\"252\"> <meta itemprop=\"height\" content=\"189\"> <img decoding=\"async\" class=\"\" data-attachment-id=\"935\" data-orig-file=\"https:\/\/www.tribunj.biz\/wp-content\/uploads\/2018\/04\/prvi\u0107-14.jpg\" data-orig-size=\"1600,1200\" data-comments-opened=\"1\" data-image-meta=\"{&quot;aperture&quot;:&quot;5.6&quot;,&quot;credit&quot;:&quot;&quot;,&quot;camera&quot;:&quot;DSC-S500&quot;,&quot;caption&quot;:&quot;&quot;,&quot;created_timestamp&quot;:&quot;1188123235&quot;,&quot;copyright&quot;:&quot;&quot;,&quot;focal_length&quot;:&quot;5.4&quot;,&quot;iso&quot;:&quot;80&quot;,&quot;shutter_speed&quot;:&quot;0.002&quot;,&quot;title&quot;:&quot;&quot;,&quot;orientation&quot;:&quot;1&quot;}\" data-image-title=\"Island Prvi\u0107\" data-image-description=\"&lt;p&gt;Island Prvi\u0107&lt;\/p&gt; \" data-medium-file=\"https:\/\/www.tribunj.biz\/wp-content\/uploads\/2018\/04\/prvi\u0107-14-300x225.jpg\" data-large-file=\"https:\/\/www.tribunj.biz\/wp-content\/uploads\/2018\/04\/prvi\u0107-14-1024x768.jpg\" src=\"https:\/\/i0.wp.com\/www.tribunj.biz\/wp-content\/uploads\/2018\/04\/prvi%C4%87-14.jpg?w=252&#038;h=189&#038;ssl=1\" width=\"252\" height=\"189\" loading=\"lazy\" data-original-width=\"252\" data-original-height=\"189\" itemprop=\"http:\/\/schema.org\/image\" title=\"Otok Prvi\u0107\" alt=\"Otok Prvi\u0107\" style=\"width: 252px; height: 189px;\" \/> <\/a> <div class=\"tiled-gallery-caption\" itemprop=\"caption description\"> Otok Prvi\u0107 <\/div> <\/div> <div class=\"tiled-gallery-item tiled-gallery-item-large\" itemprop=\"associatedMedia\" itemscope itemtype=\"http:\/\/schema.org\/ImageObject\"> <a href=\"https:\/\/www.tribunj.biz\/hr\/gallery\/prvic-9\/\" border=\"0\" itemprop=\"url\"> <meta itemprop=\"width\" content=\"252\"> <meta itemprop=\"height\" content=\"189\"> <img decoding=\"async\" class=\"\" data-attachment-id=\"930\" data-orig-file=\"https:\/\/www.tribunj.biz\/wp-content\/uploads\/2018\/04\/prvi\u0107-9.jpg\" data-orig-size=\"1600,1200\" data-comments-opened=\"1\" data-image-meta=\"{&quot;aperture&quot;:&quot;5.6&quot;,&quot;credit&quot;:&quot;&quot;,&quot;camera&quot;:&quot;DSC-S500&quot;,&quot;caption&quot;:&quot;&quot;,&quot;created_timestamp&quot;:&quot;1188123028&quot;,&quot;copyright&quot;:&quot;&quot;,&quot;focal_length&quot;:&quot;5.4&quot;,&quot;iso&quot;:&quot;80&quot;,&quot;shutter_speed&quot;:&quot;0.00125&quot;,&quot;title&quot;:&quot;&quot;,&quot;orientation&quot;:&quot;1&quot;}\" data-image-title=\"Island Prvi\u0107\" data-image-description=\"&lt;p&gt;Island Prvi\u0107&lt;\/p&gt; \" data-medium-file=\"https:\/\/www.tribunj.biz\/wp-content\/uploads\/2018\/04\/prvi\u0107-9-300x225.jpg\" data-large-file=\"https:\/\/www.tribunj.biz\/wp-content\/uploads\/2018\/04\/prvi\u0107-9-1024x768.jpg\" src=\"https:\/\/i0.wp.com\/www.tribunj.biz\/wp-content\/uploads\/2018\/04\/prvi%C4%87-9.jpg?w=252&#038;h=189&#038;ssl=1\" width=\"252\" height=\"189\" loading=\"lazy\" data-original-width=\"252\" data-original-height=\"189\" itemprop=\"http:\/\/schema.org\/image\" title=\"Otok Prvi\u0107\" alt=\"Otok Prvi\u0107\" style=\"width: 252px; height: 189px;\" \/> <\/a> <div class=\"tiled-gallery-caption\" itemprop=\"caption description\"> Otok Prvi\u0107 <\/div> <\/div> <\/div> <!-- close group --> <\/div> <!-- close row --> <div class=\"gallery-row\" style=\"width: 769px; height: 145px;\" data-original-width=\"769\" data-original-height=\"145\" > <div class=\"gallery-group images-1\" style=\"width: 193px; height: 145px;\" data-original-width=\"193\" data-original-height=\"145\" > <div class=\"tiled-gallery-item tiled-gallery-item-small\" itemprop=\"associatedMedia\" itemscope itemtype=\"http:\/\/schema.org\/ImageObject\"> <a href=\"https:\/\/www.tribunj.biz\/hr\/gallery\/prvic-8\/\" border=\"0\" itemprop=\"url\"> <meta itemprop=\"width\" content=\"189\"> <meta itemprop=\"height\" content=\"141\"> <img decoding=\"async\" class=\"\" data-attachment-id=\"929\" data-orig-file=\"https:\/\/www.tribunj.biz\/wp-content\/uploads\/2018\/04\/prvi\u0107-8.jpg\" data-orig-size=\"1600,1200\" data-comments-opened=\"1\" data-image-meta=\"{&quot;aperture&quot;:&quot;5.6&quot;,&quot;credit&quot;:&quot;&quot;,&quot;camera&quot;:&quot;DSC-S500&quot;,&quot;caption&quot;:&quot;&quot;,&quot;created_timestamp&quot;:&quot;1188125046&quot;,&quot;copyright&quot;:&quot;&quot;,&quot;focal_length&quot;:&quot;5.4&quot;,&quot;iso&quot;:&quot;80&quot;,&quot;shutter_speed&quot;:&quot;0.001&quot;,&quot;title&quot;:&quot;&quot;,&quot;orientation&quot;:&quot;1&quot;}\" data-image-title=\"Island Prvi\u0107\" data-image-description=\"&lt;p&gt;Island Prvi\u0107 beach&lt;\/p&gt; \" data-medium-file=\"https:\/\/www.tribunj.biz\/wp-content\/uploads\/2018\/04\/prvi\u0107-8-300x225.jpg\" data-large-file=\"https:\/\/www.tribunj.biz\/wp-content\/uploads\/2018\/04\/prvi\u0107-8-1024x768.jpg\" src=\"https:\/\/i0.wp.com\/www.tribunj.biz\/wp-content\/uploads\/2018\/04\/prvi%C4%87-8.jpg?w=189&#038;h=141&#038;ssl=1\" width=\"189\" height=\"141\" loading=\"lazy\" data-original-width=\"189\" data-original-height=\"141\" itemprop=\"http:\/\/schema.org\/image\" title=\"Otok Prvi\u0107\" alt=\"Otok Prvi\u0107\" style=\"width: 189px; height: 141px;\" \/> <\/a> <div class=\"tiled-gallery-caption\" itemprop=\"caption description\"> Otok Prvi\u0107 <\/div> <\/div> <\/div> <!-- close group --> <div class=\"gallery-group images-1\" style=\"width: 192px; height: 145px;\" data-original-width=\"192\" data-original-height=\"145\" > <div class=\"tiled-gallery-item tiled-gallery-item-small\" itemprop=\"associatedMedia\" itemscope itemtype=\"http:\/\/schema.org\/ImageObject\"> <a href=\"https:\/\/www.tribunj.biz\/hr\/gallery\/prvic-23\/\" border=\"0\" itemprop=\"url\"> <meta itemprop=\"width\" content=\"188\"> <meta itemprop=\"height\" content=\"141\"> <img decoding=\"async\" class=\"\" data-attachment-id=\"916\" data-orig-file=\"https:\/\/www.tribunj.biz\/wp-content\/uploads\/2018\/04\/prvi\u0107-23.jpg\" data-orig-size=\"1600,1200\" data-comments-opened=\"1\" data-image-meta=\"{&quot;aperture&quot;:&quot;5.6&quot;,&quot;credit&quot;:&quot;&quot;,&quot;camera&quot;:&quot;DSC-S500&quot;,&quot;caption&quot;:&quot;&quot;,&quot;created_timestamp&quot;:&quot;1188123911&quot;,&quot;copyright&quot;:&quot;&quot;,&quot;focal_length&quot;:&quot;5.4&quot;,&quot;iso&quot;:&quot;80&quot;,&quot;shutter_speed&quot;:&quot;0.00125&quot;,&quot;title&quot;:&quot;&quot;,&quot;orientation&quot;:&quot;1&quot;}\" data-image-title=\"Island Prvi\u0107\" data-image-description=\"&lt;p&gt;Island Prvi\u0107&lt;\/p&gt; \" data-medium-file=\"https:\/\/www.tribunj.biz\/wp-content\/uploads\/2018\/04\/prvi\u0107-23-300x225.jpg\" data-large-file=\"https:\/\/www.tribunj.biz\/wp-content\/uploads\/2018\/04\/prvi\u0107-23-1024x768.jpg\" src=\"https:\/\/i0.wp.com\/www.tribunj.biz\/wp-content\/uploads\/2018\/04\/prvi%C4%87-23.jpg?w=188&#038;h=141&#038;ssl=1\" width=\"188\" height=\"141\" loading=\"lazy\" data-original-width=\"188\" data-original-height=\"141\" itemprop=\"http:\/\/schema.org\/image\" title=\"Otok Prvi\u0107\" alt=\"Otok Prvi\u0107\" style=\"width: 188px; height: 141px;\" \/> <\/a> <div class=\"tiled-gallery-caption\" itemprop=\"caption description\"> Otok Prvi\u0107 <\/div> <\/div> <\/div> <!-- close group --> <div class=\"gallery-group images-1\" style=\"width: 192px; height: 145px;\" data-original-width=\"192\" data-original-height=\"145\" > <div class=\"tiled-gallery-item tiled-gallery-item-small\" itemprop=\"associatedMedia\" itemscope itemtype=\"http:\/\/schema.org\/ImageObject\"> <a href=\"https:\/\/www.tribunj.biz\/hr\/gallery\/prvic-19\/\" border=\"0\" itemprop=\"url\"> <meta itemprop=\"width\" content=\"188\"> <meta itemprop=\"height\" content=\"141\"> <img decoding=\"async\" class=\"\" data-attachment-id=\"912\" data-orig-file=\"https:\/\/www.tribunj.biz\/wp-content\/uploads\/2018\/04\/prvi\u0107-19.jpg\" data-orig-size=\"1600,1200\" data-comments-opened=\"1\" data-image-meta=\"{&quot;aperture&quot;:&quot;9.3&quot;,&quot;credit&quot;:&quot;&quot;,&quot;camera&quot;:&quot;DSC-S500&quot;,&quot;caption&quot;:&quot;&quot;,&quot;created_timestamp&quot;:&quot;1188123748&quot;,&quot;copyright&quot;:&quot;&quot;,&quot;focal_length&quot;:&quot;14.04&quot;,&quot;iso&quot;:&quot;80&quot;,&quot;shutter_speed&quot;:&quot;0.008&quot;,&quot;title&quot;:&quot;&quot;,&quot;orientation&quot;:&quot;1&quot;}\" data-image-title=\"Island Prvi\u0107\" data-image-description=\"&lt;p&gt;Island Prvi\u0107&lt;\/p&gt; \" data-medium-file=\"https:\/\/www.tribunj.biz\/wp-content\/uploads\/2018\/04\/prvi\u0107-19-300x225.jpg\" data-large-file=\"https:\/\/www.tribunj.biz\/wp-content\/uploads\/2018\/04\/prvi\u0107-19-1024x768.jpg\" src=\"https:\/\/i0.wp.com\/www.tribunj.biz\/wp-content\/uploads\/2018\/04\/prvi%C4%87-19.jpg?w=188&#038;h=141&#038;ssl=1\" width=\"188\" height=\"141\" loading=\"lazy\" data-original-width=\"188\" data-original-height=\"141\" itemprop=\"http:\/\/schema.org\/image\" title=\"Otok Prvi\u0107\" alt=\"Otok Prvi\u0107\" style=\"width: 188px; height: 141px;\" \/> <\/a> <div class=\"tiled-gallery-caption\" itemprop=\"caption description\"> Otok Prvi\u0107 <\/div> <\/div> <\/div> <!-- close group --> <div class=\"gallery-group images-1\" style=\"width: 192px; height: 145px;\" data-original-width=\"192\" data-original-height=\"145\" > <div class=\"tiled-gallery-item tiled-gallery-item-small\" itemprop=\"associatedMedia\" itemscope itemtype=\"http:\/\/schema.org\/ImageObject\"> <a href=\"https:\/\/www.tribunj.biz\/hr\/gallery\/prvic-16\/\" border=\"0\" itemprop=\"url\"> <meta itemprop=\"width\" content=\"188\"> <meta itemprop=\"height\" content=\"141\"> <img decoding=\"async\" class=\"\" data-attachment-id=\"909\" data-orig-file=\"https:\/\/www.tribunj.biz\/wp-content\/uploads\/2018\/04\/prvi\u0107-16.jpg\" data-orig-size=\"1600,1200\" data-comments-opened=\"1\" data-image-meta=\"{&quot;aperture&quot;:&quot;5.6&quot;,&quot;credit&quot;:&quot;&quot;,&quot;camera&quot;:&quot;DSC-S500&quot;,&quot;caption&quot;:&quot;&quot;,&quot;created_timestamp&quot;:&quot;1188123697&quot;,&quot;copyright&quot;:&quot;&quot;,&quot;focal_length&quot;:&quot;5.4&quot;,&quot;iso&quot;:&quot;80&quot;,&quot;shutter_speed&quot;:&quot;0.0025&quot;,&quot;title&quot;:&quot;&quot;,&quot;orientation&quot;:&quot;1&quot;}\" data-image-title=\"Island Prvi\u0107\" data-image-description=\"&lt;p&gt;Island Prvi\u0107&lt;\/p&gt; \" data-medium-file=\"https:\/\/www.tribunj.biz\/wp-content\/uploads\/2018\/04\/prvi\u0107-16-300x225.jpg\" data-large-file=\"https:\/\/www.tribunj.biz\/wp-content\/uploads\/2018\/04\/prvi\u0107-16-1024x768.jpg\" src=\"https:\/\/i0.wp.com\/www.tribunj.biz\/wp-content\/uploads\/2018\/04\/prvi%C4%87-16.jpg?w=188&#038;h=141&#038;ssl=1\" width=\"188\" height=\"141\" loading=\"lazy\" data-original-width=\"188\" data-original-height=\"141\" itemprop=\"http:\/\/schema.org\/image\" title=\"Otok Prvi\u0107\" alt=\"Otok Prvi\u0107\" style=\"width: 188px; height: 141px;\" \/> <\/a> <div class=\"tiled-gallery-caption\" itemprop=\"caption description\"> Otok Prvi\u0107 <\/div> <\/div> <\/div> <!-- close group --> <\/div> <!-- close row --> <\/div>","protected":false},"excerpt":{"rendered":"<p>Prvi\u0107 je mali otok u hrvatskom dijelu Jadranskog mora. Smje\u0161ten je u \u0161ibenskom arhipelagu, oko pola milje od kopna, u blizini Vodica. Cijeli otok je pod za\u0161titom Ministarstva kulture Republike Hrvatske jer se smatra kulturnom ba\u0161tinom. Glavne industrije Prvi\u0107a... <a href=\"https:\/\/www.tribunj.biz\/hr\/activities\/island-prvic\/\" class=\"more-link\">nastavi \u010ditati<span class=\"screen-reader-text\"> \u201cOtok Prvi\u0107\u201d<\/span><\/a><\/p>","protected":false},"author":1,"featured_media":921,"parent":123,"menu_order":0,"comment_status":"closed","ping_status":"closed","template":"template-wide-screen-page.php","meta":{"advanced_seo_description":"","jetpack_seo_html_title":"","jetpack_seo_noindex":false,"footnotes":""},"class_list":["post-6606","page","type-page","status-publish","has-post-thumbnail","hentry"],"jetpack_sharing_enabled":true,"jetpack_likes_enabled":true,"_links":{"self":[{"href":"https:\/\/www.tribunj.biz\/hr\/wp-json\/wp\/v2\/pages\/6606","targetHints":{"allow":["GET"]}}],"collection":[{"href":"https:\/\/www.tribunj.biz\/hr\/wp-json\/wp\/v2\/pages"}],"about":[{"href":"https:\/\/www.tribunj.biz\/hr\/wp-json\/wp\/v2\/types\/page"}],"author":[{"embeddable":true,"href":"https:\/\/www.tribunj.biz\/hr\/wp-json\/wp\/v2\/users\/1"}],"replies":[{"embeddable":true,"href":"https:\/\/www.tribunj.biz\/hr\/wp-json\/wp\/v2\/comments?post=6606"}],"version-history":[{"count":0,"href":"https:\/\/www.tribunj.biz\/hr\/wp-json\/wp\/v2\/pages\/6606\/revisions"}],"up":[{"embeddable":true,"href":"https:\/\/www.tribunj.biz\/hr\/wp-json\/wp\/v2\/pages\/123"}],"wp:featuredmedia":[{"embeddable":true,"href":"https:\/\/www.tribunj.biz\/hr\/wp-json\/wp\/v2\/media\/921"}],"wp:attachment":[{"href":"https:\/\/www.tribunj.biz\/hr\/wp-json\/wp\/v2\/media?parent=6606"}],"curies":[{"name":"wp","href":"https:\/\/api.w.org\/{rel}","templated":true}]}}