{"id":6610,"date":"2018-06-22T13:10:18","date_gmt":"2018-06-22T11:10:18","guid":{"rendered":"https:\/\/www.tribunj.biz\/?page_id=6610"},"modified":"2025-02-17T01:27:59","modified_gmt":"2025-02-17T00:27:59","slug":"otok-kaprije","status":"publish","type":"page","link":"https:\/\/www.tribunj.biz\/hr\/activities\/island-kaprije\/","title":{"rendered":"Otok Kaprije"},"content":{"rendered":"<p align=\"LEFT\"><span><span class=\"\">Otok Kaprije je mali otok \u0161ibenskog arhipelaga povr\u0161ine 7 km 2, koji se nalazi oko 7 km jugozapadno od Tribunja<\/span><\/span><span lang=\"zxx\"><span><span class=\"\">.<\/span><\/span><\/span><\/p>\n<p align=\"JUSTIFY\"><span>Kaprije je jedino naselje u glavnom i najve\u0107em od dvadeset zaljeva smje\u0161teno na jugozapadnom dijelu otoka i prirodno je za\u0161ti\u0107eno od svih vjetrova okru\u017eenih bre\u017euljcima s prekrasnim pogledom na arhipelag i otoke Kakan i \u017dirje. <\/span><span>Kristalno \u010disto more, mirna i opu\u0161taju\u0107a mjesta, priroda je ono \u0161to najbolje opisuje ovaj otok.<\/span><\/p>\n<div class=\"tiled-gallery type-rectangular tiled-gallery-unresized\" data-original-width=\"769\" data-carousel-extra='{&quot;blog_id&quot;:1,&quot;permalink&quot;:&quot;https:\\\/\\\/www.tribunj.biz\\\/hr\\\/activities\\\/island-kaprije\\\/&quot;,&quot;likes_blog_id&quot;:145318477}' itemscope itemtype=\"http:\/\/schema.org\/ImageGallery\" > <div class=\"gallery-row\" style=\"width: 769px; height: 386px;\" data-original-width=\"769\" data-original-height=\"386\" > <div class=\"gallery-group images-1\" style=\"width: 513px; height: 386px;\" data-original-width=\"513\" data-original-height=\"386\" > <div class=\"tiled-gallery-item tiled-gallery-item-large\" itemprop=\"associatedMedia\" itemscope itemtype=\"http:\/\/schema.org\/ImageObject\"> <a href=\"https:\/\/www.tribunj.biz\/hr\/gallery\/kaprije-9\/\" border=\"0\" itemprop=\"url\"> <meta itemprop=\"width\" content=\"509\"> <meta itemprop=\"height\" content=\"382\"> <img decoding=\"async\" class=\"\" data-attachment-id=\"830\" data-orig-file=\"https:\/\/www.tribunj.biz\/wp-content\/uploads\/2018\/04\/kaprije-9.jpg\" data-orig-size=\"1600,1200\" data-comments-opened=\"1\" data-image-meta=\"{&quot;aperture&quot;:&quot;5.6&quot;,&quot;credit&quot;:&quot;&quot;,&quot;camera&quot;:&quot;DSC-W5&quot;,&quot;caption&quot;:&quot;&quot;,&quot;created_timestamp&quot;:&quot;1160931862&quot;,&quot;copyright&quot;:&quot;&quot;,&quot;focal_length&quot;:&quot;7.9&quot;,&quot;iso&quot;:&quot;100&quot;,&quot;shutter_speed&quot;:&quot;0.0025&quot;,&quot;title&quot;:&quot;&quot;,&quot;orientation&quot;:&quot;1&quot;}\" data-image-title=\"kaprije (9)\" data-image-description=\"\" data-medium-file=\"https:\/\/www.tribunj.biz\/wp-content\/uploads\/2018\/04\/kaprije-9-300x225.jpg\" data-large-file=\"https:\/\/www.tribunj.biz\/wp-content\/uploads\/2018\/04\/kaprije-9-1024x768.jpg\" src=\"https:\/\/i0.wp.com\/www.tribunj.biz\/wp-content\/uploads\/2018\/04\/kaprije-9.jpg?w=509&#038;h=382&#038;ssl=1\" srcset=\"https:\/\/www.tribunj.biz\/wp-content\/uploads\/2018\/04\/kaprije-9.jpg 1600w, https:\/\/www.tribunj.biz\/wp-content\/uploads\/2018\/04\/kaprije-9-712x534.jpg 712w, https:\/\/www.tribunj.biz\/wp-content\/uploads\/2018\/04\/kaprije-9-300x225.jpg 300w, https:\/\/www.tribunj.biz\/wp-content\/uploads\/2018\/04\/kaprije-9-768x576.jpg 768w, https:\/\/www.tribunj.biz\/wp-content\/uploads\/2018\/04\/kaprije-9-1024x768.jpg 1024w, https:\/\/www.tribunj.biz\/wp-content\/uploads\/2018\/04\/kaprije-9-824x618.jpg 824w, https:\/\/www.tribunj.biz\/wp-content\/uploads\/2018\/04\/kaprije-9-717x540.jpg 717w, https:\/\/www.tribunj.biz\/wp-content\/uploads\/2018\/04\/kaprije-9-1434x1080.jpg 1434w\" width=\"509\" height=\"382\" loading=\"lazy\" data-original-width=\"509\" data-original-height=\"382\" itemprop=\"http:\/\/schema.org\/image\" title=\"kaprije (9)\" alt=\"kaprije (9)\" style=\"width: 509px; height: 382px;\" \/> <\/a> <\/div> <\/div> <!-- close group --> <div class=\"gallery-group images-2\" style=\"width: 256px; height: 386px;\" data-original-width=\"256\" data-original-height=\"386\" > <div class=\"tiled-gallery-item tiled-gallery-item-large\" itemprop=\"associatedMedia\" itemscope itemtype=\"http:\/\/schema.org\/ImageObject\"> <a href=\"https:\/\/www.tribunj.biz\/hr\/gallery\/kaprije-8\/\" border=\"0\" itemprop=\"url\"> <meta itemprop=\"width\" content=\"252\"> <meta itemprop=\"height\" content=\"189\"> <img decoding=\"async\" class=\"\" data-attachment-id=\"829\" data-orig-file=\"https:\/\/www.tribunj.biz\/wp-content\/uploads\/2018\/04\/kaprije-8.jpg\" data-orig-size=\"1600,1200\" data-comments-opened=\"1\" data-image-meta=\"{&quot;aperture&quot;:&quot;5.6&quot;,&quot;credit&quot;:&quot;&quot;,&quot;camera&quot;:&quot;DSC-W5&quot;,&quot;caption&quot;:&quot;&quot;,&quot;created_timestamp&quot;:&quot;1160931622&quot;,&quot;copyright&quot;:&quot;&quot;,&quot;focal_length&quot;:&quot;7.9&quot;,&quot;iso&quot;:&quot;100&quot;,&quot;shutter_speed&quot;:&quot;0.005&quot;,&quot;title&quot;:&quot;&quot;,&quot;orientation&quot;:&quot;1&quot;}\" data-image-title=\"kaprije (8)\" data-image-description=\"\" data-medium-file=\"https:\/\/www.tribunj.biz\/wp-content\/uploads\/2018\/04\/kaprije-8-300x225.jpg\" data-large-file=\"https:\/\/www.tribunj.biz\/wp-content\/uploads\/2018\/04\/kaprije-8-1024x768.jpg\" src=\"https:\/\/i0.wp.com\/www.tribunj.biz\/wp-content\/uploads\/2018\/04\/kaprije-8.jpg?w=252&#038;h=189&#038;ssl=1\" srcset=\"https:\/\/www.tribunj.biz\/wp-content\/uploads\/2018\/04\/kaprije-8.jpg 1600w, https:\/\/www.tribunj.biz\/wp-content\/uploads\/2018\/04\/kaprije-8-712x534.jpg 712w, https:\/\/www.tribunj.biz\/wp-content\/uploads\/2018\/04\/kaprije-8-300x225.jpg 300w, https:\/\/www.tribunj.biz\/wp-content\/uploads\/2018\/04\/kaprije-8-768x576.jpg 768w, https:\/\/www.tribunj.biz\/wp-content\/uploads\/2018\/04\/kaprije-8-1024x768.jpg 1024w, https:\/\/www.tribunj.biz\/wp-content\/uploads\/2018\/04\/kaprije-8-824x618.jpg 824w, https:\/\/www.tribunj.biz\/wp-content\/uploads\/2018\/04\/kaprije-8-717x540.jpg 717w, https:\/\/www.tribunj.biz\/wp-content\/uploads\/2018\/04\/kaprije-8-1434x1080.jpg 1434w\" width=\"252\" height=\"189\" loading=\"lazy\" data-original-width=\"252\" data-original-height=\"189\" itemprop=\"http:\/\/schema.org\/image\" title=\"kaprije (8)\" alt=\"kaprije (8)\" style=\"width: 252px; height: 189px;\" \/> <\/a> <\/div> <div class=\"tiled-gallery-item tiled-gallery-item-large\" itemprop=\"associatedMedia\" itemscope itemtype=\"http:\/\/schema.org\/ImageObject\"> <a href=\"https:\/\/www.tribunj.biz\/hr\/gallery\/kaprije-7\/\" border=\"0\" itemprop=\"url\"> <meta itemprop=\"width\" content=\"252\"> <meta itemprop=\"height\" content=\"189\"> <img decoding=\"async\" class=\"\" data-attachment-id=\"828\" data-orig-file=\"https:\/\/www.tribunj.biz\/wp-content\/uploads\/2018\/04\/kaprije-7.jpg\" data-orig-size=\"1600,1200\" data-comments-opened=\"1\" data-image-meta=\"{&quot;aperture&quot;:&quot;5.6&quot;,&quot;credit&quot;:&quot;&quot;,&quot;camera&quot;:&quot;DSC-W5&quot;,&quot;caption&quot;:&quot;&quot;,&quot;created_timestamp&quot;:&quot;1160931500&quot;,&quot;copyright&quot;:&quot;&quot;,&quot;focal_length&quot;:&quot;7.9&quot;,&quot;iso&quot;:&quot;100&quot;,&quot;shutter_speed&quot;:&quot;0.005&quot;,&quot;title&quot;:&quot;&quot;,&quot;orientation&quot;:&quot;1&quot;}\" data-image-title=\"kaprije (7)\" data-image-description=\"\" data-medium-file=\"https:\/\/www.tribunj.biz\/wp-content\/uploads\/2018\/04\/kaprije-7-300x225.jpg\" data-large-file=\"https:\/\/www.tribunj.biz\/wp-content\/uploads\/2018\/04\/kaprije-7-1024x768.jpg\" src=\"https:\/\/i0.wp.com\/www.tribunj.biz\/wp-content\/uploads\/2018\/04\/kaprije-7.jpg?w=252&#038;h=189&#038;ssl=1\" srcset=\"https:\/\/www.tribunj.biz\/wp-content\/uploads\/2018\/04\/kaprije-7.jpg 1600w, https:\/\/www.tribunj.biz\/wp-content\/uploads\/2018\/04\/kaprije-7-712x534.jpg 712w, https:\/\/www.tribunj.biz\/wp-content\/uploads\/2018\/04\/kaprije-7-300x225.jpg 300w, https:\/\/www.tribunj.biz\/wp-content\/uploads\/2018\/04\/kaprije-7-768x576.jpg 768w, https:\/\/www.tribunj.biz\/wp-content\/uploads\/2018\/04\/kaprije-7-1024x768.jpg 1024w, https:\/\/www.tribunj.biz\/wp-content\/uploads\/2018\/04\/kaprije-7-824x618.jpg 824w, https:\/\/www.tribunj.biz\/wp-content\/uploads\/2018\/04\/kaprije-7-717x540.jpg 717w, https:\/\/www.tribunj.biz\/wp-content\/uploads\/2018\/04\/kaprije-7-1434x1080.jpg 1434w\" width=\"252\" height=\"189\" loading=\"lazy\" data-original-width=\"252\" data-original-height=\"189\" itemprop=\"http:\/\/schema.org\/image\" title=\"kaprije (7)\" alt=\"kaprije (7)\" style=\"width: 252px; height: 189px;\" \/> <\/a> <\/div> <\/div> <!-- close group --> <\/div> <!-- close row --> <div class=\"gallery-row\" style=\"width: 769px; height: 386px;\" data-original-width=\"769\" data-original-height=\"386\" > <div class=\"gallery-group images-2\" style=\"width: 256px; height: 386px;\" data-original-width=\"256\" data-original-height=\"386\" > <div class=\"tiled-gallery-item tiled-gallery-item-large\" itemprop=\"associatedMedia\" itemscope itemtype=\"http:\/\/schema.org\/ImageObject\"> <a href=\"https:\/\/www.tribunj.biz\/hr\/gallery\/kaprije-6\/\" border=\"0\" itemprop=\"url\"> <meta itemprop=\"width\" content=\"252\"> <meta itemprop=\"height\" content=\"189\"> <img decoding=\"async\" class=\"\" data-attachment-id=\"827\" data-orig-file=\"https:\/\/www.tribunj.biz\/wp-content\/uploads\/2018\/04\/kaprije-6.jpg\" data-orig-size=\"1600,1200\" data-comments-opened=\"1\" data-image-meta=\"{&quot;aperture&quot;:&quot;5.6&quot;,&quot;credit&quot;:&quot;&quot;,&quot;camera&quot;:&quot;DSC-W5&quot;,&quot;caption&quot;:&quot;&quot;,&quot;created_timestamp&quot;:&quot;1160931453&quot;,&quot;copyright&quot;:&quot;&quot;,&quot;focal_length&quot;:&quot;7.9&quot;,&quot;iso&quot;:&quot;100&quot;,&quot;shutter_speed&quot;:&quot;0.005&quot;,&quot;title&quot;:&quot;&quot;,&quot;orientation&quot;:&quot;1&quot;}\" data-image-title=\"kaprije (6)\" data-image-description=\"\" data-medium-file=\"https:\/\/www.tribunj.biz\/wp-content\/uploads\/2018\/04\/kaprije-6-300x225.jpg\" data-large-file=\"https:\/\/www.tribunj.biz\/wp-content\/uploads\/2018\/04\/kaprije-6-1024x768.jpg\" src=\"https:\/\/i0.wp.com\/www.tribunj.biz\/wp-content\/uploads\/2018\/04\/kaprije-6.jpg?w=252&#038;h=189&#038;ssl=1\" srcset=\"https:\/\/www.tribunj.biz\/wp-content\/uploads\/2018\/04\/kaprije-6.jpg 1600w, https:\/\/www.tribunj.biz\/wp-content\/uploads\/2018\/04\/kaprije-6-712x534.jpg 712w, https:\/\/www.tribunj.biz\/wp-content\/uploads\/2018\/04\/kaprije-6-300x225.jpg 300w, https:\/\/www.tribunj.biz\/wp-content\/uploads\/2018\/04\/kaprije-6-768x576.jpg 768w, https:\/\/www.tribunj.biz\/wp-content\/uploads\/2018\/04\/kaprije-6-1024x768.jpg 1024w, https:\/\/www.tribunj.biz\/wp-content\/uploads\/2018\/04\/kaprije-6-824x618.jpg 824w, https:\/\/www.tribunj.biz\/wp-content\/uploads\/2018\/04\/kaprije-6-717x540.jpg 717w, https:\/\/www.tribunj.biz\/wp-content\/uploads\/2018\/04\/kaprije-6-1434x1080.jpg 1434w\" width=\"252\" height=\"189\" loading=\"lazy\" data-original-width=\"252\" data-original-height=\"189\" itemprop=\"http:\/\/schema.org\/image\" title=\"kaprije (6)\" alt=\"kaprije (6)\" style=\"width: 252px; height: 189px;\" \/> <\/a> <\/div> <div class=\"tiled-gallery-item tiled-gallery-item-large\" itemprop=\"associatedMedia\" itemscope itemtype=\"http:\/\/schema.org\/ImageObject\"> <a href=\"https:\/\/www.tribunj.biz\/hr\/gallery\/kaprije-5\/\" border=\"0\" itemprop=\"url\"> <meta itemprop=\"width\" content=\"252\"> <meta itemprop=\"height\" content=\"189\"> <img decoding=\"async\" class=\"\" data-attachment-id=\"826\" data-orig-file=\"https:\/\/www.tribunj.biz\/wp-content\/uploads\/2018\/04\/kaprije-5.jpg\" data-orig-size=\"1600,1200\" data-comments-opened=\"1\" data-image-meta=\"{&quot;aperture&quot;:&quot;5.6&quot;,&quot;credit&quot;:&quot;&quot;,&quot;camera&quot;:&quot;DSC-W5&quot;,&quot;caption&quot;:&quot;&quot;,&quot;created_timestamp&quot;:&quot;1160931386&quot;,&quot;copyright&quot;:&quot;&quot;,&quot;focal_length&quot;:&quot;7.9&quot;,&quot;iso&quot;:&quot;100&quot;,&quot;shutter_speed&quot;:&quot;0.005&quot;,&quot;title&quot;:&quot;&quot;,&quot;orientation&quot;:&quot;1&quot;}\" data-image-title=\"kaprije (5)\" data-image-description=\"\" data-medium-file=\"https:\/\/www.tribunj.biz\/wp-content\/uploads\/2018\/04\/kaprije-5-300x225.jpg\" data-large-file=\"https:\/\/www.tribunj.biz\/wp-content\/uploads\/2018\/04\/kaprije-5-1024x768.jpg\" src=\"https:\/\/i0.wp.com\/www.tribunj.biz\/wp-content\/uploads\/2018\/04\/kaprije-5.jpg?w=252&#038;h=189&#038;ssl=1\" srcset=\"https:\/\/www.tribunj.biz\/wp-content\/uploads\/2018\/04\/kaprije-5.jpg 1600w, https:\/\/www.tribunj.biz\/wp-content\/uploads\/2018\/04\/kaprije-5-712x534.jpg 712w, https:\/\/www.tribunj.biz\/wp-content\/uploads\/2018\/04\/kaprije-5-300x225.jpg 300w, https:\/\/www.tribunj.biz\/wp-content\/uploads\/2018\/04\/kaprije-5-768x576.jpg 768w, https:\/\/www.tribunj.biz\/wp-content\/uploads\/2018\/04\/kaprije-5-1024x768.jpg 1024w, https:\/\/www.tribunj.biz\/wp-content\/uploads\/2018\/04\/kaprije-5-824x618.jpg 824w, https:\/\/www.tribunj.biz\/wp-content\/uploads\/2018\/04\/kaprije-5-717x540.jpg 717w, https:\/\/www.tribunj.biz\/wp-content\/uploads\/2018\/04\/kaprije-5-1434x1080.jpg 1434w\" width=\"252\" height=\"189\" loading=\"lazy\" data-original-width=\"252\" data-original-height=\"189\" itemprop=\"http:\/\/schema.org\/image\" title=\"kaprije (5)\" alt=\"kaprije (5)\" style=\"width: 252px; height: 189px;\" \/> <\/a> <\/div> <\/div> <!-- close group --> <div class=\"gallery-group images-1\" style=\"width: 513px; height: 386px;\" data-original-width=\"513\" data-original-height=\"386\" > <div class=\"tiled-gallery-item tiled-gallery-item-large\" itemprop=\"associatedMedia\" itemscope itemtype=\"http:\/\/schema.org\/ImageObject\"> <a href=\"https:\/\/www.tribunj.biz\/hr\/gallery\/kaprije-4\/\" border=\"0\" itemprop=\"url\"> <meta itemprop=\"width\" content=\"509\"> <meta itemprop=\"height\" content=\"382\"> <img decoding=\"async\" class=\"\" data-attachment-id=\"825\" data-orig-file=\"https:\/\/www.tribunj.biz\/wp-content\/uploads\/2018\/04\/kaprije-4.jpg\" data-orig-size=\"1600,1200\" data-comments-opened=\"1\" data-image-meta=\"{&quot;aperture&quot;:&quot;7.1&quot;,&quot;credit&quot;:&quot;&quot;,&quot;camera&quot;:&quot;DSC-W5&quot;,&quot;caption&quot;:&quot;&quot;,&quot;created_timestamp&quot;:&quot;1160931106&quot;,&quot;copyright&quot;:&quot;&quot;,&quot;focal_length&quot;:&quot;12.1&quot;,&quot;iso&quot;:&quot;100&quot;,&quot;shutter_speed&quot;:&quot;0.004&quot;,&quot;title&quot;:&quot;&quot;,&quot;orientation&quot;:&quot;1&quot;}\" data-image-title=\"kaprije (4)\" data-image-description=\"\" data-medium-file=\"https:\/\/www.tribunj.biz\/wp-content\/uploads\/2018\/04\/kaprije-4-300x225.jpg\" data-large-file=\"https:\/\/www.tribunj.biz\/wp-content\/uploads\/2018\/04\/kaprije-4-1024x768.jpg\" src=\"https:\/\/i0.wp.com\/www.tribunj.biz\/wp-content\/uploads\/2018\/04\/kaprije-4.jpg?w=509&#038;h=382&#038;ssl=1\" srcset=\"https:\/\/www.tribunj.biz\/wp-content\/uploads\/2018\/04\/kaprije-4.jpg 1600w, https:\/\/www.tribunj.biz\/wp-content\/uploads\/2018\/04\/kaprije-4-712x534.jpg 712w, https:\/\/www.tribunj.biz\/wp-content\/uploads\/2018\/04\/kaprije-4-300x225.jpg 300w, https:\/\/www.tribunj.biz\/wp-content\/uploads\/2018\/04\/kaprije-4-768x576.jpg 768w, https:\/\/www.tribunj.biz\/wp-content\/uploads\/2018\/04\/kaprije-4-1024x768.jpg 1024w, https:\/\/www.tribunj.biz\/wp-content\/uploads\/2018\/04\/kaprije-4-824x618.jpg 824w, https:\/\/www.tribunj.biz\/wp-content\/uploads\/2018\/04\/kaprije-4-717x540.jpg 717w, https:\/\/www.tribunj.biz\/wp-content\/uploads\/2018\/04\/kaprije-4-1434x1080.jpg 1434w\" width=\"509\" height=\"382\" loading=\"lazy\" data-original-width=\"509\" data-original-height=\"382\" itemprop=\"http:\/\/schema.org\/image\" title=\"kaprije (4)\" alt=\"kaprije (4)\" style=\"width: 509px; height: 382px;\" \/> <\/a> <\/div> <\/div> <!-- close group --> <\/div> <!-- close row --> <div class=\"gallery-row\" style=\"width: 769px; height: 193px;\" data-original-width=\"769\" data-original-height=\"193\" > <div class=\"gallery-group images-1\" style=\"width: 257px; height: 193px;\" data-original-width=\"257\" data-original-height=\"193\" > <div class=\"tiled-gallery-item tiled-gallery-item-large\" itemprop=\"associatedMedia\" itemscope itemtype=\"http:\/\/schema.org\/ImageObject\"> <a href=\"https:\/\/www.tribunj.biz\/hr\/gallery\/kaprije-3\/\" border=\"0\" itemprop=\"url\"> <meta itemprop=\"width\" content=\"253\"> <meta itemprop=\"height\" content=\"189\"> <img decoding=\"async\" class=\"\" data-attachment-id=\"824\" data-orig-file=\"https:\/\/www.tribunj.biz\/wp-content\/uploads\/2018\/04\/kaprije-3.jpg\" data-orig-size=\"1600,1200\" data-comments-opened=\"1\" data-image-meta=\"{&quot;aperture&quot;:&quot;5.6&quot;,&quot;credit&quot;:&quot;&quot;,&quot;camera&quot;:&quot;DSC-W5&quot;,&quot;caption&quot;:&quot;&quot;,&quot;created_timestamp&quot;:&quot;1160930918&quot;,&quot;copyright&quot;:&quot;&quot;,&quot;focal_length&quot;:&quot;7.9&quot;,&quot;iso&quot;:&quot;100&quot;,&quot;shutter_speed&quot;:&quot;0.008&quot;,&quot;title&quot;:&quot;&quot;,&quot;orientation&quot;:&quot;1&quot;}\" data-image-title=\"kaprije (3)\" data-image-description=\"\" data-medium-file=\"https:\/\/www.tribunj.biz\/wp-content\/uploads\/2018\/04\/kaprije-3-300x225.jpg\" data-large-file=\"https:\/\/www.tribunj.biz\/wp-content\/uploads\/2018\/04\/kaprije-3-1024x768.jpg\" src=\"https:\/\/i0.wp.com\/www.tribunj.biz\/wp-content\/uploads\/2018\/04\/kaprije-3.jpg?w=253&#038;h=189&#038;ssl=1\" srcset=\"https:\/\/www.tribunj.biz\/wp-content\/uploads\/2018\/04\/kaprije-3.jpg 1600w, https:\/\/www.tribunj.biz\/wp-content\/uploads\/2018\/04\/kaprije-3-712x534.jpg 712w, https:\/\/www.tribunj.biz\/wp-content\/uploads\/2018\/04\/kaprije-3-300x225.jpg 300w, https:\/\/www.tribunj.biz\/wp-content\/uploads\/2018\/04\/kaprije-3-768x576.jpg 768w, https:\/\/www.tribunj.biz\/wp-content\/uploads\/2018\/04\/kaprije-3-1024x768.jpg 1024w, https:\/\/www.tribunj.biz\/wp-content\/uploads\/2018\/04\/kaprije-3-824x618.jpg 824w\" width=\"253\" height=\"189\" loading=\"lazy\" data-original-width=\"253\" data-original-height=\"189\" itemprop=\"http:\/\/schema.org\/image\" title=\"kaprije (3)\" alt=\"kaprije (3)\" style=\"width: 253px; height: 189px;\" \/> <\/a> <\/div> <\/div> <!-- close group --> <div class=\"gallery-group images-1\" style=\"width: 256px; height: 193px;\" data-original-width=\"256\" data-original-height=\"193\" > <div class=\"tiled-gallery-item tiled-gallery-item-large\" itemprop=\"associatedMedia\" itemscope itemtype=\"http:\/\/schema.org\/ImageObject\"> <a href=\"https:\/\/www.tribunj.biz\/hr\/gallery\/kaprije-1\/\" border=\"0\" itemprop=\"url\"> <meta itemprop=\"width\" content=\"252\"> <meta itemprop=\"height\" content=\"189\"> <img decoding=\"async\" class=\"\" data-attachment-id=\"822\" data-orig-file=\"https:\/\/www.tribunj.biz\/wp-content\/uploads\/2018\/04\/kaprije-1.jpg\" data-orig-size=\"1600,1200\" data-comments-opened=\"1\" data-image-meta=\"{&quot;aperture&quot;:&quot;5.6&quot;,&quot;credit&quot;:&quot;&quot;,&quot;camera&quot;:&quot;DSC-W5&quot;,&quot;caption&quot;:&quot;&quot;,&quot;created_timestamp&quot;:&quot;1160932026&quot;,&quot;copyright&quot;:&quot;&quot;,&quot;focal_length&quot;:&quot;9.2&quot;,&quot;iso&quot;:&quot;100&quot;,&quot;shutter_speed&quot;:&quot;0.0015625&quot;,&quot;title&quot;:&quot;&quot;,&quot;orientation&quot;:&quot;1&quot;}\" data-image-title=\"kaprije (1)\" data-image-description=\"\" data-medium-file=\"https:\/\/www.tribunj.biz\/wp-content\/uploads\/2018\/04\/kaprije-1-300x225.jpg\" data-large-file=\"https:\/\/www.tribunj.biz\/wp-content\/uploads\/2018\/04\/kaprije-1-1024x768.jpg\" src=\"https:\/\/i0.wp.com\/www.tribunj.biz\/wp-content\/uploads\/2018\/04\/kaprije-1.jpg?w=252&#038;h=189&#038;ssl=1\" srcset=\"https:\/\/www.tribunj.biz\/wp-content\/uploads\/2018\/04\/kaprije-1.jpg 1600w, https:\/\/www.tribunj.biz\/wp-content\/uploads\/2018\/04\/kaprije-1-712x534.jpg 712w, https:\/\/www.tribunj.biz\/wp-content\/uploads\/2018\/04\/kaprije-1-300x225.jpg 300w, https:\/\/www.tribunj.biz\/wp-content\/uploads\/2018\/04\/kaprije-1-768x576.jpg 768w, https:\/\/www.tribunj.biz\/wp-content\/uploads\/2018\/04\/kaprije-1-1024x768.jpg 1024w, https:\/\/www.tribunj.biz\/wp-content\/uploads\/2018\/04\/kaprije-1-824x618.jpg 824w, https:\/\/www.tribunj.biz\/wp-content\/uploads\/2018\/04\/kaprije-1-717x540.jpg 717w, https:\/\/www.tribunj.biz\/wp-content\/uploads\/2018\/04\/kaprije-1-1434x1080.jpg 1434w\" width=\"252\" height=\"189\" loading=\"lazy\" data-original-width=\"252\" data-original-height=\"189\" itemprop=\"http:\/\/schema.org\/image\" title=\"kaprije (1)\" alt=\"kaprije (1)\" style=\"width: 252px; height: 189px;\" \/> <\/a> <\/div> <\/div> <!-- close group --> <div class=\"gallery-group images-1\" style=\"width: 256px; height: 193px;\" data-original-width=\"256\" data-original-height=\"193\" > <div class=\"tiled-gallery-item tiled-gallery-item-large\" itemprop=\"associatedMedia\" itemscope itemtype=\"http:\/\/schema.org\/ImageObject\"> <a href=\"https:\/\/www.tribunj.biz\/hr\/gallery\/kaprije-11\/\" border=\"0\" itemprop=\"url\"> <meta itemprop=\"width\" content=\"252\"> <meta itemprop=\"height\" content=\"189\"> <img decoding=\"async\" class=\"\" data-attachment-id=\"821\" data-orig-file=\"https:\/\/www.tribunj.biz\/wp-content\/uploads\/2018\/04\/kaprije-11.jpg\" data-orig-size=\"1600,1200\" data-comments-opened=\"1\" data-image-meta=\"{&quot;aperture&quot;:&quot;5.6&quot;,&quot;credit&quot;:&quot;&quot;,&quot;camera&quot;:&quot;DSC-W5&quot;,&quot;caption&quot;:&quot;&quot;,&quot;created_timestamp&quot;:&quot;1160932017&quot;,&quot;copyright&quot;:&quot;&quot;,&quot;focal_length&quot;:&quot;9.2&quot;,&quot;iso&quot;:&quot;100&quot;,&quot;shutter_speed&quot;:&quot;0.00125&quot;,&quot;title&quot;:&quot;&quot;,&quot;orientation&quot;:&quot;1&quot;}\" data-image-title=\"kaprije (11)\" data-image-description=\"\" data-medium-file=\"https:\/\/www.tribunj.biz\/wp-content\/uploads\/2018\/04\/kaprije-11-300x225.jpg\" data-large-file=\"https:\/\/www.tribunj.biz\/wp-content\/uploads\/2018\/04\/kaprije-11-1024x768.jpg\" src=\"https:\/\/i0.wp.com\/www.tribunj.biz\/wp-content\/uploads\/2018\/04\/kaprije-11.jpg?w=252&#038;h=189&#038;ssl=1\" srcset=\"https:\/\/www.tribunj.biz\/wp-content\/uploads\/2018\/04\/kaprije-11.jpg 1600w, https:\/\/www.tribunj.biz\/wp-content\/uploads\/2018\/04\/kaprije-11-712x534.jpg 712w, https:\/\/www.tribunj.biz\/wp-content\/uploads\/2018\/04\/kaprije-11-300x225.jpg 300w, https:\/\/www.tribunj.biz\/wp-content\/uploads\/2018\/04\/kaprije-11-768x576.jpg 768w, https:\/\/www.tribunj.biz\/wp-content\/uploads\/2018\/04\/kaprije-11-1024x768.jpg 1024w, https:\/\/www.tribunj.biz\/wp-content\/uploads\/2018\/04\/kaprije-11-824x618.jpg 824w, https:\/\/www.tribunj.biz\/wp-content\/uploads\/2018\/04\/kaprije-11-717x540.jpg 717w, https:\/\/www.tribunj.biz\/wp-content\/uploads\/2018\/04\/kaprije-11-1434x1080.jpg 1434w\" width=\"252\" height=\"189\" loading=\"lazy\" data-original-width=\"252\" data-original-height=\"189\" itemprop=\"http:\/\/schema.org\/image\" title=\"kaprije (11)\" alt=\"kaprije (11)\" style=\"width: 252px; height: 189px;\" \/> <\/a> <\/div> <\/div> <!-- close group --> <\/div> <!-- close row --> <\/div>","protected":false},"excerpt":{"rendered":"<p>Otok Kaprije je oto\u010di\u0107 \u0161ibenskog arhipelaga povr\u0161ine 7 km 2, smje\u0161ten oko 7 km jugozapadno od Tribunja. Kaprije je jedino naselje u glavnoj i najve\u0107oj od dvadesetak uvala koje se nalazi na jugozapadnom dijelu otoka i prirodno je za\u0161ti\u0107eno od svih vjetrova okru\u017eeno brdima s prekrasnim pogledom\u2026 <a href=\"https:\/\/www.tribunj.biz\/hr\/activities\/island-kaprije\/\" class=\"more-link\">nastavi \u010ditati<span class=\"screen-reader-text\"> \u201cOtok Kaprije\u201d<\/span><\/a><\/p>","protected":false},"author":1,"featured_media":825,"parent":123,"menu_order":0,"comment_status":"closed","ping_status":"closed","template":"template-wide-screen-page.php","meta":{"advanced_seo_description":"","jetpack_seo_html_title":"","jetpack_seo_noindex":false,"footnotes":""},"class_list":["post-6610","page","type-page","status-publish","has-post-thumbnail","hentry"],"jetpack_sharing_enabled":true,"jetpack_likes_enabled":true,"_links":{"self":[{"href":"https:\/\/www.tribunj.biz\/hr\/wp-json\/wp\/v2\/pages\/6610","targetHints":{"allow":["GET"]}}],"collection":[{"href":"https:\/\/www.tribunj.biz\/hr\/wp-json\/wp\/v2\/pages"}],"about":[{"href":"https:\/\/www.tribunj.biz\/hr\/wp-json\/wp\/v2\/types\/page"}],"author":[{"embeddable":true,"href":"https:\/\/www.tribunj.biz\/hr\/wp-json\/wp\/v2\/users\/1"}],"replies":[{"embeddable":true,"href":"https:\/\/www.tribunj.biz\/hr\/wp-json\/wp\/v2\/comments?post=6610"}],"version-history":[{"count":0,"href":"https:\/\/www.tribunj.biz\/hr\/wp-json\/wp\/v2\/pages\/6610\/revisions"}],"up":[{"embeddable":true,"href":"https:\/\/www.tribunj.biz\/hr\/wp-json\/wp\/v2\/pages\/123"}],"wp:featuredmedia":[{"embeddable":true,"href":"https:\/\/www.tribunj.biz\/hr\/wp-json\/wp\/v2\/media\/825"}],"wp:attachment":[{"href":"https:\/\/www.tribunj.biz\/hr\/wp-json\/wp\/v2\/media?parent=6610"}],"curies":[{"name":"wp","href":"https:\/\/api.w.org\/{rel}","templated":true}]}}