{"id":4998,"date":"2018-05-18T01:30:54","date_gmt":"2018-05-17T23:30:54","guid":{"rendered":"https:\/\/www.tribunj.biz\/?page_id=4998"},"modified":"2023-05-17T14:56:32","modified_gmt":"2023-05-17T12:56:32","slug":"adatvedelmi-szabalyzat","status":"publish","type":"page","link":"https:\/\/www.tribunj.biz\/hu\/privacy-policy\/","title":{"rendered":"Adatv\u00e9delmi ir\u00e1nyelvek"},"content":{"rendered":"<h2>Kik vagyunk<\/h2>\n<p>Honlapunk c\u00edme: <a href=\"https:\/\/www.tribunj.biz\/hu\/\">www.tribunj.biz<\/a><\/p>\n<p>Nyaralunk apartmant kis Tribunj-ban Horv\u00e1torsz\u00e1gban.<\/p>\n<h2>Milyen szem\u00e9lyes adatokat gy\u0171jt\u00fcnk \u00e9s mi\u00e9rt gy\u0171jtj\u00fck<\/h2>\n<h3>Hozz\u00e1sz\u00f3l\u00e1sok<\/h3>\n<p>Amikor a l\u00e1togat\u00f3k \u00e9szrev\u00e9teleket hagynak a webhelyen, \u00f6sszegy\u0171jtj\u00fck a megjegyz\u00e9sek form\u00e1ban megjelen\u00edtett adatokat, valamint a l\u00e1togat\u00f3 IP-c\u00edm\u00e9t \u00e9s a b\u00f6ng\u00e9sz\u0151 felhaszn\u00e1l\u00f3i \u00fcgyn\u00f6k\u00f6t, hogy seg\u00edtsenek a lev\u00e9lszem\u00e9t \u00e9szlel\u00e9s\u00e9ben.<\/p>\n<p>Az \u00d6n e-mail c\u00edm\u00e9b\u0151l l\u00e9trehozott anonimiz\u00e1lt karakterl\u00e1nc (m\u00e1s n\u00e9ven hash) is megadhat\u00f3 a Gravatar szolg\u00e1ltat\u00e1shoz annak megtekint\u00e9s\u00e9hez, hogy haszn\u00e1lta-e. A Gravatar szolg\u00e1ltat\u00e1s adatv\u00e9delmi ir\u00e1nyelve itt tal\u00e1lhat\u00f3: https:\/\/automattic.com\/privacy\/. Miut\u00e1n j\u00f3v\u00e1hagyta a megjegyz\u00e9st, a profilk\u00e9ped l\u00e1that\u00f3 a nyilv\u00e1noss\u00e1g sz\u00e1m\u00e1ra a megjegyz\u00e9sed \u00f6sszef\u00fcgg\u00e9s\u00e9ben.<\/p>\n<h3>M\u00e9dia<\/h3>\n<p>Ha felt\u00f6lti a k\u00e9peket a weboldalra, ker\u00fclje a be\u00e1gyazott helyadatokkal (EXIF GPS) t\u00f6rt\u00e9n\u0151 felt\u00f6lt\u00e9s\u00e9t. A weboldal l\u00e1togat\u00f3i let\u00f6lthetik \u00e9s kivonhatj\u00e1k a helyadatokat a weboldalon tal\u00e1lhat\u00f3 k\u00e9pekb\u0151l.<\/p>\n<h3>Kapcsolatfelv\u00e9teli \u0171rlap<\/h3>\n<p>Az \u00e1ltaluk \u00e1tadott inform\u00e1ci\u00f3kat nem marketing c\u00e9lokra haszn\u00e1ljuk.<\/p>\n<h3>keksz<\/h3>\n<p>Ha megjegyz\u00e9st hagy a weboldalunkon, beiratkozhat a nev\u00e9re, e-mail c\u00edm\u00e9re \u00e9s weboldal\u00e1ra a cookie-kba mentve. Ezek az \u00d6n k\u00e9nyelm\u00e9t szolg\u00e1lj\u00e1k, hogy ne kelljen \u00fajb\u00f3l kit\u00f6ltenie a r\u00e9szleteket, amikor \u00fajabb megjegyz\u00e9st hagy. Ezek a cookie-k egy \u00e9vig tartanak.<\/p>\n<p>Ha rendelkezik fi\u00f3kkal \u00e9s bejelentkezik erre a webhelyre, ideiglenes cookie-t fogunk be\u00e1ll\u00edtani annak meg\u00e1llap\u00edt\u00e1s\u00e1ra, hogy a b\u00f6ng\u00e9sz\u0151 elfogadja-e a cookie-kat. Ez a cookie nem tartalmaz szem\u00e9lyes adatokat, \u00e9s elvet\u0151dik a b\u00f6ng\u00e9sz\u0151 bez\u00e1r\u00e1sakor.<\/p>\n<p>A bejelentkez\u00e9skor t\u00f6bb cookie-t is be\u00e1ll\u00edtunk, hogy mentse a bejelentkez\u00e9si adatait \u00e9s a k\u00e9perny\u0151n megjelen\u0151 v\u00e1laszt\u00e1sait. A bejelentkez\u00e9si cookie-k k\u00e9t napig tartanak, \u00e9s a k\u00e9perny\u0151 be\u00e1ll\u00edt\u00e1sai a cookie-k egy \u00e9vig tartanak. Ha a &quot;Remember Me&quot; lehet\u0151s\u00e9get v\u00e1lasztja, a bejelentkez\u00e9s k\u00e9t h\u00e9tig fennmarad. Ha kijelentkezik a fi\u00f3kj\u00e1b\u00f3l, a rendszer a bejelentkez\u00e9si cookie-kat t\u00f6rli.<\/p>\n<p>Ha cikket szerkeszt vagy k\u00f6zz\u00e9tesz, egy tov\u00e1bbi cookie ment\u00e9sre ker\u00fcl a b\u00f6ng\u00e9sz\u0151ben. Ez a cookie nem tartalmaz szem\u00e9lyes adatokat, \u00e9s csak a szerkesztett cikk postai azonos\u00edt\u00f3j\u00e1t jel\u00f6li meg. 1 nap eltelt\u00e9vel.<\/p>\n<p>N\u00e9h\u00e1ny gombunkat (<a href=\"https:\/\/www.facebook.com\/policies\/cookies\/\" target=\"_blank\" rel=\"noopener noreferrer\">Facebook<\/a>, <a href=\"https:\/\/help.twitter.com\/en\/rules-and-policies\/twitter-cookies\" target=\"_blank\" rel=\"noopener noreferrer\">twitter<\/a>, <a href=\"https:\/\/policy.pinterest.com\/en\/cookies\" target=\"_blank\" rel=\"noopener noreferrer\">pinterest<\/a>, <a href=\"https:\/\/help.instagram.com\/1896641480634370?ref=ig\" target=\"_blank\" rel=\"noopener noreferrer\">instagram<\/a>, <a href=\"https:\/\/www.pocketliving.com\/cookie-policy\" target=\"_blank\" rel=\"noopener noreferrer\">zseb-<\/a>, <a href=\"https:\/\/www.whatsapp.com\/legal\/#key-updates\" target=\"_blank\" rel=\"noopener noreferrer\">WhatsApp<\/a>) haszn\u00e1lhat bizonyos cookie-kat. Kattintson mindegyikre a cookie-h\u00e1zirend ellen\u0151rz\u00e9s\u00e9hez.<\/p>\n<h3>M\u00e1s webhelyek be\u00e1gyazott tartalma<\/h3>\n<p>Az ezen a webhelyen tal\u00e1lhat\u00f3 cikkek tartalmazhatnak be\u00e1gyazott tartalmat (pl. Vide\u00f3k, k\u00e9pek, cikkek stb.). A m\u00e1s webhelyek be\u00e1gyazott tartalma ugyan\u00fagy viselkedik, mintha a l\u00e1togat\u00f3 megl\u00e1togatta volna a m\u00e1sik webhelyet.<\/p>\n<p>Ezek a webhelyek adatokat gy\u0171jthetnek \u00d6nr\u0151l, haszn\u00e1lhatj\u00e1k a cookie-kat, be\u00e9p\u00edthetnek tov\u00e1bbi k\u00fcls\u0151 k\u00f6vet\u00e9st, \u00e9s nyomon k\u00f6vethetik a be\u00e1gyazott tartalmakkal val\u00f3 interakci\u00f3kat, bele\u00e9rtve a be\u00e1gyazott tartalmakkal val\u00f3 k\u00f6lcs\u00f6nhat\u00e1s nyomon k\u00f6vet\u00e9s\u00e9t, ha van fi\u00f3kja, \u00e9s bejelentkezett az adott webhelyre.<\/p>\n<h2>Mennyi ideig tartjuk meg adataidat<\/h2>\n<p>Ha megjegyz\u00e9st hagy, a megjegyz\u00e9s \u00e9s metaadatai hat\u00e1rozatlan ideig megmaradnak. Ez \u00edgy ismeri fel \u00e9s hagyja j\u00f3v\u00e1 az \u00f6sszes k\u00f6vet\u00e9si megjegyz\u00e9st, nem pedig moder\u00e1ci\u00f3s sorban.<\/p>\n<p>A weboldalunkon regisztr\u00e1l\u00f3knak (ha vannak ilyenek) a szem\u00e9lyes profiljukat a felhaszn\u00e1l\u00f3i profiljukban is t\u00e1rolj\u00e1k. Minden felhaszn\u00e1l\u00f3 megtekintheti, szerkesztheti vagy t\u00f6r\u00f6lheti szem\u00e9lyes adatait b\u00e1rmikor (kiv\u00e9ve, ha nem v\u00e1ltoztathatja meg felhaszn\u00e1l\u00f3nev\u00e9t). A webhelyek rendszergazd\u00e1i ezen inform\u00e1ci\u00f3kat is megtekinthetik \u00e9s szerkeszthetik.<\/p>\n<h2>Milyen jogai vannak az \u00d6n adatain<\/h2>\n<p>Ha van fi\u00f3kod ezen a webhelyen, vagy megjegyz\u00e9seket hagyott be, k\u00e9rhet egy export\u00e1lt f\u00e1jlt a szem\u00e9lyes adatokr\u00f3l, amelyeket magunkr\u00f3l tartunk, bele\u00e9rtve az \u00d6n \u00e1ltal megadott adatokat. Azt is k\u00e9rheti, hogy t\u00f6r\u00f6lj\u00fcnk minden olyan szem\u00e9lyes adatot, amelyet magunkr\u00f3l tartunk. Ez nem foglalja mag\u00e1ban azokat az adatokat, amelyeket adminisztrat\u00edv, jogi vagy biztons\u00e1gi c\u00e9lokra k\u00f6telez\u00fcnk.<\/p>\n<h2>Ahol k\u00fcldt\u00fck az adatokat<\/h2>\n<p>A l\u00e1togat\u00f3i megjegyz\u00e9seket ellen\u0151rizni lehet egy automatikus spamfelder\u00edt\u00e9si szolg\u00e1ltat\u00e1son kereszt\u00fcl.<\/p>\n<h2>Mi gy\u0171jt\u00fcnk \u00e9s t\u00e1rolunk<\/h2>\n<p>Am\u00edg megl\u00e1togatja oldalunkat, nyomon k\u00f6vetj\u00fck:<\/p>\n<ul>\n<li>Az \u00e1ltalad megtekintett term\u00e9kek: ezt haszn\u00e1ljuk p\u00e9ld\u00e1ul a nemr\u00e9g megtekintett term\u00e9kek megjelen\u00edt\u00e9s\u00e9hez<\/li>\n<li>Hely, IP-c\u00edm \u00e9s b\u00f6ng\u00e9sz\u0151 t\u00edpusa<\/li>\n<\/ul>\n<p>Amikor t\u0151l\u00fcnk v\u00e1s\u00e1rol, k\u00e9rni fogjuk \u00d6nt, hogy adja meg a nev\u00e9t, a sz\u00e1ml\u00e1z\u00e1si c\u00edmet, az e-mail c\u00edmet, a telefonsz\u00e1mot, az opcion\u00e1lis sz\u00e1mlainform\u00e1ci\u00f3kat, p\u00e9ld\u00e1ul a felhaszn\u00e1l\u00f3nevet \u00e9s a jelsz\u00f3t. Ezt az inform\u00e1ci\u00f3t p\u00e9ld\u00e1ul a k\u00f6vetkez\u0151 c\u00e9lokra fogjuk felhaszn\u00e1lni:<\/p>\n<ul>\n<li>K\u00fcldje meg az \u00d6n fi\u00f3kj\u00e1val \u00e9s rendel\u00e9s\u00e9vel kapcsolatos inform\u00e1ci\u00f3kat<\/li>\n<li>V\u00e1laszolj k\u00e9r\u00e9seidre, bele\u00e9rtve a visszat\u00e9r\u00edt\u00e9seket \u00e9s a panaszokat<\/li>\n<li>Folyamatok kifizet\u00e9se \u00e9s a csal\u00e1s megel\u0151z\u00e9se<\/li>\n<li>\u00c1ll\u00edtsa be a fi\u00f3kj\u00e1t<\/li>\n<li>Fogadjunk minden olyan jogi k\u00f6telezetts\u00e9g\u00fcnkkel, mint p\u00e9ld\u00e1ul az ad\u00f3k kisz\u00e1m\u00edt\u00e1sa<\/li>\n<li>Jav\u00edtsa k\u00edn\u00e1latunkat<\/li>\n<li>K\u00fcldje el a marketing \u00fczeneteket, ha \u00fagy d\u00f6nt, hogy megkapja azokat<\/li>\n<\/ul>\n<p>Ha l\u00e9trehoz egy fi\u00f3kot, akkor t\u00e1roljuk a nev\u00e9t, c\u00edm\u00e9t, e-mail c\u00edm\u00e9t \u00e9s telefonsz\u00e1m\u00e1t, amelyet a j\u00f6v\u0151beni megrendel\u00e9sek fizet\u00e9s\u00e9re haszn\u00e1lunk fel.<\/p>\n<p>\u00c1ltal\u00e1ban olyan inform\u00e1ci\u00f3kat t\u00e1rolunk \u00d6nr\u0151l, amelyekre sz\u00fcks\u00e9g\u00fcnk van az \u00e1ltalunk \u00f6sszegy\u0171jt\u00f6tt \u00e9s felhaszn\u00e1lt c\u00e9lokra, \u00e9s jogilag nem k\u00f6vetelj\u00fck, hogy tov\u00e1bbra is tartsuk. P\u00e9ld\u00e1ul az ad\u00f3- \u00e9s sz\u00e1mviteli c\u00e9lokra XXX \u00e9vre vonatkoz\u00f3 megrendel\u00e9si adatokat t\u00e1roljuk. Ez mag\u00e1ban foglalja nev\u00e9t, e-mail c\u00edm\u00e9t, sz\u00e1ml\u00e1z\u00e1si \u00e9s sz\u00e1ll\u00edt\u00e1si c\u00edm\u00e9t.<\/p>\n<p>Megjegyz\u00e9seket vagy v\u00e9lem\u00e9nyeket is t\u00e1rolunk, ha \u00fagy d\u00f6ntesz, hogy elhagyod \u0151ket.<\/p>\n<h2>Ki a csapata hozz\u00e1f\u00e9rhet<\/h2>\n<p>Csapatunk tagjai hozz\u00e1f\u00e9rhetnek az \u00d6n \u00e1ltal megadott adatokhoz.<\/p>\n<p>Csapatunk tagjai hozz\u00e1f\u00e9rhetnek ezen inform\u00e1ci\u00f3khoz, hogy seg\u00edts\u00e9k a megrendel\u00e9sek teljes\u00edt\u00e9s\u00e9t, a visszat\u00e9r\u00edt\u00e9sek feldolgoz\u00e1s\u00e1t \u00e9s az \u00d6n t\u00e1mogat\u00e1s\u00e1t.<\/p>\n<h2>Amit megosztunk m\u00e1sokkal<\/h2>\n<p>Inform\u00e1ci\u00f3kat osztunk meg olyan harmadik felekkel, akik seg\u00edtenek megrendel\u00e9seinket \u00e9s szolg\u00e1ltat\u00e1sainkat t\u00e1rolni; p\u00e9ld\u00e1ul fizet\u00e9si szabads\u00e1gok, google elemz\u00e9s, egyes plug-inek, amelyek sz\u00fcks\u00e9gesek ahhoz, hogy a weboldal m\u0171k\u00f6dj\u00f6n ebben a k\u00e9rd\u00e9sben. Nem adunk el semmilyen inform\u00e1ci\u00f3t, vagy haszn\u00e1ljuk az \u00d6n biztons\u00e1g\u00e1t.<\/p>\n<p>Ez az oldal gyors\u00edt\u00f3t\u00e1rat haszn\u00e1l a gyorsabb v\u00e1laszid\u0151 \u00e9s a jobb felhaszn\u00e1l\u00f3i \u00e9lm\u00e9ny \u00e9rdek\u00e9ben. A gyors\u00edt\u00f3t\u00e1raz\u00e1s potenci\u00e1lisan az ezen a webhelyen megjelen\u0151 \u00f6sszes weboldal m\u00e1solat\u00e1t t\u00e1rolja. Minden gyors\u00edt\u00f3t\u00e1r-f\u00e1jl ideiglenes, \u00e9s soha nem f\u00e9r hozz\u00e1 harmadik f\u00e9l, kiv\u00e9ve, ha a gyors\u00edt\u00f3t\u00e1r-b\u0151v\u00edtm\u00e9ny sz\u00e1ll\u00edt\u00f3j\u00e1t\u00f3l technikai t\u00e1mogat\u00e1st ig\u00e9nyel. A gyors\u00edt\u00f3t\u00e1r f\u00e1jlok a webhely adminisztr\u00e1tora \u00e1ltal meghat\u00e1rozott \u00fctemez\u00e9s szerint j\u00e1rnak le, de sz\u00fcks\u00e9g eset\u00e9n az adminisztr\u00e1tor k\u00f6nnyen t\u00f6r\u00f6lheti \u0151ket a term\u00e9szetes lej\u00e1ratuk el\u0151tt. Haszn\u00e1lhatjuk a QUIC.cloud szolg\u00e1ltat\u00e1sokat az adatok ideiglenes feldolgoz\u00e1s\u00e1ra \u00e9s gyors\u00edt\u00f3t\u00e1raz\u00e1s\u00e1ra. L\u00e1sd <a href=\"https:\/\/quic.cloud\/privacy-policy\/\" target=\"_blank\" rel=\"noopener\">https:\/\/quic.cloud\/privacy-policy\/<\/a>\u00a0tov\u00e1bbi r\u00e9szletek\u00e9rt.<\/p>\n<p><span style=\"color: #23282d; font-family: inherit; font-size: 1.6em; font-weight: bold;\">\u00d6sszesen<\/span><\/p>\n<p>\u00c9rt\u00e9kelj\u00fck a vel\u00fcnk megosztott inform\u00e1ci\u00f3k mag\u00e1n\u00e9let\u00e9t \u00e9s biztons\u00e1g\u00e1t. Ez az adatv\u00e9delmi ir\u00e1nyelv azt \u00edrja le, hogyan gy\u0171jtj\u00fck \u00f6ssze, haszn\u00e1ljuk, osztjuk meg, v\u00e9dj\u00fck \u00e9s feldolgozzuk adatait. Az \u00d6n \u00e1ltal megadott adatok kiz\u00e1r\u00f3lag a v\u00e1s\u00e1rl\u00e1s \u00e9s \/ vagy bels\u0151 elemz\u00e9si c\u00e9lok feldolgoz\u00e1s\u00e1hoz \u00e9s teljes\u00edt\u00e9s\u00e9hez, az Adatv\u00e9delmi Szab\u00e1lyzatban le\u00edrtak szerint haszn\u00e1latosak. Csak az ebben az adatv\u00e9delmi ir\u00e1nyelvben meghat\u00e1rozott c\u00e9lokra vonatkoz\u00f3 inform\u00e1ci\u00f3kat osztjuk meg, \u00e9s semmilyen inform\u00e1ci\u00f3t nem adunk el vagy terjeszt\u00fcnk harmadik f\u00e9lnek. Kereskedelmi szempontb\u00f3l \u00e9sszer\u0171 er\u0151fesz\u00edt\u00e9seket tesz\u00fcnk, hogy megv\u00e9dj\u00fck adatait az illet\u00e9ktelen nyilv\u00e1noss\u00e1gra hozatalt\u00f3l. A megrendel\u00e9sb\u0151l sz\u00e1rmaz\u00f3 inform\u00e1ci\u00f3kat felhaszn\u00e1lhatjuk a v\u00e1s\u00e1rl\u00e1s feldolgoz\u00e1s\u00e1hoz, visszat\u00e9r\u00edt\u00e9shez, \u00fcgyf\u00e9lszolg\u00e1lat jav\u00edt\u00e1s\u00e1hoz, term\u00e9keink \u00e9s szolg\u00e1ltat\u00e1saink jav\u00edt\u00e1s\u00e1hoz vagy testreszab\u00e1s\u00e1hoz, illetve az alkalmazand\u00f3 p\u00e9nz\u00fcgyi, ad\u00f3-, jogi \u00e9s megfelel\u0151s\u00e9gi k\u00f6vetelm\u00e9nyek teljes\u00edt\u00e9s\u00e9hez. Ha b\u00e1rmilyen k\u00e9rd\u00e9se vagy aggodalma van az adatv\u00e9delmi ir\u00e1nyelvekkel kapcsolatban, k\u00e9rj\u00fck, l\u00e9pjen vel\u00fcnk kapcsolatba.<\/p>\n<p>A szem\u00e9lyes adatok v\u00e9delme nagyon fontos sz\u00e1munkra. Ami az \u00d6n \u00e1ltal ny\u00fajtott szolg\u00e1ltat\u00e1sok r\u00e9szek\u00e9nt gy\u0171jti \u00f6ssze, dolgozza fel vagy haszn\u00e1lja fel szem\u00e9lyes adatait, ezt a vonatkoz\u00f3 eur\u00f3pai adatv\u00e9delmi t\u00f6rv\u00e9nyekkel \u00f6sszhangban v\u00e9gezz\u00fck. R\u00e9szletes adatv\u00e9delmi ir\u00e1nyelvek ellen\u0151rz\u00e9s\u00e9hez\u00a0<a href=\"https:\/\/www.tribunj.biz\/hu\/adatvedelmi-szabalyzat\/\" target=\"_blank\" rel=\"noopener noreferrer\">itt<\/a>. (Ha elfogadod\u00a0<a href=\"https:\/\/www.tribunj.biz\/hu\/altalanos-berbeadasi-feltetelek\/\">\u00c1ltal\u00e1nos b\u00e9rleti felt\u00e9telek<\/a>\u00a0dokumentumot, akkor is egyet\u00e9rt\u00fcnk\u00a0<a href=\"https:\/\/www.tribunj.biz\/hu\/adatvedelmi-szabalyzat\/\" target=\"_blank\" rel=\"noopener noreferrer\">Adatv\u00e9delmi ir\u00e1nyelvek<\/a>)<\/p>","protected":false},"excerpt":{"rendered":"<p>Kik vagyunk Honlapunk c\u00edme: www.tribunj.biz Lak\u00e1sokat b\u00e9rel\u00fcnk a horv\u00e1torsz\u00e1gi Tribunj kis helys\u00e9gben. Milyen szem\u00e9lyes adatokat gy\u0171jt\u00fcnk \u00e9s mi\u00e9rt gy\u0171jtj\u00fck. Megjegyz\u00e9sek Amikor a l\u00e1togat\u00f3k megjegyz\u00e9seket f\u0171znek az oldalhoz, a megjegyz\u00e9s \u0171rlapon szerepl\u0151 adatokat gy\u0171jtj\u00fck, valamint a l\u00e1togat\u00f3 IP-c\u00edm\u00e9t \u00e9s a b\u00f6ng\u00e9sz\u0151 felhaszn\u00e1l\u00f3i \u00fcgyn\u00f6k karakterl\u00e1nc\u00e1t\u2026 <a href=\"https:\/\/www.tribunj.biz\/hu\/privacy-policy\/\" class=\"more-link\">olvasson tov\u00e1bb<span class=\"screen-reader-text\"> &quot;Adatv\u00e9delmi ir\u00e1nyelvek&quot;<\/span><\/a><\/p>","protected":false},"author":1,"featured_media":0,"parent":0,"menu_order":0,"comment_status":"closed","ping_status":"closed","template":"template-full-width-page.php","meta":{"advanced_seo_description":"","jetpack_seo_html_title":"","jetpack_seo_noindex":false,"footnotes":""},"class_list":["post-4998","page","type-page","status-publish","hentry"],"jetpack_sharing_enabled":false,"jetpack_likes_enabled":false,"_links":{"self":[{"href":"https:\/\/www.tribunj.biz\/hu\/wp-json\/wp\/v2\/pages\/4998","targetHints":{"allow":["GET"]}}],"collection":[{"href":"https:\/\/www.tribunj.biz\/hu\/wp-json\/wp\/v2\/pages"}],"about":[{"href":"https:\/\/www.tribunj.biz\/hu\/wp-json\/wp\/v2\/types\/page"}],"author":[{"embeddable":true,"href":"https:\/\/www.tribunj.biz\/hu\/wp-json\/wp\/v2\/users\/1"}],"replies":[{"embeddable":true,"href":"https:\/\/www.tribunj.biz\/hu\/wp-json\/wp\/v2\/comments?post=4998"}],"version-history":[{"count":0,"href":"https:\/\/www.tribunj.biz\/hu\/wp-json\/wp\/v2\/pages\/4998\/revisions"}],"wp:attachment":[{"href":"https:\/\/www.tribunj.biz\/hu\/wp-json\/wp\/v2\/media?parent=4998"}],"curies":[{"name":"wp","href":"https:\/\/api.w.org\/{rel}","templated":true}]}}