{"id":6606,"date":"2018-06-22T12:24:24","date_gmt":"2018-06-22T10:24:24","guid":{"rendered":"https:\/\/www.tribunj.biz\/?page_id=6606"},"modified":"2025-02-17T01:48:46","modified_gmt":"2025-02-17T00:48:46","slug":"sziget-prvic","status":"publish","type":"page","link":"https:\/\/www.tribunj.biz\/hu\/activities\/island-prvic\/","title":{"rendered":"Prvi\u0107 sziget"},"content":{"rendered":"<p>Prvi\u0107 egy kis sziget az Adriai-tenger horv\u00e1t r\u00e9sz\u00e9ben. A \u0160ibenik-szigetcsoport, mintegy f\u00e9l m\u00e9rf\u00f6ldnyire a sz\u00e1razf\u00f6lddel, Vodice k\u00f6rny\u00e9k\u00e9n tal\u00e1lhat\u00f3. Az eg\u00e9sz sziget a Horv\u00e1t Kultur\u00e1lis Miniszt\u00e9rium v\u00e9delme alatt \u00e1ll, mivel a sziget kultur\u00e1lis \u00f6r\u00f6ks\u00e9gnek sz\u00e1m\u00edt.<br \/>\nPrvi\u0107 f\u0151 ipar\u00e1gai a mez\u0151gazdas\u00e1g (sz\u0151l\u0151, olajbogy\u00f3 \u00e9s f\u00fcge), a hal\u00e1szat \u00e9s a turizmus. A Prvi\u0107 k\u00f6r\u00fcli tenger meglehet\u0151sen gazdag halban. Prvi\u0107 lak\u00f3i \u00edzletes \u00e9s eg\u00e9szs\u00e9ges ol\u00edvaolajr\u00f3l \u00e9s j\u00f3 borr\u00f3l ismertek. Mint eml\u00edtett\u00fck, gyakran mennek horg\u00e1szni is. Ez\u00e9rt gyakori a mediterr\u00e1n konyha, k\u00fcl\u00f6n\u00f6sen a dalm\u00e1t. A turizmus a sziget legfontosabb gazdas\u00e1gi \u00e1gazata. A szigeten csak egy sz\u00e1lloda tal\u00e1lhat\u00f3, a Hotel Maestral Prvi\u0107 Luk\u00e1ban, de a helyiek b\u00e9relik apartmanjaikat, h\u00e1zaikat \u00e9s vill\u00e1ikat a turist\u00e1k sz\u00e1m\u00e1ra.<br \/>\nH\u00e1rom r\u00f3mai katolikus templom van a szigeten. K\u00e9t a \u0160epurine-ban \u00e9s egy a Prvi\u0107 Luka-ban. A \u0160epurine-i kisebb templom a k\u00f6z\u00e9pkorban \u00e9p\u00fclt, a nagyobb pedig a 19. sz\u00e1zadban. Sz\u00e1mos kultur\u00e1lis rendezv\u00e9ny a szigeten az \u00e9v sor\u00e1n, mint p\u00e9ld\u00e1ul zenei koncertek, m\u0171v\u00e9szeti ki\u00e1ll\u00edt\u00e1sok, sok sportverseny \u00e9s m\u00e1sok.<br \/>\nMinden \u00e9vben augusztus 2-\u00e1n helyi \u00fcnnepl\u00e9s van Prvi\u0107 Luka-ban, augusztus 16-\u00e1n pedig a fesztiv\u00e1l \u0160epurine-ban.<br \/>\nA szigeten k\u00e9t falu van: Prvi\u0107 Luka \u00e9s \u0160epurine.<br \/>\nA sziget teljes ter\u00fclete 2.37 km2, lakoss\u00e1ga 403 (2011-t\u0151l). Prvi\u0107 a horv\u00e1torsz\u00e1gi harmadik legnagyobb s\u0171r\u0171n lakott sziget. A \u0160epurine a sziget nyugati oldal\u00e1n helyezkedik el, szemben Vodic\u00e1val. Prvi\u0107 Luka a d\u00e9lkeleti oldalon fekv\u0151 legnagyobb \u00f6b\u00f6lben tal\u00e1lhat\u00f3, \u00e9s j\u00f3l v\u00e9dett az \u00e9szaki \u00e9s a nyugati sz\u00e9lt\u0151l. A h\u00edres horv\u00e1t p\u00fcsp\u00f6k, feltal\u00e1l\u00f3 \u00e9s polim\u00e1t Faust Vran\u010di\u0107 temet\u0151ben egy templom Prvi\u0107 Luka.<br \/>\n\u0160epurine-ban a Faust Vran\u010di\u0107 csal\u00e1d nagy barokk st\u00edlus\u00fa ny\u00e1ri rezidenci\u00e1j\u00e1val rendelkezik, amely jelenleg a Dragani\u0107 csal\u00e1d birtok\u00e1ban van.<br \/>\nSzent Ante Anti\u0107 Szepurine-ban sz\u00fcletett.<br \/>\nAz eg\u00e9sz szigeten nincsenek aut\u00f3k, kiv\u00e9ve a t\u0171zolt\u00f3aut\u00f3t. Van n\u00e9h\u00e1ny traktor \u00e9s ker\u00e9kp\u00e1r.<br \/>\nSz\u00e1mos \u00f3kori \u00e9s k\u00f6z\u00e9pkori lelet tal\u00e1lhat\u00f3 a szigeten.<br \/>\nA sziget partvonala 10,6 km hossz\u00fa.<\/p>\n<div class=\"tiled-gallery type-rectangular tiled-gallery-unresized\" data-original-width=\"769\" data-carousel-extra='{&quot;blog_id&quot;:1,&quot;permalink&quot;:&quot;https:\\\/\\\/www.tribunj.biz\\\/hu\\\/activities\\\/island-prvic\\\/&quot;,&quot;likes_blog_id&quot;:145318477}' itemscope itemtype=\"http:\/\/schema.org\/ImageGallery\" > <div class=\"gallery-row\" style=\"width: 769px; height: 386px;\" data-original-width=\"769\" data-original-height=\"386\" > <div class=\"gallery-group images-1\" style=\"width: 513px; height: 386px;\" data-original-width=\"513\" data-original-height=\"386\" > <div class=\"tiled-gallery-item tiled-gallery-item-large\" itemprop=\"associatedMedia\" itemscope itemtype=\"http:\/\/schema.org\/ImageObject\"> <a href=\"https:\/\/www.tribunj.biz\/hu\/gallery\/prvic-15\/\" border=\"0\" itemprop=\"url\"> <meta itemprop=\"width\" content=\"509\"> <meta itemprop=\"height\" content=\"382\"> <img decoding=\"async\" class=\"\" data-attachment-id=\"936\" data-orig-file=\"https:\/\/www.tribunj.biz\/wp-content\/uploads\/2018\/04\/prvi\u0107-15.jpg\" data-orig-size=\"1600,1200\" data-comments-opened=\"1\" data-image-meta=\"{&quot;aperture&quot;:&quot;5.6&quot;,&quot;credit&quot;:&quot;&quot;,&quot;camera&quot;:&quot;DSC-S500&quot;,&quot;caption&quot;:&quot;&quot;,&quot;created_timestamp&quot;:&quot;1188123542&quot;,&quot;copyright&quot;:&quot;&quot;,&quot;focal_length&quot;:&quot;5.4&quot;,&quot;iso&quot;:&quot;80&quot;,&quot;shutter_speed&quot;:&quot;0.00125&quot;,&quot;title&quot;:&quot;&quot;,&quot;orientation&quot;:&quot;1&quot;}\" data-image-title=\"Prvi\u0107 church\" data-image-description=\"&lt;p&gt;Island Prvi\u0107 church&lt;\/p&gt; \" data-medium-file=\"https:\/\/www.tribunj.biz\/wp-content\/uploads\/2018\/04\/prvi\u0107-15-300x225.jpg\" data-large-file=\"https:\/\/www.tribunj.biz\/wp-content\/uploads\/2018\/04\/prvi\u0107-15-1024x768.jpg\" src=\"https:\/\/i0.wp.com\/www.tribunj.biz\/wp-content\/uploads\/2018\/04\/prvi%C4%87-15.jpg?w=509&#038;h=382&#038;ssl=1\" width=\"509\" height=\"382\" loading=\"lazy\" data-original-width=\"509\" data-original-height=\"382\" itemprop=\"http:\/\/schema.org\/image\" title=\"Prvi\u0107 templom\" alt=\"Prvi\u0107-szigeti templom\" style=\"width: 509px; height: 382px;\" \/> <\/a> <div class=\"tiled-gallery-caption\" itemprop=\"caption description\"> Prvi\u0107 templom <\/div> <\/div> <\/div> <!-- close group --> <div class=\"gallery-group images-2\" style=\"width: 256px; height: 386px;\" data-original-width=\"256\" data-original-height=\"386\" > <div class=\"tiled-gallery-item tiled-gallery-item-large\" itemprop=\"associatedMedia\" itemscope itemtype=\"http:\/\/schema.org\/ImageObject\"> <a href=\"https:\/\/www.tribunj.biz\/hu\/gallery\/prvic-14\/\" border=\"0\" itemprop=\"url\"> <meta itemprop=\"width\" content=\"252\"> <meta itemprop=\"height\" content=\"189\"> <img decoding=\"async\" class=\"\" data-attachment-id=\"935\" data-orig-file=\"https:\/\/www.tribunj.biz\/wp-content\/uploads\/2018\/04\/prvi\u0107-14.jpg\" data-orig-size=\"1600,1200\" data-comments-opened=\"1\" data-image-meta=\"{&quot;aperture&quot;:&quot;5.6&quot;,&quot;credit&quot;:&quot;&quot;,&quot;camera&quot;:&quot;DSC-S500&quot;,&quot;caption&quot;:&quot;&quot;,&quot;created_timestamp&quot;:&quot;1188123235&quot;,&quot;copyright&quot;:&quot;&quot;,&quot;focal_length&quot;:&quot;5.4&quot;,&quot;iso&quot;:&quot;80&quot;,&quot;shutter_speed&quot;:&quot;0.002&quot;,&quot;title&quot;:&quot;&quot;,&quot;orientation&quot;:&quot;1&quot;}\" data-image-title=\"Island Prvi\u0107\" data-image-description=\"&lt;p&gt;Island Prvi\u0107&lt;\/p&gt; \" data-medium-file=\"https:\/\/www.tribunj.biz\/wp-content\/uploads\/2018\/04\/prvi\u0107-14-300x225.jpg\" data-large-file=\"https:\/\/www.tribunj.biz\/wp-content\/uploads\/2018\/04\/prvi\u0107-14-1024x768.jpg\" src=\"https:\/\/i0.wp.com\/www.tribunj.biz\/wp-content\/uploads\/2018\/04\/prvi%C4%87-14.jpg?w=252&#038;h=189&#038;ssl=1\" width=\"252\" height=\"189\" loading=\"lazy\" data-original-width=\"252\" data-original-height=\"189\" itemprop=\"http:\/\/schema.org\/image\" title=\"Prvi\u0107 sziget\" alt=\"Prvi\u0107 sziget\" style=\"width: 252px; height: 189px;\" \/> <\/a> <div class=\"tiled-gallery-caption\" itemprop=\"caption description\"> Prvi\u0107 sziget <\/div> <\/div> <div class=\"tiled-gallery-item tiled-gallery-item-large\" itemprop=\"associatedMedia\" itemscope itemtype=\"http:\/\/schema.org\/ImageObject\"> <a href=\"https:\/\/www.tribunj.biz\/hu\/gallery\/prvic-9\/\" border=\"0\" itemprop=\"url\"> <meta itemprop=\"width\" content=\"252\"> <meta itemprop=\"height\" content=\"189\"> <img decoding=\"async\" class=\"\" data-attachment-id=\"930\" data-orig-file=\"https:\/\/www.tribunj.biz\/wp-content\/uploads\/2018\/04\/prvi\u0107-9.jpg\" data-orig-size=\"1600,1200\" data-comments-opened=\"1\" data-image-meta=\"{&quot;aperture&quot;:&quot;5.6&quot;,&quot;credit&quot;:&quot;&quot;,&quot;camera&quot;:&quot;DSC-S500&quot;,&quot;caption&quot;:&quot;&quot;,&quot;created_timestamp&quot;:&quot;1188123028&quot;,&quot;copyright&quot;:&quot;&quot;,&quot;focal_length&quot;:&quot;5.4&quot;,&quot;iso&quot;:&quot;80&quot;,&quot;shutter_speed&quot;:&quot;0.00125&quot;,&quot;title&quot;:&quot;&quot;,&quot;orientation&quot;:&quot;1&quot;}\" data-image-title=\"Island Prvi\u0107\" data-image-description=\"&lt;p&gt;Island Prvi\u0107&lt;\/p&gt; \" data-medium-file=\"https:\/\/www.tribunj.biz\/wp-content\/uploads\/2018\/04\/prvi\u0107-9-300x225.jpg\" data-large-file=\"https:\/\/www.tribunj.biz\/wp-content\/uploads\/2018\/04\/prvi\u0107-9-1024x768.jpg\" src=\"https:\/\/i0.wp.com\/www.tribunj.biz\/wp-content\/uploads\/2018\/04\/prvi%C4%87-9.jpg?w=252&#038;h=189&#038;ssl=1\" width=\"252\" height=\"189\" loading=\"lazy\" data-original-width=\"252\" data-original-height=\"189\" itemprop=\"http:\/\/schema.org\/image\" title=\"Prvi\u0107 sziget\" alt=\"Prvi\u0107 sziget\" style=\"width: 252px; height: 189px;\" \/> <\/a> <div class=\"tiled-gallery-caption\" itemprop=\"caption description\"> Prvi\u0107 sziget <\/div> <\/div> <\/div> <!-- close group --> <\/div> <!-- close row --> <div class=\"gallery-row\" style=\"width: 769px; height: 145px;\" data-original-width=\"769\" data-original-height=\"145\" > <div class=\"gallery-group images-1\" style=\"width: 193px; height: 145px;\" data-original-width=\"193\" data-original-height=\"145\" > <div class=\"tiled-gallery-item tiled-gallery-item-small\" itemprop=\"associatedMedia\" itemscope itemtype=\"http:\/\/schema.org\/ImageObject\"> <a href=\"https:\/\/www.tribunj.biz\/hu\/gallery\/prvic-8\/\" border=\"0\" itemprop=\"url\"> <meta itemprop=\"width\" content=\"189\"> <meta itemprop=\"height\" content=\"141\"> <img decoding=\"async\" class=\"\" data-attachment-id=\"929\" data-orig-file=\"https:\/\/www.tribunj.biz\/wp-content\/uploads\/2018\/04\/prvi\u0107-8.jpg\" data-orig-size=\"1600,1200\" data-comments-opened=\"1\" data-image-meta=\"{&quot;aperture&quot;:&quot;5.6&quot;,&quot;credit&quot;:&quot;&quot;,&quot;camera&quot;:&quot;DSC-S500&quot;,&quot;caption&quot;:&quot;&quot;,&quot;created_timestamp&quot;:&quot;1188125046&quot;,&quot;copyright&quot;:&quot;&quot;,&quot;focal_length&quot;:&quot;5.4&quot;,&quot;iso&quot;:&quot;80&quot;,&quot;shutter_speed&quot;:&quot;0.001&quot;,&quot;title&quot;:&quot;&quot;,&quot;orientation&quot;:&quot;1&quot;}\" data-image-title=\"Island Prvi\u0107\" data-image-description=\"&lt;p&gt;Island Prvi\u0107 beach&lt;\/p&gt; \" data-medium-file=\"https:\/\/www.tribunj.biz\/wp-content\/uploads\/2018\/04\/prvi\u0107-8-300x225.jpg\" data-large-file=\"https:\/\/www.tribunj.biz\/wp-content\/uploads\/2018\/04\/prvi\u0107-8-1024x768.jpg\" src=\"https:\/\/i0.wp.com\/www.tribunj.biz\/wp-content\/uploads\/2018\/04\/prvi%C4%87-8.jpg?w=189&#038;h=141&#038;ssl=1\" width=\"189\" height=\"141\" loading=\"lazy\" data-original-width=\"189\" data-original-height=\"141\" itemprop=\"http:\/\/schema.org\/image\" title=\"Prvi\u0107 sziget\" alt=\"Prvi\u0107 sziget\" style=\"width: 189px; height: 141px;\" \/> <\/a> <div class=\"tiled-gallery-caption\" itemprop=\"caption description\"> Prvi\u0107 sziget <\/div> <\/div> <\/div> <!-- close group --> <div class=\"gallery-group images-1\" style=\"width: 192px; height: 145px;\" data-original-width=\"192\" data-original-height=\"145\" > <div class=\"tiled-gallery-item tiled-gallery-item-small\" itemprop=\"associatedMedia\" itemscope itemtype=\"http:\/\/schema.org\/ImageObject\"> <a href=\"https:\/\/www.tribunj.biz\/hu\/gallery\/prvic-23\/\" border=\"0\" itemprop=\"url\"> <meta itemprop=\"width\" content=\"188\"> <meta itemprop=\"height\" content=\"141\"> <img decoding=\"async\" class=\"\" data-attachment-id=\"916\" data-orig-file=\"https:\/\/www.tribunj.biz\/wp-content\/uploads\/2018\/04\/prvi\u0107-23.jpg\" data-orig-size=\"1600,1200\" data-comments-opened=\"1\" data-image-meta=\"{&quot;aperture&quot;:&quot;5.6&quot;,&quot;credit&quot;:&quot;&quot;,&quot;camera&quot;:&quot;DSC-S500&quot;,&quot;caption&quot;:&quot;&quot;,&quot;created_timestamp&quot;:&quot;1188123911&quot;,&quot;copyright&quot;:&quot;&quot;,&quot;focal_length&quot;:&quot;5.4&quot;,&quot;iso&quot;:&quot;80&quot;,&quot;shutter_speed&quot;:&quot;0.00125&quot;,&quot;title&quot;:&quot;&quot;,&quot;orientation&quot;:&quot;1&quot;}\" data-image-title=\"Island Prvi\u0107\" data-image-description=\"&lt;p&gt;Island Prvi\u0107&lt;\/p&gt; \" data-medium-file=\"https:\/\/www.tribunj.biz\/wp-content\/uploads\/2018\/04\/prvi\u0107-23-300x225.jpg\" data-large-file=\"https:\/\/www.tribunj.biz\/wp-content\/uploads\/2018\/04\/prvi\u0107-23-1024x768.jpg\" src=\"https:\/\/i0.wp.com\/www.tribunj.biz\/wp-content\/uploads\/2018\/04\/prvi%C4%87-23.jpg?w=188&#038;h=141&#038;ssl=1\" width=\"188\" height=\"141\" loading=\"lazy\" data-original-width=\"188\" data-original-height=\"141\" itemprop=\"http:\/\/schema.org\/image\" title=\"Prvi\u0107 sziget\" alt=\"Prvi\u0107 sziget\" style=\"width: 188px; height: 141px;\" \/> <\/a> <div class=\"tiled-gallery-caption\" itemprop=\"caption description\"> Prvi\u0107 sziget <\/div> <\/div> <\/div> <!-- close group --> <div class=\"gallery-group images-1\" style=\"width: 192px; height: 145px;\" data-original-width=\"192\" data-original-height=\"145\" > <div class=\"tiled-gallery-item tiled-gallery-item-small\" itemprop=\"associatedMedia\" itemscope itemtype=\"http:\/\/schema.org\/ImageObject\"> <a href=\"https:\/\/www.tribunj.biz\/hu\/gallery\/prvic-19\/\" border=\"0\" itemprop=\"url\"> <meta itemprop=\"width\" content=\"188\"> <meta itemprop=\"height\" content=\"141\"> <img decoding=\"async\" class=\"\" data-attachment-id=\"912\" data-orig-file=\"https:\/\/www.tribunj.biz\/wp-content\/uploads\/2018\/04\/prvi\u0107-19.jpg\" data-orig-size=\"1600,1200\" data-comments-opened=\"1\" data-image-meta=\"{&quot;aperture&quot;:&quot;9.3&quot;,&quot;credit&quot;:&quot;&quot;,&quot;camera&quot;:&quot;DSC-S500&quot;,&quot;caption&quot;:&quot;&quot;,&quot;created_timestamp&quot;:&quot;1188123748&quot;,&quot;copyright&quot;:&quot;&quot;,&quot;focal_length&quot;:&quot;14.04&quot;,&quot;iso&quot;:&quot;80&quot;,&quot;shutter_speed&quot;:&quot;0.008&quot;,&quot;title&quot;:&quot;&quot;,&quot;orientation&quot;:&quot;1&quot;}\" data-image-title=\"Island Prvi\u0107\" data-image-description=\"&lt;p&gt;Island Prvi\u0107&lt;\/p&gt; \" data-medium-file=\"https:\/\/www.tribunj.biz\/wp-content\/uploads\/2018\/04\/prvi\u0107-19-300x225.jpg\" data-large-file=\"https:\/\/www.tribunj.biz\/wp-content\/uploads\/2018\/04\/prvi\u0107-19-1024x768.jpg\" src=\"https:\/\/i0.wp.com\/www.tribunj.biz\/wp-content\/uploads\/2018\/04\/prvi%C4%87-19.jpg?w=188&#038;h=141&#038;ssl=1\" width=\"188\" height=\"141\" loading=\"lazy\" data-original-width=\"188\" data-original-height=\"141\" itemprop=\"http:\/\/schema.org\/image\" title=\"Prvi\u0107 sziget\" alt=\"Prvi\u0107 sziget\" style=\"width: 188px; height: 141px;\" \/> <\/a> <div class=\"tiled-gallery-caption\" itemprop=\"caption description\"> Prvi\u0107 sziget <\/div> <\/div> <\/div> <!-- close group --> <div class=\"gallery-group images-1\" style=\"width: 192px; height: 145px;\" data-original-width=\"192\" data-original-height=\"145\" > <div class=\"tiled-gallery-item tiled-gallery-item-small\" itemprop=\"associatedMedia\" itemscope itemtype=\"http:\/\/schema.org\/ImageObject\"> <a href=\"https:\/\/www.tribunj.biz\/hu\/gallery\/prvic-16\/\" border=\"0\" itemprop=\"url\"> <meta itemprop=\"width\" content=\"188\"> <meta itemprop=\"height\" content=\"141\"> <img decoding=\"async\" class=\"\" data-attachment-id=\"909\" data-orig-file=\"https:\/\/www.tribunj.biz\/wp-content\/uploads\/2018\/04\/prvi\u0107-16.jpg\" data-orig-size=\"1600,1200\" data-comments-opened=\"1\" data-image-meta=\"{&quot;aperture&quot;:&quot;5.6&quot;,&quot;credit&quot;:&quot;&quot;,&quot;camera&quot;:&quot;DSC-S500&quot;,&quot;caption&quot;:&quot;&quot;,&quot;created_timestamp&quot;:&quot;1188123697&quot;,&quot;copyright&quot;:&quot;&quot;,&quot;focal_length&quot;:&quot;5.4&quot;,&quot;iso&quot;:&quot;80&quot;,&quot;shutter_speed&quot;:&quot;0.0025&quot;,&quot;title&quot;:&quot;&quot;,&quot;orientation&quot;:&quot;1&quot;}\" data-image-title=\"Island Prvi\u0107\" data-image-description=\"&lt;p&gt;Island Prvi\u0107&lt;\/p&gt; \" data-medium-file=\"https:\/\/www.tribunj.biz\/wp-content\/uploads\/2018\/04\/prvi\u0107-16-300x225.jpg\" data-large-file=\"https:\/\/www.tribunj.biz\/wp-content\/uploads\/2018\/04\/prvi\u0107-16-1024x768.jpg\" src=\"https:\/\/i0.wp.com\/www.tribunj.biz\/wp-content\/uploads\/2018\/04\/prvi%C4%87-16.jpg?w=188&#038;h=141&#038;ssl=1\" width=\"188\" height=\"141\" loading=\"lazy\" data-original-width=\"188\" data-original-height=\"141\" itemprop=\"http:\/\/schema.org\/image\" title=\"Prvi\u0107 sziget\" alt=\"Prvi\u0107 sziget\" style=\"width: 188px; height: 141px;\" \/> <\/a> <div class=\"tiled-gallery-caption\" itemprop=\"caption description\"> Prvi\u0107 sziget <\/div> <\/div> <\/div> <!-- close group --> <\/div> <!-- close row --> <\/div>","protected":false},"excerpt":{"rendered":"<p>Prvi\u0107 egy kis sziget az Adriai-tenger horv\u00e1torsz\u00e1gi r\u00e9sz\u00e9n. A \u0161ibeniki szigetcsoportban tal\u00e1lhat\u00f3, k\u00f6r\u00fclbel\u00fcl f\u00e9l m\u00e9rf\u00f6ldre a sz\u00e1razf\u00f6ldt\u0151l, Vodice k\u00f6zel\u00e9ben. Az eg\u00e9sz sziget a horv\u00e1t Kultur\u00e1lis Miniszt\u00e9rium v\u00e9delme alatt \u00e1ll, mivel a sziget kultur\u00e1lis \u00f6r\u00f6ks\u00e9gnek sz\u00e1m\u00edt. Prvi\u0107 f\u0151bb ipar\u00e1gai \u2026 <a href=\"https:\/\/www.tribunj.biz\/hu\/activities\/island-prvic\/\" class=\"more-link\">olvasson tov\u00e1bb<span class=\"screen-reader-text\"> \u201ePrvi\u0107-sziget\u201d<\/span><\/a><\/p>","protected":false},"author":1,"featured_media":921,"parent":123,"menu_order":0,"comment_status":"closed","ping_status":"closed","template":"template-wide-screen-page.php","meta":{"advanced_seo_description":"","jetpack_seo_html_title":"","jetpack_seo_noindex":false,"footnotes":""},"class_list":["post-6606","page","type-page","status-publish","has-post-thumbnail","hentry"],"jetpack_sharing_enabled":true,"jetpack_likes_enabled":true,"_links":{"self":[{"href":"https:\/\/www.tribunj.biz\/hu\/wp-json\/wp\/v2\/pages\/6606","targetHints":{"allow":["GET"]}}],"collection":[{"href":"https:\/\/www.tribunj.biz\/hu\/wp-json\/wp\/v2\/pages"}],"about":[{"href":"https:\/\/www.tribunj.biz\/hu\/wp-json\/wp\/v2\/types\/page"}],"author":[{"embeddable":true,"href":"https:\/\/www.tribunj.biz\/hu\/wp-json\/wp\/v2\/users\/1"}],"replies":[{"embeddable":true,"href":"https:\/\/www.tribunj.biz\/hu\/wp-json\/wp\/v2\/comments?post=6606"}],"version-history":[{"count":0,"href":"https:\/\/www.tribunj.biz\/hu\/wp-json\/wp\/v2\/pages\/6606\/revisions"}],"up":[{"embeddable":true,"href":"https:\/\/www.tribunj.biz\/hu\/wp-json\/wp\/v2\/pages\/123"}],"wp:featuredmedia":[{"embeddable":true,"href":"https:\/\/www.tribunj.biz\/hu\/wp-json\/wp\/v2\/media\/921"}],"wp:attachment":[{"href":"https:\/\/www.tribunj.biz\/hu\/wp-json\/wp\/v2\/media?parent=6606"}],"curies":[{"name":"wp","href":"https:\/\/api.w.org\/{rel}","templated":true}]}}