{"id":6606,"date":"2018-06-22T12:24:24","date_gmt":"2018-06-22T10:24:24","guid":{"rendered":"https:\/\/www.tribunj.biz\/?page_id=6606"},"modified":"2025-02-17T01:48:46","modified_gmt":"2025-02-17T00:48:46","slug":"%e5%b3%b6%e3%81%ae%e3%83%97%e3%83%a9%e3%82%a4%e3%83%99%e3%83%bc%e3%83%88","status":"publish","type":"page","link":"https:\/\/www.tribunj.biz\/ja\/activities\/island-prvic\/","title":{"rendered":"\u30a2\u30a4\u30e9\u30f3\u30c9\u30d7\u30e9\u30d3\u30c3\u30c1"},"content":{"rendered":"<p>\u30d7\u30e9\u30d3\u30c3\u30c1\u306f\u30af\u30ed\u30a2\u30c1\u30a2\u306e\u30a2\u30c9\u30ea\u30a2\u6d77\u306e\u5c0f\u3055\u306a\u5cf6\u3067\u3059\u3002 Vodice\u306e\u8fd1\u304f\u306e\u672c\u571f\u304b\u3089\u7d04\u534a\u30de\u30a4\u30eb\u306e\u30b7\u30d9\u30cb\u30af\u5217\u5cf6\u306b\u4f4d\u7f6e\u3057\u3066\u3044\u307e\u3059\u3002\u5cf6\u306f\u6587\u5316\u907a\u7523\u3068\u307f\u306a\u3055\u308c\u3066\u3044\u308b\u305f\u3081\u3001\u30af\u30ed\u30a2\u30c1\u30a2\u6587\u5316\u7701\u306e\u4fdd\u8b77\u3092\u53d7\u3051\u3066\u3044\u307e\u3059\u3002<br \/>\n\u30d7\u30eb\u30f4\u30a3\u30c3\u30c1\u306e\u4e3b\u8981\u7523\u696d\u306f\u8fb2\u696d\uff08\u30d6\u30c9\u30a6\u3001\u30aa\u30ea\u30fc\u30d6\u3001\u30a4\u30c1\u30b8\u30af\uff09\u3001\u6f01\u696d\u3001\u305d\u3057\u3066\u89b3\u5149\u3067\u3059\u3002\u30d7\u30eb\u30f4\u30a3\u30c3\u30c1\u5468\u8fba\u306e\u6d77\u306f\u9b5a\u304c\u8c4a\u5bcc\u3067\u3059\u3002\u30d7\u30eb\u30f4\u30a3\u30c3\u30c1\u306e\u4f4f\u6c11\u306f\u3001\u7f8e\u5473\u3057\u304f\u5065\u5eb7\u7684\u306a\u30aa\u30ea\u30fc\u30d6\u30aa\u30a4\u30eb\u3068\u826f\u8cea\u306a\u30ef\u30a4\u30f3\u306e\u751f\u7523\u3067\u77e5\u3089\u308c\u3066\u3044\u307e\u3059\u3002\u524d\u8ff0\u306e\u3088\u3046\u306b\u3001\u5f7c\u3089\u306f\u6f01\u696d\u3082\u3088\u304f\u884c\u3063\u3066\u3044\u307e\u3059\u3002\u305d\u306e\u305f\u3081\u3001\u5730\u4e2d\u6d77\u6599\u7406\u3001\u7279\u306b\u30c0\u30eb\u30de\u30c1\u30a2\u6599\u7406\u304c\u4e00\u822c\u7684\u3067\u3059\u3002\u89b3\u5149\u306f\u5cf6\u306e\u6700\u3082\u91cd\u8981\u306a\u7d4c\u6e08\u7523\u696d\u3067\u3059\u3002\u5cf6\u306b\u306f\u30d7\u30eb\u30f4\u30a3\u30c3\u30c1\u30fb\u30eb\u30ab\u306b\u3042\u308b\u30db\u30c6\u30eb\u30fb\u30de\u30a8\u30b9\u30c8\u30e9\u30eb\u3068\u3044\u3046\u30db\u30c6\u30eb\u304c1\u8ed2\u3042\u308a\u307e\u3059\u304c\u3001\u5730\u5143\u306e\u4eba\u3005\u306f\u30a2\u30d1\u30fc\u30c8\u3001\u5bb6\u3001\u30f4\u30a3\u30e9\u3092\u89b3\u5149\u5ba2\u306b\u8cb8\u3057\u51fa\u3057\u3066\u3044\u307e\u3059\u3002.<br \/>\n\u5cf6\u306b\u306f3\u3064\u306e\u30ed\u30fc\u30de\u30ab\u30c8\u30ea\u30c3\u30af\u6559\u4f1a\u304c\u3042\u308a\u307e\u3059\u3002 \u0160epurine\u30672\u3064\u3068Prvi\u0107Luka\u30671\u3064\u3002 \u0160epurine\u306e\u5c0f\u3055\u306a\u6559\u4f1a\u306f\u4e2d\u4e16\u306b\u5efa\u3066\u3089\u308c\u300119\u4e16\u7d00\u306b\u306f\u3088\u308a\u5927\u304d\u306a\u6559\u4f1a\u3067\u3057\u305f\u3002\u97f3\u697d\u30b3\u30f3\u30b5\u30fc\u30c8\u3001\u7f8e\u8853\u5c55\u3001\u30b9\u30dd\u30fc\u30c4\u7af6\u6280\u4f1a\u306a\u3069\u3001\u591a\u304f\u306e\u6587\u5316\u30a4\u30d9\u30f3\u30c8\u304c\u5cf6\u306b\u3042\u308a\u307e\u3059\u3002<br \/>\n\u6bce\u5e748\u67082\u65e5\u306bPrvi\u0107Luka\u306b\u5730\u5143\u306e\u304a\u795d\u3044\u304c\u3042\u308a\u30018\u670816\u65e5\u306b\u306ffe\u0161ta\u304c\u0160epurine\u306b\u3042\u308a\u307e\u3059\u3002<br \/>\n\u5cf6\u306b\u306f2\u3064\u306e\u6751\u3001Prvi\u0107Luka\u3068\u0160epurine\u304c\u3042\u308a\u307e\u3059\u3002<br \/>\n\u5cf6\u306e\u7dcf\u9762\u7a4d\u306f2.37\u5e73\u65b9\u30ad\u30ed\u30e1\u30fc\u30c8\u30eb\u3067\u3001\u4eba\u53e3\u306f403\u4eba\u3067\u3059\uff082011\u5e74\u73fe\u5728\uff09\u3002\u30d7\u30ea\u30f4\u30a3\u30c3\u30c1\u306f\u30af\u30ed\u30a2\u30c1\u30a2\u30673\u756a\u76ee\u306b\u4eba\u53e3\u5bc6\u5ea6\u306e\u9ad8\u3044\u5cf6\u3067\u3059\u3002 \u0160epurine\u306fVodice\u306e\u53cd\u5bfe\u5074\u306e\u5cf6\u306e\u897f\u5074\u306b\u4f4d\u7f6e\u3057\u3066\u3044\u307e\u3059\u3002 Prvi\u0107Luka\u306f\u5357\u6771\u5074\u306e\u6700\u5927\u306e\u6e7e\u306b\u3042\u308a\u3001\u5317\u98a8\u3068\u897f\u98a8\u304b\u3089\u5341\u5206\u306b\u4fdd\u8b77\u3055\u308c\u3066\u3044\u307e\u3059\u3002\u6709\u540d\u306a\u30af\u30ed\u30a2\u30c1\u30a2\u4eba\u306e\u53f8\u6559\u3001\u767a\u660e\u5bb6\u3001\u305d\u3057\u3066\u653f\u6cbb\u5bb6\u3001\u30d5\u30a1\u30a6\u30b9\u30c8\u30fb\u30d6\u30e9\u30f3\u30c1\u30c3\u30c1\u306f\u3001\u30d7\u30e9\u30d3\u30c3\u30c1\u30fb\u30eb\u30ab\u306e\u6559\u4f1a\u306b\u57cb\u846c\u3055\u308c\u3066\u3044\u307e\u3059\u3002<br \/>\n\u0160epurine\u3067\u306f\u3001\u30d5\u30a1\u30a6\u30b9\u30c8\u30fb\u30d6\u30e9\u30f3\u30c1\u30c3\u30c1\u5bb6\u306f\u5927\u304d\u306a\u30d0\u30ed\u30c3\u30af\u69d8\u5f0f\u306e\u590f\u306e\u90b8\u5b85\u3092\u6240\u6709\u3057\u3066\u3044\u307e\u3057\u305f\u304c\u3001\u73fe\u5728\u306f\u30c9\u30e9\u30c3\u30ac\u30cb\u30c3\u30c1\u5bb6\u304c\u6240\u6709\u3057\u3066\u3044\u307e\u3059\u3002<br \/>\nSaint AnteAnti\u0107\u306f\u0160epurine\u3067\u751f\u307e\u308c\u307e\u3057\u305f\u3002<br \/>\n\u6d88\u9632\u8eca\u3092\u9664\u3044\u3066\u5cf6\u5168\u4f53\u306b\u8eca\u306f\u3042\u308a\u307e\u305b\u3093\u3002\u30c8\u30e9\u30af\u30bf\u30fc\u3084\u81ea\u8ee2\u8eca\u304c\u3044\u304f\u3064\u304b\u3042\u308a\u307e\u3059\u3002<br \/>\n\u5cf6\u306b\u306f\u591a\u304f\u306e\u53e4\u4ee3\u304a\u3088\u3073\u4e2d\u4e16\u306e\u907a\u7269\u304c\u767a\u898b\u3055\u308c\u307e\u3057\u305f\u3002<br \/>\n\u5cf6\u306e\u6d77\u5cb8\u7dda\u306f10.6\u30ad\u30ed\u30e1\u30fc\u30c8\u30eb\uff086.6\u30de\u30a4\u30eb\uff09\u3067\u3059\u3002<\/p>\n<div class=\"tiled-gallery type-rectangular tiled-gallery-unresized\" data-original-width=\"769\" data-carousel-extra='{&quot;blog_id&quot;:1,&quot;permalink&quot;:&quot;https:\\\/\\\/www.tribunj.biz\\\/ja\\\/activities\\\/island-prvic\\\/&quot;,&quot;likes_blog_id&quot;:145318477}' itemscope itemtype=\"http:\/\/schema.org\/ImageGallery\" > <div class=\"gallery-row\" style=\"width: 769px; height: 386px;\" data-original-width=\"769\" data-original-height=\"386\" > <div class=\"gallery-group images-1\" style=\"width: 513px; height: 386px;\" data-original-width=\"513\" data-original-height=\"386\" > <div class=\"tiled-gallery-item tiled-gallery-item-large\" itemprop=\"associatedMedia\" itemscope itemtype=\"http:\/\/schema.org\/ImageObject\"> <a href=\"https:\/\/www.tribunj.biz\/ja\/gallery\/prvic-15\/\" border=\"0\" itemprop=\"url\"> <meta itemprop=\"width\" content=\"509\"> <meta itemprop=\"height\" content=\"382\"> <img decoding=\"async\" class=\"\" data-attachment-id=\"936\" data-orig-file=\"https:\/\/www.tribunj.biz\/wp-content\/uploads\/2018\/04\/prvi\u0107-15.jpg\" data-orig-size=\"1600,1200\" data-comments-opened=\"1\" data-image-meta=\"{&quot;aperture&quot;:&quot;5.6&quot;,&quot;credit&quot;:&quot;&quot;,&quot;camera&quot;:&quot;DSC-S500&quot;,&quot;caption&quot;:&quot;&quot;,&quot;created_timestamp&quot;:&quot;1188123542&quot;,&quot;copyright&quot;:&quot;&quot;,&quot;focal_length&quot;:&quot;5.4&quot;,&quot;iso&quot;:&quot;80&quot;,&quot;shutter_speed&quot;:&quot;0.00125&quot;,&quot;title&quot;:&quot;&quot;,&quot;orientation&quot;:&quot;1&quot;}\" data-image-title=\"Prvi\u0107 church\" data-image-description=\"&lt;p&gt;Island Prvi\u0107 church&lt;\/p&gt; \" data-medium-file=\"https:\/\/www.tribunj.biz\/wp-content\/uploads\/2018\/04\/prvi\u0107-15-300x225.jpg\" data-large-file=\"https:\/\/www.tribunj.biz\/wp-content\/uploads\/2018\/04\/prvi\u0107-15-1024x768.jpg\" src=\"https:\/\/i0.wp.com\/www.tribunj.biz\/wp-content\/uploads\/2018\/04\/prvi%C4%87-15.jpg?w=509&#038;h=382&#038;ssl=1\" width=\"509\" height=\"382\" loading=\"lazy\" data-original-width=\"509\" data-original-height=\"382\" itemprop=\"http:\/\/schema.org\/image\" title=\"\u30d7\u30ea\u30f4\u30a3\u30c3\u30c1\u6559\u4f1a\" alt=\"\u5cf6\u306e\u30d7\u30ea\u30f4\u30a3\u30c3\u30c1\u6559\u4f1a\" style=\"width: 509px; height: 382px;\" \/> <\/a> <div class=\"tiled-gallery-caption\" itemprop=\"caption description\"> \u30d7\u30ea\u30f4\u30a3\u30c3\u30c1\u6559\u4f1a <\/div> <\/div> <\/div> <!-- close group --> <div class=\"gallery-group images-2\" style=\"width: 256px; height: 386px;\" data-original-width=\"256\" data-original-height=\"386\" > <div class=\"tiled-gallery-item tiled-gallery-item-large\" itemprop=\"associatedMedia\" itemscope itemtype=\"http:\/\/schema.org\/ImageObject\"> <a href=\"https:\/\/www.tribunj.biz\/ja\/gallery\/prvic-14\/\" border=\"0\" itemprop=\"url\"> <meta itemprop=\"width\" content=\"252\"> <meta itemprop=\"height\" content=\"189\"> <img decoding=\"async\" class=\"\" data-attachment-id=\"935\" data-orig-file=\"https:\/\/www.tribunj.biz\/wp-content\/uploads\/2018\/04\/prvi\u0107-14.jpg\" data-orig-size=\"1600,1200\" data-comments-opened=\"1\" data-image-meta=\"{&quot;aperture&quot;:&quot;5.6&quot;,&quot;credit&quot;:&quot;&quot;,&quot;camera&quot;:&quot;DSC-S500&quot;,&quot;caption&quot;:&quot;&quot;,&quot;created_timestamp&quot;:&quot;1188123235&quot;,&quot;copyright&quot;:&quot;&quot;,&quot;focal_length&quot;:&quot;5.4&quot;,&quot;iso&quot;:&quot;80&quot;,&quot;shutter_speed&quot;:&quot;0.002&quot;,&quot;title&quot;:&quot;&quot;,&quot;orientation&quot;:&quot;1&quot;}\" data-image-title=\"Island Prvi\u0107\" data-image-description=\"&lt;p&gt;Island Prvi\u0107&lt;\/p&gt; \" data-medium-file=\"https:\/\/www.tribunj.biz\/wp-content\/uploads\/2018\/04\/prvi\u0107-14-300x225.jpg\" data-large-file=\"https:\/\/www.tribunj.biz\/wp-content\/uploads\/2018\/04\/prvi\u0107-14-1024x768.jpg\" src=\"https:\/\/i0.wp.com\/www.tribunj.biz\/wp-content\/uploads\/2018\/04\/prvi%C4%87-14.jpg?w=252&#038;h=189&#038;ssl=1\" width=\"252\" height=\"189\" loading=\"lazy\" data-original-width=\"252\" data-original-height=\"189\" itemprop=\"http:\/\/schema.org\/image\" title=\"\u30a2\u30a4\u30e9\u30f3\u30c9\u30d7\u30e9\u30d3\u30c3\u30c1\" alt=\"\u30a2\u30a4\u30e9\u30f3\u30c9\u30d7\u30e9\u30d3\u30c3\u30c1\" style=\"width: 252px; height: 189px;\" \/> <\/a> <div class=\"tiled-gallery-caption\" itemprop=\"caption description\"> \u30a2\u30a4\u30e9\u30f3\u30c9\u30d7\u30e9\u30d3\u30c3\u30c1 <\/div> <\/div> <div class=\"tiled-gallery-item tiled-gallery-item-large\" itemprop=\"associatedMedia\" itemscope itemtype=\"http:\/\/schema.org\/ImageObject\"> <a href=\"https:\/\/www.tribunj.biz\/ja\/gallery\/prvic-9\/\" border=\"0\" itemprop=\"url\"> <meta itemprop=\"width\" content=\"252\"> <meta itemprop=\"height\" content=\"189\"> <img decoding=\"async\" class=\"\" data-attachment-id=\"930\" data-orig-file=\"https:\/\/www.tribunj.biz\/wp-content\/uploads\/2018\/04\/prvi\u0107-9.jpg\" data-orig-size=\"1600,1200\" data-comments-opened=\"1\" data-image-meta=\"{&quot;aperture&quot;:&quot;5.6&quot;,&quot;credit&quot;:&quot;&quot;,&quot;camera&quot;:&quot;DSC-S500&quot;,&quot;caption&quot;:&quot;&quot;,&quot;created_timestamp&quot;:&quot;1188123028&quot;,&quot;copyright&quot;:&quot;&quot;,&quot;focal_length&quot;:&quot;5.4&quot;,&quot;iso&quot;:&quot;80&quot;,&quot;shutter_speed&quot;:&quot;0.00125&quot;,&quot;title&quot;:&quot;&quot;,&quot;orientation&quot;:&quot;1&quot;}\" data-image-title=\"Island Prvi\u0107\" data-image-description=\"&lt;p&gt;Island Prvi\u0107&lt;\/p&gt; \" data-medium-file=\"https:\/\/www.tribunj.biz\/wp-content\/uploads\/2018\/04\/prvi\u0107-9-300x225.jpg\" data-large-file=\"https:\/\/www.tribunj.biz\/wp-content\/uploads\/2018\/04\/prvi\u0107-9-1024x768.jpg\" src=\"https:\/\/i0.wp.com\/www.tribunj.biz\/wp-content\/uploads\/2018\/04\/prvi%C4%87-9.jpg?w=252&#038;h=189&#038;ssl=1\" width=\"252\" height=\"189\" loading=\"lazy\" data-original-width=\"252\" data-original-height=\"189\" itemprop=\"http:\/\/schema.org\/image\" title=\"\u30a2\u30a4\u30e9\u30f3\u30c9\u30d7\u30e9\u30d3\u30c3\u30c1\" alt=\"\u30a2\u30a4\u30e9\u30f3\u30c9\u30d7\u30e9\u30d3\u30c3\u30c1\" style=\"width: 252px; height: 189px;\" \/> <\/a> <div class=\"tiled-gallery-caption\" itemprop=\"caption description\"> \u30a2\u30a4\u30e9\u30f3\u30c9\u30d7\u30e9\u30d3\u30c3\u30c1 <\/div> <\/div> <\/div> <!-- close group --> <\/div> <!-- close row --> <div class=\"gallery-row\" style=\"width: 769px; height: 145px;\" data-original-width=\"769\" data-original-height=\"145\" > <div class=\"gallery-group images-1\" style=\"width: 193px; height: 145px;\" data-original-width=\"193\" data-original-height=\"145\" > <div class=\"tiled-gallery-item tiled-gallery-item-small\" itemprop=\"associatedMedia\" itemscope itemtype=\"http:\/\/schema.org\/ImageObject\"> <a href=\"https:\/\/www.tribunj.biz\/ja\/gallery\/prvic-8\/\" border=\"0\" itemprop=\"url\"> <meta itemprop=\"width\" content=\"189\"> <meta itemprop=\"height\" content=\"141\"> <img decoding=\"async\" class=\"\" data-attachment-id=\"929\" data-orig-file=\"https:\/\/www.tribunj.biz\/wp-content\/uploads\/2018\/04\/prvi\u0107-8.jpg\" data-orig-size=\"1600,1200\" data-comments-opened=\"1\" data-image-meta=\"{&quot;aperture&quot;:&quot;5.6&quot;,&quot;credit&quot;:&quot;&quot;,&quot;camera&quot;:&quot;DSC-S500&quot;,&quot;caption&quot;:&quot;&quot;,&quot;created_timestamp&quot;:&quot;1188125046&quot;,&quot;copyright&quot;:&quot;&quot;,&quot;focal_length&quot;:&quot;5.4&quot;,&quot;iso&quot;:&quot;80&quot;,&quot;shutter_speed&quot;:&quot;0.001&quot;,&quot;title&quot;:&quot;&quot;,&quot;orientation&quot;:&quot;1&quot;}\" data-image-title=\"Island Prvi\u0107\" data-image-description=\"&lt;p&gt;Island Prvi\u0107 beach&lt;\/p&gt; \" data-medium-file=\"https:\/\/www.tribunj.biz\/wp-content\/uploads\/2018\/04\/prvi\u0107-8-300x225.jpg\" data-large-file=\"https:\/\/www.tribunj.biz\/wp-content\/uploads\/2018\/04\/prvi\u0107-8-1024x768.jpg\" src=\"https:\/\/i0.wp.com\/www.tribunj.biz\/wp-content\/uploads\/2018\/04\/prvi%C4%87-8.jpg?w=189&#038;h=141&#038;ssl=1\" width=\"189\" height=\"141\" loading=\"lazy\" data-original-width=\"189\" data-original-height=\"141\" itemprop=\"http:\/\/schema.org\/image\" title=\"\u30a2\u30a4\u30e9\u30f3\u30c9\u30d7\u30e9\u30d3\u30c3\u30c1\" alt=\"\u30a2\u30a4\u30e9\u30f3\u30c9\u30d7\u30e9\u30d3\u30c3\u30c1\" style=\"width: 189px; height: 141px;\" \/> <\/a> <div class=\"tiled-gallery-caption\" itemprop=\"caption description\"> \u30a2\u30a4\u30e9\u30f3\u30c9\u30d7\u30e9\u30d3\u30c3\u30c1 <\/div> <\/div> <\/div> <!-- close group --> <div class=\"gallery-group images-1\" style=\"width: 192px; height: 145px;\" data-original-width=\"192\" data-original-height=\"145\" > <div class=\"tiled-gallery-item tiled-gallery-item-small\" itemprop=\"associatedMedia\" itemscope itemtype=\"http:\/\/schema.org\/ImageObject\"> <a href=\"https:\/\/www.tribunj.biz\/ja\/gallery\/prvic-23\/\" border=\"0\" itemprop=\"url\"> <meta itemprop=\"width\" content=\"188\"> <meta itemprop=\"height\" content=\"141\"> <img decoding=\"async\" class=\"\" data-attachment-id=\"916\" data-orig-file=\"https:\/\/www.tribunj.biz\/wp-content\/uploads\/2018\/04\/prvi\u0107-23.jpg\" data-orig-size=\"1600,1200\" data-comments-opened=\"1\" data-image-meta=\"{&quot;aperture&quot;:&quot;5.6&quot;,&quot;credit&quot;:&quot;&quot;,&quot;camera&quot;:&quot;DSC-S500&quot;,&quot;caption&quot;:&quot;&quot;,&quot;created_timestamp&quot;:&quot;1188123911&quot;,&quot;copyright&quot;:&quot;&quot;,&quot;focal_length&quot;:&quot;5.4&quot;,&quot;iso&quot;:&quot;80&quot;,&quot;shutter_speed&quot;:&quot;0.00125&quot;,&quot;title&quot;:&quot;&quot;,&quot;orientation&quot;:&quot;1&quot;}\" data-image-title=\"Island Prvi\u0107\" data-image-description=\"&lt;p&gt;Island Prvi\u0107&lt;\/p&gt; \" data-medium-file=\"https:\/\/www.tribunj.biz\/wp-content\/uploads\/2018\/04\/prvi\u0107-23-300x225.jpg\" data-large-file=\"https:\/\/www.tribunj.biz\/wp-content\/uploads\/2018\/04\/prvi\u0107-23-1024x768.jpg\" src=\"https:\/\/i0.wp.com\/www.tribunj.biz\/wp-content\/uploads\/2018\/04\/prvi%C4%87-23.jpg?w=188&#038;h=141&#038;ssl=1\" width=\"188\" height=\"141\" loading=\"lazy\" data-original-width=\"188\" data-original-height=\"141\" itemprop=\"http:\/\/schema.org\/image\" title=\"\u30a2\u30a4\u30e9\u30f3\u30c9\u30d7\u30e9\u30d3\u30c3\u30c1\" alt=\"\u30a2\u30a4\u30e9\u30f3\u30c9\u30d7\u30e9\u30d3\u30c3\u30c1\" style=\"width: 188px; height: 141px;\" \/> <\/a> <div class=\"tiled-gallery-caption\" itemprop=\"caption description\"> \u30a2\u30a4\u30e9\u30f3\u30c9\u30d7\u30e9\u30d3\u30c3\u30c1 <\/div> <\/div> <\/div> <!-- close group --> <div class=\"gallery-group images-1\" style=\"width: 192px; height: 145px;\" data-original-width=\"192\" data-original-height=\"145\" > <div class=\"tiled-gallery-item tiled-gallery-item-small\" itemprop=\"associatedMedia\" itemscope itemtype=\"http:\/\/schema.org\/ImageObject\"> <a href=\"https:\/\/www.tribunj.biz\/ja\/gallery\/prvic-19\/\" border=\"0\" itemprop=\"url\"> <meta itemprop=\"width\" content=\"188\"> <meta itemprop=\"height\" content=\"141\"> <img decoding=\"async\" class=\"\" data-attachment-id=\"912\" data-orig-file=\"https:\/\/www.tribunj.biz\/wp-content\/uploads\/2018\/04\/prvi\u0107-19.jpg\" data-orig-size=\"1600,1200\" data-comments-opened=\"1\" data-image-meta=\"{&quot;aperture&quot;:&quot;9.3&quot;,&quot;credit&quot;:&quot;&quot;,&quot;camera&quot;:&quot;DSC-S500&quot;,&quot;caption&quot;:&quot;&quot;,&quot;created_timestamp&quot;:&quot;1188123748&quot;,&quot;copyright&quot;:&quot;&quot;,&quot;focal_length&quot;:&quot;14.04&quot;,&quot;iso&quot;:&quot;80&quot;,&quot;shutter_speed&quot;:&quot;0.008&quot;,&quot;title&quot;:&quot;&quot;,&quot;orientation&quot;:&quot;1&quot;}\" data-image-title=\"Island Prvi\u0107\" data-image-description=\"&lt;p&gt;Island Prvi\u0107&lt;\/p&gt; \" data-medium-file=\"https:\/\/www.tribunj.biz\/wp-content\/uploads\/2018\/04\/prvi\u0107-19-300x225.jpg\" data-large-file=\"https:\/\/www.tribunj.biz\/wp-content\/uploads\/2018\/04\/prvi\u0107-19-1024x768.jpg\" src=\"https:\/\/i0.wp.com\/www.tribunj.biz\/wp-content\/uploads\/2018\/04\/prvi%C4%87-19.jpg?w=188&#038;h=141&#038;ssl=1\" width=\"188\" height=\"141\" loading=\"lazy\" data-original-width=\"188\" data-original-height=\"141\" itemprop=\"http:\/\/schema.org\/image\" title=\"\u30a2\u30a4\u30e9\u30f3\u30c9\u30d7\u30e9\u30d3\u30c3\u30c1\" alt=\"\u30a2\u30a4\u30e9\u30f3\u30c9\u30d7\u30e9\u30d3\u30c3\u30c1\" style=\"width: 188px; height: 141px;\" \/> <\/a> <div class=\"tiled-gallery-caption\" itemprop=\"caption description\"> \u30a2\u30a4\u30e9\u30f3\u30c9\u30d7\u30e9\u30d3\u30c3\u30c1 <\/div> <\/div> <\/div> <!-- close group --> <div class=\"gallery-group images-1\" style=\"width: 192px; height: 145px;\" data-original-width=\"192\" data-original-height=\"145\" > <div class=\"tiled-gallery-item tiled-gallery-item-small\" itemprop=\"associatedMedia\" itemscope itemtype=\"http:\/\/schema.org\/ImageObject\"> <a href=\"https:\/\/www.tribunj.biz\/ja\/gallery\/prvic-16\/\" border=\"0\" itemprop=\"url\"> <meta itemprop=\"width\" content=\"188\"> <meta itemprop=\"height\" content=\"141\"> <img decoding=\"async\" class=\"\" data-attachment-id=\"909\" data-orig-file=\"https:\/\/www.tribunj.biz\/wp-content\/uploads\/2018\/04\/prvi\u0107-16.jpg\" data-orig-size=\"1600,1200\" data-comments-opened=\"1\" data-image-meta=\"{&quot;aperture&quot;:&quot;5.6&quot;,&quot;credit&quot;:&quot;&quot;,&quot;camera&quot;:&quot;DSC-S500&quot;,&quot;caption&quot;:&quot;&quot;,&quot;created_timestamp&quot;:&quot;1188123697&quot;,&quot;copyright&quot;:&quot;&quot;,&quot;focal_length&quot;:&quot;5.4&quot;,&quot;iso&quot;:&quot;80&quot;,&quot;shutter_speed&quot;:&quot;0.0025&quot;,&quot;title&quot;:&quot;&quot;,&quot;orientation&quot;:&quot;1&quot;}\" data-image-title=\"Island Prvi\u0107\" data-image-description=\"&lt;p&gt;Island Prvi\u0107&lt;\/p&gt; \" data-medium-file=\"https:\/\/www.tribunj.biz\/wp-content\/uploads\/2018\/04\/prvi\u0107-16-300x225.jpg\" data-large-file=\"https:\/\/www.tribunj.biz\/wp-content\/uploads\/2018\/04\/prvi\u0107-16-1024x768.jpg\" src=\"https:\/\/i0.wp.com\/www.tribunj.biz\/wp-content\/uploads\/2018\/04\/prvi%C4%87-16.jpg?w=188&#038;h=141&#038;ssl=1\" width=\"188\" height=\"141\" loading=\"lazy\" data-original-width=\"188\" data-original-height=\"141\" itemprop=\"http:\/\/schema.org\/image\" title=\"\u30a2\u30a4\u30e9\u30f3\u30c9\u30d7\u30e9\u30d3\u30c3\u30c1\" alt=\"\u30a2\u30a4\u30e9\u30f3\u30c9\u30d7\u30e9\u30d3\u30c3\u30c1\" style=\"width: 188px; height: 141px;\" \/> <\/a> <div class=\"tiled-gallery-caption\" itemprop=\"caption description\"> \u30a2\u30a4\u30e9\u30f3\u30c9\u30d7\u30e9\u30d3\u30c3\u30c1 <\/div> <\/div> <\/div> <!-- close group --> <\/div> <!-- close row --> <\/div>","protected":false},"excerpt":{"rendered":"<p>Prvi\u0107 is a small island in the Croatian part of the Adriatic Sea. It is situated in the \u0160ibenik archipelago, about half a mile from the mainland, in the vicinity of Vodice. The whole island is under protection of the Croatian Ministry of Culture since the island is considered a cultural heritage. Prvi\u0107 main industries are agriculture (grapes, olives and figs), fishing and tourism. The sea around Prvi\u0107 is quite rich with fish. Inhabitants of Prvi\u0107 are known for making tasty and healthy olive oil and good wine. As mentioned, they often go fishing as well. Therefore, Mediterranean cuisine, especially Dalmatian, is common. Tourism is the most important economic branch &hellip; <a href=\"https:\/\/www.tribunj.biz\/ja\/activities\/island-prvic\/\" class=\"more-link\">Continue reading<span class=\"screen-reader-text\"> &#8220;Island Prvi\u0107&#8221;<\/span><\/a><\/p>","protected":false},"author":1,"featured_media":921,"parent":123,"menu_order":0,"comment_status":"closed","ping_status":"closed","template":"template-wide-screen-page.php","meta":{"advanced_seo_description":"","jetpack_seo_html_title":"","jetpack_seo_noindex":false,"footnotes":""},"class_list":["post-6606","page","type-page","status-publish","has-post-thumbnail","hentry"],"jetpack_sharing_enabled":true,"jetpack_likes_enabled":true,"_links":{"self":[{"href":"https:\/\/www.tribunj.biz\/ja\/wp-json\/wp\/v2\/pages\/6606","targetHints":{"allow":["GET"]}}],"collection":[{"href":"https:\/\/www.tribunj.biz\/ja\/wp-json\/wp\/v2\/pages"}],"about":[{"href":"https:\/\/www.tribunj.biz\/ja\/wp-json\/wp\/v2\/types\/page"}],"author":[{"embeddable":true,"href":"https:\/\/www.tribunj.biz\/ja\/wp-json\/wp\/v2\/users\/1"}],"replies":[{"embeddable":true,"href":"https:\/\/www.tribunj.biz\/ja\/wp-json\/wp\/v2\/comments?post=6606"}],"version-history":[{"count":0,"href":"https:\/\/www.tribunj.biz\/ja\/wp-json\/wp\/v2\/pages\/6606\/revisions"}],"up":[{"embeddable":true,"href":"https:\/\/www.tribunj.biz\/ja\/wp-json\/wp\/v2\/pages\/123"}],"wp:featuredmedia":[{"embeddable":true,"href":"https:\/\/www.tribunj.biz\/ja\/wp-json\/wp\/v2\/media\/921"}],"wp:attachment":[{"href":"https:\/\/www.tribunj.biz\/ja\/wp-json\/wp\/v2\/media?parent=6606"}],"curies":[{"name":"wp","href":"https:\/\/api.w.org\/{rel}","templated":true}]}}