{"id":4998,"date":"2018-05-18T01:30:54","date_gmt":"2018-05-17T23:30:54","guid":{"rendered":"https:\/\/www.tribunj.biz\/?page_id=4998"},"modified":"2023-05-17T14:56:32","modified_gmt":"2023-05-17T12:56:32","slug":"polityka-prywatnosci","status":"publish","type":"page","link":"https:\/\/www.tribunj.biz\/pl\/privacy-policy\/","title":{"rendered":"Polityka prywatno\u015bci"},"content":{"rendered":"<h2>Kim jeste\u015bmy<\/h2>\n<p>Nasz adres strony to: <a href=\"https:\/\/www.tribunj.biz\/pl\/\">www.tribunj.biz<\/a><\/p>\n<p>Wynajmujemy apartamenty w ma\u0142ej miejscowo\u015bci Tribunj w Chorwacji.<\/p>\n<h2>Jakie dane osobowe zbieramy i dlaczego je zbieramy<\/h2>\n<h3>Komentarze<\/h3>\n<p>Kiedy go\u015bcie zostawiaj\u0105 komentarze na stronie, zbieramy dane pokazane w formularzu komentarzy, a tak\u017ce adres IP odwiedzaj\u0105cego i ci\u0105g agenta u\u017cytkownika przegl\u0105darki, aby pom\u00f3c w wykryciu spamu.<\/p>\n<p>Anonimowy ci\u0105g utworzony z adresu e-mail (zwany r\u00f3wnie\u017c hash) mo\u017ce by\u0107 dostarczony do us\u0142ugi Gravatar, aby sprawdzi\u0107, czy go u\u017cywasz. Polityka prywatno\u015bci serwisu Gravatar jest dost\u0119pna tutaj: https:\/\/automattic.com\/privacy\/. Po zatwierdzeniu Twojego komentarza Twoje zdj\u0119cie profilowe jest widoczne dla publiczno\u015bci w kontek\u015bcie Twojego komentarza.<\/p>\n<h3>G\u0142oska bezd\u017awi\u0119czna<\/h3>\n<p>Je\u015bli przesy\u0142asz zdj\u0119cia na stron\u0119 internetow\u0105, powiniene\u015b unika\u0107 przesy\u0142ania zdj\u0119\u0107 z wbudowanymi danymi lokalizacji (EXIF GPS). Odwiedzaj\u0105cy stron\u0119 mog\u0105 pobra\u0107 i wyodr\u0119bni\u0107 dane dotycz\u0105ce lokalizacji z obraz\u00f3w na stronie internetowej.<\/p>\n<h3>Formularze kontaktowe<\/h3>\n<p>Nie wykorzystujemy przekazywanych przez nie informacji do cel\u00f3w marketingowych.<\/p>\n<h3>Ciasteczka<\/h3>\n<p>Je\u015bli zostawisz komentarz na naszej stronie, mo\u017cesz zapisa\u0107 si\u0119 do zapisywania Twojego imienia i nazwiska, adresu e-mail oraz strony internetowej w ciasteczkach. S\u0105 one dla Twojej wygody, dzi\u0119ki czemu nie musisz wype\u0142nia\u0107 swoich danych ponownie, gdy zostawisz inny komentarz. Te ciasteczka b\u0119d\u0105 trwa\u0107 przez rok.<\/p>\n<p>Je\u015bli masz konto i logujesz si\u0119 do tej witryny, ustawimy tymczasowy plik cookie, aby ustali\u0107, czy Twoja przegl\u0105darka akceptuje pliki cookie. Ten plik cookie nie zawiera danych osobowych i jest usuwany po zamkni\u0119ciu przegl\u0105darki.<\/p>\n<p>Kiedy si\u0119 zalogujesz, stworzymy r\u00f3wnie\u017c kilka plik\u00f3w cookie, aby zapisa\u0107 twoje dane logowania i opcje wy\u015bwietlania ekranu. Pliki cookie do logowania trwaj\u0105 dwa dni, a pliki opcji na ekranie s\u0105 dost\u0119pne przez rok. Je\u015bli wybierzesz opcj\u0119 &quot;Zapami\u0119taj mnie&quot;, Tw\u00f3j login b\u0119dzie trwa\u0142 przez dwa tygodnie. Je\u015bli wylogujesz si\u0119 z konta, pliki cookie do logowania zostan\u0105 usuni\u0119te.<\/p>\n<p>Je\u015bli edytujesz lub opublikujesz artyku\u0142, dodatkowy plik cookie zostanie zapisany w Twojej przegl\u0105darce. Ten plik cookie nie zawiera \u017cadnych danych osobowych i po prostu wskazuje identyfikator posta artyku\u0142u, kt\u00f3ry w\u0142a\u015bnie edytowa\u0142e\u015b. Wygasa po 1 dniu.<\/p>\n<p>Niekt\u00f3re z naszych przycisk\u00f3w (<a href=\"https:\/\/www.facebook.com\/policies\/cookies\/\" target=\"_blank\" rel=\"noopener noreferrer\">Facebook<\/a>, <a href=\"https:\/\/help.twitter.com\/en\/rules-and-policies\/twitter-cookies\" target=\"_blank\" rel=\"noopener noreferrer\">\u015bwiergot<\/a>, <a href=\"https:\/\/policy.pinterest.com\/en\/cookies\" target=\"_blank\" rel=\"noopener noreferrer\">pinterest<\/a>, <a href=\"https:\/\/help.instagram.com\/1896641480634370?ref=ig\" target=\"_blank\" rel=\"noopener noreferrer\">instagram<\/a>, <a href=\"https:\/\/www.pocketliving.com\/cookie-policy\" target=\"_blank\" rel=\"noopener noreferrer\">kiesze\u0144<\/a>, <a href=\"https:\/\/www.whatsapp.com\/legal\/#key-updates\" target=\"_blank\" rel=\"noopener noreferrer\">whatsApp<\/a>) mo\u017ce u\u017cywa\u0107 plik\u00f3w cookie. Kliknij ka\u017cdy, aby sprawdzi\u0107 polityk\u0119 plik\u00f3w cookie.<\/p>\n<h3>Osadzone tre\u015bci z innych stron internetowych<\/h3>\n<p>Artyku\u0142y na tej stronie mog\u0105 zawiera\u0107 tre\u015bci osadzone (np. Filmy, zdj\u0119cia, artyku\u0142y itp.). Tre\u015bci osadzone z innych witryn zachowuj\u0105 si\u0119 w taki sam spos\u00f3b, jakby odwiedzaj\u0105cy odwiedzi\u0142 drug\u0105 stron\u0119.<\/p>\n<p>Witryny te mog\u0105 zbiera\u0107 dane o Tobie, wykorzystywa\u0107 pliki cookie, osadza\u0107 dodatkowe \u015bledzenie stron trzecich i monitorowa\u0107 interakcj\u0119 z t\u0105 zawarto\u015bci\u0105 osadzon\u0105, w tym \u015bledzi\u0107 interakcj\u0119 z zawarto\u015bci\u0105 osadzon\u0105, je\u015bli masz konto i jeste\u015b zalogowany na tej stronie.<\/p>\n<h2>Jak d\u0142ugo przechowujemy Twoje dane<\/h2>\n<p>Je\u015bli zostawisz komentarz, komentarz i jego metadane zostan\u0105 zatrzymane na czas nieokre\u015blony. Dzi\u0119ki temu mo\u017cemy automatycznie rozpoznawa\u0107 i zatwierdza\u0107 wszelkie komentarze uzupe\u0142niaj\u0105ce zamiast trzyma\u0107 je w kolejce moderacji.<\/p>\n<p>Dla u\u017cytkownik\u00f3w, kt\u00f3rzy rejestruj\u0105 si\u0119 w naszej witrynie (je\u015bli s\u0105), przechowujemy r\u00f3wnie\u017c dane osobowe, kt\u00f3re podaj\u0105 w swoim profilu u\u017cytkownika. Wszyscy u\u017cytkownicy mog\u0105 w dowolnym momencie wy\u015bwietla\u0107, edytowa\u0107 lub usuwa\u0107 swoje dane osobowe (z wyj\u0105tkiem tego, \u017ce nie mog\u0105 zmieni\u0107 swojej nazwy u\u017cytkownika). Administratorzy witryny mog\u0105 r\u00f3wnie\u017c wy\u015bwietla\u0107 i edytowa\u0107 te informacje.<\/p>\n<h2>Jakie masz prawa do twoich danych<\/h2>\n<p>Je\u015bli masz konto na tej stronie lub masz pozostawione komentarze, mo\u017cesz poprosi\u0107 o przes\u0142anie wyeksportowanego pliku danych osobowych, kt\u00f3re posiadamy o Tobie, w tym wszelkich danych, kt\u00f3re nam przekaza\u0142e\u015b. Mo\u017cesz r\u00f3wnie\u017c poprosi\u0107 o usuni\u0119cie wszelkich danych osobowych, kt\u00f3re posiadamy o Tobie. Nie obejmuje to \u017cadnych danych, kt\u00f3re jeste\u015bmy zobowi\u0105zani przechowywa\u0107 w celach administracyjnych, prawnych lub bezpiecze\u0144stwa.<\/p>\n<h2>Gdzie wysy\u0142amy twoje dane<\/h2>\n<p>Komentarze go\u015bci mog\u0105 by\u0107 sprawdzane za pomoc\u0105 automatycznej us\u0142ugi wykrywania spamu.<\/p>\n<h2>Co zbieramy i przechowujemy<\/h2>\n<p>Odwiedzaj\u0105c nasz\u0105 witryn\u0119, \u015bledzimy:<\/p>\n<ul>\n<li>Produkty, kt\u00f3re przegl\u0105dasz: u\u017cyjemy tego, by na przyk\u0142ad wy\u015bwietla\u0107 produkty, kt\u00f3re ostatnio ogl\u0105da\u0142e\u015b<\/li>\n<li>Lokalizacja, adres IP i typ przegl\u0105darki<\/li>\n<\/ul>\n<p>Przy zakupie od nas poprosimy Ci\u0119 o podanie informacji, w tym imienia i nazwiska, adresu rozliczeniowego, adresu e-mail, numeru telefonu, opcjonalnych informacji o koncie, takich jak nazwa u\u017cytkownika i has\u0142o. Wykorzystamy te informacje do takich cel\u00f3w, jak:<\/p>\n<ul>\n<li>Prze\u015blij informacje o swoim koncie i zam\u00f3wieniu<\/li>\n<li>Odpowiadaj na swoje pro\u015bby, w tym zwroty i reklamacje<\/li>\n<li>Przetwarzaj p\u0142atno\u015bci i zapobiegaj oszustwom<\/li>\n<li>Skonfiguruj swoje konto<\/li>\n<li>Przestrzegaj wszelkich zobowi\u0105za\u0144 prawnych, jakie mamy, takich jak obliczanie podatk\u00f3w<\/li>\n<li>Ulepsz nasz\u0105 ofert\u0119<\/li>\n<li>Wysy\u0142aj wiadomo\u015bci marketingowe, je\u015bli zdecydujesz si\u0119 je otrzymywa\u0107<\/li>\n<\/ul>\n<p>Je\u015bli utworzysz konto, przechowamy Twoje imi\u0119 i nazwisko, adres, adres e-mail i numer telefonu, kt\u00f3ry zostanie wykorzystany do wype\u0142nienia zam\u00f3wienia na przysz\u0142e zam\u00f3wienia.<\/p>\n<p>Zwykle przechowujemy informacje o Tobie tak d\u0142ugo, jak d\u0142ugo potrzebujemy informacji do cel\u00f3w, dla kt\u00f3rych je zbieramy i u\u017cywamy, i nie jeste\u015bmy prawnie zobowi\u0105zani do dalszego ich przechowywania. Na przyk\u0142ad b\u0119dziemy przechowywa\u0107 informacje o zam\u00f3wieniach przez XXX lata dla cel\u00f3w podatkowych i ksi\u0119gowych. Obejmuje to Twoje imi\u0119 i nazwisko, adres e-mail oraz adresy rozliczeniowe i wysy\u0142kowe.<\/p>\n<p>B\u0119dziemy r\u00f3wnie\u017c przechowywa\u0107 komentarze lub recenzje, je\u015bli zdecydujesz si\u0119 je opu\u015bci\u0107.<\/p>\n<h2>Kto w naszym zespole ma dost\u0119p<\/h2>\n<p>Cz\u0142onkowie naszego zespo\u0142u maj\u0105 dost\u0119p do informacji, kt\u00f3re nam przekazujesz.<\/p>\n<p>Nasi cz\u0142onkowie zespo\u0142u maj\u0105 dost\u0119p do tych informacji, aby pom\u00f3c w realizacji zam\u00f3wie\u0144, przetwarzaniu zwrot\u00f3w i pomocy technicznej.<\/p>\n<h2>Co dzielimy z innymi<\/h2>\n<p>Udost\u0119pniamy informacje stronom trzecim, kt\u00f3re pomagaj\u0105 nam w realizacji naszych zam\u00f3wie\u0144 i \u015bwiadczeniu us\u0142ug dla Ciebie; na przyk\u0142ad p\u0142atne wyp\u0142aty, google analytics, niekt\u00f3re wtyczki niezb\u0119dne do funkcjonowania strony w tej sprawie. Nie sprzedajemy \u017cadnych informacji ani nie wykorzystujemy ich w celu zapewnienia bezpiecze\u0144stwa.<\/p>\n<p>Ta witryna wykorzystuje buforowanie w celu przyspieszenia czasu odpowiedzi i lepszego do\u015bwiadczenia u\u017cytkownika. Buforowanie potencjalnie przechowuje duplikat ka\u017cdej strony internetowej wy\u015bwietlanej w tej witrynie. Wszystkie pliki pami\u0119ci podr\u0119cznej s\u0105 tymczasowe i nigdy nie s\u0105 dost\u0119pne dla os\u00f3b trzecich, z wyj\u0105tkiem sytuacji, gdy jest to konieczne do uzyskania pomocy technicznej od dostawcy wtyczki pami\u0119ci podr\u0119cznej. Pliki pami\u0119ci podr\u0119cznej wygasaj\u0105 zgodnie z harmonogramem ustalonym przez administratora witryny, ale w razie potrzeby mog\u0105 zosta\u0107 \u0142atwo usuni\u0119te przez administratora przed ich naturalnym wyga\u015bni\u0119ciem. Mo\u017cemy korzysta\u0107 z us\u0142ug QUIC.cloud do tymczasowego przetwarzania i buforowania Twoich danych. Prosz\u0119 zobaczy\u0107 <a href=\"https:\/\/quic.cloud\/privacy-policy\/\" target=\"_blank\" rel=\"noopener\">https:\/\/quic.cloud\/privacy-policy\/<\/a>\u00a0po wi\u0119cej szczeg\u00f3\u0142\u00f3w.<\/p>\n<p><span style=\"color: #23282d; font-family: inherit; font-size: 1.6em; font-weight: bold;\">Razem<\/span><\/p>\n<p>Cenimy sobie prywatno\u015b\u0107 i bezpiecze\u0144stwo informacji, kt\u00f3re nam udost\u0119pniacie. Niniejsza Polityka prywatno\u015bci opisuje, w jaki spos\u00f3b zbieramy, u\u017cywamy, dzielimy si\u0119, chronimy i przetwarzamy Twoje dane. Wszelkie informacje, kt\u00f3re nam przekazujesz, s\u0105 wykorzystywane wy\u0142\u0105cznie do przetwarzania i realizacji zakupu i \/ lub do wewn\u0119trznych cel\u00f3w analitycznych, zgodnie z niniejsz\u0105 Polityk\u0105 prywatno\u015bci. Udost\u0119pniamy tylko informacje do cel\u00f3w okre\u015blonych w niniejszej Polityce prywatno\u015bci, a my nie b\u0119dziemy sprzedawa\u0107 ani rozpowszechnia\u0107 \u017cadnych twoich informacji \u017cadnej stronie trzeciej. Podejmujemy uzasadnione pod wzgl\u0119dem handlowym starania, aby chroni\u0107 twoje dane przed nieuprawnionym ujawnieniem. Mo\u017cemy wykorzysta\u0107 informacje z twojego zam\u00f3wienia, aby przetworzy\u0107 tw\u00f3j zakup, zapewni\u0107 zwrot, zapewni\u0107 obs\u0142ug\u0119 klienta, ulepszy\u0107 lub dostosowa\u0107 nasze produkty i us\u0142ugi lub spe\u0142ni\u0107 odpowiednie wymagania finansowe, podatkowe, prawne lub zgodno\u015bci. Je\u015bli masz jakiekolwiek pytania lub w\u0105tpliwo\u015bci zwi\u0105zane z niniejsz\u0105 Polityk\u0105 prywatno\u015bci, skontaktuj si\u0119 z nami.<\/p>\n<p>Ochrona danych osobowych jest dla nas bardzo wa\u017cna. O ile zbieramy, przetwarzamy lub wykorzystujemy dane osobowe o Tobie w ramach \u015bwiadczonych us\u0142ug, robimy to zgodnie z odpowiednimi europejskimi przepisami o ochronie danych. Bardziej szczeg\u00f3\u0142owe sprawdzenie Polityki prywatno\u015bci\u00a0<a href=\"https:\/\/www.tribunj.biz\/pl\/polityka-prywatnosci\/\" target=\"_blank\" rel=\"noopener noreferrer\">tutaj<\/a>. (Je\u015bli akceptujesz\u00a0<a href=\"https:\/\/www.tribunj.biz\/pl\/ogolne-warunki-najmu\/\">Og\u00f3lne warunki najmu<\/a>\u00a0dokument to r\u00f3wnie\u017c zgadzasz si\u0119\u00a0<a href=\"https:\/\/www.tribunj.biz\/pl\/polityka-prywatnosci\/\" target=\"_blank\" rel=\"noopener noreferrer\">Polityka prywatno\u015bci<\/a>)<\/p>","protected":false},"excerpt":{"rendered":"<p>Kim jeste\u015bmy Adres naszej strony internetowej to: www.tribunj.biz Wynajmujemy apartamenty w ma\u0142ej miejscowo\u015bci Tribunj w Chorwacji. Jakie dane osobowe zbieramy i dlaczego je zbieramy Komentarze Kiedy odwiedzaj\u0105cy witryn\u0119 zostawia komentarz, zbieramy dane widoczne w formularzu komentowania, a tak\u017ce adres IP odwiedzaj\u0105cego i podpis jego przegl\u0105darki\u2026 <a href=\"https:\/\/www.tribunj.biz\/pl\/privacy-policy\/\" class=\"more-link\">Kontynuuj czytanie<span class=\"screen-reader-text\"> &quot;Polityka prywatno\u015bci&quot;<\/span><\/a><\/p>","protected":false},"author":1,"featured_media":0,"parent":0,"menu_order":0,"comment_status":"closed","ping_status":"closed","template":"template-full-width-page.php","meta":{"advanced_seo_description":"","jetpack_seo_html_title":"","jetpack_seo_noindex":false,"footnotes":""},"class_list":["post-4998","page","type-page","status-publish","hentry"],"jetpack_sharing_enabled":false,"jetpack_likes_enabled":false,"_links":{"self":[{"href":"https:\/\/www.tribunj.biz\/pl\/wp-json\/wp\/v2\/pages\/4998","targetHints":{"allow":["GET"]}}],"collection":[{"href":"https:\/\/www.tribunj.biz\/pl\/wp-json\/wp\/v2\/pages"}],"about":[{"href":"https:\/\/www.tribunj.biz\/pl\/wp-json\/wp\/v2\/types\/page"}],"author":[{"embeddable":true,"href":"https:\/\/www.tribunj.biz\/pl\/wp-json\/wp\/v2\/users\/1"}],"replies":[{"embeddable":true,"href":"https:\/\/www.tribunj.biz\/pl\/wp-json\/wp\/v2\/comments?post=4998"}],"version-history":[{"count":0,"href":"https:\/\/www.tribunj.biz\/pl\/wp-json\/wp\/v2\/pages\/4998\/revisions"}],"wp:attachment":[{"href":"https:\/\/www.tribunj.biz\/pl\/wp-json\/wp\/v2\/media?parent=4998"}],"curies":[{"name":"wp","href":"https:\/\/api.w.org\/{rel}","templated":true}]}}