{"id":6606,"date":"2018-06-22T12:24:24","date_gmt":"2018-06-22T10:24:24","guid":{"rendered":"https:\/\/www.tribunj.biz\/?page_id=6606"},"modified":"2025-02-17T01:48:46","modified_gmt":"2025-02-17T00:48:46","slug":"wyspa-prvic","status":"publish","type":"page","link":"https:\/\/www.tribunj.biz\/pl\/activities\/island-prvic\/","title":{"rendered":"Wyspa Prvi\u0107"},"content":{"rendered":"<p>Prvi\u0107 to ma\u0142a wyspa w chorwackiej cz\u0119\u015bci Morza Adriatyckiego. Znajduje si\u0119 w archipelagu szybenickim, oko\u0142o p\u00f3\u0142 mili od l\u0105du, w pobli\u017cu Vodic. Ca\u0142a wyspa jest pod ochron\u0105 chorwackiego Ministerstwa Kultury, poniewa\u017c wyspa jest uwa\u017cana za dziedzictwo kulturowe.<br \/>\nG\u0142\u00f3wne ga\u0142\u0119zie przemys\u0142u w Prvi\u0107 to rolnictwo (winogrona, oliwki i figi), rybo\u0142\u00f3wstwo i turystyka. Morze wok\u00f3\u0142 Prvi\u0107 jest do\u015b\u0107 bogate w ryby. Mieszka\u0144cy Prvi\u0107 s\u0105 znani z produkcji smacznej i zdrowej oliwy z oliwek oraz dobrego wina. Jak wspomniano, cz\u0119sto \u0142owi\u0105 ryby. Dlatego powszechna jest kuchnia \u015br\u00f3dziemnomorska, zw\u0142aszcza dalmaty\u0144ska. Turystyka jest najwa\u017cniejsz\u0105 ga\u0142\u0119zi\u0105 gospodarki na wyspie. Na wyspie znajduje si\u0119 tylko jeden hotel, Hotel Maestral w Prvi\u0107 Luka, ale miejscowi wynajmuj\u0105 swoje apartamenty, domy i wille turystom.<br \/>\nNa wyspie znajduj\u0105 si\u0119 trzy ko\u015bcio\u0142y rzymskokatolickie. Dwa w \u0160epurine i jeden w Prvi\u0107 Luka. Mniejszy ko\u015bci\u00f3\u0142 w \u0160epurine by\u0142 zbudowany w \u015bredniowieczu, a wi\u0119kszy w 19 wieku. W ci\u0105gu roku na wyspie odbywa si\u0119 wiele wydarze\u0144 kulturalnych, takich jak koncerty muzyczne, wystawy sztuki, liczne zawody sportowe i inne.<br \/>\nKa\u017cdego roku 2 sierpnia odbywa si\u0119 lokalne \u015bwi\u0119to w Prvi\u0107 Luka, a 16 sierpnia fe\u0161ta znajduje si\u0119 w \u0160epurine.<br \/>\nNa wyspie s\u0105 dwie wioski: Prvi\u0107 Luka i \u0160epurine.<br \/>\nCa\u0142kowita powierzchnia wyspy wynosi 2,37 km2 i liczy 403 mieszka\u0144c\u00f3w (od 2011 r.). Prvi\u0107 to trzecia najg\u0119\u015bciej zaludniona wyspa w Chorwacji. \u0160epurine znajduje si\u0119 po zachodniej stronie wyspy naprzeciwko Vodice. Prvi\u0107 Luka znajduje si\u0119 w najwi\u0119kszej zatoce od strony po\u0142udniowo-wschodniej i jest dobrze os\u0142oni\u0119ty od p\u00f3\u0142nocnych i zachodnich wiatr\u00f3w. S\u0142ynny chorwacki biskup, wynalazca i znany na ca\u0142ym \u015bwiecie Faust Vran\u010di\u0107 jest pochowany w ko\u015bciele w Prvi\u0107 Luka.<br \/>\nW \u0160epurine rodzina Faust\u00f3w Vran\u010di\u0107\u00f3w mia\u0142a du\u017c\u0105 letni\u0105 rezydencj\u0119 w stylu barokowym, kt\u00f3ra obecnie znajduje si\u0119 w posiadaniu rodziny Dragani\u0107.<br \/>\n\u015awi\u0119ty Ante Anti\u0107 urodzi\u0142 si\u0119 w \u0160epurine.<br \/>\nNa ca\u0142ej wyspie nie ma samochod\u00f3w, z wyj\u0105tkiem samochodu stra\u017cackiego. Jest kilka traktor\u00f3w i rower\u00f3w.<br \/>\nNa wyspie znaleziono wiele staro\u017cytnych i \u015bredniowiecznych artefakt\u00f3w.<br \/>\nLinia brzegowa wyspy ma 10,6 km d\u0142ugo\u015bci.<\/p>\n<div class=\"tiled-gallery type-rectangular tiled-gallery-unresized\" data-original-width=\"769\" data-carousel-extra='{&quot;blog_id&quot;:1,&quot;permalink&quot;:&quot;https:\\\/\\\/www.tribunj.biz\\\/pl\\\/activities\\\/island-prvic\\\/&quot;,&quot;likes_blog_id&quot;:145318477}' itemscope itemtype=\"http:\/\/schema.org\/ImageGallery\" > <div class=\"gallery-row\" style=\"width: 769px; height: 386px;\" data-original-width=\"769\" data-original-height=\"386\" > <div class=\"gallery-group images-1\" style=\"width: 513px; height: 386px;\" data-original-width=\"513\" data-original-height=\"386\" > <div class=\"tiled-gallery-item tiled-gallery-item-large\" itemprop=\"associatedMedia\" itemscope itemtype=\"http:\/\/schema.org\/ImageObject\"> <a href=\"https:\/\/www.tribunj.biz\/pl\/gallery\/prvic-15\/\" border=\"0\" itemprop=\"url\"> <meta itemprop=\"width\" content=\"509\"> <meta itemprop=\"height\" content=\"382\"> <img decoding=\"async\" class=\"\" data-attachment-id=\"936\" data-orig-file=\"https:\/\/www.tribunj.biz\/wp-content\/uploads\/2018\/04\/prvi\u0107-15.jpg\" data-orig-size=\"1600,1200\" data-comments-opened=\"1\" data-image-meta=\"{&quot;aperture&quot;:&quot;5.6&quot;,&quot;credit&quot;:&quot;&quot;,&quot;camera&quot;:&quot;DSC-S500&quot;,&quot;caption&quot;:&quot;&quot;,&quot;created_timestamp&quot;:&quot;1188123542&quot;,&quot;copyright&quot;:&quot;&quot;,&quot;focal_length&quot;:&quot;5.4&quot;,&quot;iso&quot;:&quot;80&quot;,&quot;shutter_speed&quot;:&quot;0.00125&quot;,&quot;title&quot;:&quot;&quot;,&quot;orientation&quot;:&quot;1&quot;}\" data-image-title=\"Prvi\u0107 church\" data-image-description=\"&lt;p&gt;Island Prvi\u0107 church&lt;\/p&gt; \" data-medium-file=\"https:\/\/www.tribunj.biz\/wp-content\/uploads\/2018\/04\/prvi\u0107-15-300x225.jpg\" data-large-file=\"https:\/\/www.tribunj.biz\/wp-content\/uploads\/2018\/04\/prvi\u0107-15-1024x768.jpg\" src=\"https:\/\/i0.wp.com\/www.tribunj.biz\/wp-content\/uploads\/2018\/04\/prvi%C4%87-15.jpg?w=509&#038;h=382&#038;ssl=1\" width=\"509\" height=\"382\" loading=\"lazy\" data-original-width=\"509\" data-original-height=\"382\" itemprop=\"http:\/\/schema.org\/image\" title=\"Ko\u015bci\u00f3\u0142 Prvicia\" alt=\"Ko\u015bci\u00f3\u0142 na wyspie Prvi\u0107\" style=\"width: 509px; height: 382px;\" \/> <\/a> <div class=\"tiled-gallery-caption\" itemprop=\"caption description\"> Ko\u015bci\u00f3\u0142 Prvicia <\/div> <\/div> <\/div> <!-- close group --> <div class=\"gallery-group images-2\" style=\"width: 256px; height: 386px;\" data-original-width=\"256\" data-original-height=\"386\" > <div class=\"tiled-gallery-item tiled-gallery-item-large\" itemprop=\"associatedMedia\" itemscope itemtype=\"http:\/\/schema.org\/ImageObject\"> <a href=\"https:\/\/www.tribunj.biz\/pl\/gallery\/prvic-14\/\" border=\"0\" itemprop=\"url\"> <meta itemprop=\"width\" content=\"252\"> <meta itemprop=\"height\" content=\"189\"> <img decoding=\"async\" class=\"\" data-attachment-id=\"935\" data-orig-file=\"https:\/\/www.tribunj.biz\/wp-content\/uploads\/2018\/04\/prvi\u0107-14.jpg\" data-orig-size=\"1600,1200\" data-comments-opened=\"1\" data-image-meta=\"{&quot;aperture&quot;:&quot;5.6&quot;,&quot;credit&quot;:&quot;&quot;,&quot;camera&quot;:&quot;DSC-S500&quot;,&quot;caption&quot;:&quot;&quot;,&quot;created_timestamp&quot;:&quot;1188123235&quot;,&quot;copyright&quot;:&quot;&quot;,&quot;focal_length&quot;:&quot;5.4&quot;,&quot;iso&quot;:&quot;80&quot;,&quot;shutter_speed&quot;:&quot;0.002&quot;,&quot;title&quot;:&quot;&quot;,&quot;orientation&quot;:&quot;1&quot;}\" data-image-title=\"Island Prvi\u0107\" data-image-description=\"&lt;p&gt;Island Prvi\u0107&lt;\/p&gt; \" data-medium-file=\"https:\/\/www.tribunj.biz\/wp-content\/uploads\/2018\/04\/prvi\u0107-14-300x225.jpg\" data-large-file=\"https:\/\/www.tribunj.biz\/wp-content\/uploads\/2018\/04\/prvi\u0107-14-1024x768.jpg\" src=\"https:\/\/i0.wp.com\/www.tribunj.biz\/wp-content\/uploads\/2018\/04\/prvi%C4%87-14.jpg?w=252&#038;h=189&#038;ssl=1\" width=\"252\" height=\"189\" loading=\"lazy\" data-original-width=\"252\" data-original-height=\"189\" itemprop=\"http:\/\/schema.org\/image\" title=\"Wyspa Prvi\u0107\" alt=\"Wyspa Prvi\u0107\" style=\"width: 252px; height: 189px;\" \/> <\/a> <div class=\"tiled-gallery-caption\" itemprop=\"caption description\"> Wyspa Prvi\u0107 <\/div> <\/div> <div class=\"tiled-gallery-item tiled-gallery-item-large\" itemprop=\"associatedMedia\" itemscope itemtype=\"http:\/\/schema.org\/ImageObject\"> <a href=\"https:\/\/www.tribunj.biz\/pl\/gallery\/prvic-9\/\" border=\"0\" itemprop=\"url\"> <meta itemprop=\"width\" content=\"252\"> <meta itemprop=\"height\" content=\"189\"> <img decoding=\"async\" class=\"\" data-attachment-id=\"930\" data-orig-file=\"https:\/\/www.tribunj.biz\/wp-content\/uploads\/2018\/04\/prvi\u0107-9.jpg\" data-orig-size=\"1600,1200\" data-comments-opened=\"1\" data-image-meta=\"{&quot;aperture&quot;:&quot;5.6&quot;,&quot;credit&quot;:&quot;&quot;,&quot;camera&quot;:&quot;DSC-S500&quot;,&quot;caption&quot;:&quot;&quot;,&quot;created_timestamp&quot;:&quot;1188123028&quot;,&quot;copyright&quot;:&quot;&quot;,&quot;focal_length&quot;:&quot;5.4&quot;,&quot;iso&quot;:&quot;80&quot;,&quot;shutter_speed&quot;:&quot;0.00125&quot;,&quot;title&quot;:&quot;&quot;,&quot;orientation&quot;:&quot;1&quot;}\" data-image-title=\"Island Prvi\u0107\" data-image-description=\"&lt;p&gt;Island Prvi\u0107&lt;\/p&gt; \" data-medium-file=\"https:\/\/www.tribunj.biz\/wp-content\/uploads\/2018\/04\/prvi\u0107-9-300x225.jpg\" data-large-file=\"https:\/\/www.tribunj.biz\/wp-content\/uploads\/2018\/04\/prvi\u0107-9-1024x768.jpg\" src=\"https:\/\/i0.wp.com\/www.tribunj.biz\/wp-content\/uploads\/2018\/04\/prvi%C4%87-9.jpg?w=252&#038;h=189&#038;ssl=1\" width=\"252\" height=\"189\" loading=\"lazy\" data-original-width=\"252\" data-original-height=\"189\" itemprop=\"http:\/\/schema.org\/image\" title=\"Wyspa Prvi\u0107\" alt=\"Wyspa Prvi\u0107\" style=\"width: 252px; height: 189px;\" \/> <\/a> <div class=\"tiled-gallery-caption\" itemprop=\"caption description\"> Wyspa Prvi\u0107 <\/div> <\/div> <\/div> <!-- close group --> <\/div> <!-- close row --> <div class=\"gallery-row\" style=\"width: 769px; height: 145px;\" data-original-width=\"769\" data-original-height=\"145\" > <div class=\"gallery-group images-1\" style=\"width: 193px; height: 145px;\" data-original-width=\"193\" data-original-height=\"145\" > <div class=\"tiled-gallery-item tiled-gallery-item-small\" itemprop=\"associatedMedia\" itemscope itemtype=\"http:\/\/schema.org\/ImageObject\"> <a href=\"https:\/\/www.tribunj.biz\/pl\/gallery\/prvic-8\/\" border=\"0\" itemprop=\"url\"> <meta itemprop=\"width\" content=\"189\"> <meta itemprop=\"height\" content=\"141\"> <img decoding=\"async\" class=\"\" data-attachment-id=\"929\" data-orig-file=\"https:\/\/www.tribunj.biz\/wp-content\/uploads\/2018\/04\/prvi\u0107-8.jpg\" data-orig-size=\"1600,1200\" data-comments-opened=\"1\" data-image-meta=\"{&quot;aperture&quot;:&quot;5.6&quot;,&quot;credit&quot;:&quot;&quot;,&quot;camera&quot;:&quot;DSC-S500&quot;,&quot;caption&quot;:&quot;&quot;,&quot;created_timestamp&quot;:&quot;1188125046&quot;,&quot;copyright&quot;:&quot;&quot;,&quot;focal_length&quot;:&quot;5.4&quot;,&quot;iso&quot;:&quot;80&quot;,&quot;shutter_speed&quot;:&quot;0.001&quot;,&quot;title&quot;:&quot;&quot;,&quot;orientation&quot;:&quot;1&quot;}\" data-image-title=\"Island Prvi\u0107\" data-image-description=\"&lt;p&gt;Island Prvi\u0107 beach&lt;\/p&gt; \" data-medium-file=\"https:\/\/www.tribunj.biz\/wp-content\/uploads\/2018\/04\/prvi\u0107-8-300x225.jpg\" data-large-file=\"https:\/\/www.tribunj.biz\/wp-content\/uploads\/2018\/04\/prvi\u0107-8-1024x768.jpg\" src=\"https:\/\/i0.wp.com\/www.tribunj.biz\/wp-content\/uploads\/2018\/04\/prvi%C4%87-8.jpg?w=189&#038;h=141&#038;ssl=1\" width=\"189\" height=\"141\" loading=\"lazy\" data-original-width=\"189\" data-original-height=\"141\" itemprop=\"http:\/\/schema.org\/image\" title=\"Wyspa Prvi\u0107\" alt=\"Wyspa Prvi\u0107\" style=\"width: 189px; height: 141px;\" \/> <\/a> <div class=\"tiled-gallery-caption\" itemprop=\"caption description\"> Wyspa Prvi\u0107 <\/div> <\/div> <\/div> <!-- close group --> <div class=\"gallery-group images-1\" style=\"width: 192px; height: 145px;\" data-original-width=\"192\" data-original-height=\"145\" > <div class=\"tiled-gallery-item tiled-gallery-item-small\" itemprop=\"associatedMedia\" itemscope itemtype=\"http:\/\/schema.org\/ImageObject\"> <a href=\"https:\/\/www.tribunj.biz\/pl\/gallery\/prvic-23\/\" border=\"0\" itemprop=\"url\"> <meta itemprop=\"width\" content=\"188\"> <meta itemprop=\"height\" content=\"141\"> <img decoding=\"async\" class=\"\" data-attachment-id=\"916\" data-orig-file=\"https:\/\/www.tribunj.biz\/wp-content\/uploads\/2018\/04\/prvi\u0107-23.jpg\" data-orig-size=\"1600,1200\" data-comments-opened=\"1\" data-image-meta=\"{&quot;aperture&quot;:&quot;5.6&quot;,&quot;credit&quot;:&quot;&quot;,&quot;camera&quot;:&quot;DSC-S500&quot;,&quot;caption&quot;:&quot;&quot;,&quot;created_timestamp&quot;:&quot;1188123911&quot;,&quot;copyright&quot;:&quot;&quot;,&quot;focal_length&quot;:&quot;5.4&quot;,&quot;iso&quot;:&quot;80&quot;,&quot;shutter_speed&quot;:&quot;0.00125&quot;,&quot;title&quot;:&quot;&quot;,&quot;orientation&quot;:&quot;1&quot;}\" data-image-title=\"Island Prvi\u0107\" data-image-description=\"&lt;p&gt;Island Prvi\u0107&lt;\/p&gt; \" data-medium-file=\"https:\/\/www.tribunj.biz\/wp-content\/uploads\/2018\/04\/prvi\u0107-23-300x225.jpg\" data-large-file=\"https:\/\/www.tribunj.biz\/wp-content\/uploads\/2018\/04\/prvi\u0107-23-1024x768.jpg\" src=\"https:\/\/i0.wp.com\/www.tribunj.biz\/wp-content\/uploads\/2018\/04\/prvi%C4%87-23.jpg?w=188&#038;h=141&#038;ssl=1\" width=\"188\" height=\"141\" loading=\"lazy\" data-original-width=\"188\" data-original-height=\"141\" itemprop=\"http:\/\/schema.org\/image\" title=\"Wyspa Prvi\u0107\" alt=\"Wyspa Prvi\u0107\" style=\"width: 188px; height: 141px;\" \/> <\/a> <div class=\"tiled-gallery-caption\" itemprop=\"caption description\"> Wyspa Prvi\u0107 <\/div> <\/div> <\/div> <!-- close group --> <div class=\"gallery-group images-1\" style=\"width: 192px; height: 145px;\" data-original-width=\"192\" data-original-height=\"145\" > <div class=\"tiled-gallery-item tiled-gallery-item-small\" itemprop=\"associatedMedia\" itemscope itemtype=\"http:\/\/schema.org\/ImageObject\"> <a href=\"https:\/\/www.tribunj.biz\/pl\/gallery\/prvic-19\/\" border=\"0\" itemprop=\"url\"> <meta itemprop=\"width\" content=\"188\"> <meta itemprop=\"height\" content=\"141\"> <img decoding=\"async\" class=\"\" data-attachment-id=\"912\" data-orig-file=\"https:\/\/www.tribunj.biz\/wp-content\/uploads\/2018\/04\/prvi\u0107-19.jpg\" data-orig-size=\"1600,1200\" data-comments-opened=\"1\" data-image-meta=\"{&quot;aperture&quot;:&quot;9.3&quot;,&quot;credit&quot;:&quot;&quot;,&quot;camera&quot;:&quot;DSC-S500&quot;,&quot;caption&quot;:&quot;&quot;,&quot;created_timestamp&quot;:&quot;1188123748&quot;,&quot;copyright&quot;:&quot;&quot;,&quot;focal_length&quot;:&quot;14.04&quot;,&quot;iso&quot;:&quot;80&quot;,&quot;shutter_speed&quot;:&quot;0.008&quot;,&quot;title&quot;:&quot;&quot;,&quot;orientation&quot;:&quot;1&quot;}\" data-image-title=\"Island Prvi\u0107\" data-image-description=\"&lt;p&gt;Island Prvi\u0107&lt;\/p&gt; \" data-medium-file=\"https:\/\/www.tribunj.biz\/wp-content\/uploads\/2018\/04\/prvi\u0107-19-300x225.jpg\" data-large-file=\"https:\/\/www.tribunj.biz\/wp-content\/uploads\/2018\/04\/prvi\u0107-19-1024x768.jpg\" src=\"https:\/\/i0.wp.com\/www.tribunj.biz\/wp-content\/uploads\/2018\/04\/prvi%C4%87-19.jpg?w=188&#038;h=141&#038;ssl=1\" width=\"188\" height=\"141\" loading=\"lazy\" data-original-width=\"188\" data-original-height=\"141\" itemprop=\"http:\/\/schema.org\/image\" title=\"Wyspa Prvi\u0107\" alt=\"Wyspa Prvi\u0107\" style=\"width: 188px; height: 141px;\" \/> <\/a> <div class=\"tiled-gallery-caption\" itemprop=\"caption description\"> Wyspa Prvi\u0107 <\/div> <\/div> <\/div> <!-- close group --> <div class=\"gallery-group images-1\" style=\"width: 192px; height: 145px;\" data-original-width=\"192\" data-original-height=\"145\" > <div class=\"tiled-gallery-item tiled-gallery-item-small\" itemprop=\"associatedMedia\" itemscope itemtype=\"http:\/\/schema.org\/ImageObject\"> <a href=\"https:\/\/www.tribunj.biz\/pl\/gallery\/prvic-16\/\" border=\"0\" itemprop=\"url\"> <meta itemprop=\"width\" content=\"188\"> <meta itemprop=\"height\" content=\"141\"> <img decoding=\"async\" class=\"\" data-attachment-id=\"909\" data-orig-file=\"https:\/\/www.tribunj.biz\/wp-content\/uploads\/2018\/04\/prvi\u0107-16.jpg\" data-orig-size=\"1600,1200\" data-comments-opened=\"1\" data-image-meta=\"{&quot;aperture&quot;:&quot;5.6&quot;,&quot;credit&quot;:&quot;&quot;,&quot;camera&quot;:&quot;DSC-S500&quot;,&quot;caption&quot;:&quot;&quot;,&quot;created_timestamp&quot;:&quot;1188123697&quot;,&quot;copyright&quot;:&quot;&quot;,&quot;focal_length&quot;:&quot;5.4&quot;,&quot;iso&quot;:&quot;80&quot;,&quot;shutter_speed&quot;:&quot;0.0025&quot;,&quot;title&quot;:&quot;&quot;,&quot;orientation&quot;:&quot;1&quot;}\" data-image-title=\"Island Prvi\u0107\" data-image-description=\"&lt;p&gt;Island Prvi\u0107&lt;\/p&gt; \" data-medium-file=\"https:\/\/www.tribunj.biz\/wp-content\/uploads\/2018\/04\/prvi\u0107-16-300x225.jpg\" data-large-file=\"https:\/\/www.tribunj.biz\/wp-content\/uploads\/2018\/04\/prvi\u0107-16-1024x768.jpg\" src=\"https:\/\/i0.wp.com\/www.tribunj.biz\/wp-content\/uploads\/2018\/04\/prvi%C4%87-16.jpg?w=188&#038;h=141&#038;ssl=1\" width=\"188\" height=\"141\" loading=\"lazy\" data-original-width=\"188\" data-original-height=\"141\" itemprop=\"http:\/\/schema.org\/image\" title=\"Wyspa Prvi\u0107\" alt=\"Wyspa Prvi\u0107\" style=\"width: 188px; height: 141px;\" \/> <\/a> <div class=\"tiled-gallery-caption\" itemprop=\"caption description\"> Wyspa Prvi\u0107 <\/div> <\/div> <\/div> <!-- close group --> <\/div> <!-- close row --> <\/div>","protected":false},"excerpt":{"rendered":"<p>Prvi\u0107 to ma\u0142a wyspa w chorwackiej cz\u0119\u015bci Morza Adriatyckiego. Znajduje si\u0119 w archipelagu \u0160ibenik, oko\u0142o p\u00f3\u0142 mili od l\u0105du, w pobli\u017cu Vodic. Ca\u0142a wyspa jest obj\u0119ta ochron\u0105 chorwackiego Ministerstwa Kultury, poniewa\u017c wyspa jest uwa\u017cana za dziedzictwo kulturowe. G\u0142\u00f3wne ga\u0142\u0119zie przemys\u0142u na Prvi\u0107u \u2026 <a href=\"https:\/\/www.tribunj.biz\/pl\/activities\/island-prvic\/\" class=\"more-link\">Kontynuuj czytanie<span class=\"screen-reader-text\"> \u201eWyspa Prvi\u0107\u201d<\/span><\/a><\/p>","protected":false},"author":1,"featured_media":921,"parent":123,"menu_order":0,"comment_status":"closed","ping_status":"closed","template":"template-wide-screen-page.php","meta":{"advanced_seo_description":"","jetpack_seo_html_title":"","jetpack_seo_noindex":false,"footnotes":""},"class_list":["post-6606","page","type-page","status-publish","has-post-thumbnail","hentry"],"jetpack_sharing_enabled":true,"jetpack_likes_enabled":true,"_links":{"self":[{"href":"https:\/\/www.tribunj.biz\/pl\/wp-json\/wp\/v2\/pages\/6606","targetHints":{"allow":["GET"]}}],"collection":[{"href":"https:\/\/www.tribunj.biz\/pl\/wp-json\/wp\/v2\/pages"}],"about":[{"href":"https:\/\/www.tribunj.biz\/pl\/wp-json\/wp\/v2\/types\/page"}],"author":[{"embeddable":true,"href":"https:\/\/www.tribunj.biz\/pl\/wp-json\/wp\/v2\/users\/1"}],"replies":[{"embeddable":true,"href":"https:\/\/www.tribunj.biz\/pl\/wp-json\/wp\/v2\/comments?post=6606"}],"version-history":[{"count":0,"href":"https:\/\/www.tribunj.biz\/pl\/wp-json\/wp\/v2\/pages\/6606\/revisions"}],"up":[{"embeddable":true,"href":"https:\/\/www.tribunj.biz\/pl\/wp-json\/wp\/v2\/pages\/123"}],"wp:featuredmedia":[{"embeddable":true,"href":"https:\/\/www.tribunj.biz\/pl\/wp-json\/wp\/v2\/media\/921"}],"wp:attachment":[{"href":"https:\/\/www.tribunj.biz\/pl\/wp-json\/wp\/v2\/media?parent=6606"}],"curies":[{"name":"wp","href":"https:\/\/api.w.org\/{rel}","templated":true}]}}