{"id":486,"date":"2018-04-21T13:13:05","date_gmt":"2018-04-21T11:13:05","guid":{"rendered":"https:\/\/www.tribunj.biz\/?page_id=486"},"modified":"2024-01-11T01:44:57","modified_gmt":"2024-01-11T00:44:57","slug":"condicoes-gerais-de-arrendamento","status":"publish","type":"page","link":"https:\/\/www.tribunj.biz\/pt_br\/general-letting-conditions\/","title":{"rendered":"Condi\u00e7\u00f5es gerais de aluguer e informa\u00e7\u00f5es sobre reservas"},"content":{"rendered":"<ul>\n<li>\u00a0PAGAMENTOS<br \/>O dep\u00f3sito deve ser pago em at\u00e9 24 horas ap\u00f3s a reserva (ou em outra data, caso o propriet\u00e1rio tenha concordado durante o processo de reserva).<br \/>Por favor, informe-nos se e quando voc\u00ea efetuar o pagamento. <em>Transfer\u00eancia banc\u00e1ria direta<\/em> Responderemos assim que recebermos (pois geralmente leva alguns dias para recebermos).<br \/>O saldo restante dever\u00e1 ser pago no dia da chegada.<br \/>Se preferir, pode pagar o pre\u00e7o total durante o processo de reserva.\u00a0<\/li>\n<li>COMO PAGAR E RESERVAR\n<ul>\n<li><strong>TRANSFER\u00caNCIA BANC\u00c1RIA<\/strong>\n<ul>\n<li>Banco: Erste&amp;Steierm\u00e4rkische Bank dd (Jadranski trg 3a, 51000 Rijeka)<br \/>Propriet\u00e1rio: Ante Cvitan<br \/>Endere\u00e7o do propriet\u00e1rio: Jurjevgradska 25, Tribunj 22212, Cro\u00e1cia<br \/>IBAN: HR0624020063103192686<br \/>Swift (BIC): ESBCHR22<\/li>\n<\/ul>\n<\/li>\n<li>\u00a0<label class=\"mphb-gateway-title mphb-radio-label\" for=\"mphb_gateway_stripe\"><strong>Pagar com cart\u00e3o (Stripe)<\/strong><\/label>\n<p class=\"mphb-gateway-description\">Pague com seu cart\u00e3o ou com outra op\u00e7\u00e3o de pagamento dispon\u00edvel via Stripe.<\/p>\n<\/li>\n<\/ul>\n<\/li>\n<li>CHEGADA E PARTIDA\n<ul>\n<li>Hor\u00e1rio de chegada: 14:00 \u2013 20:00 (caso chegue mais tarde, n\u00e3o h\u00e1 problema, mas por favor, nos avise).<br \/>Se, ap\u00f3s o t\u00e9rmino do dia de chegada, voc\u00ea n\u00e3o nos informar de nenhuma forma que ir\u00e1 se atrasar, teremos o direito de considerar a reserva cancelada. <br \/>Na chegada, os h\u00f3spedes devem apresentar o passaporte ou documento de identidade ao propriet\u00e1rio ou seu representante para que este possa efetuar o seu registo de acordo com os requisitos legais croatas.<\/li>\n<li>Partida: at\u00e9 \u00e0s 10:00 (se for antes: sem problema; se for depois: consulte-nos).<\/li>\n<\/ul>\n<\/li>\n<li>N\u00daMERO DE PESSOAS E ANIMAIS DE ESTIMA\u00c7\u00c3O<br \/>O n\u00famero de pessoas (adultos e crian\u00e7as) n\u00e3o deve exceder o n\u00famero de lugares para dormir, exceto no caso de beb\u00eas (at\u00e9 2 anos de idade).<br \/>Ser\u00e1 admitido apenas um animal de estima\u00e7\u00e3o por apartamento (para mais de um, \u00e9 necess\u00e1rio consultar o propriet\u00e1rio).<br \/>\u00c9 obrigat\u00f3rio que os h\u00f3spedes supervisionem os animais de estima\u00e7\u00e3o trazidos para as \u00e1reas comuns da acomoda\u00e7\u00e3o.<\/li>\n<li>ALTERA\u00c7\u00d5ES \u2013 TAXAS DE CANCELAMENTO<br \/>Caso deseje cancelar uma reserva, entre em contato conosco.\n<ul>\n<li>Caso o cancelamento seja feito<strong> menos de 30 dias<\/strong> Antes do in\u00edcio do per\u00edodo de aluguel, voc\u00ea perde o dep\u00f3sito.<\/li>\n<li>Caso o cancelamento seja feito <strong>mais de 30 dias<\/strong> Antes do in\u00edcio do per\u00edodo de aluguel, devolveremos o seu pagamento, descontadas as taxas de transfer\u00eancia (geralmente em torno de 10 \u20ac).<\/li>\n<\/ul>\n<\/li>\n<\/ul>\n<p><em>Por favor, entre sempre em contato conosco em caso de cancelamento, pois talvez voc\u00ea\/n\u00f3s tenhamos algumas sugest\u00f5es.<\/em><\/p>\n<ul>\n<li>REGRAS DA CASA<br \/>N\u00e3o s\u00e3o permitidas festas ou eventos.<br \/>Por favor, respeite o espa\u00e7o como se fosse seu.<br \/>Somos muito tranquilos, por favor, apenas respeite os outros h\u00f3spedes.<br \/>Se considerarmos que voc\u00ea est\u00e1 infringindo as regras da casa repetidamente e, ap\u00f3s avisos, seu comportamento n\u00e3o for adequado, temos o direito de cancelar sua reserva sem qualquer penalidade para n\u00f3s.<\/li>\n<li>PRIVACIDADE<br \/>Proteger seus dados pessoais \u00e9 muito importante para n\u00f3s. Na medida em que coletamos, processamos ou utilizamos informa\u00e7\u00f5es pessoais sobre voc\u00ea como parte dos servi\u00e7os prestados, fazemos isso em conformidade com as leis europeias de prote\u00e7\u00e3o de dados aplic\u00e1veis. Para obter informa\u00e7\u00f5es mais detalhadas sobre nossa Pol\u00edtica de Privacidade, consulte [link para a Pol\u00edtica de Privacidade]. <a href=\"https:\/\/www.tribunj.biz\/pt_br\/politica-de-privacidade\/\" target=\"_blank\" rel=\"noopener noreferrer\">aqui<\/a>. (Se voc\u00ea aceitar) <a href=\"https:\/\/www.tribunj.biz\/pt_br\/condicoes-gerais-de-arrendamento\/\">Condi\u00e7\u00f5es gerais de arrendamento<\/a> Ao assinar este documento, voc\u00ea tamb\u00e9m concorda com nossos termos. <a href=\"https:\/\/www.tribunj.biz\/pt_br\/politica-de-privacidade\/\" target=\"_blank\" rel=\"noopener noreferrer\">pol\u00edtica de Privacidade<\/a>)<\/li>\n<\/ul>\n\n\n<p><\/p>","protected":false},"excerpt":{"rendered":"<p>\u00a0PAYMENTSDeposit must be paid in 24h after reservation (or otherwise if owner agreed in booking process).Please inform us if and when you pay by Direct bank transfer and we will reply when we receive (because it usually needs few days to receive).The remaining balance must be paid on a day of arrival.If you prefer you &hellip; <a href=\"https:\/\/www.tribunj.biz\/pt_br\/general-letting-conditions\/\" class=\"more-link\">Continue reading<span class=\"screen-reader-text\"> &#8220;General letting conditions and booking info&#8221;<\/span><\/a><\/p>","protected":false},"author":1,"featured_media":0,"parent":0,"menu_order":0,"comment_status":"closed","ping_status":"closed","template":"template-wide-screen-page.php","meta":{"advanced_seo_description":"","jetpack_seo_html_title":"","jetpack_seo_noindex":false,"footnotes":""},"class_list":["post-486","page","type-page","status-publish","hentry"],"jetpack_sharing_enabled":false,"jetpack_likes_enabled":false,"_links":{"self":[{"href":"https:\/\/www.tribunj.biz\/pt_br\/wp-json\/wp\/v2\/pages\/486","targetHints":{"allow":["GET"]}}],"collection":[{"href":"https:\/\/www.tribunj.biz\/pt_br\/wp-json\/wp\/v2\/pages"}],"about":[{"href":"https:\/\/www.tribunj.biz\/pt_br\/wp-json\/wp\/v2\/types\/page"}],"author":[{"embeddable":true,"href":"https:\/\/www.tribunj.biz\/pt_br\/wp-json\/wp\/v2\/users\/1"}],"replies":[{"embeddable":true,"href":"https:\/\/www.tribunj.biz\/pt_br\/wp-json\/wp\/v2\/comments?post=486"}],"version-history":[{"count":0,"href":"https:\/\/www.tribunj.biz\/pt_br\/wp-json\/wp\/v2\/pages\/486\/revisions"}],"wp:attachment":[{"href":"https:\/\/www.tribunj.biz\/pt_br\/wp-json\/wp\/v2\/media?parent=486"}],"curies":[{"name":"wp","href":"https:\/\/api.w.org\/{rel}","templated":true}]}}