{"id":4998,"date":"2018-05-18T01:30:54","date_gmt":"2018-05-17T23:30:54","guid":{"rendered":"https:\/\/www.tribunj.biz\/?page_id=4998"},"modified":"2023-05-17T14:56:32","modified_gmt":"2023-05-17T12:56:32","slug":"zasady-ochrany-osobnych-udajov","status":"publish","type":"page","link":"https:\/\/www.tribunj.biz\/sk\/privacy-policy\/","title":{"rendered":"Z\u00e1sady ochrany osobn\u00fdch \u00fadajov"},"content":{"rendered":"<h2>Kto sme<\/h2>\n<p>Na\u0161a webov\u00e1 adresa je: <a href=\"https:\/\/www.tribunj.biz\/sk\/\">www.tribunj.biz<\/a><\/p>\n<p>Pren\u00e1jom bytov na malom mieste Tribunj v Chorv\u00e1tsku.<\/p>\n<h2>Ak\u00e9 osobn\u00e9 \u00fadaje zhroma\u017e\u010fujeme a pre\u010do ich zhroma\u017e\u010fujeme<\/h2>\n<h3>Koment\u00e1re<\/h3>\n<p>Ke\u010f si n\u00e1v\u0161tevn\u00edci ponechaj\u00fa pripomienky na str\u00e1nkach, zhroma\u017e\u010fujeme \u00fadaje uveden\u00e9 vo formul\u00e1ri pripomienok a tie\u017e adresu IP n\u00e1v\u0161tevn\u00edka a re\u0165azec agenta prehliada\u010da, ktor\u00fd pom\u00f4\u017ee rozpozna\u0165 spam.<\/p>\n<p>Anonymizovan\u00fd re\u0165azec vytvoren\u00fd z va\u0161ej e-mailovej adresy (naz\u00fdvanej aj hash) sa m\u00f4\u017ee poskytn\u00fa\u0165 slu\u017ebe Gravatar a zisti\u0165, \u010di ju pou\u017e\u00edvate. Pravidl\u00e1 ochrany osobn\u00fdch \u00fadajov slu\u017eby Gravatar n\u00e1jdete tu: https:\/\/automattic.com\/privacy\/. Po schv\u00e1len\u00ed va\u0161ej pripomienky je v\u00e1\u0161 profilov\u00fd obr\u00e1zok vidite\u013en\u00fd pre verejnos\u0165 v kontexte v\u00e1\u0161ho koment\u00e1ra.<\/p>\n<h3>Media<\/h3>\n<p>Ak odovzd\u00e1te obr\u00e1zky na webov\u00fa str\u00e1nku, mali by ste zabr\u00e1ni\u0165 tomu, aby ste do nich vlo\u017eili obr\u00e1zky s vlo\u017een\u00fdmi \u00fadajmi o polohe (EXIF GPS). N\u00e1v\u0161tevn\u00edci webov\u00fdch str\u00e1nok m\u00f4\u017eu stiahnu\u0165 a extrahova\u0165 v\u0161etky \u00fadaje o polohe z obr\u00e1zkov na webov\u00fdch str\u00e1nkach.<\/p>\n<h3>Kontaktn\u00e9 formul\u00e1re<\/h3>\n<p>Nepou\u017e\u00edvame inform\u00e1cie, ktor\u00e9 im boli poskytnut\u00e9 na marketingov\u00e9 \u00fa\u010dely.<\/p>\n<h3>su\u0161ienky<\/h3>\n<p>Ak ponech\u00e1te koment\u00e1r na na\u0161ich str\u00e1nkach, m\u00f4\u017eete sa prihl\u00e1si\u0165 do ukladania svojho mena, e-mailovej adresy a webovej str\u00e1nky do s\u00faborov cookie. S\u00fa to pre va\u0161e pohodlie, tak\u017ee nemus\u00edte vypl\u0148ova\u0165 va\u0161e \u00fadaje znova, ke\u010f opust\u00edte \u010fal\u0161iu pozn\u00e1mku. Tieto cookies bud\u00fa trva\u0165 jeden rok.<\/p>\n<p>Ak m\u00e1te \u00fa\u010det a prihl\u00e1site sa na t\u00fato str\u00e1nku, nastav\u00edme do\u010dasn\u00fd s\u00fabor cookie na zistenie, \u010di v\u00e1\u0161 prehliada\u010d prij\u00edma s\u00fabory cookie. Tento s\u00fabor cookie neobsahuje \u017eiadne osobn\u00e9 \u00fadaje a po zatvoren\u00ed prehliada\u010da sa zamietne.<\/p>\n<p>Ke\u010f sa prihl\u00e1site, nastav\u00edme aj nieko\u013eko s\u00faborov cookie na ulo\u017eenie va\u0161ich prihlasovac\u00edch inform\u00e1ci\u00ed a v\u00fdberu obrazovky. Prihlasovacie s\u00fabory cookie trvaj\u00fa dva dni a s\u00fabory cookie na obrazovke trvaj\u00fa jeden rok. Ak vyberiete mo\u017enos\u0165 &quot;Zapam\u00e4ta\u0165 si&quot;, va\u0161e prihl\u00e1senie bude trva\u0165 dva t\u00fd\u017edne. Ak sa odhl\u00e1s\u00edte zo svojho \u00fa\u010dtu, prihlasovacie s\u00fabory cookie bud\u00fa odstr\u00e1nen\u00e9.<\/p>\n<p>Ak upravujete alebo publikujete \u010dl\u00e1nok, v prehliada\u010di sa ulo\u017e\u00ed \u010fal\u0161\u00ed s\u00fabor cookie. Tento s\u00fabor cookie neobsahuje \u017eiadne osobn\u00e9 \u00fadaje a jednoducho ozna\u010duje ID pr\u00edspevku \u010dl\u00e1nku, ktor\u00fd ste pr\u00e1ve upravili. Platnos\u0165 vypr\u0161\u00ed po 1 dni.<\/p>\n<p>Niektor\u00e9 z na\u0161ich tla\u010didiel (<a href=\"https:\/\/www.facebook.com\/policies\/cookies\/\" target=\"_blank\" rel=\"noopener noreferrer\">Facebook<\/a>, <a href=\"https:\/\/help.twitter.com\/en\/rules-and-policies\/twitter-cookies\" target=\"_blank\" rel=\"noopener noreferrer\">cvrlik\u00e1n\u00ed<\/a>, <a href=\"https:\/\/policy.pinterest.com\/en\/cookies\" target=\"_blank\" rel=\"noopener noreferrer\">pinterest<\/a>, <a href=\"https:\/\/help.instagram.com\/1896641480634370?ref=ig\" target=\"_blank\" rel=\"noopener noreferrer\">Instagram<\/a>, <a href=\"https:\/\/www.pocketliving.com\/cookie-policy\" target=\"_blank\" rel=\"noopener noreferrer\">vreckov\u00fd<\/a>, <a href=\"https:\/\/www.whatsapp.com\/legal\/#key-updates\" target=\"_blank\" rel=\"noopener noreferrer\">WhatsApp<\/a>) m\u00f4\u017eu pou\u017e\u00edva\u0165 niektor\u00e9 cookies. Kliknut\u00edm na jednotliv\u00e9 pol\u00ed\u010dka skontrolujete pravidl\u00e1 cookie.<\/p>\n<h3>Vlo\u017een\u00fd obsah z in\u00fdch webov\u00fdch str\u00e1nok<\/h3>\n<p>\u010cl\u00e1nky na tejto str\u00e1nke m\u00f4\u017eu obsahova\u0165 vlo\u017een\u00fd obsah (napr. Vide\u00e1, obr\u00e1zky, \u010dl\u00e1nky at\u010f.). Vlo\u017een\u00fd obsah z in\u00fdch webov\u00fdch str\u00e1nok sa spr\u00e1va rovnako, ako keby n\u00e1v\u0161tevn\u00edk nav\u0161t\u00edvil in\u00fa webov\u00fa str\u00e1nku.<\/p>\n<p>Tieto webov\u00e9 str\u00e1nky m\u00f4\u017eu zhroma\u017e\u010fova\u0165 \u00fadaje o v\u00e1s, pou\u017e\u00edva\u0165 s\u00fabory cookie, vklada\u0165 \u010fal\u0161ie sledovanie tre\u0165ou stranou a monitorova\u0165 interakciu s t\u00fdmto vlo\u017een\u00fdm obsahom vr\u00e1tane sledovania interakcie s vlo\u017een\u00fdm obsahom, ak m\u00e1te \u00fa\u010det a ste prihl\u00e1sen\u00ed na dan\u00fa webov\u00fa str\u00e1nku.<\/p>\n<h2>Ako dlho uchov\u00e1vame va\u0161e d\u00e1ta<\/h2>\n<p>Ak zanech\u00e1te koment\u00e1r, koment\u00e1r a jeho metad\u00e1ta sa zachovaj\u00fa neur\u010dito. Je to tak, \u017ee m\u00f4\u017eeme rozpozna\u0165 a schv\u00e1li\u0165 ak\u00e9ko\u013evek n\u00e1sledn\u00e9 koment\u00e1re automaticky namiesto toho, aby sme ich dr\u017eali vo fronte moderovania.<\/p>\n<p>Pre pou\u017e\u00edvate\u013eov, ktor\u00ed sa zaregistruj\u00fa na na\u0161ich webov\u00fdch str\u00e1nkach (ak s\u00fa k dispoz\u00edcii), uklad\u00e1me aj osobn\u00e9 \u00fadaje, ktor\u00e9 poskytuj\u00fa, do ich u\u017e\u00edvate\u013esk\u00e9ho profilu. V\u0161etci pou\u017e\u00edvatelia m\u00f4\u017eu kedyko\u013evek zobrazi\u0165, upravi\u0165 alebo odstr\u00e1ni\u0165 svoje osobn\u00e9 \u00fadaje (okrem toho, \u017ee nem\u00f4\u017eu meni\u0165 svoje pou\u017e\u00edvate\u013esk\u00e9 meno). Spr\u00e1vcovia webov\u00fdch str\u00e1nok tie\u017e m\u00f4\u017eu zobrazi\u0165 a upravi\u0165 tieto inform\u00e1cie.<\/p>\n<h2>Ak\u00e9 pr\u00e1va m\u00e1te nad svojimi \u00fadajmi<\/h2>\n<p>Ak m\u00e1te \u00fa\u010det na tejto str\u00e1nke alebo m\u00e1te ponechan\u00e9 pripomienky, m\u00f4\u017eete po\u017eiada\u0165 o prijatie exportovan\u00e9ho s\u00faboru osobn\u00fdch \u00fadajov, ktor\u00e9 m\u00e1me o v\u00e1s, vr\u00e1tane v\u0161etk\u00fdch \u00fadajov, ktor\u00e9 ste n\u00e1m poskytli. M\u00f4\u017eete tie\u017e po\u017eiada\u0165 o vymazanie ak\u00fdchko\u013evek osobn\u00fdch \u00fadajov, ktor\u00e9 o v\u00e1s uchov\u00e1vame. Nezah\u0155\u0148a \u00fadaje, ktor\u00e9 sme povinn\u00ed uchov\u00e1va\u0165 z administrat\u00edvnych, pr\u00e1vnych alebo bezpe\u010dnostn\u00fdch d\u00f4vodov.<\/p>\n<h2>Kde odosielame va\u0161e \u00fadaje<\/h2>\n<p>Koment\u00e1re n\u00e1v\u0161tevn\u00edkov mo\u017eno skontrolova\u0165 prostredn\u00edctvom automatizovanej slu\u017eby na detekciu nevy\u017eiadanej po\u0161ty.<\/p>\n<h2>\u010co zhroma\u017e\u010fujeme a uchov\u00e1vame<\/h2>\n<p>Po\u010das n\u00e1v\u0161tevy na\u0161ich str\u00e1nok budeme sledova\u0165:<\/p>\n<ul>\n<li>Produkty, ktor\u00e9 ste si pozreli: pou\u017eijeme to napr\u00edklad na zobrazenie produktov, ktor\u00e9 ste si ned\u00e1vno prezreli<\/li>\n<li>Miesto, IP adresa a typ prehliada\u010da<\/li>\n<\/ul>\n<p>Ke\u010f si u n\u00e1s zak\u00fapite, po\u017eiadame v\u00e1s o poskytnutie inform\u00e1ci\u00ed vr\u00e1tane v\u00e1\u0161ho mena, faktura\u010dnej adresy, e-mailovej adresy, telef\u00f3nneho \u010d\u00edsla, volite\u013en\u00fdch inform\u00e1ci\u00ed o \u00fa\u010dte, napr\u00edklad pou\u017e\u00edvate\u013esk\u00e9ho mena a hesla. Tieto inform\u00e1cie pou\u017eijeme na \u00fa\u010dely, ako napr\u00edklad:<\/p>\n<ul>\n<li>Odo\u0161lite inform\u00e1cie o svojom \u00fa\u010dte a objedn\u00e1vke<\/li>\n<li>Reagujte na va\u0161e po\u017eiadavky vr\u00e1tane vr\u00e1tenia platieb a s\u0165a\u017enost\u00ed<\/li>\n<li>Platby za procesy a predch\u00e1dzanie podvodom<\/li>\n<li>Nastavte si \u00fa\u010det<\/li>\n<li>Dodr\u017eiavajte v\u0161etky z\u00e1konn\u00e9 povinnosti, ktor\u00e9 m\u00e1me, ako napr\u00edklad v\u00fdpo\u010det dan\u00ed<\/li>\n<li>Zlep\u0161ite na\u0161u ponuku<\/li>\n<li>Po\u0161lite v\u00e1m marketingov\u00e9 spr\u00e1vy, ak sa rozhodnete ich prij\u00edma\u0165<\/li>\n<\/ul>\n<p>Ak vytvor\u00edte \u00fa\u010det, ulo\u017e\u00edme va\u0161e meno, adresu, e-mail a telef\u00f3nne \u010d\u00edslo, ktor\u00e9 bud\u00fa pou\u017eit\u00e9 na vyplnenie pokladne pre bud\u00face objedn\u00e1vky.<\/p>\n<p>V\u0161eobecne uchov\u00e1vame inform\u00e1cie o v\u00e1s tak dlho, k\u00fdm potrebujeme tieto inform\u00e1cie na \u00fa\u010dely, na ktor\u00e9 ich zhroma\u017e\u010fujeme a pou\u017e\u00edvame, a od n\u00e1s nie je z\u00e1konn\u00e9 po\u017eadova\u0165, aby sme ich aj na\u010falej uchov\u00e1vali. Napr\u00edklad, inform\u00e1cie o objedn\u00e1vke budeme uchov\u00e1va\u0165 po dobu XXX rokov na da\u0148ov\u00e9 a \u00fa\u010dtovn\u00e9 \u00fa\u010dely. Toto zah\u0155\u0148a va\u0161e meno, e-mailov\u00fa adresu a faktura\u010dn\u00e9 a dodacie adresy.<\/p>\n<p>Ak sa rozhodnete ich opusti\u0165, ulo\u017e\u00edme aj koment\u00e1re alebo recenzie.<\/p>\n<h2>Kto v na\u0161om t\u00edme m\u00e1 pr\u00edstup<\/h2>\n<p>\u010clenovia n\u00e1\u0161ho t\u00edmu maj\u00fa pr\u00edstup k inform\u00e1ci\u00e1m, ktor\u00e9 n\u00e1m poskytnete.<\/p>\n<p>\u010clenovia n\u00e1\u0161ho t\u00edmu maj\u00fa pr\u00edstup k t\u00fdmto inform\u00e1ci\u00e1m, ktor\u00e9 pom\u00e1haj\u00fa plni\u0165 objedn\u00e1vky, spracov\u00e1va\u0165 refund\u00e1cie a podporova\u0165 v\u00e1s.<\/p>\n<h2>\u010co zdie\u013eame s ostatn\u00fdmi<\/h2>\n<p>Zdie\u013eame inform\u00e1cie s tret\u00edmi stranami, ktor\u00e9 n\u00e1m pom\u00e1haj\u00fa pri poskytovan\u00ed na\u0161ich objedn\u00e1vok a ukladan\u00ed slu\u017eieb v\u00e1m; napr\u00edklad platby za \u00fatek, google analytics, niektor\u00e9 doplnky, ktor\u00e9 s\u00fa potrebn\u00e9 pre fungovanie webovej str\u00e1nky v tejto z\u00e1le\u017eitosti. Nepred\u00e1vame \u017eiadne inform\u00e1cie ani ich nepou\u017e\u00edvame na to, aby zah\u0155\u0148ali Va\u0161u bezpe\u010dnos\u0165.<\/p>\n<p>T\u00e1to str\u00e1nka vyu\u017e\u00edva ukladanie do vyrovn\u00e1vacej pam\u00e4te, aby sa u\u013eah\u010dila r\u00fdchlej\u0161ia doba odozvy a lep\u0161ia pou\u017e\u00edvate\u013esk\u00e1 sk\u00fasenos\u0165. Ukladanie do vyrovn\u00e1vacej pam\u00e4te potenci\u00e1lne uklad\u00e1 duplicitn\u00fa k\u00f3piu ka\u017edej webovej str\u00e1nky, ktor\u00e1 je zobrazen\u00e1 na tejto lokalite. V\u0161etky s\u00fabory vyrovn\u00e1vacej pam\u00e4te s\u00fa do\u010dasn\u00e9 a nikdy k nim nem\u00e1 pr\u00edstup \u017eiadna tretia strana, s v\u00fdnimkou pr\u00edpadov, ke\u010f je to potrebn\u00e9 na z\u00edskanie technickej podpory od dod\u00e1vate\u013ea doplnku vyrovn\u00e1vacej pam\u00e4te. Platnos\u0165 s\u00faborov vyrovn\u00e1vacej pam\u00e4te vypr\u0161\u00ed pod\u013ea pl\u00e1nu nastaven\u00e9ho spr\u00e1vcom lokality, ale v pr\u00edpade potreby ich m\u00f4\u017ee spr\u00e1vca \u013eahko vymaza\u0165 pred ich prirodzen\u00fdm uplynut\u00edm. Na do\u010dasn\u00e9 spracovanie a ukladanie va\u0161ich \u00fadajov m\u00f4\u017eeme pou\u017ei\u0165 slu\u017eby QUIC.cloud. Pros\u00edm pozri <a href=\"https:\/\/quic.cloud\/privacy-policy\/\" target=\"_blank\" rel=\"noopener\">https:\/\/quic.cloud\/privacy-policy\/<\/a>\u00a0pre viac detailov.<\/p>\n<p><span style=\"color: #23282d; font-family: inherit; font-size: 1.6em; font-weight: bold;\">Spolu<\/span><\/p>\n<p>Oce\u0148ujeme s\u00fakromie a bezpe\u010dnos\u0165 inform\u00e1ci\u00ed, ktor\u00e9 s nami zdie\u013eate. Tieto pravidl\u00e1 ochrany osobn\u00fdch \u00fadajov popisuj\u00fa, ako zhroma\u017e\u010fujeme, pou\u017e\u00edvame, zdie\u013eame, chr\u00e1nime a spracov\u00e1vame va\u0161e inform\u00e1cie. V\u0161etky inform\u00e1cie, ktor\u00e9 n\u00e1m poskytnete, sa pou\u017e\u00edvaj\u00fa na spracovanie a plnenie v\u00e1\u0161ho n\u00e1kupu a \/ alebo na intern\u00e9 analytick\u00e9 \u00fa\u010dely, ktor\u00e9 s\u00fa op\u00edsan\u00e9 v t\u00fdchto Pravidl\u00e1ch ochrany osobn\u00fdch \u00fadajov. Zdie\u013eame inform\u00e1cie iba na \u00fa\u010dely stanoven\u00e9 v t\u00fdchto Z\u00e1sad\u00e1ch ochrany osobn\u00fdch \u00fadajov a my nebudeme pred\u00e1va\u0165 ani \u010falej \u0161\u00edri\u0165 \u017eiadne va\u0161e inform\u00e1cie \u017eiadnej tretej strane. Vyu\u017e\u00edvame komer\u010dne primeran\u00e9 \u00fasilie na ochranu va\u0161ich inform\u00e1ci\u00ed pred neopr\u00e1vnen\u00fdm zverejnen\u00edm. M\u00f4\u017eeme pou\u017ei\u0165 inform\u00e1cie z va\u0161ej objedn\u00e1vky na spracovanie v\u00e1\u0161ho n\u00e1kupu, vr\u00e1tenie pe\u0148az\u00ed, poskytovanie slu\u017eieb z\u00e1kazn\u00edkom, zlep\u0161enie alebo prisp\u00f4sobenie na\u0161ich produktov a slu\u017eieb alebo splnenie pr\u00edslu\u0161n\u00fdch finan\u010dn\u00fdch, da\u0148ov\u00fdch, pr\u00e1vnych alebo po\u017eiadaviek na dodr\u017eiavanie predpisov. Ak m\u00e1te ak\u00e9ko\u013evek ot\u00e1zky alebo obavy s\u00favisiace s t\u00fdmito z\u00e1sadami ochrany osobn\u00fdch \u00fadajov, kontaktujte n\u00e1s.<\/p>\n<p>Ochrana va\u0161ich osobn\u00fdch \u00fadajov je pre n\u00e1s ve\u013emi d\u00f4le\u017eit\u00e1. Pokia\u013e zhroma\u017e\u010fujeme, spracov\u00e1vame alebo pou\u017e\u00edvame osobn\u00e9 inform\u00e1cie o v\u00e1s ako s\u00fa\u010das\u0165 poskytovan\u00fdch slu\u017eieb, rob\u00edme to v s\u00falade s pr\u00edslu\u0161n\u00fdmi eur\u00f3pskymi z\u00e1konmi o ochrane \u00fadajov. Podrobnej\u0161ia kontrola ochrany osobn\u00fdch \u00fadajov\u00a0<a href=\"https:\/\/www.tribunj.biz\/sk\/zasady-ochrany-osobnych-udajov\/\" target=\"_blank\" rel=\"noopener noreferrer\">tu<\/a>, (Ak s\u00fahlas\u00edte\u00a0<a href=\"https:\/\/www.tribunj.biz\/sk\/vseobecne-podmienky-prenajmu\/\">V\u0161eobecn\u00e9 podmienky pren\u00e1jmu<\/a>\u00a0potom s\u00fahlas\u00edte aj s na\u0161imi\u00a0<a href=\"https:\/\/www.tribunj.biz\/sk\/zasady-ochrany-osobnych-udajov\/\" target=\"_blank\" rel=\"noopener noreferrer\">Z\u00e1sady ochrany osobn\u00fdch \u00fadajov<\/a>)<\/p>","protected":false},"excerpt":{"rendered":"<p>Kto sme Na\u0161a webov\u00e1 adresa je: www.tribunj.biz Prenaj\u00edmame apartm\u00e1ny v malom meste Tribunj v Chorv\u00e1tsku. Ak\u00e9 osobn\u00e9 \u00fadaje zhroma\u017e\u010fujeme a pre\u010do ich zhroma\u017e\u010fujeme Koment\u00e1re Ke\u010f n\u00e1v\u0161tevn\u00edci zanechaj\u00fa koment\u00e1re na str\u00e1nke, zhroma\u017e\u010fujeme \u00fadaje zobrazen\u00e9 vo formul\u00e1ri koment\u00e1rov, ako aj IP adresu n\u00e1v\u0161tevn\u00edka a re\u0165azec pou\u017e\u00edvate\u013esk\u00e9ho agenta prehliada\u010da ... <a href=\"https:\/\/www.tribunj.biz\/sk\/privacy-policy\/\" class=\"more-link\">Pokra\u010dova\u0165 v \u010d\u00edtan\u00ed<span class=\"screen-reader-text\"> &quot;Z\u00e1sady ochrany osobn\u00fdch \u00fadajov&quot;<\/span><\/a><\/p>","protected":false},"author":1,"featured_media":0,"parent":0,"menu_order":0,"comment_status":"closed","ping_status":"closed","template":"template-full-width-page.php","meta":{"advanced_seo_description":"","jetpack_seo_html_title":"","jetpack_seo_noindex":false,"footnotes":""},"class_list":["post-4998","page","type-page","status-publish","hentry"],"jetpack_sharing_enabled":false,"jetpack_likes_enabled":false,"_links":{"self":[{"href":"https:\/\/www.tribunj.biz\/sk\/wp-json\/wp\/v2\/pages\/4998","targetHints":{"allow":["GET"]}}],"collection":[{"href":"https:\/\/www.tribunj.biz\/sk\/wp-json\/wp\/v2\/pages"}],"about":[{"href":"https:\/\/www.tribunj.biz\/sk\/wp-json\/wp\/v2\/types\/page"}],"author":[{"embeddable":true,"href":"https:\/\/www.tribunj.biz\/sk\/wp-json\/wp\/v2\/users\/1"}],"replies":[{"embeddable":true,"href":"https:\/\/www.tribunj.biz\/sk\/wp-json\/wp\/v2\/comments?post=4998"}],"version-history":[{"count":0,"href":"https:\/\/www.tribunj.biz\/sk\/wp-json\/wp\/v2\/pages\/4998\/revisions"}],"wp:attachment":[{"href":"https:\/\/www.tribunj.biz\/sk\/wp-json\/wp\/v2\/media?parent=4998"}],"curies":[{"name":"wp","href":"https:\/\/api.w.org\/{rel}","templated":true}]}}