{"id":486,"date":"2018-04-21T13:13:05","date_gmt":"2018-04-21T11:13:05","guid":{"rendered":"https:\/\/www.tribunj.biz\/?page_id=486"},"modified":"2024-01-11T01:44:57","modified_gmt":"2024-01-11T00:44:57","slug":"splosni-najemni-pogoji","status":"publish","type":"page","link":"https:\/\/www.tribunj.biz\/sl\/general-letting-conditions\/","title":{"rendered":"Splo\u0161ni pogoji najema in informacije o rezervacijah"},"content":{"rendered":"<ul>\n<li>\u00a0PLA\u010cILA<br \/>Polog je treba pla\u010dati v 24 urah po rezervaciji (ali druga\u010de, \u010de se lastnik strinja v procesu rezervacije).<br \/>Prosimo, obvestite nas, \u010de in kdaj pla\u010date <em>Direktno ban\u010dno nakazilo<\/em> in odgovorili vam bomo, ko ga prejmemo (ker obi\u010dajno potrebujemo nekaj dni za prejem).<br \/>Preostali znesek je treba pla\u010dati na dan prihoda.<br \/>\u010ce \u017eelite, lahko celotno ceno pla\u010date v postopku rezervacije.\u00a0<\/li>\n<li>KAKO PLA\u010cATI in rezervirati\n<ul>\n<li><strong>BAN\u010cNO NAKAZILO<\/strong>\n<ul>\n<li>Banka: Erste &amp; Steierm\u00e4rkische Bank dd (Jadranski trg 3a, 51000 Rijeka)<br \/>Lastnik: Ante Cvitan<br \/>Naslov lastnika: Jurjevgradska 25, Tribunj 22212, Hrva\u0161ka<br \/>IBAN: HR0624020063103192686<br \/>Swift (BIC): ESBCHR22<\/li>\n<\/ul>\n<\/li>\n<li>\u00a0<label class=\"mphb-gateway-title mphb-radio-label\" for=\"mphb_gateway_stripe\"><strong>Pla\u010dilo s kartico (Stripe)<\/strong><\/label>\n<p class=\"mphb-gateway-description\">Pla\u010dajte s svojo kartico ali z drugo razpolo\u017eljivo izbiro pla\u010dila prek storitve Stripe<\/p>\n<\/li>\n<\/ul>\n<\/li>\n<li>PRIHOD IN ODHOD\n<ul>\n<li>Prihod: 14:00 - 20:00 (\u010de pridete pozneje, ni te\u017eav, vendar nas obvestite).<br \/>Po koncu dneva prihoda, \u010de nas na kakr\u0161en koli na\u010din niste obvestili, da boste zamujali, imamo pravico, da \u0161tejemo, da je preklican. <br \/>Ob prihodu morajo gostje predlo\u017eiti potni list ali osebno izkaznico lastniku ali njegovemu predstavniku, da jim omogo\u010di nadaljevanje njihove registracije v skladu s hrva\u0161kimi pravnimi zahtevami.<\/li>\n<li>Odhod: do 10:00 (\u010de prej: brez te\u017eav, \u010de kasneje: se morate posvetovati z nami.<\/li>\n<\/ul>\n<\/li>\n<li>\u0160TEVILO OSEB in HI\u0160NIH LJUBLJEN\u010cKOV<br \/>\u0160tevilo oseb (odraslih in otrok) ne sme presegati \u0161tevila spalnih krajev, razen v primeru dojen\u010dkov (do 2 let).<br \/>Samo en hi\u0161ni ljubljenec bo sprejet na apartma (za ve\u010d se morate posvetovati z lastnikom).<br \/>Obvezno je, da gostje nadzorujejo hi\u0161ne ljubljen\u010dke, ki se nahajajo v skupnih prostorih nastanitve.<\/li>\n<li>SPREMEMBE - ODPOVEDNI PROMETI<br \/>\u010ce \u017eelite preklicati rezervacijo, nas kontaktirajte.\n<ul>\n<li>\u010ce pride do odpovedi<strong> manj kot 30 dni<\/strong> pred za\u010detkom obdobja najema izgubite depozit<\/li>\n<li>\u010ce pride do odpovedi <strong>ve\u010d kot 30 dni<\/strong> pred za\u010detkom najema vam vrnemo pla\u010dilo zmanj\u0161ano za stro\u0161ke prenosa (obi\u010dajno okoli 10 \u20ac)<\/li>\n<\/ul>\n<\/li>\n<\/ul>\n<p><em>Prosimo, vedno nas kontaktirajte v primeru odpovedi in morda boste vi\/mi imeli nekaj predlogov.<\/em><\/p>\n<ul>\n<li>PRAVILA HI\u0160E<br \/>Ni zabave in dogodkov.<br \/>Prosimo, spo\u0161tujte prostor, kot je va\u0161 lasten.<br \/>Zelo enostavno gremo, samo spo\u0161tujmo druge goste.<br \/>\u010ce menimo, da ste ve\u010dkrat praviloma pravila o zaviranju, in po opozorilih, da se ne po\u0161tujete po\u0161teno, imamo pravico preklicati va\u0161o rezervacijo brez kazni za nas.<\/li>\n<li>ZASEBNOST<br \/>Za\u0161\u010dita va\u0161ih osebnih podatkov je za nas zelo pomembna. Kolikor zbira, obdeluje ali uporablja osebne podatke o vas kot del opravljenih storitev, to po\u010dnemo v skladu z ustreznimi evropskimi zakoni o varstvu podatkov. Za podrobnej\u0161e preverjanje zasebnosti <a href=\"https:\/\/www.tribunj.biz\/sl\/politiko-zasebnosti\/\" target=\"_blank\" rel=\"noopener noreferrer\">tukaj<\/a>. (\u010ce sprejmete <a href=\"https:\/\/www.tribunj.biz\/sl\/splosni-najemni-pogoji\/\">Splo\u0161no dajanje pogojev<\/a> dokument, potem se tudi strinjate z na\u0161im <a href=\"https:\/\/www.tribunj.biz\/sl\/politiko-zasebnosti\/\" target=\"_blank\" rel=\"noopener noreferrer\">Politika zasebnosti<\/a>)<\/li>\n<\/ul>\n\n\n<p><\/p>","protected":false},"excerpt":{"rendered":"<p>\u00a0PLA\u010cILAPolog je treba pla\u010dati v 24 urah po rezervaciji (ali druga\u010de, \u010de se je lastnik strinjal s postopkom rezervacije). Prosimo, obvestite nas, \u010de in kdaj pla\u010date z neposrednim ban\u010dnim nakazilom in odgovorili vam bomo, ko ga prejmemo (ker obi\u010dajno potrebuje nekaj dni za prejem). preostali znesek je treba pla\u010dati na dan prihoda. \u010ce \u017eelite ... <a href=\"https:\/\/www.tribunj.biz\/sl\/general-letting-conditions\/\" class=\"more-link\">nadaljujte z branjem<span class=\"screen-reader-text\"> \u201cSplo\u0161ni pogoji najema in informacije o rezervaciji\u201d<\/span><\/a><\/p>","protected":false},"author":1,"featured_media":0,"parent":0,"menu_order":0,"comment_status":"closed","ping_status":"closed","template":"template-wide-screen-page.php","meta":{"advanced_seo_description":"","jetpack_seo_html_title":"","jetpack_seo_noindex":false,"footnotes":""},"class_list":["post-486","page","type-page","status-publish","hentry"],"jetpack_sharing_enabled":false,"jetpack_likes_enabled":false,"_links":{"self":[{"href":"https:\/\/www.tribunj.biz\/sl\/wp-json\/wp\/v2\/pages\/486","targetHints":{"allow":["GET"]}}],"collection":[{"href":"https:\/\/www.tribunj.biz\/sl\/wp-json\/wp\/v2\/pages"}],"about":[{"href":"https:\/\/www.tribunj.biz\/sl\/wp-json\/wp\/v2\/types\/page"}],"author":[{"embeddable":true,"href":"https:\/\/www.tribunj.biz\/sl\/wp-json\/wp\/v2\/users\/1"}],"replies":[{"embeddable":true,"href":"https:\/\/www.tribunj.biz\/sl\/wp-json\/wp\/v2\/comments?post=486"}],"version-history":[{"count":0,"href":"https:\/\/www.tribunj.biz\/sl\/wp-json\/wp\/v2\/pages\/486\/revisions"}],"wp:attachment":[{"href":"https:\/\/www.tribunj.biz\/sl\/wp-json\/wp\/v2\/media?parent=486"}],"curies":[{"name":"wp","href":"https:\/\/api.w.org\/{rel}","templated":true}]}}