{"id":4998,"date":"2018-05-18T01:30:54","date_gmt":"2018-05-17T23:30:54","guid":{"rendered":"https:\/\/www.tribunj.biz\/?page_id=4998"},"modified":"2023-05-17T14:56:32","modified_gmt":"2023-05-17T12:56:32","slug":"chinh-sach-bao-mat","status":"publish","type":"page","link":"https:\/\/www.tribunj.biz\/vi\/privacy-policy\/","title":{"rendered":"Ch\u00ednh s\u00e1ch b\u1ea3o m\u1eadt"},"content":{"rendered":"<h2>Ch\u00fang ta l\u00e0 ai<\/h2>\n<p>\u0110\u1ecba ch\u1ec9 trang web c\u1ee7a ch\u00fang t\u00f4i l\u00e0: <a href=\"https:\/\/www.tribunj.biz\/vi\/\">www.tribunj.biz<\/a><\/p>\n<p>Ch\u00fang t\u00f4i thu\u00ea c\u0103n h\u1ed9 \u1edf \u0111\u1ecba \u0111i\u1ec3m nh\u1ecf Tribunj \u1edf Croatia.<\/p>\n<h2>D\u1eef li\u1ec7u c\u00e1 nh\u00e2n n\u00e0o ch\u00fang t\u00f4i thu th\u1eadp v\u00e0 l\u00fd do ch\u00fang t\u00f4i thu th\u1eadp d\u1eef li\u1ec7u \u0111\u00f3<\/h2>\n<h3>B\u00ecnh lu\u1eadn<\/h3>\n<p>Khi kh\u00e1ch truy c\u1eadp \u0111\u1ec3 l\u1ea1i nh\u1eadn x\u00e9t tr\u00ean trang web, ch\u00fang t\u00f4i thu th\u1eadp d\u1eef li\u1ec7u \u0111\u01b0\u1ee3c hi\u1ec3n th\u1ecb trong bi\u1ec3u m\u1eabu nh\u1eadn x\u00e9t v\u00e0 c\u0169ng l\u00e0 \u0111\u1ecba ch\u1ec9 IP c\u1ee7a ng\u01b0\u1eddi truy c\u1eadp v\u00e0 chu\u1ed7i t\u00e1c nh\u00e2n ng\u01b0\u1eddi d\u00f9ng tr\u00ecnh duy\u1ec7t \u0111\u1ec3 gi\u00fap ph\u00e1t hi\u1ec7n spam.<\/p>\n<p>M\u1ed9t chu\u1ed7i \u1ea9n danh \u0111\u01b0\u1ee3c t\u1ea1o t\u1eeb \u0111\u1ecba ch\u1ec9 email c\u1ee7a b\u1ea1n (c\u00f2n \u0111\u01b0\u1ee3c g\u1ecdi l\u00e0 b\u0103m) c\u00f3 th\u1ec3 \u0111\u01b0\u1ee3c cung c\u1ea5p cho d\u1ecbch v\u1ee5 Gravatar \u0111\u1ec3 xem b\u1ea1n c\u00f3 \u0111ang s\u1eed d\u1ee5ng n\u00f3 hay kh\u00f4ng. Ch\u00ednh s\u00e1ch b\u1ea3o m\u1eadt c\u1ee7a d\u1ecbch v\u1ee5 Gravatar c\u00f3 t\u1ea1i \u0111\u00e2y: https:\/\/automattic.com\/privacy\/. Sau khi ph\u00ea duy\u1ec7t nh\u1eadn x\u00e9t c\u1ee7a b\u1ea1n, \u1ea3nh ti\u1ec3u s\u1eed c\u1ee7a b\u1ea1n hi\u1ec3n th\u1ecb v\u1edbi c\u00f4ng ch\u00fang trong b\u1ed1i c\u1ea3nh nh\u1eadn x\u00e9t c\u1ee7a b\u1ea1n.<\/p>\n<h3>Ph\u01b0\u01a1ng ti\u1ec7n truy\u1ec1n th\u00f4ng<\/h3>\n<p>N\u1ebfu b\u1ea1n t\u1ea3i h\u00ecnh \u1ea3nh l\u00ean trang web, b\u1ea1n n\u00ean tr\u00e1nh t\u1ea3i l\u00ean h\u00ecnh \u1ea3nh c\u00f3 d\u1eef li\u1ec7u v\u1ecb tr\u00ed \u0111\u01b0\u1ee3c nh\u00fang (EXIF GPS) \u0111i k\u00e8m. Kh\u00e1ch truy c\u1eadp v\u00e0o trang web c\u00f3 th\u1ec3 t\u1ea3i xu\u1ed1ng v\u00e0 tr\u00edch xu\u1ea5t b\u1ea5t k\u1ef3 d\u1eef li\u1ec7u v\u1ecb tr\u00ed n\u00e0o t\u1eeb h\u00ecnh \u1ea3nh tr\u00ean trang web.<\/p>\n<h3>Bi\u1ec3u m\u1eabu li\u00ean h\u1ec7<\/h3>\n<p>Ch\u00fang t\u00f4i kh\u00f4ng s\u1eed d\u1ee5ng th\u00f4ng tin \u0111\u01b0\u1ee3c g\u1eedi qua ch\u00fang cho m\u1ee5c \u0111\u00edch ti\u1ebfp th\u1ecb.<\/p>\n<h3>B\u00e1nh quy<\/h3>\n<p>N\u1ebfu b\u1ea1n \u0111\u1ec3 l\u1ea1i m\u1ed9t b\u00ecnh lu\u1eadn tr\u00ean trang web c\u1ee7a ch\u00fang t\u00f4i, b\u1ea1n c\u00f3 th\u1ec3 ch\u1ecdn \u0111\u1ec3 l\u01b0u t\u00ean, \u0111\u1ecba ch\u1ec9 email v\u00e0 trang web c\u1ee7a b\u1ea1n trong cookie. \u0110\u00e2y l\u00e0 nh\u1eefng ti\u1ec7n \u00edch c\u1ee7a b\u1ea1n \u0111\u1ec3 b\u1ea1n kh\u00f4ng ph\u1ea3i \u0111i\u1ec1n l\u1ea1i chi ti\u1ebft c\u1ee7a b\u1ea1n khi b\u1ea1n \u0111\u1ec3 l\u1ea1i m\u1ed9t b\u00ecnh lu\u1eadn kh\u00e1c. C\u00e1c cookie n\u00e0y s\u1ebd t\u1ed3n t\u1ea1i trong m\u1ed9t n\u0103m.<\/p>\n<p>N\u1ebfu b\u1ea1n c\u00f3 m\u1ed9t t\u00e0i kho\u1ea3n v\u00e0 b\u1ea1n \u0111\u0103ng nh\u1eadp v\u00e0o trang web n\u00e0y, ch\u00fang t\u00f4i s\u1ebd thi\u1ebft l\u1eadp m\u1ed9t cookie t\u1ea1m th\u1eddi \u0111\u1ec3 x\u00e1c \u0111\u1ecbnh xem tr\u00ecnh duy\u1ec7t c\u1ee7a b\u1ea1n c\u00f3 ch\u1ea5p nh\u1eadn cookie hay kh\u00f4ng. Cookie n\u00e0y kh\u00f4ng ch\u1ee9a d\u1eef li\u1ec7u c\u00e1 nh\u00e2n v\u00e0 b\u1ecb lo\u1ea1i b\u1ecf khi b\u1ea1n \u0111\u00f3ng tr\u00ecnh duy\u1ec7t.<\/p>\n<p>Khi b\u1ea1n \u0111\u0103ng nh\u1eadp, ch\u00fang t\u00f4i c\u0169ng s\u1ebd thi\u1ebft l\u1eadp m\u1ed9t s\u1ed1 cookie \u0111\u1ec3 l\u01b0u th\u00f4ng tin \u0111\u0103ng nh\u1eadp v\u00e0 l\u1ef1a ch\u1ecdn hi\u1ec3n th\u1ecb m\u00e0n h\u00ecnh c\u1ee7a b\u1ea1n. Cookie \u0111\u0103ng nh\u1eadp k\u00e9o d\u00e0i trong hai ng\u00e0y v\u00e0 cookie t\u00f9y ch\u1ecdn m\u00e0n h\u00ecnh k\u00e9o d\u00e0i trong m\u1ed9t n\u0103m. N\u1ebfu b\u1ea1n ch\u1ecdn \u201cNh\u1edb th\u00f4ng tin \u0111\u0103ng nh\u1eadp\u201d, th\u00f4ng tin \u0111\u0103ng nh\u1eadp c\u1ee7a b\u1ea1n s\u1ebd t\u1ed3n t\u1ea1i trong hai tu\u1ea7n. N\u1ebfu b\u1ea1n \u0111\u0103ng xu\u1ea5t kh\u1ecfi t\u00e0i kho\u1ea3n c\u1ee7a m\u00ecnh, cookie \u0111\u0103ng nh\u1eadp s\u1ebd b\u1ecb x\u00f3a.<\/p>\n<p>N\u1ebfu b\u1ea1n ch\u1ec9nh s\u1eeda ho\u1eb7c xu\u1ea5t b\u1ea3n m\u1ed9t b\u00e0i vi\u1ebft, m\u1ed9t cookie b\u1ed5 sung s\u1ebd \u0111\u01b0\u1ee3c l\u01b0u trong tr\u00ecnh duy\u1ec7t c\u1ee7a b\u1ea1n. Cookie n\u00e0y kh\u00f4ng bao g\u1ed3m d\u1eef li\u1ec7u c\u00e1 nh\u00e2n v\u00e0 ch\u1ec9 cho bi\u1ebft ID b\u00e0i \u0111\u0103ng c\u1ee7a b\u00e0i vi\u1ebft b\u1ea1n v\u1eeba ch\u1ec9nh s\u1eeda. N\u00f3 h\u1ebft h\u1ea1n sau 1 ng\u00e0y.<\/p>\n<p>M\u1ed9t s\u1ed1 n\u00fat c\u1ee7a ch\u00fang t\u00f4i (<a href=\"https:\/\/www.facebook.com\/policies\/cookies\/\" target=\"_blank\" rel=\"noopener noreferrer\">Facebook<\/a>, <a href=\"https:\/\/help.twitter.com\/en\/rules-and-policies\/twitter-cookies\" target=\"_blank\" rel=\"noopener noreferrer\">twitter<\/a>, <a href=\"https:\/\/policy.pinterest.com\/en\/cookies\" target=\"_blank\" rel=\"noopener noreferrer\">s\u1edf th\u00edch<\/a>, <a href=\"https:\/\/help.instagram.com\/1896641480634370?ref=ig\" target=\"_blank\" rel=\"noopener noreferrer\">instagram<\/a>, <a href=\"https:\/\/www.pocketliving.com\/cookie-policy\" target=\"_blank\" rel=\"noopener noreferrer\">t\u00fai<\/a>, <a href=\"https:\/\/www.whatsapp.com\/legal\/#key-updates\" target=\"_blank\" rel=\"noopener noreferrer\">whatsApp<\/a>) c\u00f3 th\u1ec3 s\u1eed d\u1ee5ng m\u1ed9t s\u1ed1 cookie. Nh\u1ea5p v\u00e0o t\u1eebng \u0111\u1ec3 ki\u1ec3m tra ch\u00ednh s\u00e1ch cookie.<\/p>\n<h3>N\u1ed9i dung \u0111\u01b0\u1ee3c nh\u00fang t\u1eeb c\u00e1c trang web kh\u00e1c<\/h3>\n<p>C\u00e1c b\u00e0i vi\u1ebft tr\u00ean trang web n\u00e0y c\u00f3 th\u1ec3 bao g\u1ed3m n\u1ed9i dung \u0111\u01b0\u1ee3c nh\u00fang (v\u00ed d\u1ee5: video, h\u00ecnh \u1ea3nh, b\u00e0i vi\u1ebft, v.v.). N\u1ed9i dung \u0111\u01b0\u1ee3c nh\u00fang t\u1eeb c\u00e1c trang web kh\u00e1c ho\u1ea1t \u0111\u1ed9ng theo c\u00f9ng m\u1ed9t c\u00e1ch ch\u00ednh x\u00e1c nh\u01b0 khi kh\u00e1ch truy c\u1eadp \u0111\u00e3 truy c\u1eadp trang web kh\u00e1c.<\/p>\n<p>C\u00e1c trang web n\u00e0y c\u00f3 th\u1ec3 thu th\u1eadp d\u1eef li\u1ec7u v\u1ec1 b\u1ea1n, s\u1eed d\u1ee5ng cookie, nh\u00fang theo d\u00f5i b\u00ean th\u1ee9 ba b\u1ed5 sung v\u00e0 theo d\u00f5i t\u01b0\u01a1ng t\u00e1c c\u1ee7a b\u1ea1n v\u1edbi n\u1ed9i dung \u0111\u01b0\u1ee3c nh\u00fang \u0111\u00f3, bao g\u1ed3m truy t\u00ecm t\u01b0\u01a1ng t\u00e1c c\u1ee7a b\u1ea1n v\u1edbi n\u1ed9i dung \u0111\u01b0\u1ee3c nh\u00fang n\u1ebfu b\u1ea1n c\u00f3 t\u00e0i kho\u1ea3n v\u00e0 \u0111\u0103ng nh\u1eadp v\u00e0o trang web \u0111\u00f3.<\/p>\n<h2>Ch\u00fang t\u00f4i l\u01b0u gi\u1eef d\u1eef li\u1ec7u c\u1ee7a b\u1ea1n trong bao l\u00e2u<\/h2>\n<p>N\u1ebfu b\u1ea1n \u0111\u1ec3 l\u1ea1i nh\u1eadn x\u00e9t, nh\u1eadn x\u00e9t v\u00e0 si\u00eau d\u1eef li\u1ec7u c\u1ee7a n\u00f3 s\u1ebd \u0111\u01b0\u1ee3c gi\u1eef l\u1ea1i v\u00f4 th\u1eddi h\u1ea1n. \u0110i\u1ec1u n\u00e0y l\u00e0 \u0111\u1ec3 ch\u00fang t\u00f4i c\u00f3 th\u1ec3 t\u1ef1 \u0111\u1ed9ng nh\u1eadn ra v\u00e0 ph\u00ea duy\u1ec7t b\u1ea5t k\u1ef3 nh\u1eadn x\u00e9t ti\u1ebfp theo n\u00e0o thay v\u00ec gi\u1eef ch\u00fang trong h\u00e0ng \u0111\u1ee3i ki\u1ec3m duy\u1ec7t.<\/p>\n<p>\u0110\u1ed1i v\u1edbi ng\u01b0\u1eddi d\u00f9ng \u0111\u0103ng k\u00fd tr\u00ean trang web c\u1ee7a ch\u00fang t\u00f4i (n\u1ebfu c\u00f3), ch\u00fang t\u00f4i c\u0169ng l\u01b0u tr\u1eef th\u00f4ng tin c\u00e1 nh\u00e2n m\u00e0 h\u1ecd cung c\u1ea5p trong h\u1ed3 s\u01a1 ng\u01b0\u1eddi d\u00f9ng c\u1ee7a h\u1ecd. T\u1ea5t c\u1ea3 ng\u01b0\u1eddi d\u00f9ng c\u00f3 th\u1ec3 xem, ch\u1ec9nh s\u1eeda ho\u1eb7c x\u00f3a th\u00f4ng tin c\u00e1 nh\u00e2n c\u1ee7a h\u1ecd b\u1ea5t k\u1ef3 l\u00fac n\u00e0o (ngo\u1ea1i tr\u1eeb h\u1ecd kh\u00f4ng th\u1ec3 thay \u0111\u1ed5i t\u00ean ng\u01b0\u1eddi d\u00f9ng c\u1ee7a h\u1ecd). Qu\u1ea3n tr\u1ecb vi\u00ean trang web c\u0169ng c\u00f3 th\u1ec3 xem v\u00e0 ch\u1ec9nh s\u1eeda th\u00f4ng tin \u0111\u00f3.<\/p>\n<h2>B\u1ea1n c\u00f3 quy\u1ec1n g\u00ec \u0111\u1ed1i v\u1edbi d\u1eef li\u1ec7u c\u1ee7a m\u00ecnh<\/h2>\n<p>N\u1ebfu b\u1ea1n c\u00f3 t\u00e0i kho\u1ea3n tr\u00ean trang web n\u00e0y ho\u1eb7c \u0111\u00e3 \u0111\u1ec3 l\u1ea1i nh\u1eadn x\u00e9t, b\u1ea1n c\u00f3 th\u1ec3 y\u00eau c\u1ea7u nh\u1eadn t\u1ec7p xu\u1ea5t d\u1eef li\u1ec7u c\u00e1 nh\u00e2n m\u00e0 ch\u00fang t\u00f4i l\u01b0u gi\u1eef v\u1ec1 b\u1ea1n, bao g\u1ed3m m\u1ecdi d\u1eef li\u1ec7u b\u1ea1n \u0111\u00e3 cung c\u1ea5p cho ch\u00fang t\u00f4i. B\u1ea1n c\u0169ng c\u00f3 th\u1ec3 y\u00eau c\u1ea7u ch\u00fang t\u00f4i x\u00f3a m\u1ecdi d\u1eef li\u1ec7u c\u00e1 nh\u00e2n m\u00e0 ch\u00fang t\u00f4i l\u01b0u gi\u1eef v\u1ec1 b\u1ea1n. \u0110i\u1ec1u n\u00e0y kh\u00f4ng bao g\u1ed3m b\u1ea5t k\u1ef3 d\u1eef li\u1ec7u n\u00e0o ch\u00fang t\u00f4i c\u00f3 ngh\u0129a v\u1ee5 gi\u1eef cho c\u00e1c m\u1ee5c \u0111\u00edch h\u00e0nh ch\u00ednh, ph\u00e1p l\u00fd ho\u1eb7c b\u1ea3o m\u1eadt.<\/p>\n<h2>N\u01a1i ch\u00fang t\u00f4i g\u1eedi d\u1eef li\u1ec7u c\u1ee7a b\u1ea1n<\/h2>\n<p>Nh\u1eadn x\u00e9t c\u1ee7a kh\u00e1ch truy c\u1eadp c\u00f3 th\u1ec3 \u0111\u01b0\u1ee3c ki\u1ec3m tra th\u00f4ng qua d\u1ecbch v\u1ee5 ph\u00e1t hi\u1ec7n spam t\u1ef1 \u0111\u1ed9ng.<\/p>\n<h2>Nh\u1eefng g\u00ec ch\u00fang t\u00f4i thu th\u1eadp v\u00e0 l\u01b0u tr\u1eef<\/h2>\n<p>Trong khi b\u1ea1n truy c\u1eadp trang web c\u1ee7a ch\u00fang t\u00f4i, ch\u00fang t\u00f4i s\u1ebd theo d\u00f5i:<\/p>\n<ul>\n<li>S\u1ea3n ph\u1ea9m b\u1ea1n \u0111\u00e3 xem: ch\u00fang t\u00f4i s\u1ebd s\u1eed d\u1ee5ng s\u1ea3n ph\u1ea9m n\u00e0y \u0111\u1ec3, v\u00ed d\u1ee5: hi\u1ec3n th\u1ecb cho b\u1ea1n c\u00e1c s\u1ea3n ph\u1ea9m b\u1ea1n \u0111\u00e3 xem g\u1ea7n \u0111\u00e2y<\/li>\n<li>V\u1ecb tr\u00ed, \u0111\u1ecba ch\u1ec9 IP v\u00e0 lo\u1ea1i tr\u00ecnh duy\u1ec7t<\/li>\n<\/ul>\n<p>Khi b\u1ea1n mua h\u00e0ng t\u1eeb ch\u00fang t\u00f4i, ch\u00fang t\u00f4i s\u1ebd y\u00eau c\u1ea7u b\u1ea1n cung c\u1ea5p th\u00f4ng tin bao g\u1ed3m t\u00ean, \u0111\u1ecba ch\u1ec9 thanh to\u00e1n, \u0111\u1ecba ch\u1ec9 email, s\u1ed1 \u0111i\u1ec7n tho\u1ea1i, th\u00f4ng tin t\u00e0i kho\u1ea3n t\u00f9y ch\u1ecdn nh\u01b0 t\u00ean ng\u01b0\u1eddi d\u00f9ng v\u00e0 m\u1eadt kh\u1ea9u. Ch\u00fang t\u00f4i s\u1ebd s\u1eed d\u1ee5ng th\u00f4ng tin n\u00e0y cho c\u00e1c m\u1ee5c \u0111\u00edch nh\u01b0:<\/p>\n<ul>\n<li>G\u1eedi cho b\u1ea1n th\u00f4ng tin v\u1ec1 t\u00e0i kho\u1ea3n v\u00e0 \u0111\u01a1n \u0111\u1eb7t h\u00e0ng c\u1ee7a b\u1ea1n<\/li>\n<li>Tr\u1ea3 l\u1eddi c\u00e1c y\u00eau c\u1ea7u c\u1ee7a b\u1ea1n, bao g\u1ed3m ti\u1ec1n ho\u00e0n l\u1ea1i v\u00e0 khi\u1ebfu n\u1ea1i<\/li>\n<li>X\u1eed l\u00fd thanh to\u00e1n v\u00e0 ng\u0103n ch\u1eb7n gian l\u1eadn<\/li>\n<li>Thi\u1ebft l\u1eadp t\u00e0i kho\u1ea3n c\u1ee7a b\u1ea1n<\/li>\n<li>Tu\u00e2n th\u1ee7 m\u1ecdi ngh\u0129a v\u1ee5 ph\u00e1p l\u00fd m\u00e0 ch\u00fang t\u00f4i c\u00f3, ch\u1eb3ng h\u1ea1n nh\u01b0 t\u00ednh thu\u1ebf<\/li>\n<li>C\u1ea3i thi\u1ec7n c\u00e1c d\u1ecbch v\u1ee5 c\u1ee7a ch\u00fang t\u00f4i<\/li>\n<li>G\u1eedi cho b\u1ea1n th\u00f4ng \u0111i\u1ec7p ti\u1ebfp th\u1ecb, n\u1ebfu b\u1ea1n ch\u1ecdn nh\u1eadn ch\u00fang<\/li>\n<\/ul>\n<p>N\u1ebfu b\u1ea1n t\u1ea1o m\u1ed9t t\u00e0i kho\u1ea3n, ch\u00fang t\u00f4i s\u1ebd l\u01b0u tr\u1eef t\u00ean, \u0111\u1ecba ch\u1ec9, email v\u00e0 s\u1ed1 \u0111i\u1ec7n tho\u1ea1i c\u1ee7a b\u1ea1n, s\u1ed1 n\u00e0y s\u1ebd \u0111\u01b0\u1ee3c s\u1eed d\u1ee5ng \u0111\u1ec3 \u0111i\u1ec1n v\u00e0o thanh to\u00e1n cho c\u00e1c \u0111\u01a1n \u0111\u1eb7t h\u00e0ng trong t\u01b0\u01a1ng lai.<\/p>\n<p>Ch\u00fang t\u00f4i th\u01b0\u1eddng l\u01b0u tr\u1eef th\u00f4ng tin v\u1ec1 b\u1ea1n mi\u1ec5n l\u00e0 ch\u00fang t\u00f4i c\u1ea7n th\u00f4ng tin cho c\u00e1c m\u1ee5c \u0111\u00edch m\u00e0 ch\u00fang t\u00f4i thu th\u1eadp v\u00e0 s\u1eed d\u1ee5ng th\u00f4ng tin \u0111\u00f3 v\u00e0 ch\u00fang t\u00f4i kh\u00f4ng b\u1eaft bu\u1ed9c ph\u1ea3i gi\u1eef n\u00f3. V\u00ed d\u1ee5: ch\u00fang t\u00f4i s\u1ebd l\u01b0u tr\u1eef th\u00f4ng tin \u0111\u01a1n \u0111\u1eb7t h\u00e0ng trong XXX n\u0103m cho m\u1ee5c \u0111\u00edch thu\u1ebf v\u00e0 k\u1ebf to\u00e1n. \u0110i\u1ec1u n\u00e0y bao g\u1ed3m t\u00ean, \u0111\u1ecba ch\u1ec9 email v\u00e0 \u0111\u1ecba ch\u1ec9 thanh to\u00e1n v\u00e0 giao h\u00e0ng c\u1ee7a b\u1ea1n.<\/p>\n<p>Ch\u00fang t\u00f4i c\u0169ng s\u1ebd l\u01b0u tr\u1eef nh\u1eadn x\u00e9t ho\u1eb7c \u0111\u00e1nh gi\u00e1, n\u1ebfu b\u1ea1n ch\u1ecdn r\u1eddi kh\u1ecfi ch\u00fang.<\/p>\n<h2>Ai trong nh\u00f3m c\u1ee7a ch\u00fang t\u00f4i c\u00f3 quy\u1ec1n truy c\u1eadp<\/h2>\n<p>C\u00e1c th\u00e0nh vi\u00ean trong nh\u00f3m c\u1ee7a ch\u00fang t\u00f4i c\u00f3 quy\u1ec1n truy c\u1eadp v\u00e0o th\u00f4ng tin b\u1ea1n cung c\u1ea5p cho ch\u00fang t\u00f4i.<\/p>\n<p>C\u00e1c th\u00e0nh vi\u00ean trong nh\u00f3m c\u1ee7a ch\u00fang t\u00f4i c\u00f3 quy\u1ec1n truy c\u1eadp v\u00e0o th\u00f4ng tin n\u00e0y \u0111\u1ec3 gi\u00fap th\u1ef1c hi\u1ec7n \u0111\u01a1n \u0111\u1eb7t h\u00e0ng, x\u1eed l\u00fd ti\u1ec1n ho\u00e0n l\u1ea1i v\u00e0 h\u1ed7 tr\u1ee3 b\u1ea1n.<\/p>\n<h2>Nh\u1eefng g\u00ec ch\u00fang t\u00f4i chia s\u1ebb v\u1edbi ng\u01b0\u1eddi kh\u00e1c<\/h2>\n<p>Ch\u00fang t\u00f4i chia s\u1ebb th\u00f4ng tin v\u1edbi c\u00e1c b\u00ean th\u1ee9 ba gi\u00fap ch\u00fang t\u00f4i cung c\u1ea5p c\u00e1c \u0111\u01a1n \u0111\u1eb7t h\u00e0ng v\u00e0 d\u1ecbch v\u1ee5 l\u01b0u tr\u1eef cho b\u1ea1n; v\u00ed d\u1ee5 nh\u01b0 getaways thanh to\u00e1n, google analytics, m\u1ed9t s\u1ed1 plugin c\u1ea7n thi\u1ebft \u0111\u1ec3 trang web ho\u1ea1t \u0111\u1ed9ng trong v\u1ea5n \u0111\u1ec1 n\u00e0y. Ch\u00fang t\u00f4i kh\u00f4ng b\u00e1n b\u1ea5t k\u1ef3 th\u00f4ng tin ho\u1eb7c s\u1eed d\u1ee5ng n\u00f3 \u0111\u1ec3 bao g\u1ed3m s\u1ef1 an to\u00e0n c\u1ee7a b\u1ea1n.<\/p>\n<p>Trang web n\u00e0y s\u1eed d\u1ee5ng b\u1ed9 nh\u1edb \u0111\u1ec7m \u0111\u1ec3 gi\u00fap t\u0103ng t\u1ed1c \u0111\u1ed9 ph\u1ea3n h\u1ed3i v\u00e0 c\u1ea3i thi\u1ec7n tr\u1ea3i nghi\u1ec7m ng\u01b0\u1eddi d\u00f9ng. B\u1ed9 nh\u1edb \u0111\u1ec7m c\u00f3 th\u1ec3 l\u01b0u tr\u1eef m\u1ed9t b\u1ea3n sao c\u1ee7a m\u1ed7i trang web \u0111\u01b0\u1ee3c hi\u1ec3n th\u1ecb tr\u00ean trang web n\u00e0y. T\u1ea5t c\u1ea3 c\u00e1c t\u1ec7p b\u1ed9 nh\u1edb \u0111\u1ec7m \u0111\u1ec1u l\u00e0 t\u1ea1m th\u1eddi v\u00e0 kh\u00f4ng bao gi\u1edd \u0111\u01b0\u1ee3c truy c\u1eadp b\u1edfi b\u1ea5t k\u1ef3 b\u00ean th\u1ee9 ba n\u00e0o, tr\u1eeb khi c\u1ea7n thi\u1ebft \u0111\u1ec3 nh\u1eadn h\u1ed7 tr\u1ee3 k\u1ef9 thu\u1eadt t\u1eeb nh\u00e0 cung c\u1ea5p plugin b\u1ed9 nh\u1edb \u0111\u1ec7m. C\u00e1c t\u1ec7p b\u1ed9 nh\u1edb \u0111\u1ec7m s\u1ebd h\u1ebft h\u1ea1n theo l\u1ecbch tr\u00ecnh do qu\u1ea3n tr\u1ecb vi\u00ean trang web thi\u1ebft l\u1eadp, nh\u01b0ng c\u00f3 th\u1ec3 d\u1ec5 d\u00e0ng b\u1ecb x\u00f3a b\u1edfi qu\u1ea3n tr\u1ecb vi\u00ean tr\u01b0\u1edbc khi h\u1ebft h\u1ea1n t\u1ef1 nhi\u00ean n\u1ebfu c\u1ea7n. Ch\u00fang t\u00f4i c\u00f3 th\u1ec3 s\u1eed d\u1ee5ng d\u1ecbch v\u1ee5 QUIC.cloud \u0111\u1ec3 x\u1eed l\u00fd v\u00e0 l\u01b0u tr\u1eef d\u1eef li\u1ec7u c\u1ee7a b\u1ea1n t\u1ea1m th\u1eddi. Vui l\u00f2ng xem <a href=\"https:\/\/quic.cloud\/privacy-policy\/\" target=\"_blank\" rel=\"noopener\">https:\/\/quic.cloud\/privacy-policy\/<\/a>\u00a0\u0111\u1ec3 bi\u1ebft th\u00eam chi ti\u1ebft.<\/p>\n<p><span style=\"color: #23282d; font-family: inherit; font-size: 1.6em; font-weight: bold;\">T\u1ed5ng c\u1ed9ng<\/span><\/p>\n<p>Ch\u00fang t\u00f4i coi tr\u1ecdng quy\u1ec1n ri\u00eang t\u01b0 v\u00e0 b\u1ea3o m\u1eadt c\u1ee7a th\u00f4ng tin m\u00e0 b\u1ea1n chia s\u1ebb v\u1edbi ch\u00fang t\u00f4i. Ch\u00ednh s\u00e1ch b\u1ea3o m\u1eadt n\u00e0y m\u00f4 t\u1ea3 c\u00e1ch ch\u00fang t\u00f4i thu th\u1eadp, s\u1eed d\u1ee5ng, chia s\u1ebb, b\u1ea3o v\u1ec7 v\u00e0 x\u1eed l\u00fd th\u00f4ng tin c\u1ee7a b\u1ea1n. B\u1ea5t k\u1ef3 th\u00f4ng tin n\u00e0o b\u1ea1n cung c\u1ea5p cho ch\u00fang t\u00f4i \u0111\u1ec1u \u0111\u01b0\u1ee3c s\u1eed d\u1ee5ng nghi\u00eam ng\u1eb7t \u0111\u1ec3 x\u1eed l\u00fd v\u00e0 th\u1ef1c hi\u1ec7n giao d\u1ecbch mua c\u1ee7a b\u1ea1n v\u00e0 \/ ho\u1eb7c cho c\u00e1c m\u1ee5c \u0111\u00edch ph\u00e2n t\u00edch n\u1ed9i b\u1ed9, nh\u01b0 \u0111\u01b0\u1ee3c m\u00f4 t\u1ea3 trong Ch\u00ednh s\u00e1ch b\u1ea3o m\u1eadt n\u00e0y. Ch\u00fang t\u00f4i ch\u1ec9 chia s\u1ebb th\u00f4ng tin cho c\u00e1c m\u1ee5c \u0111\u00edch \u0111\u01b0\u1ee3c n\u00eau trong Ch\u00ednh s\u00e1ch b\u1ea3o m\u1eadt n\u00e0y v\u00e0 ch\u00fang t\u00f4i s\u1ebd kh\u00f4ng b\u00e1n ho\u1eb7c ph\u00e2n ph\u1ed1i l\u1ea1i b\u1ea5t k\u1ef3 th\u00f4ng tin n\u00e0o c\u1ee7a b\u1ea1n cho b\u1ea5t k\u1ef3 b\u00ean th\u1ee9 ba n\u00e0o. Ch\u00fang t\u00f4i s\u1eed d\u1ee5ng c\u00e1c n\u1ed7 l\u1ef1c h\u1ee3p l\u00fd v\u1ec1 m\u1eb7t th\u01b0\u01a1ng m\u1ea1i \u0111\u1ec3 b\u1ea3o v\u1ec7 th\u00f4ng tin c\u1ee7a b\u1ea1n kh\u1ecfi b\u1ecb ti\u1ebft l\u1ed9 tr\u00e1i ph\u00e9p. Ch\u00fang t\u00f4i c\u00f3 th\u1ec3 s\u1eed d\u1ee5ng th\u00f4ng tin t\u1eeb \u0111\u01a1n \u0111\u1eb7t h\u00e0ng c\u1ee7a b\u1ea1n \u0111\u1ec3 x\u1eed l\u00fd giao d\u1ecbch mua, ho\u00e0n ti\u1ec1n, cung c\u1ea5p d\u1ecbch v\u1ee5 kh\u00e1ch h\u00e0ng, c\u1ea3i thi\u1ec7n ho\u1eb7c t\u00f9y ch\u1ec9nh c\u00e1c s\u1ea3n ph\u1ea9m v\u00e0 d\u1ecbch v\u1ee5 c\u1ee7a ch\u00fang t\u00f4i ho\u1eb7c \u0111\u00e1p \u1ee9ng c\u00e1c y\u00eau c\u1ea7u v\u1ec1 t\u00e0i ch\u00ednh, thu\u1ebf, ph\u00e1p l\u00fd ho\u1eb7c tu\u00e2n th\u1ee7. N\u1ebfu b\u1ea1n c\u00f3 b\u1ea5t k\u1ef3 c\u00e2u h\u1ecfi ho\u1eb7c quan t\u00e2m n\u00e0o li\u00ean quan \u0111\u1ebfn Ch\u00ednh s\u00e1ch b\u1ea3o m\u1eadt n\u00e0y, vui l\u00f2ng li\u00ean h\u1ec7 v\u1edbi ch\u00fang t\u00f4i.<\/p>\n<p>B\u1ea3o v\u1ec7 d\u1eef li\u1ec7u c\u00e1 nh\u00e2n c\u1ee7a b\u1ea1n r\u1ea5t quan tr\u1ecdng \u0111\u1ed1i v\u1edbi ch\u00fang t\u00f4i. Theo nh\u01b0 ch\u00fang t\u00f4i thu th\u1eadp, x\u1eed l\u00fd ho\u1eb7c s\u1eed d\u1ee5ng th\u00f4ng tin c\u00e1 nh\u00e2n v\u1ec1 b\u1ea1n nh\u01b0 l\u00e0 m\u1ed9t ph\u1ea7n c\u1ee7a c\u00e1c d\u1ecbch v\u1ee5 \u0111\u01b0\u1ee3c cung c\u1ea5p, ch\u00fang t\u00f4i l\u00e0m nh\u01b0 v\u1eady theo lu\u1eadt b\u1ea3o v\u1ec7 d\u1eef li\u1ec7u ch\u00e2u \u00c2u c\u00f3 li\u00ean quan. \u0110\u1ec3 ki\u1ec3m tra Ch\u00ednh s\u00e1ch b\u1ea3o m\u1eadt chi ti\u1ebft h\u01a1n\u00a0<a href=\"https:\/\/www.tribunj.biz\/vi\/chinh-sach-bao-mat\/\" target=\"_blank\" rel=\"noopener noreferrer\">\u0111\u00e2y<\/a>. (N\u1ebfu b\u1ea1n ch\u1ea5p nh\u1eadn\u00a0<a href=\"https:\/\/www.tribunj.biz\/vi\/dieu-kien-cho-thue-chung\/\">\u0110i\u1ec1u ki\u1ec7n cho ph\u00e9p chung<\/a>\u00a0t\u00e0i li\u1ec7u th\u00ec b\u1ea1n c\u0169ng \u0111\u1ed3ng \u00fd\u00a0<a href=\"https:\/\/www.tribunj.biz\/vi\/chinh-sach-bao-mat\/\" target=\"_blank\" rel=\"noopener noreferrer\">Ch\u00ednh s\u00e1ch b\u1ea3o m\u1eadt<\/a>)<\/p>","protected":false},"excerpt":{"rendered":"<p>Who we are Our website address is: www.tribunj.biz We rent apartments in small place Tribunj in Croatia. What personal data we collect and why we collect it Comments When visitors leave comments on the site we collect the data shown in the comments form, and also the visitor\u2019s IP address and browser user agent string &hellip; <a href=\"https:\/\/www.tribunj.biz\/vi\/privacy-policy\/\" class=\"more-link\">Continue reading<span class=\"screen-reader-text\"> &#8220;Privacy Policy&#8221;<\/span><\/a><\/p>","protected":false},"author":1,"featured_media":0,"parent":0,"menu_order":0,"comment_status":"closed","ping_status":"closed","template":"template-full-width-page.php","meta":{"advanced_seo_description":"","jetpack_seo_html_title":"","jetpack_seo_noindex":false,"footnotes":""},"class_list":["post-4998","page","type-page","status-publish","hentry"],"jetpack_sharing_enabled":false,"jetpack_likes_enabled":false,"_links":{"self":[{"href":"https:\/\/www.tribunj.biz\/vi\/wp-json\/wp\/v2\/pages\/4998","targetHints":{"allow":["GET"]}}],"collection":[{"href":"https:\/\/www.tribunj.biz\/vi\/wp-json\/wp\/v2\/pages"}],"about":[{"href":"https:\/\/www.tribunj.biz\/vi\/wp-json\/wp\/v2\/types\/page"}],"author":[{"embeddable":true,"href":"https:\/\/www.tribunj.biz\/vi\/wp-json\/wp\/v2\/users\/1"}],"replies":[{"embeddable":true,"href":"https:\/\/www.tribunj.biz\/vi\/wp-json\/wp\/v2\/comments?post=4998"}],"version-history":[{"count":0,"href":"https:\/\/www.tribunj.biz\/vi\/wp-json\/wp\/v2\/pages\/4998\/revisions"}],"wp:attachment":[{"href":"https:\/\/www.tribunj.biz\/vi\/wp-json\/wp\/v2\/media?parent=4998"}],"curies":[{"name":"wp","href":"https:\/\/api.w.org\/{rel}","templated":true}]}}